{"id":15864,"date":"2020-02-10T15:34:10","date_gmt":"2020-02-10T14:34:10","guid":{"rendered":"https:\/\/archive.iask.hu\/hu\/?page_id=15864"},"modified":"2023-05-09T16:36:45","modified_gmt":"2023-05-09T14:36:45","slug":"osztondij-kutatoi-palyazat-2021-2022-koszeg-magyarorszag-fti-felsobbfoku-tanulmanyok-intezete-v4-hankiss-kozep-europa-kraft","status":"publish","type":"page","link":"https:\/\/archive.iask.hu\/en\/fellowships\/research-fellowships\/call-for-applications-iask-research-scholarships-2023\/","title":{"rendered":"Call for Applications: iASK Research Scholarships 2023"},"content":{"rendered":"<p><\/p>\n<h1>Call for Applications for Individual Research Scholarships at The Institute of Advanced Studies K\u0151szeg (iASK) Fall\/Winter 2023<\/h1>\n<p><img loading=\"lazy\" decoding=\"async\" class=\"alignnone wp-image-27960 size-large\" src=\"http:\/\/archive.iask.hu\/wp-content\/uploads\/2023\/05\/balkan-studies-fellowshop-1024x684.jpeg\" alt=\"Balkan Studies Fellowship\" width=\"1024\" height=\"684\" srcset=\"https:\/\/archive.iask.hu\/wp-content\/uploads\/2023\/05\/balkan-studies-fellowshop-1024x684.jpeg 1024w, https:\/\/archive.iask.hu\/wp-content\/uploads\/2023\/05\/balkan-studies-fellowshop-300x200.jpeg 300w, https:\/\/archive.iask.hu\/wp-content\/uploads\/2023\/05\/balkan-studies-fellowshop-768x513.jpeg 768w, https:\/\/archive.iask.hu\/wp-content\/uploads\/2023\/05\/balkan-studies-fellowshop-1536x1026.jpeg 1536w, https:\/\/archive.iask.hu\/wp-content\/uploads\/2023\/05\/balkan-studies-fellowshop-700x467.jpeg 700w, https:\/\/archive.iask.hu\/wp-content\/uploads\/2023\/05\/balkan-studies-fellowshop-400x267.jpeg 400w, https:\/\/archive.iask.hu\/wp-content\/uploads\/2023\/05\/balkan-studies-fellowshop-200x133.jpeg 200w, https:\/\/archive.iask.hu\/wp-content\/uploads\/2023\/05\/balkan-studies-fellowshop.jpeg 1920w\" sizes=\"(max-width: 1024px) 100vw, 1024px\" \/><\/p>\n<p>The Institute of Advanced Studies K\u0151szeg (iASK) invites applications for <strong>post-doc researchers focusing on Southeastern Europe and Balkan Studies<\/strong> for a period of 3 months between 15th September 2023 and 15th December 2023.<\/p>\n<p><em>Priority will be given to applicants from Southeastern Europe and the Balkans.<\/em><\/p>\n<p>&nbsp;<\/p>\n<p>The topics include (but are not limited to):<\/p>\n<p>&nbsp;<\/p>\n<ul>\n<li><strong>Western Balkans and the EU: Future Scenarios<\/strong><\/li>\n<\/ul>\n<p>What are the dynamics of the EU integration processes and the ensuing political, economic, social and cultural implications for the Western Balkans?<\/p>\n<p>How is the European perspective in the countries of the Western Balkans shaped, promoted, or challenged?<\/p>\n<p>&nbsp;<\/p>\n<ul>\n<li><strong>Environment and Sustainability <\/strong><\/li>\n<\/ul>\n<p>How do Balkan countries align with EU environmental standards?<\/p>\n<p>How can Balkan countries transition to more sustainable societies, and what challenges must be overcome in the process?<\/p>\n<p>What are the regional and cross-border cooperation possibilities for sustainable practices in the Balkans?<\/p>\n<p>&nbsp;<\/p>\n<ul>\n<li><strong>The Culture of Memory <\/strong><\/li>\n<\/ul>\n<p>What are the implications of different narratives (e.g., digital, popular, and official) and their temporalities for identity construction in the Balkans?<\/p>\n<p>What are the multiple appropriations, and who are the creators of these narratives in physical, online, and imaginary spaces of memory?<\/p>\n<p>&nbsp;<\/p>\n<p>The number of available fellowships: up to 3 post-doc researchers for a period of 3 months from September 15 &#8211; December 15, 2023.<\/p>\n<p>&nbsp;<\/p>\n<h2>Application Deadline<\/h2>\n<p>Deadline for sending the original, signed documents (date of postmark at the latest): <strong>July 15, 2023. <\/strong>Inquiries about the grant should be sent to <a href=\"&#x6d;&#x61;&#105;l&#x74;&#x6f;&#58;sc&#x68;&#x6f;&#108;a&#x72;&#x73;&#104;&#105;p&#x40;&#x61;&#114;c&#x68;&#x69;&#118;&#101;&#46;&#x69;&#x61;&#115;k&#x2e;&#x68;&#117;\">&#x73;&#x63;&#x68;&#111;&#108;ar&#x73;&#x68;&#x69;&#112;&#64;ar&#x63;&#x68;&#x69;&#118;&#101;&#46;i&#x61;&#x73;&#x6b;&#46;&#104;u<\/a>. <em>There is no application fee. <\/em><\/p>\n<h2>Fellowship<\/h2>\n<p>&nbsp;<\/p>\n<p>Based on professional experience, the monthly scholarship to be decided by the Selection Committee is HUF 400,000-500,000.<\/p>\n<p>&nbsp;<\/p>\n<h2>How to Apply<\/h2>\n<p>&nbsp;<\/p>\n<p>Applications are to be submitted in English electronically (scanned and signed, in PDF and Word format) and in printed form as follows:<\/p>\n<p>Electronic applications should be sent to: <a href=\"&#109;&#97;&#x69;l&#116;&#x6f;&#x3a;s&#99;&#x68;&#x6f;l&#97;&#x72;&#x73;h&#105;&#x70;&#x40;a&#114;&#x63;&#x68;i&#118;&#x65;&#46;&#105;&#97;&#x73;k&#46;&#x68;&#x75;\">&#x73;&#x63;&#x68;&#x6f;&#x6c;&#97;&#114;&#115;&#104;ip&#64;&#x61;&#x72;&#x63;&#x68;&#x69;&#x76;&#101;&#46;&#105;ask&#x2e;&#x68;&#x75;<\/a><\/p>\n<p>&nbsp;<\/p>\n<h2>Application Package<\/h2>\n<p>The application package consists of:<\/p>\n<ul>\n<li>a completed <a href=\"http:\/\/archive.iask.hu\/wp-content\/uploads\/2023\/05\/application-form-iask.docx\">APPLICATION FORM IASK<\/a><\/li>\n<li>Research proposal (maximum 5 pages)<\/li>\n<li>signed <a href=\"http:\/\/archive.iask.hu\/wp-content\/uploads\/2023\/05\/declaration-of-honour_2023.pdf\">DECLARATION OF HONOUR<\/a><\/li>\n<li>a curriculum vitae with a photograph<\/li>\n<li>a simple copy of your academic degree certificate(s)<\/li>\n<li>a copy of your English language certificate<\/li>\n<li>a copy of your identity card or passport<\/li>\n<li>list of publications<\/li>\n<li>signed <a href=\"http:\/\/archive.iask.hu\/wp-content\/uploads\/2023\/05\/personal-data-protection-form_2023.pdf\">PERSONAL DATA PROTECTION FORM<\/a><\/li>\n<\/ul>\n<h2>Evaluation of applications<\/h2>\n<p>The evaluation of proposals will be carried out by a Selection Committee at iASK. Applicants will be notified of the outcome of the evaluation by August 1, 2023.<\/p>","protected":false},"excerpt":{"rendered":"<p>Call for Applications for Individual Research Scholarships at The Institute of Advanced Studies K\u0151szeg (iASK) Fall\/Winter 2023 The Institute of Advanced Studies K\u0151szeg (iASK) invites applications for post-doc researchers focusing on Southeastern Europe and Balkan Studies for a period of 3 months between 15th September 2023 and 15th December 2023. Priority will be given to&hellip;<\/p>\n","protected":false},"author":41,"featured_media":27960,"parent":1703,"menu_order":9,"comment_status":"closed","ping_status":"closed","template":"","meta":{"footnotes":""},"yoast_head":"<!-- This site is optimized with the Yoast SEO plugin v16.7 - https:\/\/yoast.com\/wordpress\/plugins\/seo\/ -->\n<title>Call for Applications: iASK Research Scholarships 2023 - iASK - Institute of Advanced Studies K\u0151szeg<\/title>\n<meta name=\"description\" content=\"APPLY NOW for the iASK research fellowship in Balkan Studies for a period of 3 months between September 15th and December 15th 2023\" \/>\n<meta name=\"robots\" content=\"index, follow, max-snippet:-1, max-image-preview:large, max-video-preview:-1\" \/>\n<link rel=\"canonical\" href=\"https:\/\/archive.iask.hu\/hu\/osztondij\/kutatoi-osztondijak\/az-fti-iask-kutatoi-osztondij-palyazatai-2023\/\" \/>\n<meta property=\"og:locale\" content=\"en_US\" \/>\n<meta property=\"og:type\" content=\"article\" \/>\n<meta property=\"og:title\" content=\"Call for Applications: iASK Research Scholarships 2023 - iASK - Institute of Advanced Studies K\u0151szeg\" \/>\n<meta property=\"og:description\" content=\"{:en}APPLY NOW for the iASK research fellowship in Balkan Studies for a period of 3 months between September 15th and December 15th 2023{:hu}A k\u0151szegi\u00a0Fels\u0151bbfok\u00fa Tanulm\u00e1nyok Int\u00e9zete\u00a0(a tov\u00e1bbiakban: iASK) egy\u00e9ni kutat\u00f3i \u00f6szt\u00f6nd\u00edj p\u00e1ly\u00e1zatot hirdet minden tudom\u00e1nyter\u00fclet sz\u00e1m\u00e1ra\u00a04-10 h\u00f3napos id\u0151tartamra\u00a02021. okt\u00f3ber 1 \u00e9s 2022. j\u00falius 31. k\u00f6z\u00f6tt. A jelentkez\u00e9s hat\u00e1rideje (a postab\u00e9lyegz\u00e9s legk\u00e9s\u0151bbi id\u0151pontja):\u00a02021. augusztus 22.{:}\" \/>\n<meta property=\"og:url\" content=\"https:\/\/archive.iask.hu\/hu\/osztondij\/kutatoi-osztondijak\/az-fti-iask-kutatoi-osztondij-palyazatai-2023\/\" \/>\n<meta property=\"og:site_name\" content=\"iASK - Institute of Advanced Studies K\u0151szeg\" \/>\n<meta property=\"article:modified_time\" content=\"2023-05-09T14:36:45+00:00\" \/>\n<meta property=\"og:image\" content=\"http:\/\/archive.iask.hu\/wp-content\/uploads\/2023\/05\/balkan-studies-fellowshop.jpeg\" \/>\n\t<meta property=\"og:image:width\" content=\"1920\" \/>\n\t<meta property=\"og:image:height\" content=\"1282\" \/>\n<meta name=\"twitter:card\" content=\"summary_large_image\" \/>\n<meta name=\"twitter:label1\" content=\"Est. reading time\" \/>\n\t<meta name=\"twitter:data1\" content=\"2 minutes\" \/>\n<script type=\"application\/ld+json\" class=\"yoast-schema-graph\">{\"@context\":\"https:\/\/schema.org\",\"@graph\":[{\"@type\":\"WebSite\",\"@id\":\"https:\/\/archive.iask.hu\/en\/#website\",\"url\":\"https:\/\/archive.iask.hu\/en\/\",\"name\":\"iASK - Institute of Advanced Studies K\\u0151szeg\",\"description\":\"It is the mission of iASK to bring together a critical mass of intellectually open, courageous and knowledge-sharing practitioners \\u2013 those that know that everything is at risk and that conventional research will simply not do, only creative and unusual combinations of ideas.\",\"potentialAction\":[{\"@type\":\"SearchAction\",\"target\":{\"@type\":\"EntryPoint\",\"urlTemplate\":\"https:\/\/archive.iask.hu\/en\/?s={search_term_string}\"},\"query-input\":\"required name=search_term_string\"}],\"inLanguage\":\"en-US\"},{\"@type\":\"ImageObject\",\"@id\":\"https:\/\/archive.iask.hu\/hu\/osztondij\/kutatoi-osztondijak\/az-fti-iask-kutatoi-osztondij-palyazatai-2023\/#primaryimage\",\"inLanguage\":\"en-US\",\"url\":\"https:\/\/archive.iask.hu\/wp-content\/uploads\/2023\/05\/balkan-studies-fellowshop.jpeg\",\"contentUrl\":\"https:\/\/archive.iask.hu\/wp-content\/uploads\/2023\/05\/balkan-studies-fellowshop.jpeg\",\"width\":1920,\"height\":1282,\"caption\":\"Balkan Studies Fellowship\"},{\"@type\":\"WebPage\",\"@id\":\"https:\/\/archive.iask.hu\/hu\/osztondij\/kutatoi-osztondijak\/az-fti-iask-kutatoi-osztondij-palyazatai-2023\/#webpage\",\"url\":\"https:\/\/archive.iask.hu\/hu\/osztondij\/kutatoi-osztondijak\/az-fti-iask-kutatoi-osztondij-palyazatai-2023\/\",\"name\":\"Call for Applications: iASK Research Scholarships 2023 - iASK - Institute of Advanced Studies K\\u0151szeg\",\"isPartOf\":{\"@id\":\"https:\/\/archive.iask.hu\/en\/#website\"},\"primaryImageOfPage\":{\"@id\":\"https:\/\/archive.iask.hu\/hu\/osztondij\/kutatoi-osztondijak\/az-fti-iask-kutatoi-osztondij-palyazatai-2023\/#primaryimage\"},\"datePublished\":\"2020-02-10T14:34:10+00:00\",\"dateModified\":\"2023-05-09T14:36:45+00:00\",\"description\":\"{:en}APPLY NOW for the iASK research fellowship in Balkan Studies for a period of 3 months between September 15th and December 15th 2023{:hu}A k\\u0151szegi\\u00a0Fels\\u0151bbfok\\u00fa Tanulm\\u00e1nyok Int\\u00e9zete\\u00a0(a tov\\u00e1bbiakban: iASK) egy\\u00e9ni kutat\\u00f3i \\u00f6szt\\u00f6nd\\u00edj p\\u00e1ly\\u00e1zatot hirdet minden tudom\\u00e1nyter\\u00fclet sz\\u00e1m\\u00e1ra\\u00a04-10 h\\u00f3napos id\\u0151tartamra\\u00a02021. okt\\u00f3ber 1 \\u00e9s 2022. j\\u00falius 31. k\\u00f6z\\u00f6tt. A jelentkez\\u00e9s hat\\u00e1rideje (a postab\\u00e9lyegz\\u00e9s legk\\u00e9s\\u0151bbi id\\u0151pontja):\\u00a02021. augusztus 22.{:}\",\"breadcrumb\":{\"@id\":\"https:\/\/archive.iask.hu\/hu\/osztondij\/kutatoi-osztondijak\/az-fti-iask-kutatoi-osztondij-palyazatai-2023\/#breadcrumb\"},\"inLanguage\":\"en-US\",\"potentialAction\":[{\"@type\":\"ReadAction\",\"target\":[\"https:\/\/archive.iask.hu\/hu\/osztondij\/kutatoi-osztondijak\/az-fti-iask-kutatoi-osztondij-palyazatai-2023\/\"]}]},{\"@type\":\"BreadcrumbList\",\"@id\":\"https:\/\/archive.iask.hu\/hu\/osztondij\/kutatoi-osztondijak\/az-fti-iask-kutatoi-osztondij-palyazatai-2023\/#breadcrumb\",\"itemListElement\":[{\"@type\":\"ListItem\",\"position\":1,\"name\":\"Home\",\"item\":\"https:\/\/archive.iask.hu\/en\/\"},{\"@type\":\"ListItem\",\"position\":2,\"name\":\"Fellowships\",\"item\":\"https:\/\/archive.iask.hu\/en\/fellowships\/\"},{\"@type\":\"ListItem\",\"position\":3,\"name\":\"Research Fellowships\",\"item\":\"https:\/\/archive.iask.hu\/hu\/osztondij\/kutatoi-osztondijak\/\"},{\"@type\":\"ListItem\",\"position\":4,\"name\":\"Call for Applications: iASK Research Scholarships 2023\"}]}]}<\/script>\n<!-- \/ Yoast SEO plugin. -->","yoast_head_json":{"title":"Call for Applications: iASK Research Scholarships 2023 - iASK - Institute of Advanced Studies K\u0151szeg","description":"APPLY NOW for the iASK research fellowship in Balkan Studies for a period of 3 months between September 15th and December 15th 2023","robots":{"index":"index","follow":"follow","max-snippet":"max-snippet:-1","max-image-preview":"max-image-preview:large","max-video-preview":"max-video-preview:-1"},"canonical":"https:\/\/archive.iask.hu\/hu\/osztondij\/kutatoi-osztondijak\/az-fti-iask-kutatoi-osztondij-palyazatai-2023\/","og_locale":"en_US","og_type":"article","og_title":"Call for Applications: iASK Research Scholarships 2023 - iASK - Institute of Advanced Studies K\u0151szeg","og_description":"{:en}APPLY NOW for the iASK research fellowship in Balkan Studies for a period of 3 months between September 15th and December 15th 2023{:hu}A k\u0151szegi\u00a0Fels\u0151bbfok\u00fa Tanulm\u00e1nyok Int\u00e9zete\u00a0(a tov\u00e1bbiakban: iASK) egy\u00e9ni kutat\u00f3i \u00f6szt\u00f6nd\u00edj p\u00e1ly\u00e1zatot hirdet minden tudom\u00e1nyter\u00fclet sz\u00e1m\u00e1ra\u00a04-10 h\u00f3napos id\u0151tartamra\u00a02021. okt\u00f3ber 1 \u00e9s 2022. j\u00falius 31. k\u00f6z\u00f6tt. A jelentkez\u00e9s hat\u00e1rideje (a postab\u00e9lyegz\u00e9s legk\u00e9s\u0151bbi id\u0151pontja):\u00a02021. augusztus 22.{:}","og_url":"https:\/\/archive.iask.hu\/hu\/osztondij\/kutatoi-osztondijak\/az-fti-iask-kutatoi-osztondij-palyazatai-2023\/","og_site_name":"iASK - Institute of Advanced Studies K\u0151szeg","article_modified_time":"2023-05-09T14:36:45+00:00","og_image":[{"width":1920,"height":1282,"url":"http:\/\/archive.iask.hu\/wp-content\/uploads\/2023\/05\/balkan-studies-fellowshop.jpeg","path":"\/home\/archive\/public_html\/wp-content\/uploads\/2023\/05\/balkan-studies-fellowshop.jpeg","size":"full","id":27960,"alt":"Balkan Studies Fellowship","pixels":2461440,"type":"image\/jpeg"}],"twitter_card":"summary_large_image","twitter_misc":{"Est. reading time":"2 minutes"},"schema":{"@context":"https:\/\/schema.org","@graph":[{"@type":"WebSite","@id":"https:\/\/archive.iask.hu\/en\/#website","url":"https:\/\/archive.iask.hu\/en\/","name":"iASK - Institute of Advanced Studies K\u0151szeg","description":"It is the mission of iASK to bring together a critical mass of intellectually open, courageous and knowledge-sharing practitioners \u2013 those that know that everything is at risk and that conventional research will simply not do, only creative and unusual combinations of ideas.","potentialAction":[{"@type":"SearchAction","target":{"@type":"EntryPoint","urlTemplate":"https:\/\/archive.iask.hu\/en\/?s={search_term_string}"},"query-input":"required name=search_term_string"}],"inLanguage":"en-US"},{"@type":"ImageObject","@id":"https:\/\/archive.iask.hu\/hu\/osztondij\/kutatoi-osztondijak\/az-fti-iask-kutatoi-osztondij-palyazatai-2023\/#primaryimage","inLanguage":"en-US","url":"https:\/\/archive.iask.hu\/wp-content\/uploads\/2023\/05\/balkan-studies-fellowshop.jpeg","contentUrl":"https:\/\/archive.iask.hu\/wp-content\/uploads\/2023\/05\/balkan-studies-fellowshop.jpeg","width":1920,"height":1282,"caption":"Balkan Studies Fellowship"},{"@type":"WebPage","@id":"https:\/\/archive.iask.hu\/hu\/osztondij\/kutatoi-osztondijak\/az-fti-iask-kutatoi-osztondij-palyazatai-2023\/#webpage","url":"https:\/\/archive.iask.hu\/hu\/osztondij\/kutatoi-osztondijak\/az-fti-iask-kutatoi-osztondij-palyazatai-2023\/","name":"Call for Applications: iASK Research Scholarships 2023 - iASK - Institute of Advanced Studies K\u0151szeg","isPartOf":{"@id":"https:\/\/archive.iask.hu\/en\/#website"},"primaryImageOfPage":{"@id":"https:\/\/archive.iask.hu\/hu\/osztondij\/kutatoi-osztondijak\/az-fti-iask-kutatoi-osztondij-palyazatai-2023\/#primaryimage"},"datePublished":"2020-02-10T14:34:10+00:00","dateModified":"2023-05-09T14:36:45+00:00","description":"{:en}APPLY NOW for the iASK research fellowship in Balkan Studies for a period of 3 months between September 15th and December 15th 2023{:hu}A k\u0151szegi\u00a0Fels\u0151bbfok\u00fa Tanulm\u00e1nyok Int\u00e9zete\u00a0(a tov\u00e1bbiakban: iASK) egy\u00e9ni kutat\u00f3i \u00f6szt\u00f6nd\u00edj p\u00e1ly\u00e1zatot hirdet minden tudom\u00e1nyter\u00fclet sz\u00e1m\u00e1ra\u00a04-10 h\u00f3napos id\u0151tartamra\u00a02021. okt\u00f3ber 1 \u00e9s 2022. j\u00falius 31. k\u00f6z\u00f6tt. A jelentkez\u00e9s hat\u00e1rideje (a postab\u00e9lyegz\u00e9s legk\u00e9s\u0151bbi id\u0151pontja):\u00a02021. augusztus 22.{:}","breadcrumb":{"@id":"https:\/\/archive.iask.hu\/hu\/osztondij\/kutatoi-osztondijak\/az-fti-iask-kutatoi-osztondij-palyazatai-2023\/#breadcrumb"},"inLanguage":"en-US","potentialAction":[{"@type":"ReadAction","target":["https:\/\/archive.iask.hu\/hu\/osztondij\/kutatoi-osztondijak\/az-fti-iask-kutatoi-osztondij-palyazatai-2023\/"]}]},{"@type":"BreadcrumbList","@id":"https:\/\/archive.iask.hu\/hu\/osztondij\/kutatoi-osztondijak\/az-fti-iask-kutatoi-osztondij-palyazatai-2023\/#breadcrumb","itemListElement":[{"@type":"ListItem","position":1,"name":"Home","item":"https:\/\/archive.iask.hu\/en\/"},{"@type":"ListItem","position":2,"name":"Fellowships","item":"https:\/\/archive.iask.hu\/en\/fellowships\/"},{"@type":"ListItem","position":3,"name":"Research Fellowships","item":"https:\/\/archive.iask.hu\/hu\/osztondij\/kutatoi-osztondijak\/"},{"@type":"ListItem","position":4,"name":"Call for Applications: iASK Research Scholarships 2023"}]}]}},"_links":{"self":[{"href":"https:\/\/archive.iask.hu\/en\/wp-json\/wp\/v2\/pages\/15864"}],"collection":[{"href":"https:\/\/archive.iask.hu\/en\/wp-json\/wp\/v2\/pages"}],"about":[{"href":"https:\/\/archive.iask.hu\/en\/wp-json\/wp\/v2\/types\/page"}],"author":[{"embeddable":true,"href":"https:\/\/archive.iask.hu\/en\/wp-json\/wp\/v2\/users\/41"}],"replies":[{"embeddable":true,"href":"https:\/\/archive.iask.hu\/en\/wp-json\/wp\/v2\/comments?post=15864"}],"version-history":[{"count":25,"href":"https:\/\/archive.iask.hu\/en\/wp-json\/wp\/v2\/pages\/15864\/revisions"}],"predecessor-version":[{"id":27965,"href":"https:\/\/archive.iask.hu\/en\/wp-json\/wp\/v2\/pages\/15864\/revisions\/27965"}],"up":[{"embeddable":true,"href":"https:\/\/archive.iask.hu\/en\/wp-json\/wp\/v2\/pages\/1703"}],"wp:featuredmedia":[{"embeddable":true,"href":"https:\/\/archive.iask.hu\/en\/wp-json\/wp\/v2\/media\/27960"}],"wp:attachment":[{"href":"https:\/\/archive.iask.hu\/en\/wp-json\/wp\/v2\/media?parent=15864"}],"curies":[{"name":"wp","href":"https:\/\/api.w.org\/{rel}","templated":true}]}}