{"id":1664,"date":"2017-12-03T14:10:38","date_gmt":"2017-12-03T14:10:38","guid":{"rendered":"https:\/\/archive.iask.hu\/?page_id=1664"},"modified":"2024-02-01T08:55:26","modified_gmt":"2024-02-01T07:55:26","slug":"konyvtar-2","status":"publish","type":"page","link":"https:\/\/archive.iask.hu\/en\/archive\/library\/","title":{"rendered":"Library"},"content":{"rendered":"<p>[vc_row][vc_column][vc_column_text]<\/p>\n<h1 style=\"text-align: center;\">Welcome to our Library&#8217;s webpage!<\/h1>\n<p style=\"text-align: center;\">The documents and services of the Library are available for everybody. You can find us at 7 Jurisics square, in the so-called Sgrafitt\u00f3s House.<span style=\"color: #993300;\">\u00a0<\/span><\/p>\n<p>[\/vc_column_text][\/vc_column][\/vc_row][vc_row][vc_column][vc_empty_space][\/vc_column][\/vc_row][vc_row][vc_column]<div class=\"dt-fancy-separator h3-size\" style=\"width: 100%;\"><div class=\"dt-fancy-title\"><span class=\"separator-holder separator-left\"><\/span>Opening hours<span class=\"separator-holder separator-right\"><\/span><\/div><\/div>[vc_column_text]Monday: 8 a.m. &#8211; 5 p.m.<\/p>\n<p>Tuesday: 8 a.m. &#8211; 5 p.m.<\/p>\n<p>Wednesday: 8 a.m. &#8211; 5 p.m.<\/p>\n<p>Thursday: 8 a.m. &#8211; 5 p.m.<\/p>\n<p>Friday: 8 a.m. &#8211; 1.20 p.m.[\/vc_column_text][vc_empty_space]<div class=\"dt-fancy-separator h3-size\" style=\"width: 100%;\"><div class=\"dt-fancy-title\"><span class=\"separator-holder separator-left\"><\/span>About us<span class=\"separator-holder separator-right\"><\/span><\/div><\/div>[\/vc_column][\/vc_row][vc_row][vc_column][vc_column_text]The library stock includes about 10.000 volumes covering mostly the fields of social sciences. During the last extension, natural science books were also added to the stock. Dictionaries, and encyclopaedias enrich the library\u2019s offerings while those looking for a light reading can choose from literary works as well.<\/p>\n<p>The Institute undertakes publishing activities, iASK volumes and items of the KRAFT series are available in our library.<\/p>\n<p>The systematization of books is carried out through the Eurovoc multilingual thesaurus, that is covering the field in which the European Communities are active; it provides a means of indexing the documents in the documentation systems of the European Institutions and of their users.<\/p>\n<p>In addition to books, the collection also includes printed and electronic periodicals as well as subscribed databases thus widening the spectrum of services offered by the library.[\/vc_column_text][\/vc_column][\/vc_row][vc_row][vc_column][vc_empty_space][\/vc_column][\/vc_row][vc_row][vc_column][vc_column_text]<strong><em>Librarians<\/em>:<\/strong><\/p>\n<p>Henrietta D\u00f3ka<\/p>\n<p>Eszter Tak\u00e1cs<\/p>\n<p><strong>Contact us via e-amil: l&#105;&#98;&#x72;&#x61;&#x72;&#x79;&#64;&#97;&#114;&#99;&#x68;&#x69;&#x76;e&#46;&#105;&#97;&#x73;&#x6b;&#x2e;hu<\/strong><\/p>\n<p>&nbsp;<\/p>\n<p>For new informations follow us on Instagram!<br \/>\n<strong>@iasklibrary<\/strong>[\/vc_column_text][\/vc_column][\/vc_row][vc_row][vc_column][vc_empty_space][\/vc_column][\/vc_row][vc_row][vc_column][vc_column_text]<\/p>\n<h2><strong>SEARCH OUR CATALOGUE<\/strong><\/h2>\n<p>To reach the online catalogue (OPAC) please, click <a href=\"https:\/\/opac.iask.hu\/en\/kereses\" class=\"broken_link\">HERE<\/a>.[\/vc_column_text][vc_empty_space][\/vc_column][\/vc_row][vc_row][vc_column]<div class=\"dt-fancy-separator\" style=\"width: 100%;\"><div class=\"dt-fancy-title\"><span class=\"separator-holder separator-left\"><\/span>MTMT<span class=\"separator-holder separator-right\"><\/span><\/div><\/div>[\/vc_column][\/vc_row][vc_row][vc_column][vc_column_text]<strong>MTMT<\/strong> &#8211; the Hungairan Scientific Database is operated by the <strong>Library and Information Centre of the Hungarian Academy of Sciences<\/strong>.<\/p>\n<p data-fontsize=\"15\">The iASK MTMT&#8217;s administrator colleagues, <strong>Henrietta D\u00f3ka<\/strong> (h&#101;&#x6e;&#x72;i&#101;&#x74;&#x74;a&#46;&#x64;&#x6f;k&#97;&#x40;&#x61;r&#99;&#x68;&#x69;v&#101;&#46;&#x69;&#x61;s&#107;&#x2e;&#x68;u\u00a0 06-94\/200-545) and <strong>Eszter Tak\u00e1cs<\/strong> (&#101;&#x73;z&#116;&#x65;r&#x2e;&#x74;&#97;&#x6b;a&#99;&#x73;&#64;&#97;&#x72;&#99;&#x68;i&#118;&#x65;&#46;&#105;&#x61;&#115;&#x6b;&#x2e;&#104;&#x75;\u00a0 06-94\/200-530), help with the maintenance of the publication lists and provide personal training on request.\u00a0 Please feel free to contact them with any requests, questions or problems related to uploading and verification.<\/p>\n<p data-fontsize=\"15\">For more infos: <a href=\"https:\/\/www.mtmt.hu\/\">MTMT website<\/a><\/p>\n<p>[\/vc_column_text][\/vc_column][\/vc_row][vc_row][vc_column][vc_empty_space][\/vc_column][\/vc_row][vc_row][vc_column]<div class=\"dt-fancy-separator h3-size\" style=\"width: 100%;\"><div class=\"dt-fancy-title\"><span class=\"separator-holder separator-left\"><\/span>Databases in the iASK Library (IP authentication is required):<span class=\"separator-holder separator-right\"><\/span><\/div><\/div>[\/vc_column][\/vc_row][vc_row][vc_column][vc_column_text]<\/p>\n<ul>\n<li><a href=\"https:\/\/akademiai.com\/\">Journals of Akad\u00e9miai Kiad\u00f3<\/a><\/li>\n<li><a href=\"https:\/\/adtplus.arcanum.hu\/hu\/\">Arcanum Digitheca<\/a><\/li>\n<li><a href=\"https:\/\/www.ceeol.com\/\">CEEOL (Central and Eastern European Online Library)<\/a><\/li>\n<li><a href=\"https:\/\/db.saur.de\/DGO\/welcome.jsf\">De Gruyter &#8211; National Socialism, Holocaust, Resistance and Exile 1933-1945<\/a><\/li>\n<li><a href=\"http:\/\/www.jstor.org\/\">JSTOR Full Access Model<\/a><\/li>\n<li><a href=\"https:\/\/ebookcentral.proquest.com\/lib\/koszeg-ebooks\/home.action\">ProQuest Academic Complete (e-book collection)<\/a><\/li>\n<li><a href=\"https:\/\/www.statista.com\/\">Statista<\/a><\/li>\n<li><a href=\"https:\/\/www.szaktars.hu\/akademiai\/\">SZAKT\u00c1RS &#8211; Digital Archive of Akad\u00e9miai Kiad\u00f3<\/a><\/li>\n<li><a href=\"https:\/\/www.szaktars.hu\/osiris\/\">SZAKT\u00c1RS &#8211; Osiris Kiad\u00f3<\/a><\/li>\n<li><a href=\"https:\/\/web.p.ebscohost.com\/ehost\/search\/selectdb?vid=0&amp;sid=180162cd-40ee-4ec6-9382-ec497ce559da%40redis\">World Politics Review<\/a><\/li>\n<\/ul>\n<p>If you wish to know more about the databases we provide, please click <a href=\"http:\/\/archive.iask.hu\/wp-content\/uploads\/2002\/07\/adatbazis_leirasok_honlapra_en-2.docx\" target=\"_blank\" rel=\"noopener\">HERE<\/a>.<\/p>\n<p>&nbsp;<\/p>\n<h6>Free dictionaries from Tinta Publisher (the platforms are in Hungarian):<\/h6>\n<p class=\"_04xlpA direction-ltr align-center para-style-body\"><a class=\"JsGRdQ\" draggable=\"false\" href=\"http:\/\/www.tintakiado.hu\/informatikai_szotar.php\" target=\"_blank\" rel=\"noopener\">English-Hungarian IT Dictionary<\/a><\/p>\n<p class=\"_04xlpA direction-ltr align-center para-style-body\"><a class=\"JsGRdQ\" draggable=\"false\" href=\"http:\/\/www.tintakiado.hu\/dictionary_idegenszotar.php\" target=\"_blank\" rel=\"noopener\">Dictionary of Foreign Words<\/a><\/p>\n<p class=\"_04xlpA direction-ltr align-center para-style-body\"><a class=\"JsGRdQ\" draggable=\"false\" href=\"http:\/\/www.tintakiado.hu\/cgi-bin\/e-szotar\/lat\/search.cgi\" target=\"_blank\" rel=\"noopener\">Latin-Hungarian\/Hungarian-Latin Dictionary<\/a><\/p>\n<p class=\"_04xlpA direction-ltr align-center para-style-body\"><a class=\"JsGRdQ\" draggable=\"false\" href=\"https:\/\/topszotar.hu\/angol-magyar-szotar\/\" target=\"_blank\" rel=\"noopener\">English-Hungarian\/Hungarian-English Dictionary<\/a><\/p>\n<p class=\"_04xlpA direction-ltr align-center para-style-body\"><a class=\"JsGRdQ\" draggable=\"false\" href=\"http:\/\/www.tintakiado.hu\/szotar\/tajszotar1838\/\" target=\"_blank\" rel=\"noopener\">Hungarian Dialect Dictionary (1838)<\/a><\/p>\n<p class=\"_04xlpA direction-ltr align-center para-style-body\"><a class=\"JsGRdQ\" draggable=\"false\" href=\"http:\/\/tintakiado.hu\/szotar\/barotikisdedszotar\/\" target=\"_blank\" rel=\"noopener\">Infant Dictionary by D\u00e1vid Bar\u00f3ti Szab\u00f3 (1792)<\/a><\/p>\n<p class=\"_04xlpA direction-ltr align-center para-style-body\"><a class=\"JsGRdQ\" draggable=\"false\" href=\"http:\/\/tintakiado.hu\/szotar\/kovacspalkozmondasok\/\" target=\"_blank\" rel=\"noopener\">Hungarian Example Sentences and Proverbs by P\u00e1l Kov\u00e1cs<\/a><\/p>\n<p class=\"_04xlpA direction-ltr align-center para-style-body\"><a class=\"JsGRdQ\" draggable=\"false\" href=\"http:\/\/tintakiado.hu\/szotar\/almasykozmondasok\/\" target=\"_blank\" rel=\"noopener\">Collection of Hungarian Proverbs by J\u00e1nos Alm\u00e1sy<\/a><\/p>\n<p class=\"_04xlpA direction-ltr align-center para-style-body\"><a class=\"JsGRdQ\" draggable=\"false\" href=\"http:\/\/tintakiado.hu\/szotar\/szirmaiantalgossarium\/\" target=\"_blank\" rel=\"noopener\">Glossarium by Antal Szirmai<\/a><\/p>\n<p>[\/vc_column_text][\/vc_column][\/vc_row][vc_row][vc_column][vc_empty_space][\/vc_column][\/vc_row][vc_row][vc_column]<div class=\"dt-fancy-separator h3-size\" style=\"width: 100%;\"><div class=\"dt-fancy-title\"><span class=\"separator-holder separator-left\"><\/span>Printed journals:<span class=\"separator-holder separator-right\"><\/span><\/div><\/div>[\/vc_column][\/vc_row][vc_row][vc_column][vc_column_text]<\/p>\n<ul>\n<li>The New York Times International Edition<\/li>\n<li>Foreign Affairs<\/li>\n<li>The New York Review of Books<\/li>\n<li>The Atlantic<\/li>\n<li>The Economist<\/li>\n<li>The Nation<\/li>\n<li>The New Yorker<\/li>\n<\/ul>\n<p>[\/vc_column_text][\/vc_column][\/vc_row][vc_row][vc_column][vc_empty_space][\/vc_column][\/vc_row][vc_row][vc_column]<div class=\"dt-fancy-separator h3-size\" style=\"width: 100%;\"><div class=\"dt-fancy-title\"><span class=\"separator-holder separator-left\"><\/span>Online journals (IP authentication is required):<span class=\"separator-holder separator-right\"><\/span><\/div><\/div>[\/vc_column][\/vc_row][vc_row][vc_column][vc_column_text]<\/p>\n<ul>\n<li><a href=\"https:\/\/www.nybooks.com\/\">The New York Review of Books<\/a><\/li>\n<li><a href=\"https:\/\/www.foreignaffairs.com\/\">Foreign Affairs<\/a> \u00a0(for username and password ask the Librarians)<\/li>\n<li><a href=\"https:\/\/balkaninsight.com\/\">Balkan Insight<\/a> \u00a0(for username and password ask the Librarians)<\/li>\n<li><a href=\"https:\/\/www.theatlantic.com\/world\/\">The Atlantic<\/a>\u00a0 (for username and password ask the Librarians)<\/li>\n<li><a href=\"https:\/\/www.nytimes.com\/international\/\">The New York Times International Edition<\/a> (for username and password ask the Librarians)<\/li>\n<li><a href=\"https:\/\/www.economist.com\/\" class=\"broken_link\">The Economist<\/a> (for username and password ask the Librarians)<\/li>\n<li><a href=\"https:\/\/www.thenation.com\/\">The Nation<\/a> (for username and password ask the Librarians)<\/li>\n<li><a href=\"https:\/\/www.newyorker.com\/\">The New Yorker<\/a> (for username and password ask the Librarians)<\/li>\n<li>The Diplomat (for username and password ask the Librarians)<\/li>\n<\/ul>\n<p>[\/vc_column_text][\/vc_column][\/vc_row][vc_row][vc_column][vc_empty_space][\/vc_column][\/vc_row][vc_row][vc_column]<div class=\"dt-fancy-separator h3-size\" style=\"width: 100%;\"><div class=\"dt-fancy-title\"><span class=\"separator-holder separator-left\"><\/span>Bibliographies<span class=\"separator-holder separator-right\"><\/span><\/div><\/div>[\/vc_column][\/vc_row][vc_row][vc_column][vc_column_text]<strong>Elem\u00e9r Hankiss,<\/strong> sociologist, philosopher. <a href=\"https:\/\/archive.iask.hu\/simonne-hittaller-rita-en-vagyok-en-vallalom-magam-elemer-hankiss-bibliography\/\">Bibliography of Elem\u00e9r Hankiss<\/a> (click to download the bibliography)[\/vc_column_text][\/vc_column][\/vc_row][vc_row][vc_column][vc_empty_space][\/vc_column][\/vc_row][vc_row][vc_column]<div class=\"dt-fancy-separator h3-size\" style=\"width: 100%;\"><div class=\"dt-fancy-title\"><span class=\"separator-holder separator-left\"><\/span>New books:<span class=\"separator-holder separator-right\"><\/span><\/div><\/div>[\/vc_column][\/vc_row][vc_row][vc_column][vc_column_text]<a href=\"http:\/\/archive.iask.hu\/wp-content\/uploads\/2002\/07\/new_books_2017_honlapra.xlsx\">iASK new books_2017<\/a><\/p>\n<p><a href=\"http:\/\/archive.iask.hu\/wp-content\/uploads\/2002\/07\/iask-new-books_2018-xls.xlsx\">iASK new books_2018<\/a><\/p>\n<p><a href=\"http:\/\/archive.iask.hu\/wp-content\/uploads\/2002\/07\/iask_new_books_2019_honlapra-1.xlsx\">iASK_new_books_2019<\/a><\/p>\n<p><a href=\"http:\/\/archive.iask.hu\/wp-content\/uploads\/2002\/07\/iask_new_books_2020-1.xlsx\">iASK_new_books_2020<\/a><\/p>\n<p><a href=\"http:\/\/archive.iask.hu\/wp-content\/uploads\/2002\/07\/iask_new_books_2021-4.xlsx\">iASK_new_books_2021<\/a><\/p>\n<p><a href=\"http:\/\/archive.iask.hu\/wp-content\/uploads\/2002\/07\/iask_new_books_2022-2.xlsx\">iASK_new_books_2022<\/a><\/p>\n<p><a href=\"http:\/\/archive.iask.hu\/wp-content\/uploads\/2002\/07\/iask_new_books_2023-5.xlsx\" target=\"_blank\" rel=\"noopener\">iASK_new_books_2023<\/a><\/p>\n<p><a href=\"http:\/\/archive.iask.hu\/wp-content\/uploads\/2002\/07\/iask_new_books_2024.xlsx\">iASK_new_books_2024<\/a>[\/vc_column_text][\/vc_column][\/vc_row][vc_row][vc_column][vc_empty_space][\/vc_column][\/vc_row][vc_row][vc_column]<div class=\"dt-fancy-separator h3-size\" style=\"width: 100%;\"><div class=\"dt-fancy-title\"><span class=\"separator-holder separator-left\"><\/span>Special collections<span class=\"separator-holder separator-right\"><\/span><\/div><\/div>[\/vc_column][\/vc_row][vc_row][vc_column][vc_column_text]<strong>Istv\u00e1n Borsody&#8217;s<\/strong> (journalist, historian and university professor) book bequest in the iASK Library. <a href=\"http:\/\/archive.iask.hu\/wp-content\/uploads\/2002\/07\/borsody_hagyatek.docx\">Special collection of Istv\u00e1n Borsody<\/a> (click to download the list of the books)<\/p>\n<p><strong>Istv\u00e1n Nemesk\u00fcrty&#8217;s<\/strong> (historian, writer, screenwriter and film producer) book bequest in the iASK Library. <a href=\"http:\/\/archive.iask.hu\/wp-content\/uploads\/2002\/07\/nemeskurty_hagyatek.xlsx\">Special collection of Istv\u00e1n Nemesk\u00fcrty<\/a> (click to dowload the list of the books)<\/p>\n<p><strong>Gyula Hern\u00e1di&#8217;s<\/strong> (writer and screenwriter) book bequest in the iASK Library. Special collection of\u00a0 Gyula Hern\u00e1di, <a href=\"http:\/\/archive.iask.hu\/wp-content\/uploads\/2002\/07\/hernadigyula_hagyatek_magyar.xls\">Hungarian books<\/a>, <a href=\"http:\/\/archive.iask.hu\/wp-content\/uploads\/2002\/07\/hernadi_idegennyelvu.xlsx\">German books<\/a> (click to download the list of the books)<\/p>\n<p><strong>Elem\u00e9r Hankiss&#8217;s<\/strong> (sociologist, philosopher) book bequest:<\/p>\n<ul>\n<li>in the iASK Library <a href=\"http:\/\/archive.iask.hu\/wp-content\/uploads\/2002\/07\/hankiss-konyvei.xlsx\">Special collection of Elem\u00e9r Hankiss<\/a> (click to download the list of the books)<\/li>\n<li>in Festetics Palace <a href=\"http:\/\/archive.iask.hu\/wp-content\/uploads\/2002\/07\/hankiss_hagyatek_konyvek.xlsx\">Special collection of Hankiss_Festetics<\/a>\u00a0 click to download the list of the books)<\/li>\n<\/ul>\n<p><strong>L\u00e1szl\u00f3 Pint\u00e9r&#8217;s<\/strong>\u00a0book bequest in the iASK Library. <a href=\"http:\/\/archive.iask.hu\/wp-content\/uploads\/2002\/07\/pinter-laszlo-hagyatek_honlapra.xlsx\">Pint\u00e9r_collection<\/a> (click to download the list of the books)[\/vc_column_text][\/vc_column][\/vc_row][vc_row][vc_column][vc_empty_space][\/vc_column][\/vc_row]<\/p>","protected":false},"excerpt":{"rendered":"<p>[vc_row][vc_column][vc_column_text] Welcome to our Library&#8217;s webpage! The documents and services of the Library are available for everybody. You can find us at 7 Jurisics square, in the so-called Sgrafitt\u00f3s House.\u00a0 [\/vc_column_text][\/vc_column][\/vc_row][vc_row][vc_column][vc_empty_space][\/vc_column][\/vc_row][vc_row][vc_column][vc_column_text]Monday: 8 a.m. &#8211; 5 p.m. Tuesday: 8 a.m. &#8211; 5 p.m. Wednesday: 8 a.m. &#8211; 5 p.m. Thursday: 8 a.m. &#8211; 5 p.m. Friday:&hellip;<\/p>\n","protected":false},"author":209,"featured_media":0,"parent":26368,"menu_order":144,"comment_status":"closed","ping_status":"closed","template":"","meta":{"footnotes":""},"yoast_head":"<!-- This site is optimized with the Yoast SEO plugin v16.7 - https:\/\/yoast.com\/wordpress\/plugins\/seo\/ -->\n<title>Library - iASK - Institute of Advanced Studies K\u0151szeg<\/title>\n<meta name=\"robots\" content=\"index, follow, max-snippet:-1, max-image-preview:large, max-video-preview:-1\" \/>\n<link rel=\"canonical\" href=\"https:\/\/archive.iask.hu\/en\/archive\/library\/\" \/>\n<meta property=\"og:locale\" content=\"en_US\" \/>\n<meta property=\"og:type\" content=\"article\" \/>\n<meta property=\"og:title\" content=\"Library - iASK - Institute of Advanced Studies K\u0151szeg\" \/>\n<meta property=\"og:description\" content=\"[vc_row][vc_column][vc_column_text] Welcome to our Library&#8217;s webpage! The documents and services of the Library are available for everybody. You can find us at 7 Jurisics square, in the so-called Sgrafitt\u00f3s House.\u00a0 [\/vc_column_text][\/vc_column][\/vc_row][vc_row][vc_column][vc_empty_space][\/vc_column][\/vc_row][vc_row][vc_column][vc_column_text]Monday: 8 a.m. &#8211; 5 p.m. Tuesday: 8 a.m. &#8211; 5 p.m. Wednesday: 8 a.m. &#8211; 5 p.m. Thursday: 8 a.m. &#8211; 5 p.m. Friday:&hellip;\" \/>\n<meta property=\"og:url\" content=\"https:\/\/archive.iask.hu\/en\/archive\/library\/\" \/>\n<meta property=\"og:site_name\" content=\"iASK - Institute of Advanced Studies K\u0151szeg\" \/>\n<meta property=\"article:modified_time\" content=\"2024-02-01T07:55:26+00:00\" \/>\n<meta name=\"twitter:card\" content=\"summary_large_image\" \/>\n<meta name=\"twitter:label1\" content=\"Est. reading time\" \/>\n\t<meta name=\"twitter:data1\" content=\"4 minutes\" \/>\n<script type=\"application\/ld+json\" class=\"yoast-schema-graph\">{\"@context\":\"https:\/\/schema.org\",\"@graph\":[{\"@type\":\"WebSite\",\"@id\":\"https:\/\/archive.iask.hu\/en\/#website\",\"url\":\"https:\/\/archive.iask.hu\/en\/\",\"name\":\"iASK - Institute of Advanced Studies K\\u0151szeg\",\"description\":\"It is the mission of iASK to bring together a critical mass of intellectually open, courageous and knowledge-sharing practitioners \\u2013 those that know that everything is at risk and that conventional research will simply not do, only creative and unusual combinations of ideas.\",\"potentialAction\":[{\"@type\":\"SearchAction\",\"target\":{\"@type\":\"EntryPoint\",\"urlTemplate\":\"https:\/\/archive.iask.hu\/en\/?s={search_term_string}\"},\"query-input\":\"required name=search_term_string\"}],\"inLanguage\":\"en-US\"},{\"@type\":\"WebPage\",\"@id\":\"https:\/\/archive.iask.hu\/en\/archive\/library\/#webpage\",\"url\":\"https:\/\/archive.iask.hu\/en\/archive\/library\/\",\"name\":\"Library - iASK - Institute of Advanced Studies K\\u0151szeg\",\"isPartOf\":{\"@id\":\"https:\/\/archive.iask.hu\/en\/#website\"},\"datePublished\":\"2017-12-03T14:10:38+00:00\",\"dateModified\":\"2024-02-01T07:55:26+00:00\",\"breadcrumb\":{\"@id\":\"https:\/\/archive.iask.hu\/en\/archive\/library\/#breadcrumb\"},\"inLanguage\":\"en-US\",\"potentialAction\":[{\"@type\":\"ReadAction\",\"target\":[\"https:\/\/archive.iask.hu\/en\/archive\/library\/\"]}]},{\"@type\":\"BreadcrumbList\",\"@id\":\"https:\/\/archive.iask.hu\/en\/archive\/library\/#breadcrumb\",\"itemListElement\":[{\"@type\":\"ListItem\",\"position\":1,\"name\":\"Home\",\"item\":\"https:\/\/archive.iask.hu\/en\/\"},{\"@type\":\"ListItem\",\"position\":2,\"name\":\"Arch\\u00edvum\",\"item\":\"https:\/\/archive.iask.hu\/en\/archive\/\"},{\"@type\":\"ListItem\",\"position\":3,\"name\":\"K\\u00f6nyvt\\u00e1r\"}]}]}<\/script>\n<!-- \/ Yoast SEO plugin. -->","yoast_head_json":{"title":"Library - iASK - Institute of Advanced Studies K\u0151szeg","robots":{"index":"index","follow":"follow","max-snippet":"max-snippet:-1","max-image-preview":"max-image-preview:large","max-video-preview":"max-video-preview:-1"},"canonical":"https:\/\/archive.iask.hu\/en\/archive\/library\/","og_locale":"en_US","og_type":"article","og_title":"Library - iASK - Institute of Advanced Studies K\u0151szeg","og_description":"[vc_row][vc_column][vc_column_text] Welcome to our Library&#8217;s webpage! The documents and services of the Library are available for everybody. You can find us at 7 Jurisics square, in the so-called Sgrafitt\u00f3s House.\u00a0 [\/vc_column_text][\/vc_column][\/vc_row][vc_row][vc_column][vc_empty_space][\/vc_column][\/vc_row][vc_row][vc_column][vc_column_text]Monday: 8 a.m. &#8211; 5 p.m. Tuesday: 8 a.m. &#8211; 5 p.m. Wednesday: 8 a.m. &#8211; 5 p.m. Thursday: 8 a.m. &#8211; 5 p.m. Friday:&hellip;","og_url":"https:\/\/archive.iask.hu\/en\/archive\/library\/","og_site_name":"iASK - Institute of Advanced Studies K\u0151szeg","article_modified_time":"2024-02-01T07:55:26+00:00","twitter_card":"summary_large_image","twitter_misc":{"Est. reading time":"4 minutes"},"schema":{"@context":"https:\/\/schema.org","@graph":[{"@type":"WebSite","@id":"https:\/\/archive.iask.hu\/en\/#website","url":"https:\/\/archive.iask.hu\/en\/","name":"iASK - Institute of Advanced Studies K\u0151szeg","description":"It is the mission of iASK to bring together a critical mass of intellectually open, courageous and knowledge-sharing practitioners \u2013 those that know that everything is at risk and that conventional research will simply not do, only creative and unusual combinations of ideas.","potentialAction":[{"@type":"SearchAction","target":{"@type":"EntryPoint","urlTemplate":"https:\/\/archive.iask.hu\/en\/?s={search_term_string}"},"query-input":"required name=search_term_string"}],"inLanguage":"en-US"},{"@type":"WebPage","@id":"https:\/\/archive.iask.hu\/en\/archive\/library\/#webpage","url":"https:\/\/archive.iask.hu\/en\/archive\/library\/","name":"Library - iASK - Institute of Advanced Studies K\u0151szeg","isPartOf":{"@id":"https:\/\/archive.iask.hu\/en\/#website"},"datePublished":"2017-12-03T14:10:38+00:00","dateModified":"2024-02-01T07:55:26+00:00","breadcrumb":{"@id":"https:\/\/archive.iask.hu\/en\/archive\/library\/#breadcrumb"},"inLanguage":"en-US","potentialAction":[{"@type":"ReadAction","target":["https:\/\/archive.iask.hu\/en\/archive\/library\/"]}]},{"@type":"BreadcrumbList","@id":"https:\/\/archive.iask.hu\/en\/archive\/library\/#breadcrumb","itemListElement":[{"@type":"ListItem","position":1,"name":"Home","item":"https:\/\/archive.iask.hu\/en\/"},{"@type":"ListItem","position":2,"name":"Arch\u00edvum","item":"https:\/\/archive.iask.hu\/en\/archive\/"},{"@type":"ListItem","position":3,"name":"K\u00f6nyvt\u00e1r"}]}]}},"_links":{"self":[{"href":"https:\/\/archive.iask.hu\/en\/wp-json\/wp\/v2\/pages\/1664"}],"collection":[{"href":"https:\/\/archive.iask.hu\/en\/wp-json\/wp\/v2\/pages"}],"about":[{"href":"https:\/\/archive.iask.hu\/en\/wp-json\/wp\/v2\/types\/page"}],"author":[{"embeddable":true,"href":"https:\/\/archive.iask.hu\/en\/wp-json\/wp\/v2\/users\/209"}],"replies":[{"embeddable":true,"href":"https:\/\/archive.iask.hu\/en\/wp-json\/wp\/v2\/comments?post=1664"}],"version-history":[{"count":170,"href":"https:\/\/archive.iask.hu\/en\/wp-json\/wp\/v2\/pages\/1664\/revisions"}],"predecessor-version":[{"id":29939,"href":"https:\/\/archive.iask.hu\/en\/wp-json\/wp\/v2\/pages\/1664\/revisions\/29939"}],"up":[{"embeddable":true,"href":"https:\/\/archive.iask.hu\/en\/wp-json\/wp\/v2\/pages\/26368"}],"wp:attachment":[{"href":"https:\/\/archive.iask.hu\/en\/wp-json\/wp\/v2\/media?parent=1664"}],"curies":[{"name":"wp","href":"https:\/\/api.w.org\/{rel}","templated":true}]}}