{"id":25246,"date":"2022-05-22T22:13:13","date_gmt":"2022-05-22T20:13:13","guid":{"rendered":"https:\/\/archive.iask.hu\/hu\/?page_id=25246"},"modified":"2022-05-22T22:38:12","modified_gmt":"2022-05-22T20:38:12","slug":"magyar-eves-beszamolok","status":"publish","type":"page","link":"https:\/\/archive.iask.hu\/en\/about-us\/kozerdeku-adatok\/magyar-eves-beszamolok\/","title":{"rendered":"(Magyar) \u00c9ves besz\u00e1mol\u00f3k"},"content":{"rendered":"<p class=\"qtranxs-available-languages-message qtranxs-available-languages-message-en\">This entry is only available in <a href=\"https:\/\/archive.iask.hu\/hu\/wp-json\/wp\/v2\/pages\/25246\" class=\"qtranxs-available-language-link qtranxs-available-language-link-hu\" title=\"Magyar\">Hungarian<\/a>.<\/p>","protected":false},"excerpt":{"rendered":"<p>This entry is only available in Hungarian.<\/p>\n","protected":false},"author":213,"featured_media":0,"parent":1676,"menu_order":2,"comment_status":"closed","ping_status":"closed","template":"","meta":{"footnotes":""},"yoast_head":"<!-- This site is optimized with the Yoast SEO plugin v16.7 - https:\/\/yoast.com\/wordpress\/plugins\/seo\/ -->\n<title>(Magyar) \u00c9ves besz\u00e1mol\u00f3k - iASK - Institute of Advanced Studies K\u0151szeg<\/title>\n<meta name=\"robots\" content=\"index, follow, max-snippet:-1, max-image-preview:large, max-video-preview:-1\" \/>\n<link rel=\"canonical\" href=\"https:\/\/archive.iask.hu\/hu\/rolunk\/kozerdeku-adatok\/eves-beszamolok\/\" \/>\n<meta property=\"og:locale\" content=\"en_US\" \/>\n<meta property=\"og:type\" content=\"article\" \/>\n<meta property=\"og:title\" content=\"(Magyar) \u00c9ves besz\u00e1mol\u00f3k - iASK - Institute of Advanced Studies K\u0151szeg\" \/>\n<meta property=\"og:description\" content=\"This entry is only available in Hungarian.\" \/>\n<meta property=\"og:url\" content=\"https:\/\/archive.iask.hu\/hu\/rolunk\/kozerdeku-adatok\/eves-beszamolok\/\" \/>\n<meta property=\"og:site_name\" content=\"iASK - Institute of Advanced Studies K\u0151szeg\" \/>\n<meta property=\"article:modified_time\" content=\"2022-05-22T20:38:12+00:00\" \/>\n<meta name=\"twitter:card\" content=\"summary_large_image\" \/>\n<meta name=\"twitter:label1\" content=\"Est. reading time\" \/>\n\t<meta name=\"twitter:data1\" content=\"1 minute\" \/>\n<script type=\"application\/ld+json\" class=\"yoast-schema-graph\">{\"@context\":\"https:\/\/schema.org\",\"@graph\":[{\"@type\":\"WebSite\",\"@id\":\"https:\/\/archive.iask.hu\/en\/#website\",\"url\":\"https:\/\/archive.iask.hu\/en\/\",\"name\":\"iASK - Institute of Advanced Studies K\\u0151szeg\",\"description\":\"It is the mission of iASK to bring together a critical mass of intellectually open, courageous and knowledge-sharing practitioners \\u2013 those that know that everything is at risk and that conventional research will simply not do, only creative and unusual combinations of ideas.\",\"potentialAction\":[{\"@type\":\"SearchAction\",\"target\":{\"@type\":\"EntryPoint\",\"urlTemplate\":\"https:\/\/archive.iask.hu\/en\/?s={search_term_string}\"},\"query-input\":\"required name=search_term_string\"}],\"inLanguage\":\"en-US\"},{\"@type\":\"WebPage\",\"@id\":\"https:\/\/archive.iask.hu\/hu\/rolunk\/kozerdeku-adatok\/eves-beszamolok\/#webpage\",\"url\":\"https:\/\/archive.iask.hu\/hu\/rolunk\/kozerdeku-adatok\/eves-beszamolok\/\",\"name\":\"(Magyar) \\u00c9ves besz\\u00e1mol\\u00f3k - iASK - Institute of Advanced Studies K\\u0151szeg\",\"isPartOf\":{\"@id\":\"https:\/\/archive.iask.hu\/en\/#website\"},\"datePublished\":\"2022-05-22T20:13:13+00:00\",\"dateModified\":\"2022-05-22T20:38:12+00:00\",\"breadcrumb\":{\"@id\":\"https:\/\/archive.iask.hu\/hu\/rolunk\/kozerdeku-adatok\/eves-beszamolok\/#breadcrumb\"},\"inLanguage\":\"en-US\",\"potentialAction\":[{\"@type\":\"ReadAction\",\"target\":[\"https:\/\/archive.iask.hu\/hu\/rolunk\/kozerdeku-adatok\/eves-beszamolok\/\"]}]},{\"@type\":\"BreadcrumbList\",\"@id\":\"https:\/\/archive.iask.hu\/hu\/rolunk\/kozerdeku-adatok\/eves-beszamolok\/#breadcrumb\",\"itemListElement\":[{\"@type\":\"ListItem\",\"position\":1,\"name\":\"Home\",\"item\":\"https:\/\/archive.iask.hu\/en\/\"},{\"@type\":\"ListItem\",\"position\":2,\"name\":\"R\\u00f3lunk\",\"item\":\"https:\/\/archive.iask.hu\/hu\/rolunk\/\"},{\"@type\":\"ListItem\",\"position\":3,\"name\":\"K\\u00f6z\\u00e9rdek\\u0171 adatok\",\"item\":\"https:\/\/archive.iask.hu\/hu\/rolunk\/kozerdeku-adatok\/\"},{\"@type\":\"ListItem\",\"position\":4,\"name\":\"\\u00c9ves besz\\u00e1mol\\u00f3k\"}]}]}<\/script>\n<!-- \/ Yoast SEO plugin. -->","yoast_head_json":{"title":"(Magyar) \u00c9ves besz\u00e1mol\u00f3k - iASK - Institute of Advanced Studies K\u0151szeg","robots":{"index":"index","follow":"follow","max-snippet":"max-snippet:-1","max-image-preview":"max-image-preview:large","max-video-preview":"max-video-preview:-1"},"canonical":"https:\/\/archive.iask.hu\/hu\/rolunk\/kozerdeku-adatok\/eves-beszamolok\/","og_locale":"en_US","og_type":"article","og_title":"(Magyar) \u00c9ves besz\u00e1mol\u00f3k - iASK - Institute of Advanced Studies K\u0151szeg","og_description":"This entry is only available in Hungarian.","og_url":"https:\/\/archive.iask.hu\/hu\/rolunk\/kozerdeku-adatok\/eves-beszamolok\/","og_site_name":"iASK - Institute of Advanced Studies K\u0151szeg","article_modified_time":"2022-05-22T20:38:12+00:00","twitter_card":"summary_large_image","twitter_misc":{"Est. reading time":"1 minute"},"schema":{"@context":"https:\/\/schema.org","@graph":[{"@type":"WebSite","@id":"https:\/\/archive.iask.hu\/en\/#website","url":"https:\/\/archive.iask.hu\/en\/","name":"iASK - Institute of Advanced Studies K\u0151szeg","description":"It is the mission of iASK to bring together a critical mass of intellectually open, courageous and knowledge-sharing practitioners \u2013 those that know that everything is at risk and that conventional research will simply not do, only creative and unusual combinations of ideas.","potentialAction":[{"@type":"SearchAction","target":{"@type":"EntryPoint","urlTemplate":"https:\/\/archive.iask.hu\/en\/?s={search_term_string}"},"query-input":"required name=search_term_string"}],"inLanguage":"en-US"},{"@type":"WebPage","@id":"https:\/\/archive.iask.hu\/hu\/rolunk\/kozerdeku-adatok\/eves-beszamolok\/#webpage","url":"https:\/\/archive.iask.hu\/hu\/rolunk\/kozerdeku-adatok\/eves-beszamolok\/","name":"(Magyar) \u00c9ves besz\u00e1mol\u00f3k - iASK - Institute of Advanced Studies K\u0151szeg","isPartOf":{"@id":"https:\/\/archive.iask.hu\/en\/#website"},"datePublished":"2022-05-22T20:13:13+00:00","dateModified":"2022-05-22T20:38:12+00:00","breadcrumb":{"@id":"https:\/\/archive.iask.hu\/hu\/rolunk\/kozerdeku-adatok\/eves-beszamolok\/#breadcrumb"},"inLanguage":"en-US","potentialAction":[{"@type":"ReadAction","target":["https:\/\/archive.iask.hu\/hu\/rolunk\/kozerdeku-adatok\/eves-beszamolok\/"]}]},{"@type":"BreadcrumbList","@id":"https:\/\/archive.iask.hu\/hu\/rolunk\/kozerdeku-adatok\/eves-beszamolok\/#breadcrumb","itemListElement":[{"@type":"ListItem","position":1,"name":"Home","item":"https:\/\/archive.iask.hu\/en\/"},{"@type":"ListItem","position":2,"name":"R\u00f3lunk","item":"https:\/\/archive.iask.hu\/hu\/rolunk\/"},{"@type":"ListItem","position":3,"name":"K\u00f6z\u00e9rdek\u0171 adatok","item":"https:\/\/archive.iask.hu\/hu\/rolunk\/kozerdeku-adatok\/"},{"@type":"ListItem","position":4,"name":"\u00c9ves besz\u00e1mol\u00f3k"}]}]}},"_links":{"self":[{"href":"https:\/\/archive.iask.hu\/en\/wp-json\/wp\/v2\/pages\/25246"}],"collection":[{"href":"https:\/\/archive.iask.hu\/en\/wp-json\/wp\/v2\/pages"}],"about":[{"href":"https:\/\/archive.iask.hu\/en\/wp-json\/wp\/v2\/types\/page"}],"author":[{"embeddable":true,"href":"https:\/\/archive.iask.hu\/en\/wp-json\/wp\/v2\/users\/213"}],"replies":[{"embeddable":true,"href":"https:\/\/archive.iask.hu\/en\/wp-json\/wp\/v2\/comments?post=25246"}],"version-history":[{"count":1,"href":"https:\/\/archive.iask.hu\/en\/wp-json\/wp\/v2\/pages\/25246\/revisions"}],"predecessor-version":[{"id":25247,"href":"https:\/\/archive.iask.hu\/en\/wp-json\/wp\/v2\/pages\/25246\/revisions\/25247"}],"up":[{"embeddable":true,"href":"https:\/\/archive.iask.hu\/en\/wp-json\/wp\/v2\/pages\/1676"}],"wp:attachment":[{"href":"https:\/\/archive.iask.hu\/en\/wp-json\/wp\/v2\/media?parent=25246"}],"curies":[{"name":"wp","href":"https:\/\/api.w.org\/{rel}","templated":true}]}}