{"id":26368,"date":"2022-10-14T09:04:02","date_gmt":"2022-10-14T07:04:02","guid":{"rendered":"https:\/\/archive.iask.hu\/hu\/?page_id=26368&#038;preview_id=26368"},"modified":"2022-10-14T11:05:19","modified_gmt":"2022-10-14T09:05:19","slug":"archive","status":"publish","type":"page","link":"https:\/\/archive.iask.hu\/en\/archive\/","title":{"rendered":"Archives"},"content":{"rendered":"<p>[vc_row][vc_column][vc_column_text]<\/p>\n<h1 style=\"text-align: center;\">Welcome to Hankiss Archive&#8217;s webpage!<\/h1>\n<p>[\/vc_column_text][\/vc_column][\/vc_row][vc_row][vc_column][vc_empty_space][\/vc_column][\/vc_row][vc_row][vc_column width=&#8221;1\/2&#8243;][vc_single_image image=&#8221;26372&#8243; img_size=&#8221;medium&#8221; alignment=&#8221;center&#8221;][\/vc_column][vc_column width=&#8221;1\/2&#8243;][vc_single_image image=&#8221;26373&#8243; img_size=&#8221;medium&#8221; alignment=&#8221;center&#8221;][\/vc_column][\/vc_row][vc_row][vc_column][vc_empty_space][\/vc_column][\/vc_row][vc_row][vc_column][vc_tabs][vc_tab title=&#8221;About us&#8221; tab_id=&#8221;abe94b22-b433-1&#8243;][vc_column_text]Elem\u00e9r Hankiss&#8217;s achievements in the transdisciplinary study of society and civilizational change are closely in line with the research activities at the Institute of Advanced Studies K\u0151szeg. The Hankiss Archives, located in the renewed Festetics Palace, was established with the aim of preserving and making accessible to the wider public the intellectual heritage of Elem\u00e9r Hankiss, and thus to foster the research projects at the Institute which are being carried out at the interface of the humanities, natural and social sciences. The collection of the Archives covers two main areas: (1) the archival records of the iASK&#8217;s predecessor and partner institutions, and (2) personal bequests that have been donated to the Archives. Among the latter, the main collection is that of Elem\u00e9r Hankiss (1928-2015), the philosopher, sociologist and literary historian, who gave his name to the Archives (manuscripts, notes, letters, audio tapes, etc.).<\/p>\n<p>The Archives also houses the bequest of Kl\u00e1ra H\u00e9derv\u00e1ry, a renowned Belgian UN diplomat of Hungarian origin. The Archives is constantly being developed and new records are regularly added to its holdings. In the near future, the personal records of the historian and politician Gy\u00f6rgy Sch\u00f6pflin (1939-2021) are expected to become available for research at Festetics Palace.[\/vc_column_text][\/vc_tab][vc_tab title=&#8221;Information and contact&#8221; tab_id=&#8221;96157c49-44cc-9&#8243;][vc_column_text]Research in the Archives is available only by <strong><span style=\"text-decoration: underline;\">prior appointment<\/span><\/strong> at the Festetics palace (Chernel street 10).<\/p>\n<p>&nbsp;<\/p>\n<p><strong>Opening hours for researchers:<\/strong><\/p>\n<p>Monday: 9 am \u2013 4 pm<\/p>\n<p>Tuesday: 9 am \u2013 4pm<\/p>\n<p>Wednesday: 9 am \u2013 4pm<\/p>\n<p>Thursday: 9 am \u2013 4pm<\/p>\n<p>Friday: CLOSED<\/p>\n<p>&nbsp;<\/p>\n<p><em><strong>Archivists<\/strong><strong>:<\/strong><\/em><\/p>\n<p>Eszter Horv\u00e1th<\/p>\n<p>Tam\u00e1s Sz\u00e9kely<\/p>\n<p>&nbsp;<\/p>\n<p><strong>Contact: &#97;&#x72;c&#x68;&#x69;&#118;&#x75;m&#64;&#x61;&#114;&#x63;h&#105;&#x76;e&#x2e;i&#97;&#x73;k&#x2e;&#x68;&#117;<\/strong>[\/vc_column_text][\/vc_tab][vc_tab title=&#8221;List of fonds&#8221; tab_id=&#8221;1665735268956-2-0&#8243;][vc_column_text]<strong>LIST OF FONDS OF THE HANKISS ARCHIVES<\/strong><\/p>\n<p><strong>\u00a0<\/strong><\/p>\n<table>\n<tbody>\n<tr>\n<td width=\"108\">\n<p style=\"text-align: left;\"><strong>Reference code<\/strong><\/p>\n<\/td>\n<td style=\"text-align: left;\" width=\"186\"><strong>Title<\/strong><\/td>\n<td style=\"text-align: left;\" width=\"88\"><strong>Date(s)<\/strong><\/td>\n<td style=\"text-align: left;\" width=\"125\"><strong>Extent (linear meter)<\/strong><\/td>\n<td style=\"text-align: left;\" width=\"98\"><strong>Information<\/strong><\/td>\n<\/tr>\n<tr>\n<td width=\"108\">HA-I-HE<\/td>\n<td width=\"186\">Hankiss Elem\u00e9r\u2019s records<\/td>\n<td width=\"88\">1965-2015<\/td>\n<td width=\"125\">26<\/td>\n<td width=\"98\">available for research<\/td>\n<\/tr>\n<tr>\n<td width=\"108\">HA-I-HK<\/td>\n<td width=\"186\">H\u00e9derv\u00e1ry Kl\u00e1ra\u2019s records<\/td>\n<td width=\"88\">1947-1974<\/td>\n<td width=\"125\">0,5<\/td>\n<td width=\"98\">available for research<\/td>\n<\/tr>\n<tr>\n<td width=\"108\">HA-I-MJ<\/td>\n<td width=\"186\">Records of Ferenc Miszlivetz Ferenc and Jody Jensen<\/td>\n<td width=\"88\">1982-2022<\/td>\n<td width=\"125\">32<\/td>\n<td width=\"98\">selection in progress, not available for research<\/td>\n<\/tr>\n<tr>\n<td width=\"108\">HA-II-ISES<\/td>\n<td width=\"186\">Records of the Institute for Social &amp; European Studies (ISES)<\/td>\n<td width=\"88\">1990-2010<\/td>\n<td width=\"125\">26<\/td>\n<td width=\"98\">selection in progress, not available for research<\/td>\n<\/tr>\n<tr>\n<td width=\"108\">HA-II-MAV<\/td>\n<td width=\"186\">Records of the Boarding School of the Hungarian State Railways (M\u00c1V) in K\u0151szeg<\/td>\n<td width=\"88\">1913-2005<\/td>\n<td width=\"125\">80<\/td>\n<td width=\"98\">not available for research<\/td>\n<\/tr>\n<tr>\n<td style=\"text-align: left;\" width=\"108\">HA-II-NLSZK<\/td>\n<td style=\"text-align: left;\" width=\"186\">Records of the L\u00e1szl\u00f3 N\u00e9meth Collegium Movement of Szombathely<\/td>\n<td style=\"text-align: left;\" width=\"88\">1987-1990<\/td>\n<td style=\"text-align: left;\" width=\"125\">1<\/td>\n<td width=\"98\">\n<p style=\"text-align: left;\">not available for research<\/p>\n<\/td>\n<\/tr>\n<\/tbody>\n<\/table>\n<p><strong>\u00a0<\/strong><\/p>\n<p>Latest update: 12 October 2022<\/p>\n<p>&nbsp;<\/p>\n<p><a href=\"http:\/\/archive.iask.hu\/wp-content\/uploads\/2002\/07\/ha_fonds.pdf\">List of fonds<\/a> is available in PDF format.[\/vc_column_text][\/vc_tab][vc_tab title=&#8221;Archival catalogues&#8221; tab_id=&#8221;1665736090852-3-9&#8243;][vc_column_text]Archival catalouges for researching the <a href=\"http:\/\/archive.iask.hu\/wp-content\/uploads\/2002\/07\/mutato_he.pdf\"><strong>Elem\u00e9r Hankiss<\/strong><\/a> and <a href=\"http:\/\/archive.iask.hu\/wp-content\/uploads\/2002\/07\/mutato_hk.xlsx\"><strong>Kl\u00e1ra H\u00e9derv\u00e1ry<\/strong><\/a> records.[\/vc_column_text][\/vc_tab][\/vc_tabs][\/vc_column][\/vc_row]<\/p>","protected":false},"excerpt":{"rendered":"<p>[vc_row][vc_column][vc_column_text] Welcome to Hankiss Archive&#8217;s webpage! [\/vc_column_text][\/vc_column][\/vc_row][vc_row][vc_column][vc_empty_space][\/vc_column][\/vc_row][vc_row][vc_column width=&#8221;1\/2&#8243;][vc_single_image image=&#8221;26372&#8243; img_size=&#8221;medium&#8221; alignment=&#8221;center&#8221;][\/vc_column][vc_column width=&#8221;1\/2&#8243;][vc_single_image image=&#8221;26373&#8243; img_size=&#8221;medium&#8221; alignment=&#8221;center&#8221;][\/vc_column][\/vc_row][vc_row][vc_column][vc_empty_space][\/vc_column][\/vc_row][vc_row][vc_column][vc_tabs][vc_tab title=&#8221;About us&#8221; tab_id=&#8221;abe94b22-b433-1&#8243;][vc_column_text]Elem\u00e9r Hankiss&#8217;s achievements in the transdisciplinary study of society and civilizational change are closely in line with the research activities at the Institute of Advanced Studies K\u0151szeg. The Hankiss Archives, located in the renewed Festetics Palace, was established&hellip;<\/p>\n","protected":false},"author":209,"featured_media":0,"parent":0,"menu_order":145,"comment_status":"closed","ping_status":"closed","template":"","meta":{"footnotes":""},"yoast_head":"<!-- This site is optimized with the Yoast SEO plugin v16.7 - https:\/\/yoast.com\/wordpress\/plugins\/seo\/ -->\n<title>Archives - iASK - Institute of Advanced Studies K\u0151szeg<\/title>\n<meta name=\"robots\" content=\"index, follow, max-snippet:-1, max-image-preview:large, max-video-preview:-1\" \/>\n<link rel=\"canonical\" href=\"https:\/\/archive.iask.hu\/en\/archive\/\" \/>\n<meta property=\"og:locale\" content=\"en_US\" \/>\n<meta property=\"og:type\" content=\"article\" \/>\n<meta property=\"og:title\" content=\"Archives - iASK - Institute of Advanced Studies K\u0151szeg\" \/>\n<meta property=\"og:description\" content=\"[vc_row][vc_column][vc_column_text] Welcome to Hankiss Archive&#8217;s webpage! [\/vc_column_text][\/vc_column][\/vc_row][vc_row][vc_column][vc_empty_space][\/vc_column][\/vc_row][vc_row][vc_column width=&#8221;1\/2&#8243;][vc_single_image image=&#8221;26372&#8243; img_size=&#8221;medium&#8221; alignment=&#8221;center&#8221;][\/vc_column][vc_column width=&#8221;1\/2&#8243;][vc_single_image image=&#8221;26373&#8243; img_size=&#8221;medium&#8221; alignment=&#8221;center&#8221;][\/vc_column][\/vc_row][vc_row][vc_column][vc_empty_space][\/vc_column][\/vc_row][vc_row][vc_column][vc_tabs][vc_tab title=&#8221;About us&#8221; tab_id=&#8221;abe94b22-b433-1&#8243;][vc_column_text]Elem\u00e9r Hankiss&#8217;s achievements in the transdisciplinary study of society and civilizational change are closely in line with the research activities at the Institute of Advanced Studies K\u0151szeg. The Hankiss Archives, located in the renewed Festetics Palace, was established&hellip;\" \/>\n<meta property=\"og:url\" content=\"https:\/\/archive.iask.hu\/en\/archive\/\" \/>\n<meta property=\"og:site_name\" content=\"iASK - Institute of Advanced Studies K\u0151szeg\" \/>\n<meta property=\"article:modified_time\" content=\"2022-10-14T09:05:19+00:00\" \/>\n<meta name=\"twitter:card\" content=\"summary_large_image\" \/>\n<meta name=\"twitter:label1\" content=\"Est. reading time\" \/>\n\t<meta name=\"twitter:data1\" content=\"2 minutes\" \/>\n<script type=\"application\/ld+json\" class=\"yoast-schema-graph\">{\"@context\":\"https:\/\/schema.org\",\"@graph\":[{\"@type\":\"WebSite\",\"@id\":\"https:\/\/archive.iask.hu\/en\/#website\",\"url\":\"https:\/\/archive.iask.hu\/en\/\",\"name\":\"iASK - Institute of Advanced Studies K\\u0151szeg\",\"description\":\"It is the mission of iASK to bring together a critical mass of intellectually open, courageous and knowledge-sharing practitioners \\u2013 those that know that everything is at risk and that conventional research will simply not do, only creative and unusual combinations of ideas.\",\"potentialAction\":[{\"@type\":\"SearchAction\",\"target\":{\"@type\":\"EntryPoint\",\"urlTemplate\":\"https:\/\/archive.iask.hu\/en\/?s={search_term_string}\"},\"query-input\":\"required name=search_term_string\"}],\"inLanguage\":\"en-US\"},{\"@type\":\"WebPage\",\"@id\":\"https:\/\/archive.iask.hu\/en\/archive\/#webpage\",\"url\":\"https:\/\/archive.iask.hu\/en\/archive\/\",\"name\":\"Archives - iASK - Institute of Advanced Studies K\\u0151szeg\",\"isPartOf\":{\"@id\":\"https:\/\/archive.iask.hu\/en\/#website\"},\"datePublished\":\"2022-10-14T07:04:02+00:00\",\"dateModified\":\"2022-10-14T09:05:19+00:00\",\"breadcrumb\":{\"@id\":\"https:\/\/archive.iask.hu\/en\/archive\/#breadcrumb\"},\"inLanguage\":\"en-US\",\"potentialAction\":[{\"@type\":\"ReadAction\",\"target\":[\"https:\/\/archive.iask.hu\/en\/archive\/\"]}]},{\"@type\":\"BreadcrumbList\",\"@id\":\"https:\/\/archive.iask.hu\/en\/archive\/#breadcrumb\",\"itemListElement\":[{\"@type\":\"ListItem\",\"position\":1,\"name\":\"Home\",\"item\":\"https:\/\/archive.iask.hu\/en\/\"},{\"@type\":\"ListItem\",\"position\":2,\"name\":\"Arch\\u00edvum\"}]}]}<\/script>\n<!-- \/ Yoast SEO plugin. -->","yoast_head_json":{"title":"Archives - iASK - Institute of Advanced Studies K\u0151szeg","robots":{"index":"index","follow":"follow","max-snippet":"max-snippet:-1","max-image-preview":"max-image-preview:large","max-video-preview":"max-video-preview:-1"},"canonical":"https:\/\/archive.iask.hu\/en\/archive\/","og_locale":"en_US","og_type":"article","og_title":"Archives - iASK - Institute of Advanced Studies K\u0151szeg","og_description":"[vc_row][vc_column][vc_column_text] Welcome to Hankiss Archive&#8217;s webpage! [\/vc_column_text][\/vc_column][\/vc_row][vc_row][vc_column][vc_empty_space][\/vc_column][\/vc_row][vc_row][vc_column width=&#8221;1\/2&#8243;][vc_single_image image=&#8221;26372&#8243; img_size=&#8221;medium&#8221; alignment=&#8221;center&#8221;][\/vc_column][vc_column width=&#8221;1\/2&#8243;][vc_single_image image=&#8221;26373&#8243; img_size=&#8221;medium&#8221; alignment=&#8221;center&#8221;][\/vc_column][\/vc_row][vc_row][vc_column][vc_empty_space][\/vc_column][\/vc_row][vc_row][vc_column][vc_tabs][vc_tab title=&#8221;About us&#8221; tab_id=&#8221;abe94b22-b433-1&#8243;][vc_column_text]Elem\u00e9r Hankiss&#8217;s achievements in the transdisciplinary study of society and civilizational change are closely in line with the research activities at the Institute of Advanced Studies K\u0151szeg. The Hankiss Archives, located in the renewed Festetics Palace, was established&hellip;","og_url":"https:\/\/archive.iask.hu\/en\/archive\/","og_site_name":"iASK - Institute of Advanced Studies K\u0151szeg","article_modified_time":"2022-10-14T09:05:19+00:00","twitter_card":"summary_large_image","twitter_misc":{"Est. reading time":"2 minutes"},"schema":{"@context":"https:\/\/schema.org","@graph":[{"@type":"WebSite","@id":"https:\/\/archive.iask.hu\/en\/#website","url":"https:\/\/archive.iask.hu\/en\/","name":"iASK - Institute of Advanced Studies K\u0151szeg","description":"It is the mission of iASK to bring together a critical mass of intellectually open, courageous and knowledge-sharing practitioners \u2013 those that know that everything is at risk and that conventional research will simply not do, only creative and unusual combinations of ideas.","potentialAction":[{"@type":"SearchAction","target":{"@type":"EntryPoint","urlTemplate":"https:\/\/archive.iask.hu\/en\/?s={search_term_string}"},"query-input":"required name=search_term_string"}],"inLanguage":"en-US"},{"@type":"WebPage","@id":"https:\/\/archive.iask.hu\/en\/archive\/#webpage","url":"https:\/\/archive.iask.hu\/en\/archive\/","name":"Archives - iASK - Institute of Advanced Studies K\u0151szeg","isPartOf":{"@id":"https:\/\/archive.iask.hu\/en\/#website"},"datePublished":"2022-10-14T07:04:02+00:00","dateModified":"2022-10-14T09:05:19+00:00","breadcrumb":{"@id":"https:\/\/archive.iask.hu\/en\/archive\/#breadcrumb"},"inLanguage":"en-US","potentialAction":[{"@type":"ReadAction","target":["https:\/\/archive.iask.hu\/en\/archive\/"]}]},{"@type":"BreadcrumbList","@id":"https:\/\/archive.iask.hu\/en\/archive\/#breadcrumb","itemListElement":[{"@type":"ListItem","position":1,"name":"Home","item":"https:\/\/archive.iask.hu\/en\/"},{"@type":"ListItem","position":2,"name":"Arch\u00edvum"}]}]}},"_links":{"self":[{"href":"https:\/\/archive.iask.hu\/en\/wp-json\/wp\/v2\/pages\/26368"}],"collection":[{"href":"https:\/\/archive.iask.hu\/en\/wp-json\/wp\/v2\/pages"}],"about":[{"href":"https:\/\/archive.iask.hu\/en\/wp-json\/wp\/v2\/types\/page"}],"author":[{"embeddable":true,"href":"https:\/\/archive.iask.hu\/en\/wp-json\/wp\/v2\/users\/209"}],"replies":[{"embeddable":true,"href":"https:\/\/archive.iask.hu\/en\/wp-json\/wp\/v2\/comments?post=26368"}],"version-history":[{"count":7,"href":"https:\/\/archive.iask.hu\/en\/wp-json\/wp\/v2\/pages\/26368\/revisions"}],"predecessor-version":[{"id":26382,"href":"https:\/\/archive.iask.hu\/en\/wp-json\/wp\/v2\/pages\/26368\/revisions\/26382"}],"wp:attachment":[{"href":"https:\/\/archive.iask.hu\/en\/wp-json\/wp\/v2\/media?parent=26368"}],"curies":[{"name":"wp","href":"https:\/\/api.w.org\/{rel}","templated":true}]}}