{"id":4456,"date":"2018-01-08T07:16:47","date_gmt":"2018-01-08T07:16:47","guid":{"rendered":"https:\/\/archive.iask.hu\/?page_id=4456"},"modified":"2018-03-20T08:29:41","modified_gmt":"2018-03-20T08:29:41","slug":"digital-transformation-4-0","status":"publish","type":"page","link":"https:\/\/archive.iask.hu\/en\/digital-society\/digital-transformation-and-industry-4-0-training-program\/","title":{"rendered":"Digital Transformation and Industry 4.0. Training Program"},"content":{"rendered":"<p><\/p>\n<h4><b class=\"\"><span class=\"\" lang=\"HU\">A\u00a0<strong>Digital Transformation<\/strong> (DT) is the change associated with the application of digital technology in all aspects of human society.<\/span><\/b><\/h4>\n<div class=\"\">The transformation stage means that digital usages inherently enable new types of innovation and creativity in a particular domain, rather than simply enhance and support traditional methods.<\/div>\n<div><\/div>\n<div class=\"\">\n<p>In a narrower sense, &#8220;digital transformation&#8221; may refer to the concept of &#8220;going paperless&#8221;, which affects both individual businesses and whole segments of society, such as government, mass communications, art, medicine, and science, industrial sector.<\/p>\n<p>&nbsp;<\/p>\n<p><img loading=\"lazy\" decoding=\"async\" class=\" wp-image-4864\" src=\"http:\/\/archive.iask.hu\/wp-content\/uploads\/2018\/01\/02_society-4-0-300x75.jpg\" alt=\"\" width=\"1172\" height=\"294\" srcset=\"https:\/\/archive.iask.hu\/wp-content\/uploads\/2018\/01\/02_society-4-0-300x75.jpg 300w, https:\/\/archive.iask.hu\/wp-content\/uploads\/2018\/01\/02_society-4-0-768x192.jpg 768w, https:\/\/archive.iask.hu\/wp-content\/uploads\/2018\/01\/02_society-4-0.jpg 1024w\" sizes=\"(max-width: 1172px) 100vw, 1172px\" \/><\/p>\n<h4><\/h4>\n<h4><strong>4.0<\/strong> refers to the concept of Industry 4.0 and to the 4th Industrial Revolution as well.<\/h4>\n<p>&nbsp;<\/p>\n<p>The Fourth Industrial Revolution is described as a range of new technologies that are fusing the physical, digital and biological worlds, and impact all disciplines, economies, and industries. It is based on\u00a0the current trend of automation and data exchange in manufacturing technologies. It includes many advanced technology-based approaches and methods like cyber-physical systems, the Internet of things, cloud computing (big data) and cognitive computing which make a tool set for the conception.<\/p>\n<p>&nbsp;<\/p>\n<h4>With the name Digtial Transformation 4.0\u00a0\u00a0 our institute is merging the different approaches, points of views to provide the highest coverage of this subject.<\/h4>\n<\/div>\n<div class=\"\"><\/div>\n<div><\/div>\n<div class=\"\">\n<div><\/div>\n<div>\n<p><img loading=\"lazy\" decoding=\"async\" class=\" wp-image-4886\" src=\"http:\/\/archive.iask.hu\/wp-content\/uploads\/2018\/01\/04_innovation-300x120.png\" alt=\"\" width=\"1162\" height=\"465\" srcset=\"https:\/\/archive.iask.hu\/wp-content\/uploads\/2018\/01\/04_innovation-300x120.png 300w, https:\/\/archive.iask.hu\/wp-content\/uploads\/2018\/01\/04_innovation.png 700w\" sizes=\"(max-width: 1162px) 100vw, 1162px\" \/><\/p>\n<\/div>\n<\/div>\n<p><\/p>","protected":false},"excerpt":{"rendered":"<p>A\u00a0Digital Transformation (DT) is the change associated with the application of digital technology in all aspects of human society. The transformation stage means that digital usages inherently enable new types of innovation and creativity in a particular domain, rather than simply enhance and support traditional methods. In a narrower sense, &#8220;digital transformation&#8221; may refer to&hellip;<\/p>\n","protected":false},"author":209,"featured_media":0,"parent":3780,"menu_order":72,"comment_status":"closed","ping_status":"closed","template":"","meta":{"footnotes":""},"yoast_head":"<!-- This site is optimized with the Yoast SEO plugin v16.7 - https:\/\/yoast.com\/wordpress\/plugins\/seo\/ -->\n<title>Digital Transformation and Industry 4.0. Training Program - iASK - Institute of Advanced Studies K\u0151szeg<\/title>\n<meta name=\"description\" content=\"A\u00a0Digital Transformation (DT) is the change associated with the application of digital technology in all aspects of human society. With the name Digtial Transformation 4.0\u00a0\u00a0 our institute is merging the different approaches, points of views to provide the highest coverage of this subject.\" \/>\n<meta name=\"robots\" content=\"index, follow, max-snippet:-1, max-image-preview:large, max-video-preview:-1\" \/>\n<link rel=\"canonical\" href=\"https:\/\/archive.iask.hu\/hu\/digitalis-tarsadalom\/digitalis-transzformacio-es-ipar-4-0-kepzes\/\" \/>\n<meta property=\"og:locale\" content=\"en_US\" \/>\n<meta property=\"og:type\" content=\"article\" \/>\n<meta property=\"og:title\" content=\"Digital Transformation and Industry 4.0. Training Program - iASK - Institute of Advanced Studies K\u0151szeg\" \/>\n<meta property=\"og:description\" content=\"A\u00a0Digital Transformation (DT) is the change associated with the application of digital technology in all aspects of human society. With the name Digtial Transformation 4.0\u00a0\u00a0 our institute is merging the different approaches, points of views to provide the highest coverage of this subject.\" \/>\n<meta property=\"og:url\" content=\"https:\/\/archive.iask.hu\/hu\/digitalis-tarsadalom\/digitalis-transzformacio-es-ipar-4-0-kepzes\/\" \/>\n<meta property=\"og:site_name\" content=\"iASK - Institute of Advanced Studies K\u0151szeg\" \/>\n<meta property=\"article:modified_time\" content=\"2018-03-20T08:29:41+00:00\" \/>\n<meta property=\"og:image\" content=\"http:\/\/archive.iask.hu\/wp-content\/uploads\/2018\/01\/02_society-4-0-300x75.jpg\" \/>\n<meta name=\"twitter:card\" content=\"summary_large_image\" \/>\n<meta name=\"twitter:label1\" content=\"Est. reading time\" \/>\n\t<meta name=\"twitter:data1\" content=\"3 minutes\" \/>\n<script type=\"application\/ld+json\" class=\"yoast-schema-graph\">{\"@context\":\"https:\/\/schema.org\",\"@graph\":[{\"@type\":\"WebSite\",\"@id\":\"https:\/\/archive.iask.hu\/en\/#website\",\"url\":\"https:\/\/archive.iask.hu\/en\/\",\"name\":\"iASK - Institute of Advanced Studies K\\u0151szeg\",\"description\":\"It is the mission of iASK to bring together a critical mass of intellectually open, courageous and knowledge-sharing practitioners \\u2013 those that know that everything is at risk and that conventional research will simply not do, only creative and unusual combinations of ideas.\",\"potentialAction\":[{\"@type\":\"SearchAction\",\"target\":{\"@type\":\"EntryPoint\",\"urlTemplate\":\"https:\/\/archive.iask.hu\/en\/?s={search_term_string}\"},\"query-input\":\"required name=search_term_string\"}],\"inLanguage\":\"en-US\"},{\"@type\":\"ImageObject\",\"@id\":\"https:\/\/archive.iask.hu\/hu\/digitalis-tarsadalom\/digitalis-transzformacio-es-ipar-4-0-kepzes\/#primaryimage\",\"inLanguage\":\"en-US\",\"url\":\"http:\/\/archive.iask.hu\/wp-content\/uploads\/2018\/01\/02_society-4-0-300x75.jpg\",\"contentUrl\":\"http:\/\/archive.iask.hu\/wp-content\/uploads\/2018\/01\/02_society-4-0-300x75.jpg\"},{\"@type\":\"WebPage\",\"@id\":\"https:\/\/archive.iask.hu\/hu\/digitalis-tarsadalom\/digitalis-transzformacio-es-ipar-4-0-kepzes\/#webpage\",\"url\":\"https:\/\/archive.iask.hu\/hu\/digitalis-tarsadalom\/digitalis-transzformacio-es-ipar-4-0-kepzes\/\",\"name\":\"Digital Transformation and Industry 4.0. Training Program - iASK - Institute of Advanced Studies K\\u0151szeg\",\"isPartOf\":{\"@id\":\"https:\/\/archive.iask.hu\/en\/#website\"},\"primaryImageOfPage\":{\"@id\":\"https:\/\/archive.iask.hu\/hu\/digitalis-tarsadalom\/digitalis-transzformacio-es-ipar-4-0-kepzes\/#primaryimage\"},\"datePublished\":\"2018-01-08T07:16:47+00:00\",\"dateModified\":\"2018-03-20T08:29:41+00:00\",\"description\":\"A\\u00a0Digital Transformation (DT) is the change associated with the application of digital technology in all aspects of human society. With the name Digtial Transformation 4.0\\u00a0\\u00a0 our institute is merging the different approaches, points of views to provide the highest coverage of this subject.\",\"breadcrumb\":{\"@id\":\"https:\/\/archive.iask.hu\/hu\/digitalis-tarsadalom\/digitalis-transzformacio-es-ipar-4-0-kepzes\/#breadcrumb\"},\"inLanguage\":\"en-US\",\"potentialAction\":[{\"@type\":\"ReadAction\",\"target\":[\"https:\/\/archive.iask.hu\/hu\/digitalis-tarsadalom\/digitalis-transzformacio-es-ipar-4-0-kepzes\/\"]}]},{\"@type\":\"BreadcrumbList\",\"@id\":\"https:\/\/archive.iask.hu\/hu\/digitalis-tarsadalom\/digitalis-transzformacio-es-ipar-4-0-kepzes\/#breadcrumb\",\"itemListElement\":[{\"@type\":\"ListItem\",\"position\":1,\"name\":\"Home\",\"item\":\"https:\/\/archive.iask.hu\/en\/\"},{\"@type\":\"ListItem\",\"position\":2,\"name\":\"Digital Society\",\"item\":\"https:\/\/archive.iask.hu\/hu\/digitalis-tarsadalom\/\"},{\"@type\":\"ListItem\",\"position\":3,\"name\":\"Digit\\u00e1lis Transzform\\u00e1ci\\u00f3 \\u00e9s Ipar 4.0. K\\u00e9pz\\u00e9s\"}]}]}<\/script>\n<!-- \/ Yoast SEO plugin. -->","yoast_head_json":{"title":"Digital Transformation and Industry 4.0. Training Program - iASK - Institute of Advanced Studies K\u0151szeg","description":"A\u00a0Digital Transformation (DT) is the change associated with the application of digital technology in all aspects of human society. With the name Digtial Transformation 4.0\u00a0\u00a0 our institute is merging the different approaches, points of views to provide the highest coverage of this subject.","robots":{"index":"index","follow":"follow","max-snippet":"max-snippet:-1","max-image-preview":"max-image-preview:large","max-video-preview":"max-video-preview:-1"},"canonical":"https:\/\/archive.iask.hu\/hu\/digitalis-tarsadalom\/digitalis-transzformacio-es-ipar-4-0-kepzes\/","og_locale":"en_US","og_type":"article","og_title":"Digital Transformation and Industry 4.0. Training Program - iASK - Institute of Advanced Studies K\u0151szeg","og_description":"A\u00a0Digital Transformation (DT) is the change associated with the application of digital technology in all aspects of human society. With the name Digtial Transformation 4.0\u00a0\u00a0 our institute is merging the different approaches, points of views to provide the highest coverage of this subject.","og_url":"https:\/\/archive.iask.hu\/hu\/digitalis-tarsadalom\/digitalis-transzformacio-es-ipar-4-0-kepzes\/","og_site_name":"iASK - Institute of Advanced Studies K\u0151szeg","article_modified_time":"2018-03-20T08:29:41+00:00","og_image":[{"url":"http:\/\/archive.iask.hu\/wp-content\/uploads\/2018\/01\/02_society-4-0-300x75.jpg"}],"twitter_card":"summary_large_image","twitter_misc":{"Est. reading time":"3 minutes"},"schema":{"@context":"https:\/\/schema.org","@graph":[{"@type":"WebSite","@id":"https:\/\/archive.iask.hu\/en\/#website","url":"https:\/\/archive.iask.hu\/en\/","name":"iASK - Institute of Advanced Studies K\u0151szeg","description":"It is the mission of iASK to bring together a critical mass of intellectually open, courageous and knowledge-sharing practitioners \u2013 those that know that everything is at risk and that conventional research will simply not do, only creative and unusual combinations of ideas.","potentialAction":[{"@type":"SearchAction","target":{"@type":"EntryPoint","urlTemplate":"https:\/\/archive.iask.hu\/en\/?s={search_term_string}"},"query-input":"required name=search_term_string"}],"inLanguage":"en-US"},{"@type":"ImageObject","@id":"https:\/\/archive.iask.hu\/hu\/digitalis-tarsadalom\/digitalis-transzformacio-es-ipar-4-0-kepzes\/#primaryimage","inLanguage":"en-US","url":"http:\/\/archive.iask.hu\/wp-content\/uploads\/2018\/01\/02_society-4-0-300x75.jpg","contentUrl":"http:\/\/archive.iask.hu\/wp-content\/uploads\/2018\/01\/02_society-4-0-300x75.jpg"},{"@type":"WebPage","@id":"https:\/\/archive.iask.hu\/hu\/digitalis-tarsadalom\/digitalis-transzformacio-es-ipar-4-0-kepzes\/#webpage","url":"https:\/\/archive.iask.hu\/hu\/digitalis-tarsadalom\/digitalis-transzformacio-es-ipar-4-0-kepzes\/","name":"Digital Transformation and Industry 4.0. Training Program - iASK - Institute of Advanced Studies K\u0151szeg","isPartOf":{"@id":"https:\/\/archive.iask.hu\/en\/#website"},"primaryImageOfPage":{"@id":"https:\/\/archive.iask.hu\/hu\/digitalis-tarsadalom\/digitalis-transzformacio-es-ipar-4-0-kepzes\/#primaryimage"},"datePublished":"2018-01-08T07:16:47+00:00","dateModified":"2018-03-20T08:29:41+00:00","description":"A\u00a0Digital Transformation (DT) is the change associated with the application of digital technology in all aspects of human society. With the name Digtial Transformation 4.0\u00a0\u00a0 our institute is merging the different approaches, points of views to provide the highest coverage of this subject.","breadcrumb":{"@id":"https:\/\/archive.iask.hu\/hu\/digitalis-tarsadalom\/digitalis-transzformacio-es-ipar-4-0-kepzes\/#breadcrumb"},"inLanguage":"en-US","potentialAction":[{"@type":"ReadAction","target":["https:\/\/archive.iask.hu\/hu\/digitalis-tarsadalom\/digitalis-transzformacio-es-ipar-4-0-kepzes\/"]}]},{"@type":"BreadcrumbList","@id":"https:\/\/archive.iask.hu\/hu\/digitalis-tarsadalom\/digitalis-transzformacio-es-ipar-4-0-kepzes\/#breadcrumb","itemListElement":[{"@type":"ListItem","position":1,"name":"Home","item":"https:\/\/archive.iask.hu\/en\/"},{"@type":"ListItem","position":2,"name":"Digital Society","item":"https:\/\/archive.iask.hu\/hu\/digitalis-tarsadalom\/"},{"@type":"ListItem","position":3,"name":"Digit\u00e1lis Transzform\u00e1ci\u00f3 \u00e9s Ipar 4.0. K\u00e9pz\u00e9s"}]}]}},"_links":{"self":[{"href":"https:\/\/archive.iask.hu\/en\/wp-json\/wp\/v2\/pages\/4456"}],"collection":[{"href":"https:\/\/archive.iask.hu\/en\/wp-json\/wp\/v2\/pages"}],"about":[{"href":"https:\/\/archive.iask.hu\/en\/wp-json\/wp\/v2\/types\/page"}],"author":[{"embeddable":true,"href":"https:\/\/archive.iask.hu\/en\/wp-json\/wp\/v2\/users\/209"}],"replies":[{"embeddable":true,"href":"https:\/\/archive.iask.hu\/en\/wp-json\/wp\/v2\/comments?post=4456"}],"version-history":[{"count":21,"href":"https:\/\/archive.iask.hu\/en\/wp-json\/wp\/v2\/pages\/4456\/revisions"}],"predecessor-version":[{"id":8632,"href":"https:\/\/archive.iask.hu\/en\/wp-json\/wp\/v2\/pages\/4456\/revisions\/8632"}],"up":[{"embeddable":true,"href":"https:\/\/archive.iask.hu\/en\/wp-json\/wp\/v2\/pages\/3780"}],"wp:attachment":[{"href":"https:\/\/archive.iask.hu\/en\/wp-json\/wp\/v2\/media?parent=4456"}],"curies":[{"name":"wp","href":"https:\/\/api.w.org\/{rel}","templated":true}]}}