{"id":4747,"date":"2018-01-12T09:30:54","date_gmt":"2018-01-12T09:30:54","guid":{"rendered":"https:\/\/archive.iask.hu\/?page_id=4747"},"modified":"2019-01-17T10:25:10","modified_gmt":"2019-01-17T09:25:10","slug":"cultural-heritage-sustainability","status":"publish","type":"page","link":"https:\/\/archive.iask.hu\/en\/kraft-centre\/sustainability-of-development-projects\/","title":{"rendered":"Sustainability of Development Projects"},"content":{"rendered":"<p>Today we are surrounded by large infrastructure projects that affect many areas of our lives: subways, bridges, railways and highway construction, the building of residential communities. Large enterprises start projects to develop new products and services and then put them on the market. The term \u201cproject\u201d is the word used most often with regard to the planning, organizing and hosting of international sporting and cultural events. The culture of projects has spread rapidly in the last few years among small- and medium-sized enterprises and the public sector in the member states of the European Union, along with project management.<\/p>\n<p>The purpose of projects is to contribute to the realization of organizational and regional development strategies and goals. The realization of organizational strategic goals affects the external environment in which the organization operates. The main challenge both for the top- and project managers is to be able to respond to the needs of the external environment, and this depends on how these needs are identified, and neeeds are becoming more closely related to sustainability and innovation. From a different perspective, the concept of sustainability and innovation is linked to project management. There are several approaches in this field, some of which try to discover the relationship between project management, sustainability, and innovation.<\/p>\n<p>The aim of the research is to develop a model to assess how projects become successful by contributing to the realization of strategic goals and to local and regional development.<\/p>\n<p>The main focus is on the following key areas:<\/p>\n<ul>\n<li>Sustainability: the aim is to reveal how projects contribute to organizational, local and regional economic and social development, as well as to environmental protection.<\/li>\n<li>Innovation: the aim is to discover the innovation potential of projects and to analyze how different forms of innovation contribute to organizational, local and regional economic and social development as well as to environmental protection.<\/li>\n<li>Creativity: the aim is to explore how sustainability and innovation are supported by the degree, extent and intensity of individual, organizational and social creativity.<\/li>\n<\/ul>\n<p><\/p>","protected":false},"excerpt":{"rendered":"<p>Today we are surrounded by large infrastructure projects that affect many areas of our lives: subways, bridges, railways and highway construction, the building of residential communities. Large enterprises start projects to develop new products and services and then put them on the market. The term \u201cproject\u201d is the word used most often with regard to&hellip;<\/p>\n","protected":false},"author":209,"featured_media":0,"parent":2093,"menu_order":67,"comment_status":"closed","ping_status":"closed","template":"","meta":{"footnotes":""},"yoast_head":"<!-- This site is optimized with the Yoast SEO plugin v16.7 - https:\/\/yoast.com\/wordpress\/plugins\/seo\/ -->\n<title>Sustainability of Development Projects - iASK - Institute of Advanced Studies K\u0151szeg<\/title>\n<meta name=\"robots\" content=\"index, follow, max-snippet:-1, max-image-preview:large, max-video-preview:-1\" \/>\n<link rel=\"canonical\" href=\"https:\/\/archive.iask.hu\/en\/kraft-centre\/sustainability-of-development-projects\/\" \/>\n<meta property=\"og:locale\" content=\"en_US\" \/>\n<meta property=\"og:type\" content=\"article\" \/>\n<meta property=\"og:title\" content=\"Sustainability of Development Projects - iASK - Institute of Advanced Studies K\u0151szeg\" \/>\n<meta property=\"og:description\" content=\"Today we are surrounded by large infrastructure projects that affect many areas of our lives: subways, bridges, railways and highway construction, the building of residential communities. Large enterprises start projects to develop new products and services and then put them on the market. The term \u201cproject\u201d is the word used most often with regard to&hellip;\" \/>\n<meta property=\"og:url\" content=\"https:\/\/archive.iask.hu\/en\/kraft-centre\/sustainability-of-development-projects\/\" \/>\n<meta property=\"og:site_name\" content=\"iASK - Institute of Advanced Studies K\u0151szeg\" \/>\n<meta property=\"article:modified_time\" content=\"2019-01-17T09:25:10+00:00\" \/>\n<meta name=\"twitter:card\" content=\"summary_large_image\" \/>\n<meta name=\"twitter:label1\" content=\"Est. reading time\" \/>\n\t<meta name=\"twitter:data1\" content=\"4 minutes\" \/>\n<script type=\"application\/ld+json\" class=\"yoast-schema-graph\">{\"@context\":\"https:\/\/schema.org\",\"@graph\":[{\"@type\":\"WebSite\",\"@id\":\"https:\/\/archive.iask.hu\/en\/#website\",\"url\":\"https:\/\/archive.iask.hu\/en\/\",\"name\":\"iASK - Institute of Advanced Studies K\\u0151szeg\",\"description\":\"It is the mission of iASK to bring together a critical mass of intellectually open, courageous and knowledge-sharing practitioners \\u2013 those that know that everything is at risk and that conventional research will simply not do, only creative and unusual combinations of ideas.\",\"potentialAction\":[{\"@type\":\"SearchAction\",\"target\":{\"@type\":\"EntryPoint\",\"urlTemplate\":\"https:\/\/archive.iask.hu\/en\/?s={search_term_string}\"},\"query-input\":\"required name=search_term_string\"}],\"inLanguage\":\"en-US\"},{\"@type\":\"WebPage\",\"@id\":\"https:\/\/archive.iask.hu\/en\/kraft-centre\/sustainability-of-development-projects\/#webpage\",\"url\":\"https:\/\/archive.iask.hu\/en\/kraft-centre\/sustainability-of-development-projects\/\",\"name\":\"Sustainability of Development Projects - iASK - Institute of Advanced Studies K\\u0151szeg\",\"isPartOf\":{\"@id\":\"https:\/\/archive.iask.hu\/en\/#website\"},\"datePublished\":\"2018-01-12T09:30:54+00:00\",\"dateModified\":\"2019-01-17T09:25:10+00:00\",\"breadcrumb\":{\"@id\":\"https:\/\/archive.iask.hu\/en\/kraft-centre\/sustainability-of-development-projects\/#breadcrumb\"},\"inLanguage\":\"en-US\",\"potentialAction\":[{\"@type\":\"ReadAction\",\"target\":[\"https:\/\/archive.iask.hu\/en\/kraft-centre\/sustainability-of-development-projects\/\"]}]},{\"@type\":\"BreadcrumbList\",\"@id\":\"https:\/\/archive.iask.hu\/en\/kraft-centre\/sustainability-of-development-projects\/#breadcrumb\",\"itemListElement\":[{\"@type\":\"ListItem\",\"position\":1,\"name\":\"Home\",\"item\":\"https:\/\/archive.iask.hu\/en\/\"},{\"@type\":\"ListItem\",\"position\":2,\"name\":\"KRAFT Centre\",\"item\":\"https:\/\/archive.iask.hu\/en\/kraft-centre\/\"},{\"@type\":\"ListItem\",\"position\":3,\"name\":\"Fejleszt\\u00e9si projektek fenntarthat\\u00f3s\\u00e1ga\"}]}]}<\/script>\n<!-- \/ Yoast SEO plugin. -->","yoast_head_json":{"title":"Sustainability of Development Projects - iASK - Institute of Advanced Studies K\u0151szeg","robots":{"index":"index","follow":"follow","max-snippet":"max-snippet:-1","max-image-preview":"max-image-preview:large","max-video-preview":"max-video-preview:-1"},"canonical":"https:\/\/archive.iask.hu\/en\/kraft-centre\/sustainability-of-development-projects\/","og_locale":"en_US","og_type":"article","og_title":"Sustainability of Development Projects - iASK - Institute of Advanced Studies K\u0151szeg","og_description":"Today we are surrounded by large infrastructure projects that affect many areas of our lives: subways, bridges, railways and highway construction, the building of residential communities. Large enterprises start projects to develop new products and services and then put them on the market. The term \u201cproject\u201d is the word used most often with regard to&hellip;","og_url":"https:\/\/archive.iask.hu\/en\/kraft-centre\/sustainability-of-development-projects\/","og_site_name":"iASK - Institute of Advanced Studies K\u0151szeg","article_modified_time":"2019-01-17T09:25:10+00:00","twitter_card":"summary_large_image","twitter_misc":{"Est. reading time":"4 minutes"},"schema":{"@context":"https:\/\/schema.org","@graph":[{"@type":"WebSite","@id":"https:\/\/archive.iask.hu\/en\/#website","url":"https:\/\/archive.iask.hu\/en\/","name":"iASK - Institute of Advanced Studies K\u0151szeg","description":"It is the mission of iASK to bring together a critical mass of intellectually open, courageous and knowledge-sharing practitioners \u2013 those that know that everything is at risk and that conventional research will simply not do, only creative and unusual combinations of ideas.","potentialAction":[{"@type":"SearchAction","target":{"@type":"EntryPoint","urlTemplate":"https:\/\/archive.iask.hu\/en\/?s={search_term_string}"},"query-input":"required name=search_term_string"}],"inLanguage":"en-US"},{"@type":"WebPage","@id":"https:\/\/archive.iask.hu\/en\/kraft-centre\/sustainability-of-development-projects\/#webpage","url":"https:\/\/archive.iask.hu\/en\/kraft-centre\/sustainability-of-development-projects\/","name":"Sustainability of Development Projects - iASK - Institute of Advanced Studies K\u0151szeg","isPartOf":{"@id":"https:\/\/archive.iask.hu\/en\/#website"},"datePublished":"2018-01-12T09:30:54+00:00","dateModified":"2019-01-17T09:25:10+00:00","breadcrumb":{"@id":"https:\/\/archive.iask.hu\/en\/kraft-centre\/sustainability-of-development-projects\/#breadcrumb"},"inLanguage":"en-US","potentialAction":[{"@type":"ReadAction","target":["https:\/\/archive.iask.hu\/en\/kraft-centre\/sustainability-of-development-projects\/"]}]},{"@type":"BreadcrumbList","@id":"https:\/\/archive.iask.hu\/en\/kraft-centre\/sustainability-of-development-projects\/#breadcrumb","itemListElement":[{"@type":"ListItem","position":1,"name":"Home","item":"https:\/\/archive.iask.hu\/en\/"},{"@type":"ListItem","position":2,"name":"KRAFT Centre","item":"https:\/\/archive.iask.hu\/en\/kraft-centre\/"},{"@type":"ListItem","position":3,"name":"Fejleszt\u00e9si projektek fenntarthat\u00f3s\u00e1ga"}]}]}},"_links":{"self":[{"href":"https:\/\/archive.iask.hu\/en\/wp-json\/wp\/v2\/pages\/4747"}],"collection":[{"href":"https:\/\/archive.iask.hu\/en\/wp-json\/wp\/v2\/pages"}],"about":[{"href":"https:\/\/archive.iask.hu\/en\/wp-json\/wp\/v2\/types\/page"}],"author":[{"embeddable":true,"href":"https:\/\/archive.iask.hu\/en\/wp-json\/wp\/v2\/users\/209"}],"replies":[{"embeddable":true,"href":"https:\/\/archive.iask.hu\/en\/wp-json\/wp\/v2\/comments?post=4747"}],"version-history":[{"count":3,"href":"https:\/\/archive.iask.hu\/en\/wp-json\/wp\/v2\/pages\/4747\/revisions"}],"predecessor-version":[{"id":12344,"href":"https:\/\/archive.iask.hu\/en\/wp-json\/wp\/v2\/pages\/4747\/revisions\/12344"}],"up":[{"embeddable":true,"href":"https:\/\/archive.iask.hu\/en\/wp-json\/wp\/v2\/pages\/2093"}],"wp:attachment":[{"href":"https:\/\/archive.iask.hu\/en\/wp-json\/wp\/v2\/media?parent=4747"}],"curies":[{"name":"wp","href":"https:\/\/api.w.org\/{rel}","templated":true}]}}