{"id":4749,"date":"2018-01-12T09:32:14","date_gmt":"2018-01-12T09:32:14","guid":{"rendered":"https:\/\/archive.iask.hu\/?page_id=4749"},"modified":"2019-09-24T15:36:46","modified_gmt":"2019-09-24T13:36:46","slug":"creative-cities-sustainable-regions-2","status":"publish","type":"page","link":"https:\/\/archive.iask.hu\/en\/kraft-centre\/kraft-index-development\/","title":{"rendered":"KRAFT index development"},"content":{"rendered":"<p>[vc_row][vc_column][vc_column_text]<strong>KRAFT- index<\/strong><\/p>\n<p>A KRAFT \u2013\u00a0<em>\u2019Kreat\u00edv v\u00e1ros \u2013 fenntarthat\u00f3 vid\u00e9k\u2019\u00a0<\/em>\u00faj, innovat\u00edv, region\u00e1lis fejleszt\u00e9si koncepci\u00f3. Abb\u00f3l indul ki, hogy a fejleszt\u00e9sek \u00e9s beruh\u00e1z\u00e1sok siker\u00e9nek titka, ha egy adott t\u00e9rs\u00e9g\u00a0<em>gazdas\u00e1gi, \u00f6nkorm\u00e1nyzati \u00e9s akad\u00e9miai<\/em>szerepl\u0151i hat\u00e9konyan egy\u00fcttm\u0171k\u00f6dnek. A fenntarthat\u00f3s\u00e1g pedig azt jelenti, hogy egy rendszert \u00fagy alak\u00edtunk ki, hogy biztos\u00edtjuk annak hossz\u00fa t\u00e1v\u00fa m\u0171k\u00f6d\u00e9s\u00e9t. A sikeres fejleszt\u00e9sek el\u0151felt\u00e9tele egy\u00e9rtelm\u0171en az, ha a gazdas\u00e1gi, az \u00f6nkorm\u00e1nyzati \u00e9s az akad\u00e9miai szf\u00e9ra szerepl\u0151i \u00f6sszefognak egym\u00e1ssal.<\/p>\n<p>A KRAFT-index megmutatja a v\u00e1rosok, v\u00e1rosegy\u00fcttesek \u00e9s region\u00e1lis k\u00f6rnyezet\u00fck integr\u00e1lt fejl\u0151d\u00e9si tendenci\u00e1it. Tov\u00e1bb\u00e1 azok h\u00e1l\u00f3zatosod\u00e1s\u00e1nak lehet\u0151s\u00e9g\u00e9t, azaz a t\u00e9rs\u00e9g fontos szerepl\u0151i k\u00f6zti egy\u00fcttm\u0171k\u00f6d\u00e9si k\u00e9szs\u00e9get. Ez az index egyfajta mutat\u00f3k\u00e9nt jelzi a v\u00e1rosok \u00e9s r\u00e9gi\u00f3k \u00e9letk\u00e9pess\u00e9g\u00e9t, kreativit\u00e1s\u00e1nak erej\u00e9t.<\/p>\n<p>A KRAFT koncepci\u00f3 h\u00e1rom fontos potenci\u00e1lra \u00e9p\u00fcl:<\/p>\n<ul>\n<li>Kreativit\u00e1s \u00e9s innov\u00e1ci\u00f3s potenci\u00e1l, amely a hagyom\u00e1nyos gondolkod\u00e1st t\u00falhaladva, az\u00a0<strong>\u00faj \u00f6tletek<\/strong>, \u00faj megold\u00e1sok seg\u00edts\u00e9g\u00e9vel biztos\u00edtja a fejl\u0151d\u00e9st, szemben a megszokott s\u00e9m\u00e1k rutinszer\u0171 alkalmaz\u00e1s\u00e1val<\/li>\n<li>Kapcsolati t\u0151ke, h\u00e1l\u00f3zati potenci\u00e1l, amely a fejleszt\u00e9shez sz\u00fcks\u00e9ges\u00a0<strong>egy\u00fcttm\u0171k\u00f6d\u00e9sek b\u00e1zis\u00e1t <\/strong>jelenti<\/li>\n<li>Fenntarthat\u00f3s\u00e1gi potenci\u00e1l, amely a fejleszt\u00e9sek t\u00e1rsadalmi, gazd\u00e1s\u00e1gi \u00e9s k\u00f6rnyezetv\u00e9delmi\u00a0<strong>fenntarthat\u00f3s\u00e1g\u00e1t <\/strong>garant\u00e1lja<\/li>\n<\/ul>\n<p>A Kraft-index e h\u00e1rom potenci\u00e1lt a k\u00f6vetkez\u0151 ter\u00fcleteken m\u00e9ri:<\/p>\n<ol>\n<li>gazdas\u00e1g<\/li>\n<li>korm\u00e1nyz\u00e1s<\/li>\n<li>t\u00e1rsadalmi vitalit\u00e1s<\/li>\n<li>eg\u00e9szs\u00e9g<\/li>\n<li>kult\u00fara<\/li>\n<li>term\u00e9szetes \u00e9s \u00e9p\u00edtett k\u00f6rnyezet<\/li>\n<li>h\u00e1l\u00f3zati kapcsolatok<\/li>\n<li>oktat\u00e1s, k\u00e9pz\u00e9s, tanul\u00e1s<\/li>\n<li>k\u00f6zpolitika<\/li>\n<li>er\u0151forr\u00e1sok<\/li>\n<li>\u00f6r\u00f6ks\u00e9g<\/li>\n<\/ol>\n<p><strong>A KRAFT-index fejleszt\u00e9s\u00e9n\u00e9l haszn\u00e1lt m\u00f3dszerek<\/strong><\/p>\n<p>A teljes KRAFT-index kialak\u00edt\u00e1s\u00e1t, az ezzel kapcsolatos komplex vizsg\u00e1latot el\u0151sz\u00f6r Veszpr\u00e9m v\u00e1ros\u00e1ban v\u00e9gezt\u00e9k el. A \u201e<em>KRAFT-index Veszpr\u00e9m\u201d<\/em>\u00a0projekt 2017 elej\u00e9n kezd\u0151d\u00f6tt el.<\/p>\n<p><strong>M\u00e9rt indik\u00e1torok (Els\u0151dleges mutat\u00f3k)<\/strong><\/p>\n<p>A m\u00e9rt indik\u00e1torok a KRAFT-index azon mutat\u00f3it jelentik, amelyek kinyerhet\u0151k a megl\u00e9v\u0151 adatb\u00e1zisokb\u00f3l.<\/p>\n<p><strong>V\u00e9lem\u00e9ny indik\u00e1torok\u00a0(M\u00e1sodlagos mutat\u00f3k)\u00a0<\/strong><\/p>\n<p>\u00d6n\u00e1ll\u00f3 k\u00e9rd\u0151\u00edves felm\u00e9r\u00e9sek adataib\u00f3l nyert v\u00e1ltoz\u00f3k.<\/p>\n<p><strong>A modell az al\u00e1bbiak szerint \u00e9p\u00fcl fel:<\/strong><\/p>\n<ul>\n<li>Az egy\u00e9nk\u00f6zpont\u00fas\u00e1g kiindul\u00f3pontjak\u00e9nt az egy\u00e9ni sz\u00fcks\u00e9glethierarchi\u00e1t veszi figyelembe, a kialak\u00edt\u00e1sra ker\u00fcl\u0151 modellhez legalkalmasabb megk\u00f6zel\u00edt\u00e9s szerint;<\/li>\n<li>Az egy\u00e9nek k\u00f6z\u00f6tti interakci\u00f3kat vizsg\u00e1lja alapszinten, minden interakci\u00f3t tranzakci\u00f3k\u00e9nt vizsg\u00e1lva;<\/li>\n<li>Emellett a k\u00f6rnyezettel megval\u00f3sul\u00f3 tranzakci\u00f3kat is figyelembe veszi egyre b\u0151v\u00fcl\u0151 \u00f6kosziszt\u00e9m\u00e1kat vizsg\u00e1lva \u2013 csal\u00e1d, kisk\u00f6z\u00f6ss\u00e9g, telep\u00fcl\u00e9s, t\u00e9rs\u00e9g, orsz\u00e1g, r\u00e9gi\u00f3, f\u00f6ldr\u00e9sz, glob\u00e1lis hat\u00e1sok;<\/li>\n<li>Az id\u0151belis\u00e9g dinamik\u00e1j\u00e1t is figyelembe veszi mindegyik szinten, alapszinten az egy\u00e9ni \u00e9lett\u00f6rt\u00e9netre \u00f6sszpontos\u00edtva;<\/li>\n<li>Vizsg\u00e1lat\u00e1nak f\u00f3kusza az egy\u00e9ni eg\u00e9szs\u00e9g \u00e9s a k\u00f6rnyezeti fenntarthat\u00f3s\u00e1g, valamint a t\u00e9rs\u00e9gi gazdas\u00e1gfejleszt\u00e9s.<\/li>\n<\/ul>\n<p><strong><a href=\"http:\/\/archive.iask.hu\/wp-content\/uploads\/2019\/09\/kraft_index_rangsora-2019.pdf\">A KRAFT index rangsora 2019.<\/a><\/strong><\/p>\n<p>[\/vc_column_text][\/vc_column][\/vc_row]<\/p>","protected":false},"excerpt":{"rendered":"<p>[vc_row][vc_column][vc_column_text]KRAFT- index A KRAFT \u2013\u00a0\u2019Kreat\u00edv v\u00e1ros \u2013 fenntarthat\u00f3 vid\u00e9k\u2019\u00a0\u00faj, innovat\u00edv, region\u00e1lis fejleszt\u00e9si koncepci\u00f3. Abb\u00f3l indul ki, hogy a fejleszt\u00e9sek \u00e9s beruh\u00e1z\u00e1sok siker\u00e9nek titka, ha egy adott t\u00e9rs\u00e9g\u00a0gazdas\u00e1gi, \u00f6nkorm\u00e1nyzati \u00e9s akad\u00e9miaiszerepl\u0151i hat\u00e9konyan egy\u00fcttm\u0171k\u00f6dnek. A fenntarthat\u00f3s\u00e1g pedig azt jelenti, hogy egy rendszert \u00fagy alak\u00edtunk ki, hogy biztos\u00edtjuk annak hossz\u00fa t\u00e1v\u00fa m\u0171k\u00f6d\u00e9s\u00e9t. A sikeres fejleszt\u00e9sek el\u0151felt\u00e9tele egy\u00e9rtelm\u0171en az,&hellip;<\/p>\n","protected":false},"author":209,"featured_media":0,"parent":2093,"menu_order":66,"comment_status":"closed","ping_status":"closed","template":"","meta":{"footnotes":""},"yoast_head":"<!-- This site is optimized with the Yoast SEO plugin v16.7 - https:\/\/yoast.com\/wordpress\/plugins\/seo\/ -->\n<title>KRAFT index development - iASK - Institute of Advanced Studies K\u0151szeg<\/title>\n<meta name=\"robots\" content=\"index, follow, max-snippet:-1, max-image-preview:large, max-video-preview:-1\" \/>\n<link rel=\"canonical\" href=\"https:\/\/archive.iask.hu\/en\/kraft-centre\/kraft-index-development\/\" \/>\n<meta property=\"og:locale\" content=\"en_US\" \/>\n<meta property=\"og:type\" content=\"article\" \/>\n<meta property=\"og:title\" content=\"KRAFT index development - iASK - Institute of Advanced Studies K\u0151szeg\" \/>\n<meta property=\"og:description\" content=\"[vc_row][vc_column][vc_column_text]KRAFT- index A KRAFT \u2013\u00a0\u2019Kreat\u00edv v\u00e1ros \u2013 fenntarthat\u00f3 vid\u00e9k\u2019\u00a0\u00faj, innovat\u00edv, region\u00e1lis fejleszt\u00e9si koncepci\u00f3. Abb\u00f3l indul ki, hogy a fejleszt\u00e9sek \u00e9s beruh\u00e1z\u00e1sok siker\u00e9nek titka, ha egy adott t\u00e9rs\u00e9g\u00a0gazdas\u00e1gi, \u00f6nkorm\u00e1nyzati \u00e9s akad\u00e9miaiszerepl\u0151i hat\u00e9konyan egy\u00fcttm\u0171k\u00f6dnek. A fenntarthat\u00f3s\u00e1g pedig azt jelenti, hogy egy rendszert \u00fagy alak\u00edtunk ki, hogy biztos\u00edtjuk annak hossz\u00fa t\u00e1v\u00fa m\u0171k\u00f6d\u00e9s\u00e9t. A sikeres fejleszt\u00e9sek el\u0151felt\u00e9tele egy\u00e9rtelm\u0171en az,&hellip;\" \/>\n<meta property=\"og:url\" content=\"https:\/\/archive.iask.hu\/en\/kraft-centre\/kraft-index-development\/\" \/>\n<meta property=\"og:site_name\" content=\"iASK - Institute of Advanced Studies K\u0151szeg\" \/>\n<meta property=\"article:modified_time\" content=\"2019-09-24T13:36:46+00:00\" \/>\n<meta name=\"twitter:card\" content=\"summary_large_image\" \/>\n<meta name=\"twitter:label1\" content=\"Est. reading time\" \/>\n\t<meta name=\"twitter:data1\" content=\"6 minutes\" \/>\n<script type=\"application\/ld+json\" class=\"yoast-schema-graph\">{\"@context\":\"https:\/\/schema.org\",\"@graph\":[{\"@type\":\"WebSite\",\"@id\":\"https:\/\/archive.iask.hu\/en\/#website\",\"url\":\"https:\/\/archive.iask.hu\/en\/\",\"name\":\"iASK - Institute of Advanced Studies K\\u0151szeg\",\"description\":\"It is the mission of iASK to bring together a critical mass of intellectually open, courageous and knowledge-sharing practitioners \\u2013 those that know that everything is at risk and that conventional research will simply not do, only creative and unusual combinations of ideas.\",\"potentialAction\":[{\"@type\":\"SearchAction\",\"target\":{\"@type\":\"EntryPoint\",\"urlTemplate\":\"https:\/\/archive.iask.hu\/en\/?s={search_term_string}\"},\"query-input\":\"required name=search_term_string\"}],\"inLanguage\":\"en-US\"},{\"@type\":\"WebPage\",\"@id\":\"https:\/\/archive.iask.hu\/en\/kraft-centre\/kraft-index-development\/#webpage\",\"url\":\"https:\/\/archive.iask.hu\/en\/kraft-centre\/kraft-index-development\/\",\"name\":\"KRAFT index development - iASK - Institute of Advanced Studies K\\u0151szeg\",\"isPartOf\":{\"@id\":\"https:\/\/archive.iask.hu\/en\/#website\"},\"datePublished\":\"2018-01-12T09:32:14+00:00\",\"dateModified\":\"2019-09-24T13:36:46+00:00\",\"breadcrumb\":{\"@id\":\"https:\/\/archive.iask.hu\/en\/kraft-centre\/kraft-index-development\/#breadcrumb\"},\"inLanguage\":\"en-US\",\"potentialAction\":[{\"@type\":\"ReadAction\",\"target\":[\"https:\/\/archive.iask.hu\/en\/kraft-centre\/kraft-index-development\/\"]}]},{\"@type\":\"BreadcrumbList\",\"@id\":\"https:\/\/archive.iask.hu\/en\/kraft-centre\/kraft-index-development\/#breadcrumb\",\"itemListElement\":[{\"@type\":\"ListItem\",\"position\":1,\"name\":\"Home\",\"item\":\"https:\/\/archive.iask.hu\/en\/\"},{\"@type\":\"ListItem\",\"position\":2,\"name\":\"KRAFT Centre\",\"item\":\"https:\/\/archive.iask.hu\/en\/kraft-centre\/\"},{\"@type\":\"ListItem\",\"position\":3,\"name\":\"A modell \\u00e9s a KRAFT index fejleszt\\u00e9se\"}]}]}<\/script>\n<!-- \/ Yoast SEO plugin. -->","yoast_head_json":{"title":"KRAFT index development - iASK - Institute of Advanced Studies K\u0151szeg","robots":{"index":"index","follow":"follow","max-snippet":"max-snippet:-1","max-image-preview":"max-image-preview:large","max-video-preview":"max-video-preview:-1"},"canonical":"https:\/\/archive.iask.hu\/en\/kraft-centre\/kraft-index-development\/","og_locale":"en_US","og_type":"article","og_title":"KRAFT index development - iASK - Institute of Advanced Studies K\u0151szeg","og_description":"[vc_row][vc_column][vc_column_text]KRAFT- index A KRAFT \u2013\u00a0\u2019Kreat\u00edv v\u00e1ros \u2013 fenntarthat\u00f3 vid\u00e9k\u2019\u00a0\u00faj, innovat\u00edv, region\u00e1lis fejleszt\u00e9si koncepci\u00f3. Abb\u00f3l indul ki, hogy a fejleszt\u00e9sek \u00e9s beruh\u00e1z\u00e1sok siker\u00e9nek titka, ha egy adott t\u00e9rs\u00e9g\u00a0gazdas\u00e1gi, \u00f6nkorm\u00e1nyzati \u00e9s akad\u00e9miaiszerepl\u0151i hat\u00e9konyan egy\u00fcttm\u0171k\u00f6dnek. A fenntarthat\u00f3s\u00e1g pedig azt jelenti, hogy egy rendszert \u00fagy alak\u00edtunk ki, hogy biztos\u00edtjuk annak hossz\u00fa t\u00e1v\u00fa m\u0171k\u00f6d\u00e9s\u00e9t. A sikeres fejleszt\u00e9sek el\u0151felt\u00e9tele egy\u00e9rtelm\u0171en az,&hellip;","og_url":"https:\/\/archive.iask.hu\/en\/kraft-centre\/kraft-index-development\/","og_site_name":"iASK - Institute of Advanced Studies K\u0151szeg","article_modified_time":"2019-09-24T13:36:46+00:00","twitter_card":"summary_large_image","twitter_misc":{"Est. reading time":"6 minutes"},"schema":{"@context":"https:\/\/schema.org","@graph":[{"@type":"WebSite","@id":"https:\/\/archive.iask.hu\/en\/#website","url":"https:\/\/archive.iask.hu\/en\/","name":"iASK - Institute of Advanced Studies K\u0151szeg","description":"It is the mission of iASK to bring together a critical mass of intellectually open, courageous and knowledge-sharing practitioners \u2013 those that know that everything is at risk and that conventional research will simply not do, only creative and unusual combinations of ideas.","potentialAction":[{"@type":"SearchAction","target":{"@type":"EntryPoint","urlTemplate":"https:\/\/archive.iask.hu\/en\/?s={search_term_string}"},"query-input":"required name=search_term_string"}],"inLanguage":"en-US"},{"@type":"WebPage","@id":"https:\/\/archive.iask.hu\/en\/kraft-centre\/kraft-index-development\/#webpage","url":"https:\/\/archive.iask.hu\/en\/kraft-centre\/kraft-index-development\/","name":"KRAFT index development - iASK - Institute of Advanced Studies K\u0151szeg","isPartOf":{"@id":"https:\/\/archive.iask.hu\/en\/#website"},"datePublished":"2018-01-12T09:32:14+00:00","dateModified":"2019-09-24T13:36:46+00:00","breadcrumb":{"@id":"https:\/\/archive.iask.hu\/en\/kraft-centre\/kraft-index-development\/#breadcrumb"},"inLanguage":"en-US","potentialAction":[{"@type":"ReadAction","target":["https:\/\/archive.iask.hu\/en\/kraft-centre\/kraft-index-development\/"]}]},{"@type":"BreadcrumbList","@id":"https:\/\/archive.iask.hu\/en\/kraft-centre\/kraft-index-development\/#breadcrumb","itemListElement":[{"@type":"ListItem","position":1,"name":"Home","item":"https:\/\/archive.iask.hu\/en\/"},{"@type":"ListItem","position":2,"name":"KRAFT Centre","item":"https:\/\/archive.iask.hu\/en\/kraft-centre\/"},{"@type":"ListItem","position":3,"name":"A modell \u00e9s a KRAFT index fejleszt\u00e9se"}]}]}},"_links":{"self":[{"href":"https:\/\/archive.iask.hu\/en\/wp-json\/wp\/v2\/pages\/4749"}],"collection":[{"href":"https:\/\/archive.iask.hu\/en\/wp-json\/wp\/v2\/pages"}],"about":[{"href":"https:\/\/archive.iask.hu\/en\/wp-json\/wp\/v2\/types\/page"}],"author":[{"embeddable":true,"href":"https:\/\/archive.iask.hu\/en\/wp-json\/wp\/v2\/users\/209"}],"replies":[{"embeddable":true,"href":"https:\/\/archive.iask.hu\/en\/wp-json\/wp\/v2\/comments?post=4749"}],"version-history":[{"count":11,"href":"https:\/\/archive.iask.hu\/en\/wp-json\/wp\/v2\/pages\/4749\/revisions"}],"predecessor-version":[{"id":14541,"href":"https:\/\/archive.iask.hu\/en\/wp-json\/wp\/v2\/pages\/4749\/revisions\/14541"}],"up":[{"embeddable":true,"href":"https:\/\/archive.iask.hu\/en\/wp-json\/wp\/v2\/pages\/2093"}],"wp:attachment":[{"href":"https:\/\/archive.iask.hu\/en\/wp-json\/wp\/v2\/media?parent=4749"}],"curies":[{"name":"wp","href":"https:\/\/api.w.org\/{rel}","templated":true}]}}