{"id":4769,"date":"2018-01-12T10:24:09","date_gmt":"2018-01-12T10:24:09","guid":{"rendered":"https:\/\/archive.iask.hu\/?page_id=4769"},"modified":"2018-03-14T11:04:20","modified_gmt":"2018-03-14T11:04:20","slug":"migracios-politika-es-fenntarthato-tarsadalmak","status":"publish","type":"page","link":"https:\/\/archive.iask.hu\/en\/polanyi-centre-2\/migration-politics-and-sustainable-societies\/","title":{"rendered":"Migration Politics and Sustainable Societies"},"content":{"rendered":"<p>[vc_row][vc_column]<div class=\"teammember-single\"><div class=\"photo\"><a href=\"https:\/\/archive.iask.hu\/en\/people\/jody-jensen\/\"><img loading=\"lazy\" decoding=\"async\" width=\"150\" height=\"150\" src=\"https:\/\/archive.iask.hu\/wp-content\/uploads\/2017\/12\/96_1_20160322151500_600x600-150x150.jpg\" class=\"attachment-thumbnail size-thumbnail wp-post-image\" alt=\"\" srcset=\"https:\/\/archive.iask.hu\/wp-content\/uploads\/2017\/12\/96_1_20160322151500_600x600-150x150.jpg 150w, https:\/\/archive.iask.hu\/wp-content\/uploads\/2017\/12\/96_1_20160322151500_600x600-300x300.jpg 300w, https:\/\/archive.iask.hu\/wp-content\/uploads\/2017\/12\/96_1_20160322151500_600x600-400x400.jpg 400w, https:\/\/archive.iask.hu\/wp-content\/uploads\/2017\/12\/96_1_20160322151500_600x600-200x200.jpg 200w, https:\/\/archive.iask.hu\/wp-content\/uploads\/2017\/12\/96_1_20160322151500_600x600.jpg 600w\" sizes=\"(max-width: 150px) 100vw, 150px\" \/><\/a><\/div><div class=\"name\"><a href=\"https:\/\/archive.iask.hu\/en\/people\/jody-jensen\/\">Jody Jensen<\/a><\/div><\/div>[\/vc_column][\/vc_row][vc_row][vc_column]<div class=\"teammember-single\"><div class=\"photo\"><a href=\"https:\/\/archive.iask.hu\/en\/people\/stipic-igor\/\"><img loading=\"lazy\" decoding=\"async\" width=\"150\" height=\"150\" src=\"https:\/\/archive.iask.hu\/wp-content\/uploads\/2017\/12\/igor-stipic-photo-150x150.jpg\" class=\"attachment-thumbnail size-thumbnail wp-post-image\" alt=\"\" srcset=\"https:\/\/archive.iask.hu\/wp-content\/uploads\/2017\/12\/igor-stipic-photo-150x150.jpg 150w, https:\/\/archive.iask.hu\/wp-content\/uploads\/2017\/12\/igor-stipic-photo-400x400.jpg 400w, https:\/\/archive.iask.hu\/wp-content\/uploads\/2017\/12\/igor-stipic-photo-200x200.jpg 200w\" sizes=\"(max-width: 150px) 100vw, 150px\" \/><\/a><\/div><div class=\"name\"><a href=\"https:\/\/archive.iask.hu\/en\/people\/stipic-igor\/\">Igor Stipic<\/a><\/div><\/div>[\/vc_column][\/vc_row][vc_row][vc_column]<div class=\"teammember-single\"><div class=\"photo\"><a href=\"https:\/\/archive.iask.hu\/en\/people\/dimitar-nikolovski\/\"><img loading=\"lazy\" decoding=\"async\" width=\"150\" height=\"150\" src=\"https:\/\/archive.iask.hu\/wp-content\/uploads\/2017\/12\/dimitar-nikolovski-e1523968493308-150x150.jpg\" class=\"attachment-thumbnail size-thumbnail wp-post-image\" alt=\"\" srcset=\"https:\/\/archive.iask.hu\/wp-content\/uploads\/2017\/12\/dimitar-nikolovski-e1523968493308-150x150.jpg 150w, https:\/\/archive.iask.hu\/wp-content\/uploads\/2017\/12\/dimitar-nikolovski-e1523968493308-300x300.jpg 300w, https:\/\/archive.iask.hu\/wp-content\/uploads\/2017\/12\/dimitar-nikolovski-e1523968493308-768x770.jpg 768w, https:\/\/archive.iask.hu\/wp-content\/uploads\/2017\/12\/dimitar-nikolovski-e1523968493308-1021x1024.jpg 1021w, https:\/\/archive.iask.hu\/wp-content\/uploads\/2017\/12\/dimitar-nikolovski-e1523968493308-700x700.jpg 700w, https:\/\/archive.iask.hu\/wp-content\/uploads\/2017\/12\/dimitar-nikolovski-e1523968493308-400x400.jpg 400w, https:\/\/archive.iask.hu\/wp-content\/uploads\/2017\/12\/dimitar-nikolovski-e1523968493308-200x200.jpg 200w, https:\/\/archive.iask.hu\/wp-content\/uploads\/2017\/12\/dimitar-nikolovski-e1523968493308.jpg 1172w\" sizes=\"(max-width: 150px) 100vw, 150px\" \/><\/a><\/div><div class=\"name\"><a href=\"https:\/\/archive.iask.hu\/en\/people\/dimitar-nikolovski\/\">Dimitar Nikolovski<\/a><\/div><\/div>[\/vc_column][\/vc_row]<\/p>","protected":false},"excerpt":{"rendered":"<p>[vc_row][vc_column][\/vc_column][\/vc_row][vc_row][vc_column][\/vc_column][\/vc_row][vc_row][vc_column][\/vc_column][\/vc_row]<\/p>\n","protected":false},"author":209,"featured_media":0,"parent":3769,"menu_order":53,"comment_status":"closed","ping_status":"closed","template":"","meta":{"footnotes":""},"yoast_head":"<!-- This site is optimized with the Yoast SEO plugin v16.7 - https:\/\/yoast.com\/wordpress\/plugins\/seo\/ -->\n<title>Migration Politics and Sustainable Societies - iASK - Institute of Advanced Studies K\u0151szeg<\/title>\n<meta name=\"robots\" content=\"index, follow, max-snippet:-1, max-image-preview:large, max-video-preview:-1\" \/>\n<link rel=\"canonical\" href=\"https:\/\/archive.iask.hu\/hu\/polanyi-kozpont-2\/a-migracios-politika-es-fenntarthato-tarsadalmak\/\" \/>\n<meta property=\"og:locale\" content=\"en_US\" \/>\n<meta property=\"og:type\" content=\"article\" \/>\n<meta property=\"og:title\" content=\"Migration Politics and Sustainable Societies - iASK - Institute of Advanced Studies K\u0151szeg\" \/>\n<meta property=\"og:description\" content=\"[vc_row][vc_column][\/vc_column][\/vc_row][vc_row][vc_column][\/vc_column][\/vc_row][vc_row][vc_column][\/vc_column][\/vc_row]\" \/>\n<meta property=\"og:url\" content=\"https:\/\/archive.iask.hu\/hu\/polanyi-kozpont-2\/a-migracios-politika-es-fenntarthato-tarsadalmak\/\" \/>\n<meta property=\"og:site_name\" content=\"iASK - Institute of Advanced Studies K\u0151szeg\" \/>\n<meta property=\"article:modified_time\" content=\"2018-03-14T11:04:20+00:00\" \/>\n<meta name=\"twitter:card\" content=\"summary_large_image\" \/>\n<script type=\"application\/ld+json\" class=\"yoast-schema-graph\">{\"@context\":\"https:\/\/schema.org\",\"@graph\":[{\"@type\":\"WebSite\",\"@id\":\"https:\/\/archive.iask.hu\/en\/#website\",\"url\":\"https:\/\/archive.iask.hu\/en\/\",\"name\":\"iASK - Institute of Advanced Studies K\\u0151szeg\",\"description\":\"It is the mission of iASK to bring together a critical mass of intellectually open, courageous and knowledge-sharing practitioners \\u2013 those that know that everything is at risk and that conventional research will simply not do, only creative and unusual combinations of ideas.\",\"potentialAction\":[{\"@type\":\"SearchAction\",\"target\":{\"@type\":\"EntryPoint\",\"urlTemplate\":\"https:\/\/archive.iask.hu\/en\/?s={search_term_string}\"},\"query-input\":\"required name=search_term_string\"}],\"inLanguage\":\"en-US\"},{\"@type\":\"WebPage\",\"@id\":\"https:\/\/archive.iask.hu\/hu\/polanyi-kozpont-2\/a-migracios-politika-es-fenntarthato-tarsadalmak\/#webpage\",\"url\":\"https:\/\/archive.iask.hu\/hu\/polanyi-kozpont-2\/a-migracios-politika-es-fenntarthato-tarsadalmak\/\",\"name\":\"Migration Politics and Sustainable Societies - iASK - Institute of Advanced Studies K\\u0151szeg\",\"isPartOf\":{\"@id\":\"https:\/\/archive.iask.hu\/en\/#website\"},\"datePublished\":\"2018-01-12T10:24:09+00:00\",\"dateModified\":\"2018-03-14T11:04:20+00:00\",\"breadcrumb\":{\"@id\":\"https:\/\/archive.iask.hu\/hu\/polanyi-kozpont-2\/a-migracios-politika-es-fenntarthato-tarsadalmak\/#breadcrumb\"},\"inLanguage\":\"en-US\",\"potentialAction\":[{\"@type\":\"ReadAction\",\"target\":[\"https:\/\/archive.iask.hu\/hu\/polanyi-kozpont-2\/a-migracios-politika-es-fenntarthato-tarsadalmak\/\"]}]},{\"@type\":\"BreadcrumbList\",\"@id\":\"https:\/\/archive.iask.hu\/hu\/polanyi-kozpont-2\/a-migracios-politika-es-fenntarthato-tarsadalmak\/#breadcrumb\",\"itemListElement\":[{\"@type\":\"ListItem\",\"position\":1,\"name\":\"Home\",\"item\":\"https:\/\/archive.iask.hu\/en\/\"},{\"@type\":\"ListItem\",\"position\":2,\"name\":\"Pol\\u00e1nyi Centre\",\"item\":\"https:\/\/archive.iask.hu\/hu\/polanyi-kozpont-2\/\"},{\"@type\":\"ListItem\",\"position\":3,\"name\":\"A migr\\u00e1ci\\u00f3s politika \\u00e9s fenntarthat\\u00f3 t\\u00e1rsadalmak\"}]}]}<\/script>\n<!-- \/ Yoast SEO plugin. -->","yoast_head_json":{"title":"Migration Politics and Sustainable Societies - iASK - Institute of Advanced Studies K\u0151szeg","robots":{"index":"index","follow":"follow","max-snippet":"max-snippet:-1","max-image-preview":"max-image-preview:large","max-video-preview":"max-video-preview:-1"},"canonical":"https:\/\/archive.iask.hu\/hu\/polanyi-kozpont-2\/a-migracios-politika-es-fenntarthato-tarsadalmak\/","og_locale":"en_US","og_type":"article","og_title":"Migration Politics and Sustainable Societies - iASK - Institute of Advanced Studies K\u0151szeg","og_description":"[vc_row][vc_column][\/vc_column][\/vc_row][vc_row][vc_column][\/vc_column][\/vc_row][vc_row][vc_column][\/vc_column][\/vc_row]","og_url":"https:\/\/archive.iask.hu\/hu\/polanyi-kozpont-2\/a-migracios-politika-es-fenntarthato-tarsadalmak\/","og_site_name":"iASK - Institute of Advanced Studies K\u0151szeg","article_modified_time":"2018-03-14T11:04:20+00:00","twitter_card":"summary_large_image","schema":{"@context":"https:\/\/schema.org","@graph":[{"@type":"WebSite","@id":"https:\/\/archive.iask.hu\/en\/#website","url":"https:\/\/archive.iask.hu\/en\/","name":"iASK - Institute of Advanced Studies K\u0151szeg","description":"It is the mission of iASK to bring together a critical mass of intellectually open, courageous and knowledge-sharing practitioners \u2013 those that know that everything is at risk and that conventional research will simply not do, only creative and unusual combinations of ideas.","potentialAction":[{"@type":"SearchAction","target":{"@type":"EntryPoint","urlTemplate":"https:\/\/archive.iask.hu\/en\/?s={search_term_string}"},"query-input":"required name=search_term_string"}],"inLanguage":"en-US"},{"@type":"WebPage","@id":"https:\/\/archive.iask.hu\/hu\/polanyi-kozpont-2\/a-migracios-politika-es-fenntarthato-tarsadalmak\/#webpage","url":"https:\/\/archive.iask.hu\/hu\/polanyi-kozpont-2\/a-migracios-politika-es-fenntarthato-tarsadalmak\/","name":"Migration Politics and Sustainable Societies - iASK - Institute of Advanced Studies K\u0151szeg","isPartOf":{"@id":"https:\/\/archive.iask.hu\/en\/#website"},"datePublished":"2018-01-12T10:24:09+00:00","dateModified":"2018-03-14T11:04:20+00:00","breadcrumb":{"@id":"https:\/\/archive.iask.hu\/hu\/polanyi-kozpont-2\/a-migracios-politika-es-fenntarthato-tarsadalmak\/#breadcrumb"},"inLanguage":"en-US","potentialAction":[{"@type":"ReadAction","target":["https:\/\/archive.iask.hu\/hu\/polanyi-kozpont-2\/a-migracios-politika-es-fenntarthato-tarsadalmak\/"]}]},{"@type":"BreadcrumbList","@id":"https:\/\/archive.iask.hu\/hu\/polanyi-kozpont-2\/a-migracios-politika-es-fenntarthato-tarsadalmak\/#breadcrumb","itemListElement":[{"@type":"ListItem","position":1,"name":"Home","item":"https:\/\/archive.iask.hu\/en\/"},{"@type":"ListItem","position":2,"name":"Pol\u00e1nyi Centre","item":"https:\/\/archive.iask.hu\/hu\/polanyi-kozpont-2\/"},{"@type":"ListItem","position":3,"name":"A migr\u00e1ci\u00f3s politika \u00e9s fenntarthat\u00f3 t\u00e1rsadalmak"}]}]}},"_links":{"self":[{"href":"https:\/\/archive.iask.hu\/en\/wp-json\/wp\/v2\/pages\/4769"}],"collection":[{"href":"https:\/\/archive.iask.hu\/en\/wp-json\/wp\/v2\/pages"}],"about":[{"href":"https:\/\/archive.iask.hu\/en\/wp-json\/wp\/v2\/types\/page"}],"author":[{"embeddable":true,"href":"https:\/\/archive.iask.hu\/en\/wp-json\/wp\/v2\/users\/209"}],"replies":[{"embeddable":true,"href":"https:\/\/archive.iask.hu\/en\/wp-json\/wp\/v2\/comments?post=4769"}],"version-history":[{"count":2,"href":"https:\/\/archive.iask.hu\/en\/wp-json\/wp\/v2\/pages\/4769\/revisions"}],"predecessor-version":[{"id":8481,"href":"https:\/\/archive.iask.hu\/en\/wp-json\/wp\/v2\/pages\/4769\/revisions\/8481"}],"up":[{"embeddable":true,"href":"https:\/\/archive.iask.hu\/en\/wp-json\/wp\/v2\/pages\/3769"}],"wp:attachment":[{"href":"https:\/\/archive.iask.hu\/en\/wp-json\/wp\/v2\/media?parent=4769"}],"curies":[{"name":"wp","href":"https:\/\/api.w.org\/{rel}","templated":true}]}}