{"id":6730,"date":"2018-02-07T21:04:45","date_gmt":"2018-02-07T21:04:45","guid":{"rendered":"https:\/\/archive.iask.hu?page_id=6730&#038;preview_id=6730"},"modified":"2021-11-15T10:22:53","modified_gmt":"2021-11-15T09:22:53","slug":"talking-houses-2","status":"publish","type":"page","link":"https:\/\/archive.iask.hu\/en\/hankiss-centre\/collegium-sonorum\/","title":{"rendered":"Collegium Sonorum"},"content":{"rendered":"<p>[vc_row][vc_column][vc_tta_tabs color=&#8221;blue&#8221; active_section=&#8221;1&#8243; el_class=&#8221;iask-tabs&#8221;][vc_tta_section title=&#8221;Introduction&#8221; tab_id=&#8221;1518125876412-944c3bed-d3dd&#8221;][vc_column_text]<img loading=\"lazy\" decoding=\"async\" class=\"alignnone wp-image-23284 size-full\" src=\"http:\/\/archive.iask.hu\/wp-content\/uploads\/2021\/11\/cs_pict-002.jpg\" alt=\"\" width=\"798\" height=\"399\" srcset=\"https:\/\/archive.iask.hu\/wp-content\/uploads\/2021\/11\/cs_pict-002.jpg 798w, https:\/\/archive.iask.hu\/wp-content\/uploads\/2021\/11\/cs_pict-002-300x150.jpg 300w, https:\/\/archive.iask.hu\/wp-content\/uploads\/2021\/11\/cs_pict-002-768x384.jpg 768w, https:\/\/archive.iask.hu\/wp-content\/uploads\/2021\/11\/cs_pict-002-400x200.jpg 400w, https:\/\/archive.iask.hu\/wp-content\/uploads\/2021\/11\/cs_pict-002-200x100.jpg 200w\" sizes=\"(max-width: 798px) 100vw, 798px\" \/><\/p>\n<p>The music group at iASK, called <strong><em>Collegium Sonorum<\/em><\/strong>, integrates local musical heritage into contemporary life, developing new and interactive ways of making music. The group researches and develops music-making forms which have a strong local value. It aims to harmonize art and sciences and education. The workflow is divided into several individual projects, like the \u201cSounding City\u201d project.[\/vc_column_text][vc_empty_space][vc_column_text]<\/p>\n<h4>Researchers:<\/h4>\n<p>[\/vc_column_text][vc_empty_space]<div class=\"teammember-single\"><div class=\"photo\"><a href=\"https:\/\/archive.iask.hu\/en\/people\/zoltan-mizsei\/\"><img loading=\"lazy\" decoding=\"async\" width=\"150\" height=\"150\" src=\"https:\/\/archive.iask.hu\/wp-content\/uploads\/2017\/12\/mizsei_zoltan-e1518385773684-150x150.png\" class=\"attachment-thumbnail size-thumbnail wp-post-image\" alt=\"\" srcset=\"https:\/\/archive.iask.hu\/wp-content\/uploads\/2017\/12\/mizsei_zoltan-e1518385773684-150x150.png 150w, https:\/\/archive.iask.hu\/wp-content\/uploads\/2017\/12\/mizsei_zoltan-e1518385773684-300x300.png 300w, https:\/\/archive.iask.hu\/wp-content\/uploads\/2017\/12\/mizsei_zoltan-e1518385773684-700x700.png 700w, https:\/\/archive.iask.hu\/wp-content\/uploads\/2017\/12\/mizsei_zoltan-e1518385773684-400x400.png 400w, https:\/\/archive.iask.hu\/wp-content\/uploads\/2017\/12\/mizsei_zoltan-e1518385773684-200x200.png 200w, https:\/\/archive.iask.hu\/wp-content\/uploads\/2017\/12\/mizsei_zoltan-e1518385773684.png 716w\" sizes=\"(max-width: 150px) 100vw, 150px\" \/><\/a><\/div><div class=\"name\"><a href=\"https:\/\/archive.iask.hu\/en\/people\/zoltan-mizsei\/\">Zolt\u00e1n Mizsei<\/a><\/div><\/div><div class=\"teammember-single\"><div class=\"photo\"><a href=\"https:\/\/archive.iask.hu\/en\/people\/scheer-uwe\/\"><img loading=\"lazy\" decoding=\"async\" width=\"150\" height=\"150\" src=\"https:\/\/archive.iask.hu\/wp-content\/uploads\/2018\/01\/uwe_scheer-e1518385942596-150x150.jpeg\" class=\"attachment-thumbnail size-thumbnail wp-post-image\" alt=\"\" srcset=\"https:\/\/archive.iask.hu\/wp-content\/uploads\/2018\/01\/uwe_scheer-e1518385942596-150x150.jpeg 150w, https:\/\/archive.iask.hu\/wp-content\/uploads\/2018\/01\/uwe_scheer-e1518385942596-300x298.jpeg 300w, https:\/\/archive.iask.hu\/wp-content\/uploads\/2018\/01\/uwe_scheer-e1518385942596-768x763.jpeg 768w, https:\/\/archive.iask.hu\/wp-content\/uploads\/2018\/01\/uwe_scheer-e1518385942596-700x700.jpeg 700w, https:\/\/archive.iask.hu\/wp-content\/uploads\/2018\/01\/uwe_scheer-e1518385942596-400x400.jpeg 400w, https:\/\/archive.iask.hu\/wp-content\/uploads\/2018\/01\/uwe_scheer-e1518385942596-200x200.jpeg 200w, https:\/\/archive.iask.hu\/wp-content\/uploads\/2018\/01\/uwe_scheer-e1518385942596.jpeg 830w\" sizes=\"(max-width: 150px) 100vw, 150px\" \/><\/a><\/div><div class=\"name\"><a href=\"https:\/\/archive.iask.hu\/en\/people\/scheer-uwe\/\">Uwe Scheer<\/a><\/div><\/div><div class=\"teammember-single\"><div class=\"photo\"><a href=\"https:\/\/archive.iask.hu\/en\/people\/vaczi-daniel\/\"><img loading=\"lazy\" decoding=\"async\" width=\"150\" height=\"150\" src=\"https:\/\/archive.iask.hu\/wp-content\/uploads\/2018\/01\/vaczi_daniel-e1518386261732-150x150.jpeg\" class=\"attachment-thumbnail size-thumbnail wp-post-image\" alt=\"\" srcset=\"https:\/\/archive.iask.hu\/wp-content\/uploads\/2018\/01\/vaczi_daniel-e1518386261732-150x150.jpeg 150w, https:\/\/archive.iask.hu\/wp-content\/uploads\/2018\/01\/vaczi_daniel-e1518386261732-300x300.jpeg 300w, https:\/\/archive.iask.hu\/wp-content\/uploads\/2018\/01\/vaczi_daniel-e1518386261732-768x770.jpeg 768w, https:\/\/archive.iask.hu\/wp-content\/uploads\/2018\/01\/vaczi_daniel-e1518386261732-700x700.jpeg 700w, https:\/\/archive.iask.hu\/wp-content\/uploads\/2018\/01\/vaczi_daniel-e1518386261732-400x400.jpeg 400w, https:\/\/archive.iask.hu\/wp-content\/uploads\/2018\/01\/vaczi_daniel-e1518386261732-200x200.jpeg 200w, https:\/\/archive.iask.hu\/wp-content\/uploads\/2018\/01\/vaczi_daniel-e1518386261732.jpeg 820w\" sizes=\"(max-width: 150px) 100vw, 150px\" \/><\/a><\/div><div class=\"name\"><a href=\"https:\/\/archive.iask.hu\/en\/people\/vaczi-daniel\/\">D\u00e1niel V\u00e1czi<\/a><\/div><\/div>[\/vc_tta_section][vc_tta_section title=&#8221;Videos&#8221; tab_id=&#8221;1518125876438-72a5f4d0-6d7f&#8221;][vc_video link=&#8221;https:\/\/www.youtube.com\/watch?v=5yWCbbblZuQ&amp;feature=youtu.be&#8221; title=&#8221;Sounding City by iASK, K\u0151szeg&#8221;][vc_empty_space][vc_video link=&#8221;https:\/\/youtu.be\/PZFL4O7g960&#8243; title=&#8221;Zolt\u00e1n Mizsei &#8211; Mizsei Zolt\u00e1n (iASK) &#8211; H\u00farelm\u00e9let zenei blokk \u2013 Hankiss Conference&#8221;][vc_empty_space][vc_video link=&#8221;https:\/\/youtu.be\/mpbE-Ijb4FE&#8221; title=&#8221;Uwe and Bernadett Scheer&#8221;][vc_empty_space][vc_video link=&#8221;https:\/\/youtu.be\/Msnx8zTaVAA&#8221; title=&#8221;Small Town and Great Stories&#8221;][vc_empty_space][vc_video link=&#8221;https:\/\/youtu.be\/nBV1DaT_GBA&#8221; title=&#8221;Zolt\u00e1n Mizsei &#8211; This is how I relentlessly make poems sound without sounds &#8211; Hankiss Conference&#8221;][\/vc_tta_section][vc_tta_section title=&#8221;Publications&#8221; tab_id=&#8221;1635928317013-3be2e850-bbbd&#8221;][vc_column_text]Released albums:\u00a0<strong>K\u0151szeg Sounding City<\/strong><\/p>\n<p><strong><img loading=\"lazy\" decoding=\"async\" class=\"alignnone wp-image-23260 size-full\" src=\"http:\/\/archive.iask.hu\/wp-content\/uploads\/2021\/11\/hangzo-varos-lelemzborito-2021.jpg?x35998\" sizes=\"(max-width: 558px) 100vw, 558px\" srcset=\"http:\/\/archive.iask.hu\/wp-content\/uploads\/2021\/11\/hangzo-varos-lelemzborito-2021.jpg 558w, http:\/\/archive.iask.hu\/wp-content\/uploads\/2021\/11\/hangzo-varos-lelemzborito-2021-300x259.jpg 300w\" alt=\"\" width=\"558\" height=\"481\" \/><\/strong><\/p>\n<p><strong>Inner Soundwalk<\/strong><\/p>\n<p>Hundred years old music from composers in Ko\u030bszeg. New music inspired by the heritage of Ko\u030bszeg from\u00a0<a href=\"https:\/\/archive.iask.hu\/people\/zoltan-mizsei\/\">Zolt\u00e1n Mizsei, the research fellow at iASK<\/a>.<\/p>\n<p><a href=\"http:\/\/archive.iask.hu\/wp-content\/uploads\/2021\/11\/hangzo-varos-cd-content-en.pdf?x35998\"><strong><u>Download the booklet HERE!<\/u><\/strong><\/a><\/p>\n<p>[\/vc_column_text][\/vc_tta_section][\/vc_tta_tabs][\/vc_column][\/vc_row]<\/p>","protected":false},"excerpt":{"rendered":"<p>[vc_row][vc_column][vc_tta_tabs color=&#8221;blue&#8221; active_section=&#8221;1&#8243; el_class=&#8221;iask-tabs&#8221;][vc_tta_section title=&#8221;Introduction&#8221; tab_id=&#8221;1518125876412-944c3bed-d3dd&#8221;][vc_column_text] The music group at iASK, called Collegium Sonorum, integrates local musical heritage into contemporary life, developing new and interactive ways of making music. The group researches and develops music-making forms which have a strong local value. It aims to harmonize art and sciences and education. The workflow is divided&hellip;<\/p>\n","protected":false},"author":209,"featured_media":0,"parent":3794,"menu_order":55,"comment_status":"closed","ping_status":"closed","template":"","meta":{"footnotes":""},"yoast_head":"<!-- This site is optimized with the Yoast SEO plugin v16.7 - https:\/\/yoast.com\/wordpress\/plugins\/seo\/ -->\n<title>Collegium Sonorum - iASK - Institute of Advanced Studies K\u0151szeg<\/title>\n<meta name=\"robots\" content=\"index, follow, max-snippet:-1, max-image-preview:large, max-video-preview:-1\" \/>\n<link rel=\"canonical\" href=\"https:\/\/archive.iask.hu\/hu\/hankiss-kozpont\/collegium-sonorum\/\" \/>\n<meta property=\"og:locale\" content=\"en_US\" \/>\n<meta property=\"og:type\" content=\"article\" \/>\n<meta property=\"og:title\" content=\"Collegium Sonorum - iASK - Institute of Advanced Studies K\u0151szeg\" \/>\n<meta property=\"og:description\" content=\"[vc_row][vc_column][vc_tta_tabs color=&#8221;blue&#8221; active_section=&#8221;1&#8243; el_class=&#8221;iask-tabs&#8221;][vc_tta_section title=&#8221;Introduction&#8221; tab_id=&#8221;1518125876412-944c3bed-d3dd&#8221;][vc_column_text] The music group at iASK, called Collegium Sonorum, integrates local musical heritage into contemporary life, developing new and interactive ways of making music. The group researches and develops music-making forms which have a strong local value. It aims to harmonize art and sciences and education. The workflow is divided&hellip;\" \/>\n<meta property=\"og:url\" content=\"https:\/\/archive.iask.hu\/hu\/hankiss-kozpont\/collegium-sonorum\/\" \/>\n<meta property=\"og:site_name\" content=\"iASK - Institute of Advanced Studies K\u0151szeg\" \/>\n<meta property=\"article:modified_time\" content=\"2021-11-15T09:22:53+00:00\" \/>\n<meta property=\"og:image\" content=\"http:\/\/archive.iask.hu\/wp-content\/uploads\/2021\/11\/cs_pict-002.jpg\" \/>\n<meta name=\"twitter:card\" content=\"summary_large_image\" \/>\n<meta name=\"twitter:label1\" content=\"Est. reading time\" \/>\n\t<meta name=\"twitter:data1\" content=\"3 minutes\" \/>\n<script type=\"application\/ld+json\" class=\"yoast-schema-graph\">{\"@context\":\"https:\/\/schema.org\",\"@graph\":[{\"@type\":\"WebSite\",\"@id\":\"https:\/\/archive.iask.hu\/en\/#website\",\"url\":\"https:\/\/archive.iask.hu\/en\/\",\"name\":\"iASK - Institute of Advanced Studies K\\u0151szeg\",\"description\":\"It is the mission of iASK to bring together a critical mass of intellectually open, courageous and knowledge-sharing practitioners \\u2013 those that know that everything is at risk and that conventional research will simply not do, only creative and unusual combinations of ideas.\",\"potentialAction\":[{\"@type\":\"SearchAction\",\"target\":{\"@type\":\"EntryPoint\",\"urlTemplate\":\"https:\/\/archive.iask.hu\/en\/?s={search_term_string}\"},\"query-input\":\"required name=search_term_string\"}],\"inLanguage\":\"en-US\"},{\"@type\":\"ImageObject\",\"@id\":\"https:\/\/archive.iask.hu\/hu\/hankiss-kozpont\/collegium-sonorum\/#primaryimage\",\"inLanguage\":\"en-US\",\"url\":\"http:\/\/archive.iask.hu\/wp-content\/uploads\/2021\/11\/cs_pict-002.jpg\",\"contentUrl\":\"http:\/\/archive.iask.hu\/wp-content\/uploads\/2021\/11\/cs_pict-002.jpg\"},{\"@type\":\"WebPage\",\"@id\":\"https:\/\/archive.iask.hu\/hu\/hankiss-kozpont\/collegium-sonorum\/#webpage\",\"url\":\"https:\/\/archive.iask.hu\/hu\/hankiss-kozpont\/collegium-sonorum\/\",\"name\":\"Collegium Sonorum - iASK - Institute of Advanced Studies K\\u0151szeg\",\"isPartOf\":{\"@id\":\"https:\/\/archive.iask.hu\/en\/#website\"},\"primaryImageOfPage\":{\"@id\":\"https:\/\/archive.iask.hu\/hu\/hankiss-kozpont\/collegium-sonorum\/#primaryimage\"},\"datePublished\":\"2018-02-07T21:04:45+00:00\",\"dateModified\":\"2021-11-15T09:22:53+00:00\",\"breadcrumb\":{\"@id\":\"https:\/\/archive.iask.hu\/hu\/hankiss-kozpont\/collegium-sonorum\/#breadcrumb\"},\"inLanguage\":\"en-US\",\"potentialAction\":[{\"@type\":\"ReadAction\",\"target\":[\"https:\/\/archive.iask.hu\/hu\/hankiss-kozpont\/collegium-sonorum\/\"]}]},{\"@type\":\"BreadcrumbList\",\"@id\":\"https:\/\/archive.iask.hu\/hu\/hankiss-kozpont\/collegium-sonorum\/#breadcrumb\",\"itemListElement\":[{\"@type\":\"ListItem\",\"position\":1,\"name\":\"Home\",\"item\":\"https:\/\/archive.iask.hu\/en\/\"},{\"@type\":\"ListItem\",\"position\":2,\"name\":\"Hankiss Centre\",\"item\":\"https:\/\/archive.iask.hu\/hu\/hankiss-kozpont\/\"},{\"@type\":\"ListItem\",\"position\":3,\"name\":\"Collegium Sonorum\"}]}]}<\/script>\n<!-- \/ Yoast SEO plugin. -->","yoast_head_json":{"title":"Collegium Sonorum - iASK - Institute of Advanced Studies K\u0151szeg","robots":{"index":"index","follow":"follow","max-snippet":"max-snippet:-1","max-image-preview":"max-image-preview:large","max-video-preview":"max-video-preview:-1"},"canonical":"https:\/\/archive.iask.hu\/hu\/hankiss-kozpont\/collegium-sonorum\/","og_locale":"en_US","og_type":"article","og_title":"Collegium Sonorum - iASK - Institute of Advanced Studies K\u0151szeg","og_description":"[vc_row][vc_column][vc_tta_tabs color=&#8221;blue&#8221; active_section=&#8221;1&#8243; el_class=&#8221;iask-tabs&#8221;][vc_tta_section title=&#8221;Introduction&#8221; tab_id=&#8221;1518125876412-944c3bed-d3dd&#8221;][vc_column_text] The music group at iASK, called Collegium Sonorum, integrates local musical heritage into contemporary life, developing new and interactive ways of making music. The group researches and develops music-making forms which have a strong local value. It aims to harmonize art and sciences and education. The workflow is divided&hellip;","og_url":"https:\/\/archive.iask.hu\/hu\/hankiss-kozpont\/collegium-sonorum\/","og_site_name":"iASK - Institute of Advanced Studies K\u0151szeg","article_modified_time":"2021-11-15T09:22:53+00:00","og_image":[{"url":"http:\/\/archive.iask.hu\/wp-content\/uploads\/2021\/11\/cs_pict-002.jpg"}],"twitter_card":"summary_large_image","twitter_misc":{"Est. reading time":"3 minutes"},"schema":{"@context":"https:\/\/schema.org","@graph":[{"@type":"WebSite","@id":"https:\/\/archive.iask.hu\/en\/#website","url":"https:\/\/archive.iask.hu\/en\/","name":"iASK - Institute of Advanced Studies K\u0151szeg","description":"It is the mission of iASK to bring together a critical mass of intellectually open, courageous and knowledge-sharing practitioners \u2013 those that know that everything is at risk and that conventional research will simply not do, only creative and unusual combinations of ideas.","potentialAction":[{"@type":"SearchAction","target":{"@type":"EntryPoint","urlTemplate":"https:\/\/archive.iask.hu\/en\/?s={search_term_string}"},"query-input":"required name=search_term_string"}],"inLanguage":"en-US"},{"@type":"ImageObject","@id":"https:\/\/archive.iask.hu\/hu\/hankiss-kozpont\/collegium-sonorum\/#primaryimage","inLanguage":"en-US","url":"http:\/\/archive.iask.hu\/wp-content\/uploads\/2021\/11\/cs_pict-002.jpg","contentUrl":"http:\/\/archive.iask.hu\/wp-content\/uploads\/2021\/11\/cs_pict-002.jpg"},{"@type":"WebPage","@id":"https:\/\/archive.iask.hu\/hu\/hankiss-kozpont\/collegium-sonorum\/#webpage","url":"https:\/\/archive.iask.hu\/hu\/hankiss-kozpont\/collegium-sonorum\/","name":"Collegium Sonorum - iASK - Institute of Advanced Studies K\u0151szeg","isPartOf":{"@id":"https:\/\/archive.iask.hu\/en\/#website"},"primaryImageOfPage":{"@id":"https:\/\/archive.iask.hu\/hu\/hankiss-kozpont\/collegium-sonorum\/#primaryimage"},"datePublished":"2018-02-07T21:04:45+00:00","dateModified":"2021-11-15T09:22:53+00:00","breadcrumb":{"@id":"https:\/\/archive.iask.hu\/hu\/hankiss-kozpont\/collegium-sonorum\/#breadcrumb"},"inLanguage":"en-US","potentialAction":[{"@type":"ReadAction","target":["https:\/\/archive.iask.hu\/hu\/hankiss-kozpont\/collegium-sonorum\/"]}]},{"@type":"BreadcrumbList","@id":"https:\/\/archive.iask.hu\/hu\/hankiss-kozpont\/collegium-sonorum\/#breadcrumb","itemListElement":[{"@type":"ListItem","position":1,"name":"Home","item":"https:\/\/archive.iask.hu\/en\/"},{"@type":"ListItem","position":2,"name":"Hankiss Centre","item":"https:\/\/archive.iask.hu\/hu\/hankiss-kozpont\/"},{"@type":"ListItem","position":3,"name":"Collegium Sonorum"}]}]}},"_links":{"self":[{"href":"https:\/\/archive.iask.hu\/en\/wp-json\/wp\/v2\/pages\/6730"}],"collection":[{"href":"https:\/\/archive.iask.hu\/en\/wp-json\/wp\/v2\/pages"}],"about":[{"href":"https:\/\/archive.iask.hu\/en\/wp-json\/wp\/v2\/types\/page"}],"author":[{"embeddable":true,"href":"https:\/\/archive.iask.hu\/en\/wp-json\/wp\/v2\/users\/209"}],"replies":[{"embeddable":true,"href":"https:\/\/archive.iask.hu\/en\/wp-json\/wp\/v2\/comments?post=6730"}],"version-history":[{"count":73,"href":"https:\/\/archive.iask.hu\/en\/wp-json\/wp\/v2\/pages\/6730\/revisions"}],"predecessor-version":[{"id":23416,"href":"https:\/\/archive.iask.hu\/en\/wp-json\/wp\/v2\/pages\/6730\/revisions\/23416"}],"up":[{"embeddable":true,"href":"https:\/\/archive.iask.hu\/en\/wp-json\/wp\/v2\/pages\/3794"}],"wp:attachment":[{"href":"https:\/\/archive.iask.hu\/en\/wp-json\/wp\/v2\/media?parent=6730"}],"curies":[{"name":"wp","href":"https:\/\/api.w.org\/{rel}","templated":true}]}}