{"id":6967,"date":"2018-02-09T12:47:49","date_gmt":"2018-02-09T12:47:49","guid":{"rendered":"https:\/\/archive.iask.hu?page_id=6967&#038;preview_id=6967"},"modified":"2018-02-21T14:25:31","modified_gmt":"2018-02-21T14:25:31","slug":"remembering-forgetting-central-european-literature-2-2-2","status":"publish","type":"page","link":"https:\/\/archive.iask.hu\/en\/hankiss-centre\/visegrad-versus-central-europe\/","title":{"rendered":"Visegrad versus Central Europe?"},"content":{"rendered":"<p>[vc_row][vc_column][vc_column_text]A Visegr\u00e1di N\u00e9gyek csoportja vajon a Milan Kundera, Sz\u0171cs Jen\u0151 \u00e9s m\u00e1s neves gondolkod\u00f3k \u00e1ltal le\u00edrt K\u00f6z\u00e9p-Eur\u00f3pa int\u00e9zm\u00e9nyes megtestes\u00fcl\u00e9se, vagy pedig, ahogyan azt a <em>The Economist<\/em> c. hetilap munkat\u00e1rsa, Benjamin Cunningham megfogalmazta: a Visegr\u00e1di N\u00e9gyek a K\u00f6z\u00e9p-Eur\u00f3pa gondolat gyilkosainak is min\u0151s\u00edthet\u0151ek? Hordoz-e a mai, polariz\u00e1lt eur\u00f3pai politik\u00e1ban t\u00e9nyleges tartalmat a k\u00f6z\u00e9p fogalma? Kundera \u00e9s Sz\u0171cs sz\u00e1m\u00e1ra Eur\u00f3pa sokkal ink\u00e1bb volt a NYUGAT spiritualiz\u00e1lt szimb\u00f3luma, mint f\u00f6ldrajzi fogalom. \u00c9rvel\u00e9s\u00fck szerint kultur\u00e1lisan kontinens\u00fcnk k\u00f6z\u00e9ps\u0151 r\u00e9sze mindig ehhez a NYUGAT-hoz tartozott. Ebben a kutat\u00e1sban b\u00f6lcs\u00e9szek, t\u00e1rsadalomtud\u00f3sok, m\u0171v\u00e9szek, \u00edr\u00f3k \u00e9s politikusok egy\u00fcttesen \u00e9rt\u00e9kelik mai szempontb\u00f3l a nagy K\u00f6z\u00e9p-Eur\u00f3pa gondolkod\u00f3k-\u00e1lmodoz\u00f3k munk\u00e1it. Arra keresik a v\u00e1laszt, hogy a K\u00f6z\u00e9p-Eur\u00f3pa gondolat szellemi \u00f6r\u00f6ks\u00e9ge er\u0151forr\u00e1s, vagy vesz\u00e9lyforr\u00e1s a mai Visegr\u00e1di N\u00e9gyek \u00e9s az Eur\u00f3pai Uni\u00f3 sz\u00e1m\u00e1ra?<\/p>\n<p>Az 1970-es \u00e9vek v\u00e9g\u00e9n \u00e9s az 1980-as \u00e9vek sor\u00e1n a \u201eK\u00f6z\u00e9p-Eur\u00f3pa\u201d gondolat politikai hatalom n\u00e9lk\u00fcli \u00e9rtelmis\u00e9gieket foglalkoztatott. Legf\u0151bb probl\u00e9m\u00e1juk az volt, hogy az eur\u00f3pai t\u00f6rt\u00e9nelem sor\u00e1n kiform\u00e1l\u00f3dott kontinens\u00fck\u00f6n bel\u00fcli t\u00f6r\u00e9svonalak milyen m\u00e9rt\u00e9kben determin\u00e1lj\u00e1k az eur\u00f3pai politikai \u00e9s t\u00e1rsadalom j\u00f6v\u0151j\u00e9t. Az 1990-es \u00e9vek eleje \u00f3ta Visegr\u00e1d cselekv\u00e9sre felhatalmazott politikusok sz\u00f3haszn\u00e1lata: hasznos\u00edthat\u00f3-e a K\u00f6z\u00e9p-Eur\u00f3pa gondolati \u00f6r\u00f6ks\u00e9ge d\u00f6nt\u00e9seik el\u0151k\u00e9sz\u00edt\u00e9se sor\u00e1n?[\/vc_column_text][\/vc_column][\/vc_row][vc_row][vc_column][vc_column_text]<\/p>\n<p>[vc_empty_space]<\/p>\n<h4>Kutat\u00f3<\/h4>\n<p>[\/vc_column_text][vc_empty_space]<div class=\"teammember-single\"><div class=\"photo\"><a href=\"https:\/\/archive.iask.hu\/en\/people\/attila-pok\/\"><img loading=\"lazy\" decoding=\"async\" width=\"150\" height=\"150\" src=\"https:\/\/archive.iask.hu\/wp-content\/uploads\/2015\/03\/Pok-attila-150x150.jpg\" class=\"attachment-thumbnail size-thumbnail wp-post-image\" alt=\"\" srcset=\"https:\/\/archive.iask.hu\/wp-content\/uploads\/2015\/03\/Pok-attila-150x150.jpg 150w, https:\/\/archive.iask.hu\/wp-content\/uploads\/2015\/03\/Pok-attila-200x200.jpg 200w\" sizes=\"(max-width: 150px) 100vw, 150px\" \/><\/a><\/div><div class=\"name\"><a href=\"https:\/\/archive.iask.hu\/en\/people\/attila-pok\/\">Attila P\u00f3k<\/a><\/div><\/div>[\/vc_column][\/vc_row]<\/p>","protected":false},"excerpt":{"rendered":"<p>[vc_row][vc_column][vc_column_text]A Visegr\u00e1di N\u00e9gyek csoportja vajon a Milan Kundera, Sz\u0171cs Jen\u0151 \u00e9s m\u00e1s neves gondolkod\u00f3k \u00e1ltal le\u00edrt K\u00f6z\u00e9p-Eur\u00f3pa int\u00e9zm\u00e9nyes megtestes\u00fcl\u00e9se, vagy pedig, ahogyan azt a The Economist c. hetilap munkat\u00e1rsa, Benjamin Cunningham megfogalmazta: a Visegr\u00e1di N\u00e9gyek a K\u00f6z\u00e9p-Eur\u00f3pa gondolat gyilkosainak is min\u0151s\u00edthet\u0151ek? Hordoz-e a mai, polariz\u00e1lt eur\u00f3pai politik\u00e1ban t\u00e9nyleges tartalmat a k\u00f6z\u00e9p fogalma? Kundera \u00e9s Sz\u0171cs&hellip;<\/p>\n","protected":false},"author":209,"featured_media":0,"parent":3794,"menu_order":61,"comment_status":"closed","ping_status":"closed","template":"","meta":{"footnotes":""},"yoast_head":"<!-- This site is optimized with the Yoast SEO plugin v16.7 - https:\/\/yoast.com\/wordpress\/plugins\/seo\/ -->\n<title>Visegrad versus Central Europe? - iASK - Institute of Advanced Studies K\u0151szeg<\/title>\n<meta name=\"robots\" content=\"index, follow, max-snippet:-1, max-image-preview:large, max-video-preview:-1\" \/>\n<link rel=\"canonical\" href=\"https:\/\/archive.iask.hu\/hu\/hankiss-kozpont\/visegrad-versus-kozep-europa\/\" \/>\n<meta property=\"og:locale\" content=\"en_US\" \/>\n<meta property=\"og:type\" content=\"article\" \/>\n<meta property=\"og:title\" content=\"Visegrad versus Central Europe? - iASK - Institute of Advanced Studies K\u0151szeg\" \/>\n<meta property=\"og:description\" content=\"[vc_row][vc_column][vc_column_text]A Visegr\u00e1di N\u00e9gyek csoportja vajon a Milan Kundera, Sz\u0171cs Jen\u0151 \u00e9s m\u00e1s neves gondolkod\u00f3k \u00e1ltal le\u00edrt K\u00f6z\u00e9p-Eur\u00f3pa int\u00e9zm\u00e9nyes megtestes\u00fcl\u00e9se, vagy pedig, ahogyan azt a The Economist c. hetilap munkat\u00e1rsa, Benjamin Cunningham megfogalmazta: a Visegr\u00e1di N\u00e9gyek a K\u00f6z\u00e9p-Eur\u00f3pa gondolat gyilkosainak is min\u0151s\u00edthet\u0151ek? Hordoz-e a mai, polariz\u00e1lt eur\u00f3pai politik\u00e1ban t\u00e9nyleges tartalmat a k\u00f6z\u00e9p fogalma? Kundera \u00e9s Sz\u0171cs&hellip;\" \/>\n<meta property=\"og:url\" content=\"https:\/\/archive.iask.hu\/hu\/hankiss-kozpont\/visegrad-versus-kozep-europa\/\" \/>\n<meta property=\"og:site_name\" content=\"iASK - Institute of Advanced Studies K\u0151szeg\" \/>\n<meta property=\"article:modified_time\" content=\"2018-02-21T14:25:31+00:00\" \/>\n<meta name=\"twitter:card\" content=\"summary_large_image\" \/>\n<meta name=\"twitter:label1\" content=\"Est. reading time\" \/>\n\t<meta name=\"twitter:data1\" content=\"3 minutes\" \/>\n<script type=\"application\/ld+json\" class=\"yoast-schema-graph\">{\"@context\":\"https:\/\/schema.org\",\"@graph\":[{\"@type\":\"WebSite\",\"@id\":\"https:\/\/archive.iask.hu\/en\/#website\",\"url\":\"https:\/\/archive.iask.hu\/en\/\",\"name\":\"iASK - Institute of Advanced Studies K\\u0151szeg\",\"description\":\"It is the mission of iASK to bring together a critical mass of intellectually open, courageous and knowledge-sharing practitioners \\u2013 those that know that everything is at risk and that conventional research will simply not do, only creative and unusual combinations of ideas.\",\"potentialAction\":[{\"@type\":\"SearchAction\",\"target\":{\"@type\":\"EntryPoint\",\"urlTemplate\":\"https:\/\/archive.iask.hu\/en\/?s={search_term_string}\"},\"query-input\":\"required name=search_term_string\"}],\"inLanguage\":\"en-US\"},{\"@type\":\"WebPage\",\"@id\":\"https:\/\/archive.iask.hu\/hu\/hankiss-kozpont\/visegrad-versus-kozep-europa\/#webpage\",\"url\":\"https:\/\/archive.iask.hu\/hu\/hankiss-kozpont\/visegrad-versus-kozep-europa\/\",\"name\":\"Visegrad versus Central Europe? - iASK - Institute of Advanced Studies K\\u0151szeg\",\"isPartOf\":{\"@id\":\"https:\/\/archive.iask.hu\/en\/#website\"},\"datePublished\":\"2018-02-09T12:47:49+00:00\",\"dateModified\":\"2018-02-21T14:25:31+00:00\",\"breadcrumb\":{\"@id\":\"https:\/\/archive.iask.hu\/hu\/hankiss-kozpont\/visegrad-versus-kozep-europa\/#breadcrumb\"},\"inLanguage\":\"en-US\",\"potentialAction\":[{\"@type\":\"ReadAction\",\"target\":[\"https:\/\/archive.iask.hu\/hu\/hankiss-kozpont\/visegrad-versus-kozep-europa\/\"]}]},{\"@type\":\"BreadcrumbList\",\"@id\":\"https:\/\/archive.iask.hu\/hu\/hankiss-kozpont\/visegrad-versus-kozep-europa\/#breadcrumb\",\"itemListElement\":[{\"@type\":\"ListItem\",\"position\":1,\"name\":\"Home\",\"item\":\"https:\/\/archive.iask.hu\/en\/\"},{\"@type\":\"ListItem\",\"position\":2,\"name\":\"Hankiss Centre\",\"item\":\"https:\/\/archive.iask.hu\/hu\/hankiss-kozpont\/\"},{\"@type\":\"ListItem\",\"position\":3,\"name\":\"Visegr\\u00e1d versus K\\u00f6z\\u00e9p-Eur\\u00f3pa?\"}]}]}<\/script>\n<!-- \/ Yoast SEO plugin. -->","yoast_head_json":{"title":"Visegrad versus Central Europe? - iASK - Institute of Advanced Studies K\u0151szeg","robots":{"index":"index","follow":"follow","max-snippet":"max-snippet:-1","max-image-preview":"max-image-preview:large","max-video-preview":"max-video-preview:-1"},"canonical":"https:\/\/archive.iask.hu\/hu\/hankiss-kozpont\/visegrad-versus-kozep-europa\/","og_locale":"en_US","og_type":"article","og_title":"Visegrad versus Central Europe? - iASK - Institute of Advanced Studies K\u0151szeg","og_description":"[vc_row][vc_column][vc_column_text]A Visegr\u00e1di N\u00e9gyek csoportja vajon a Milan Kundera, Sz\u0171cs Jen\u0151 \u00e9s m\u00e1s neves gondolkod\u00f3k \u00e1ltal le\u00edrt K\u00f6z\u00e9p-Eur\u00f3pa int\u00e9zm\u00e9nyes megtestes\u00fcl\u00e9se, vagy pedig, ahogyan azt a The Economist c. hetilap munkat\u00e1rsa, Benjamin Cunningham megfogalmazta: a Visegr\u00e1di N\u00e9gyek a K\u00f6z\u00e9p-Eur\u00f3pa gondolat gyilkosainak is min\u0151s\u00edthet\u0151ek? Hordoz-e a mai, polariz\u00e1lt eur\u00f3pai politik\u00e1ban t\u00e9nyleges tartalmat a k\u00f6z\u00e9p fogalma? Kundera \u00e9s Sz\u0171cs&hellip;","og_url":"https:\/\/archive.iask.hu\/hu\/hankiss-kozpont\/visegrad-versus-kozep-europa\/","og_site_name":"iASK - Institute of Advanced Studies K\u0151szeg","article_modified_time":"2018-02-21T14:25:31+00:00","twitter_card":"summary_large_image","twitter_misc":{"Est. reading time":"3 minutes"},"schema":{"@context":"https:\/\/schema.org","@graph":[{"@type":"WebSite","@id":"https:\/\/archive.iask.hu\/en\/#website","url":"https:\/\/archive.iask.hu\/en\/","name":"iASK - Institute of Advanced Studies K\u0151szeg","description":"It is the mission of iASK to bring together a critical mass of intellectually open, courageous and knowledge-sharing practitioners \u2013 those that know that everything is at risk and that conventional research will simply not do, only creative and unusual combinations of ideas.","potentialAction":[{"@type":"SearchAction","target":{"@type":"EntryPoint","urlTemplate":"https:\/\/archive.iask.hu\/en\/?s={search_term_string}"},"query-input":"required name=search_term_string"}],"inLanguage":"en-US"},{"@type":"WebPage","@id":"https:\/\/archive.iask.hu\/hu\/hankiss-kozpont\/visegrad-versus-kozep-europa\/#webpage","url":"https:\/\/archive.iask.hu\/hu\/hankiss-kozpont\/visegrad-versus-kozep-europa\/","name":"Visegrad versus Central Europe? - iASK - Institute of Advanced Studies K\u0151szeg","isPartOf":{"@id":"https:\/\/archive.iask.hu\/en\/#website"},"datePublished":"2018-02-09T12:47:49+00:00","dateModified":"2018-02-21T14:25:31+00:00","breadcrumb":{"@id":"https:\/\/archive.iask.hu\/hu\/hankiss-kozpont\/visegrad-versus-kozep-europa\/#breadcrumb"},"inLanguage":"en-US","potentialAction":[{"@type":"ReadAction","target":["https:\/\/archive.iask.hu\/hu\/hankiss-kozpont\/visegrad-versus-kozep-europa\/"]}]},{"@type":"BreadcrumbList","@id":"https:\/\/archive.iask.hu\/hu\/hankiss-kozpont\/visegrad-versus-kozep-europa\/#breadcrumb","itemListElement":[{"@type":"ListItem","position":1,"name":"Home","item":"https:\/\/archive.iask.hu\/en\/"},{"@type":"ListItem","position":2,"name":"Hankiss Centre","item":"https:\/\/archive.iask.hu\/hu\/hankiss-kozpont\/"},{"@type":"ListItem","position":3,"name":"Visegr\u00e1d versus K\u00f6z\u00e9p-Eur\u00f3pa?"}]}]}},"_links":{"self":[{"href":"https:\/\/archive.iask.hu\/en\/wp-json\/wp\/v2\/pages\/6967"}],"collection":[{"href":"https:\/\/archive.iask.hu\/en\/wp-json\/wp\/v2\/pages"}],"about":[{"href":"https:\/\/archive.iask.hu\/en\/wp-json\/wp\/v2\/types\/page"}],"author":[{"embeddable":true,"href":"https:\/\/archive.iask.hu\/en\/wp-json\/wp\/v2\/users\/209"}],"replies":[{"embeddable":true,"href":"https:\/\/archive.iask.hu\/en\/wp-json\/wp\/v2\/comments?post=6967"}],"version-history":[{"count":11,"href":"https:\/\/archive.iask.hu\/en\/wp-json\/wp\/v2\/pages\/6967\/revisions"}],"predecessor-version":[{"id":8026,"href":"https:\/\/archive.iask.hu\/en\/wp-json\/wp\/v2\/pages\/6967\/revisions\/8026"}],"up":[{"embeddable":true,"href":"https:\/\/archive.iask.hu\/en\/wp-json\/wp\/v2\/pages\/3794"}],"wp:attachment":[{"href":"https:\/\/archive.iask.hu\/en\/wp-json\/wp\/v2\/media?parent=6967"}],"curies":[{"name":"wp","href":"https:\/\/api.w.org\/{rel}","templated":true}]}}