{"id":6970,"date":"2018-02-09T12:50:06","date_gmt":"2018-02-09T12:50:06","guid":{"rendered":"https:\/\/archive.iask.hu?page_id=6970&#038;preview_id=6970"},"modified":"2018-02-09T17:44:46","modified_gmt":"2018-02-09T17:44:46","slug":"talking-houses-3","status":"publish","type":"page","link":"https:\/\/archive.iask.hu\/en\/hankiss-centre\/development-of-hankiss-research-archives\/","title":{"rendered":"Development of Hankiss Research Archives"},"content":{"rendered":"<p>[vc_row][vc_column][vc_column_text]<\/p>\n<h4>Researchers<\/h4>\n<p>[\/vc_column_text][vc_empty_space]<div class=\"teammember-single\"><div class=\"photo\"><a href=\"https:\/\/archive.iask.hu\/en\/people\/csortos-szabo-sandor\/\"><img loading=\"lazy\" decoding=\"async\" width=\"150\" height=\"150\" src=\"https:\/\/archive.iask.hu\/wp-content\/uploads\/2018\/01\/7ced3204b0d1f526a68b726adf9405aa-logo-google-party-games-150x150.jpg\" class=\"attachment-thumbnail size-thumbnail wp-post-image\" alt=\"\" srcset=\"https:\/\/archive.iask.hu\/wp-content\/uploads\/2018\/01\/7ced3204b0d1f526a68b726adf9405aa-logo-google-party-games-150x150.jpg 150w, https:\/\/archive.iask.hu\/wp-content\/uploads\/2018\/01\/7ced3204b0d1f526a68b726adf9405aa-logo-google-party-games-300x300.jpg 300w, https:\/\/archive.iask.hu\/wp-content\/uploads\/2018\/01\/7ced3204b0d1f526a68b726adf9405aa-logo-google-party-games-700x700.jpg 700w, https:\/\/archive.iask.hu\/wp-content\/uploads\/2018\/01\/7ced3204b0d1f526a68b726adf9405aa-logo-google-party-games-400x400.jpg 400w, https:\/\/archive.iask.hu\/wp-content\/uploads\/2018\/01\/7ced3204b0d1f526a68b726adf9405aa-logo-google-party-games-200x200.jpg 200w, https:\/\/archive.iask.hu\/wp-content\/uploads\/2018\/01\/7ced3204b0d1f526a68b726adf9405aa-logo-google-party-games.jpg 736w\" sizes=\"(max-width: 150px) 100vw, 150px\" \/><\/a><\/div><div class=\"name\"><a href=\"https:\/\/archive.iask.hu\/en\/people\/csortos-szabo-sandor\/\">S\u00e1ndor Csortos Szab\u00f3<\/a><\/div><\/div><div class=\"teammember-single\"><div class=\"photo\"><a href=\"https:\/\/archive.iask.hu\/en\/people\/kondor-katalin\/\"><img loading=\"lazy\" decoding=\"async\" width=\"150\" height=\"150\" src=\"https:\/\/archive.iask.hu\/wp-content\/uploads\/2018\/02\/kondor_katalin2-e1518424105571-150x150.jpg\" class=\"attachment-thumbnail size-thumbnail wp-post-image\" alt=\"\" srcset=\"https:\/\/archive.iask.hu\/wp-content\/uploads\/2018\/02\/kondor_katalin2-e1518424105571-150x150.jpg 150w, https:\/\/archive.iask.hu\/wp-content\/uploads\/2018\/02\/kondor_katalin2-e1518424105571-300x300.jpg 300w, https:\/\/archive.iask.hu\/wp-content\/uploads\/2018\/02\/kondor_katalin2-e1518424105571-768x768.jpg 768w, https:\/\/archive.iask.hu\/wp-content\/uploads\/2018\/02\/kondor_katalin2-e1518424105571-700x700.jpg 700w, https:\/\/archive.iask.hu\/wp-content\/uploads\/2018\/02\/kondor_katalin2-e1518424105571-400x400.jpg 400w, https:\/\/archive.iask.hu\/wp-content\/uploads\/2018\/02\/kondor_katalin2-e1518424105571-200x200.jpg 200w, https:\/\/archive.iask.hu\/wp-content\/uploads\/2018\/02\/kondor_katalin2-e1518424105571.jpg 795w\" sizes=\"(max-width: 150px) 100vw, 150px\" \/><\/a><\/div><div class=\"name\"><a href=\"https:\/\/archive.iask.hu\/en\/people\/kondor-katalin\/\">Katalin Kondor<\/a><\/div><\/div><div class=\"teammember-single\"><div class=\"photo\"><a href=\"https:\/\/archive.iask.hu\/en\/people\/turi-marton\/\"><\/a><\/div><div class=\"name\"><a href=\"https:\/\/archive.iask.hu\/en\/people\/turi-marton\/\">M\u00e1rton Turi<\/a><\/div><\/div><div class=\"teammember-single\"><div class=\"photo\"><a href=\"https:\/\/archive.iask.hu\/en\/people\/vecsei-marton\/\"><img loading=\"lazy\" decoding=\"async\" width=\"150\" height=\"150\" src=\"https:\/\/archive.iask.hu\/wp-content\/uploads\/2018\/02\/vecsei_marton-1-150x150.jpg\" class=\"attachment-thumbnail size-thumbnail wp-post-image\" alt=\"\" srcset=\"https:\/\/archive.iask.hu\/wp-content\/uploads\/2018\/02\/vecsei_marton-1-150x150.jpg 150w, https:\/\/archive.iask.hu\/wp-content\/uploads\/2018\/02\/vecsei_marton-1-300x300.jpg 300w, https:\/\/archive.iask.hu\/wp-content\/uploads\/2018\/02\/vecsei_marton-1.jpg 400w, https:\/\/archive.iask.hu\/wp-content\/uploads\/2018\/02\/vecsei_marton-1-200x200.jpg 200w\" sizes=\"(max-width: 150px) 100vw, 150px\" \/><\/a><\/div><div class=\"name\"><a href=\"https:\/\/archive.iask.hu\/en\/people\/vecsei-marton\/\">M\u00e1rton Vecsei<\/a><\/div><\/div>[\/vc_column][\/vc_row]<\/p>","protected":false},"excerpt":{"rendered":"<p>[vc_row][vc_column][vc_column_text] Researchers [\/vc_column_text][vc_empty_space][\/vc_column][\/vc_row]<\/p>\n","protected":false},"author":209,"featured_media":0,"parent":3794,"menu_order":60,"comment_status":"closed","ping_status":"closed","template":"","meta":{"footnotes":""},"yoast_head":"<!-- This site is optimized with the Yoast SEO plugin v16.7 - https:\/\/yoast.com\/wordpress\/plugins\/seo\/ -->\n<title>Development of Hankiss Research Archives - iASK - Institute of Advanced Studies K\u0151szeg<\/title>\n<meta name=\"robots\" content=\"index, follow, max-snippet:-1, max-image-preview:large, max-video-preview:-1\" \/>\n<link rel=\"canonical\" href=\"https:\/\/archive.iask.hu\/hu\/hankiss-kozpont\/hankiss-kutatoarchivum-fejlesztese\/\" \/>\n<meta property=\"og:locale\" content=\"en_US\" \/>\n<meta property=\"og:type\" content=\"article\" \/>\n<meta property=\"og:title\" content=\"Development of Hankiss Research Archives - iASK - Institute of Advanced Studies K\u0151szeg\" \/>\n<meta property=\"og:description\" content=\"[vc_row][vc_column][vc_column_text] Researchers [\/vc_column_text][vc_empty_space][\/vc_column][\/vc_row]\" \/>\n<meta property=\"og:url\" content=\"https:\/\/archive.iask.hu\/hu\/hankiss-kozpont\/hankiss-kutatoarchivum-fejlesztese\/\" \/>\n<meta property=\"og:site_name\" content=\"iASK - Institute of Advanced Studies K\u0151szeg\" \/>\n<meta property=\"article:modified_time\" content=\"2018-02-09T17:44:46+00:00\" \/>\n<meta name=\"twitter:card\" content=\"summary_large_image\" \/>\n<script type=\"application\/ld+json\" class=\"yoast-schema-graph\">{\"@context\":\"https:\/\/schema.org\",\"@graph\":[{\"@type\":\"WebSite\",\"@id\":\"https:\/\/archive.iask.hu\/en\/#website\",\"url\":\"https:\/\/archive.iask.hu\/en\/\",\"name\":\"iASK - Institute of Advanced Studies K\\u0151szeg\",\"description\":\"It is the mission of iASK to bring together a critical mass of intellectually open, courageous and knowledge-sharing practitioners \\u2013 those that know that everything is at risk and that conventional research will simply not do, only creative and unusual combinations of ideas.\",\"potentialAction\":[{\"@type\":\"SearchAction\",\"target\":{\"@type\":\"EntryPoint\",\"urlTemplate\":\"https:\/\/archive.iask.hu\/en\/?s={search_term_string}\"},\"query-input\":\"required name=search_term_string\"}],\"inLanguage\":\"en-US\"},{\"@type\":\"WebPage\",\"@id\":\"https:\/\/archive.iask.hu\/hu\/hankiss-kozpont\/hankiss-kutatoarchivum-fejlesztese\/#webpage\",\"url\":\"https:\/\/archive.iask.hu\/hu\/hankiss-kozpont\/hankiss-kutatoarchivum-fejlesztese\/\",\"name\":\"Development of Hankiss Research Archives - iASK - Institute of Advanced Studies K\\u0151szeg\",\"isPartOf\":{\"@id\":\"https:\/\/archive.iask.hu\/en\/#website\"},\"datePublished\":\"2018-02-09T12:50:06+00:00\",\"dateModified\":\"2018-02-09T17:44:46+00:00\",\"breadcrumb\":{\"@id\":\"https:\/\/archive.iask.hu\/hu\/hankiss-kozpont\/hankiss-kutatoarchivum-fejlesztese\/#breadcrumb\"},\"inLanguage\":\"en-US\",\"potentialAction\":[{\"@type\":\"ReadAction\",\"target\":[\"https:\/\/archive.iask.hu\/hu\/hankiss-kozpont\/hankiss-kutatoarchivum-fejlesztese\/\"]}]},{\"@type\":\"BreadcrumbList\",\"@id\":\"https:\/\/archive.iask.hu\/hu\/hankiss-kozpont\/hankiss-kutatoarchivum-fejlesztese\/#breadcrumb\",\"itemListElement\":[{\"@type\":\"ListItem\",\"position\":1,\"name\":\"Home\",\"item\":\"https:\/\/archive.iask.hu\/en\/\"},{\"@type\":\"ListItem\",\"position\":2,\"name\":\"Hankiss Centre\",\"item\":\"https:\/\/archive.iask.hu\/hu\/hankiss-kozpont\/\"},{\"@type\":\"ListItem\",\"position\":3,\"name\":\"Hankiss Kutat\\u00f3arch\\u00edvum fejleszt\\u00e9se\"}]}]}<\/script>\n<!-- \/ Yoast SEO plugin. -->","yoast_head_json":{"title":"Development of Hankiss Research Archives - iASK - Institute of Advanced Studies K\u0151szeg","robots":{"index":"index","follow":"follow","max-snippet":"max-snippet:-1","max-image-preview":"max-image-preview:large","max-video-preview":"max-video-preview:-1"},"canonical":"https:\/\/archive.iask.hu\/hu\/hankiss-kozpont\/hankiss-kutatoarchivum-fejlesztese\/","og_locale":"en_US","og_type":"article","og_title":"Development of Hankiss Research Archives - iASK - Institute of Advanced Studies K\u0151szeg","og_description":"[vc_row][vc_column][vc_column_text] Researchers [\/vc_column_text][vc_empty_space][\/vc_column][\/vc_row]","og_url":"https:\/\/archive.iask.hu\/hu\/hankiss-kozpont\/hankiss-kutatoarchivum-fejlesztese\/","og_site_name":"iASK - Institute of Advanced Studies K\u0151szeg","article_modified_time":"2018-02-09T17:44:46+00:00","twitter_card":"summary_large_image","schema":{"@context":"https:\/\/schema.org","@graph":[{"@type":"WebSite","@id":"https:\/\/archive.iask.hu\/en\/#website","url":"https:\/\/archive.iask.hu\/en\/","name":"iASK - Institute of Advanced Studies K\u0151szeg","description":"It is the mission of iASK to bring together a critical mass of intellectually open, courageous and knowledge-sharing practitioners \u2013 those that know that everything is at risk and that conventional research will simply not do, only creative and unusual combinations of ideas.","potentialAction":[{"@type":"SearchAction","target":{"@type":"EntryPoint","urlTemplate":"https:\/\/archive.iask.hu\/en\/?s={search_term_string}"},"query-input":"required name=search_term_string"}],"inLanguage":"en-US"},{"@type":"WebPage","@id":"https:\/\/archive.iask.hu\/hu\/hankiss-kozpont\/hankiss-kutatoarchivum-fejlesztese\/#webpage","url":"https:\/\/archive.iask.hu\/hu\/hankiss-kozpont\/hankiss-kutatoarchivum-fejlesztese\/","name":"Development of Hankiss Research Archives - iASK - Institute of Advanced Studies K\u0151szeg","isPartOf":{"@id":"https:\/\/archive.iask.hu\/en\/#website"},"datePublished":"2018-02-09T12:50:06+00:00","dateModified":"2018-02-09T17:44:46+00:00","breadcrumb":{"@id":"https:\/\/archive.iask.hu\/hu\/hankiss-kozpont\/hankiss-kutatoarchivum-fejlesztese\/#breadcrumb"},"inLanguage":"en-US","potentialAction":[{"@type":"ReadAction","target":["https:\/\/archive.iask.hu\/hu\/hankiss-kozpont\/hankiss-kutatoarchivum-fejlesztese\/"]}]},{"@type":"BreadcrumbList","@id":"https:\/\/archive.iask.hu\/hu\/hankiss-kozpont\/hankiss-kutatoarchivum-fejlesztese\/#breadcrumb","itemListElement":[{"@type":"ListItem","position":1,"name":"Home","item":"https:\/\/archive.iask.hu\/en\/"},{"@type":"ListItem","position":2,"name":"Hankiss Centre","item":"https:\/\/archive.iask.hu\/hu\/hankiss-kozpont\/"},{"@type":"ListItem","position":3,"name":"Hankiss Kutat\u00f3arch\u00edvum fejleszt\u00e9se"}]}]}},"_links":{"self":[{"href":"https:\/\/archive.iask.hu\/en\/wp-json\/wp\/v2\/pages\/6970"}],"collection":[{"href":"https:\/\/archive.iask.hu\/en\/wp-json\/wp\/v2\/pages"}],"about":[{"href":"https:\/\/archive.iask.hu\/en\/wp-json\/wp\/v2\/types\/page"}],"author":[{"embeddable":true,"href":"https:\/\/archive.iask.hu\/en\/wp-json\/wp\/v2\/users\/209"}],"replies":[{"embeddable":true,"href":"https:\/\/archive.iask.hu\/en\/wp-json\/wp\/v2\/comments?post=6970"}],"version-history":[{"count":4,"href":"https:\/\/archive.iask.hu\/en\/wp-json\/wp\/v2\/pages\/6970\/revisions"}],"predecessor-version":[{"id":7024,"href":"https:\/\/archive.iask.hu\/en\/wp-json\/wp\/v2\/pages\/6970\/revisions\/7024"}],"up":[{"embeddable":true,"href":"https:\/\/archive.iask.hu\/en\/wp-json\/wp\/v2\/pages\/3794"}],"wp:attachment":[{"href":"https:\/\/archive.iask.hu\/en\/wp-json\/wp\/v2\/media?parent=6970"}],"curies":[{"name":"wp","href":"https:\/\/api.w.org\/{rel}","templated":true}]}}