{"id":7340,"date":"2018-02-11T22:40:01","date_gmt":"2018-02-11T22:40:01","guid":{"rendered":"https:\/\/archive.iask.hu?page_id=7340&#038;preview_id=7340"},"modified":"2018-02-11T22:49:23","modified_gmt":"2018-02-11T22:49:23","slug":"talking-houses-4-2","status":"publish","type":"page","link":"https:\/\/archive.iask.hu\/en\/hankiss-centre\/sounding-city-performances-installations\/","title":{"rendered":"Sounding city: performances, installations"},"content":{"rendered":"<p class=\"qtranxs-available-languages-message qtranxs-available-languages-message-en\">This entry is only available in <a href=\"https:\/\/archive.iask.hu\/hu\/wp-json\/wp\/v2\/pages\/7340\" class=\"qtranxs-available-language-link qtranxs-available-language-link-hu\" title=\"Magyar\">Hungarian<\/a>.<\/p>","protected":false},"excerpt":{"rendered":"<p>This entry is only available in Hungarian.<\/p>\n","protected":false},"author":209,"featured_media":0,"parent":3794,"menu_order":57,"comment_status":"closed","ping_status":"closed","template":"","meta":{"footnotes":""},"yoast_head":"<!-- This site is optimized with the Yoast SEO plugin v16.7 - https:\/\/yoast.com\/wordpress\/plugins\/seo\/ -->\n<title>Sounding city: performances, installations - iASK - Institute of Advanced Studies K\u0151szeg<\/title>\n<meta name=\"robots\" content=\"index, follow, max-snippet:-1, max-image-preview:large, max-video-preview:-1\" \/>\n<link rel=\"canonical\" href=\"https:\/\/archive.iask.hu\/hu\/hankiss-kozpont\/hangzo-varos-eloadasok-installaciok\/\" \/>\n<meta property=\"og:locale\" content=\"en_US\" \/>\n<meta property=\"og:type\" content=\"article\" \/>\n<meta property=\"og:title\" content=\"Sounding city: performances, installations - iASK - Institute of Advanced Studies K\u0151szeg\" \/>\n<meta property=\"og:description\" content=\"This entry is only available in Hungarian.\" \/>\n<meta property=\"og:url\" content=\"https:\/\/archive.iask.hu\/hu\/hankiss-kozpont\/hangzo-varos-eloadasok-installaciok\/\" \/>\n<meta property=\"og:site_name\" content=\"iASK - Institute of Advanced Studies K\u0151szeg\" \/>\n<meta property=\"article:modified_time\" content=\"2018-02-11T22:49:23+00:00\" \/>\n<meta property=\"og:image\" content=\"http:\/\/archive.iask.hu\/wp-content\/uploads\/2018\/02\/zenelo_hazak_1.png\" \/>\n<meta name=\"twitter:card\" content=\"summary_large_image\" \/>\n<meta name=\"twitter:label1\" content=\"Est. reading time\" \/>\n\t<meta name=\"twitter:data1\" content=\"5 minutes\" \/>\n<script type=\"application\/ld+json\" class=\"yoast-schema-graph\">{\"@context\":\"https:\/\/schema.org\",\"@graph\":[{\"@type\":\"WebSite\",\"@id\":\"https:\/\/archive.iask.hu\/en\/#website\",\"url\":\"https:\/\/archive.iask.hu\/en\/\",\"name\":\"iASK - Institute of Advanced Studies K\\u0151szeg\",\"description\":\"It is the mission of iASK to bring together a critical mass of intellectually open, courageous and knowledge-sharing practitioners \\u2013 those that know that everything is at risk and that conventional research will simply not do, only creative and unusual combinations of ideas.\",\"potentialAction\":[{\"@type\":\"SearchAction\",\"target\":{\"@type\":\"EntryPoint\",\"urlTemplate\":\"https:\/\/archive.iask.hu\/en\/?s={search_term_string}\"},\"query-input\":\"required name=search_term_string\"}],\"inLanguage\":\"en-US\"},{\"@type\":\"ImageObject\",\"@id\":\"https:\/\/archive.iask.hu\/hu\/hankiss-kozpont\/hangzo-varos-eloadasok-installaciok\/#primaryimage\",\"inLanguage\":\"en-US\",\"url\":\"http:\/\/archive.iask.hu\/wp-content\/uploads\/2018\/02\/zenelo_hazak_1.png\",\"contentUrl\":\"http:\/\/archive.iask.hu\/wp-content\/uploads\/2018\/02\/zenelo_hazak_1.png\"},{\"@type\":\"WebPage\",\"@id\":\"https:\/\/archive.iask.hu\/hu\/hankiss-kozpont\/hangzo-varos-eloadasok-installaciok\/#webpage\",\"url\":\"https:\/\/archive.iask.hu\/hu\/hankiss-kozpont\/hangzo-varos-eloadasok-installaciok\/\",\"name\":\"Sounding city: performances, installations - iASK - Institute of Advanced Studies K\\u0151szeg\",\"isPartOf\":{\"@id\":\"https:\/\/archive.iask.hu\/en\/#website\"},\"primaryImageOfPage\":{\"@id\":\"https:\/\/archive.iask.hu\/hu\/hankiss-kozpont\/hangzo-varos-eloadasok-installaciok\/#primaryimage\"},\"datePublished\":\"2018-02-11T22:40:01+00:00\",\"dateModified\":\"2018-02-11T22:49:23+00:00\",\"breadcrumb\":{\"@id\":\"https:\/\/archive.iask.hu\/hu\/hankiss-kozpont\/hangzo-varos-eloadasok-installaciok\/#breadcrumb\"},\"inLanguage\":\"en-US\",\"potentialAction\":[{\"@type\":\"ReadAction\",\"target\":[\"https:\/\/archive.iask.hu\/hu\/hankiss-kozpont\/hangzo-varos-eloadasok-installaciok\/\"]}]},{\"@type\":\"BreadcrumbList\",\"@id\":\"https:\/\/archive.iask.hu\/hu\/hankiss-kozpont\/hangzo-varos-eloadasok-installaciok\/#breadcrumb\",\"itemListElement\":[{\"@type\":\"ListItem\",\"position\":1,\"name\":\"Home\",\"item\":\"https:\/\/archive.iask.hu\/en\/\"},{\"@type\":\"ListItem\",\"position\":2,\"name\":\"Hankiss Centre\",\"item\":\"https:\/\/archive.iask.hu\/hu\/hankiss-kozpont\/\"},{\"@type\":\"ListItem\",\"position\":3,\"name\":\"Hangz\\u00f3 v\\u00e1ros: el\\u0151ad\\u00e1sok, install\\u00e1ci\\u00f3k\"}]}]}<\/script>\n<!-- \/ Yoast SEO plugin. -->","yoast_head_json":{"title":"Sounding city: performances, installations - iASK - Institute of Advanced Studies K\u0151szeg","robots":{"index":"index","follow":"follow","max-snippet":"max-snippet:-1","max-image-preview":"max-image-preview:large","max-video-preview":"max-video-preview:-1"},"canonical":"https:\/\/archive.iask.hu\/hu\/hankiss-kozpont\/hangzo-varos-eloadasok-installaciok\/","og_locale":"en_US","og_type":"article","og_title":"Sounding city: performances, installations - iASK - Institute of Advanced Studies K\u0151szeg","og_description":"This entry is only available in Hungarian.","og_url":"https:\/\/archive.iask.hu\/hu\/hankiss-kozpont\/hangzo-varos-eloadasok-installaciok\/","og_site_name":"iASK - Institute of Advanced Studies K\u0151szeg","article_modified_time":"2018-02-11T22:49:23+00:00","og_image":[{"url":"http:\/\/archive.iask.hu\/wp-content\/uploads\/2018\/02\/zenelo_hazak_1.png"}],"twitter_card":"summary_large_image","twitter_misc":{"Est. reading time":"5 minutes"},"schema":{"@context":"https:\/\/schema.org","@graph":[{"@type":"WebSite","@id":"https:\/\/archive.iask.hu\/en\/#website","url":"https:\/\/archive.iask.hu\/en\/","name":"iASK - Institute of Advanced Studies K\u0151szeg","description":"It is the mission of iASK to bring together a critical mass of intellectually open, courageous and knowledge-sharing practitioners \u2013 those that know that everything is at risk and that conventional research will simply not do, only creative and unusual combinations of ideas.","potentialAction":[{"@type":"SearchAction","target":{"@type":"EntryPoint","urlTemplate":"https:\/\/archive.iask.hu\/en\/?s={search_term_string}"},"query-input":"required name=search_term_string"}],"inLanguage":"en-US"},{"@type":"ImageObject","@id":"https:\/\/archive.iask.hu\/hu\/hankiss-kozpont\/hangzo-varos-eloadasok-installaciok\/#primaryimage","inLanguage":"en-US","url":"http:\/\/archive.iask.hu\/wp-content\/uploads\/2018\/02\/zenelo_hazak_1.png","contentUrl":"http:\/\/archive.iask.hu\/wp-content\/uploads\/2018\/02\/zenelo_hazak_1.png"},{"@type":"WebPage","@id":"https:\/\/archive.iask.hu\/hu\/hankiss-kozpont\/hangzo-varos-eloadasok-installaciok\/#webpage","url":"https:\/\/archive.iask.hu\/hu\/hankiss-kozpont\/hangzo-varos-eloadasok-installaciok\/","name":"Sounding city: performances, installations - iASK - Institute of Advanced Studies K\u0151szeg","isPartOf":{"@id":"https:\/\/archive.iask.hu\/en\/#website"},"primaryImageOfPage":{"@id":"https:\/\/archive.iask.hu\/hu\/hankiss-kozpont\/hangzo-varos-eloadasok-installaciok\/#primaryimage"},"datePublished":"2018-02-11T22:40:01+00:00","dateModified":"2018-02-11T22:49:23+00:00","breadcrumb":{"@id":"https:\/\/archive.iask.hu\/hu\/hankiss-kozpont\/hangzo-varos-eloadasok-installaciok\/#breadcrumb"},"inLanguage":"en-US","potentialAction":[{"@type":"ReadAction","target":["https:\/\/archive.iask.hu\/hu\/hankiss-kozpont\/hangzo-varos-eloadasok-installaciok\/"]}]},{"@type":"BreadcrumbList","@id":"https:\/\/archive.iask.hu\/hu\/hankiss-kozpont\/hangzo-varos-eloadasok-installaciok\/#breadcrumb","itemListElement":[{"@type":"ListItem","position":1,"name":"Home","item":"https:\/\/archive.iask.hu\/en\/"},{"@type":"ListItem","position":2,"name":"Hankiss Centre","item":"https:\/\/archive.iask.hu\/hu\/hankiss-kozpont\/"},{"@type":"ListItem","position":3,"name":"Hangz\u00f3 v\u00e1ros: el\u0151ad\u00e1sok, install\u00e1ci\u00f3k"}]}]}},"_links":{"self":[{"href":"https:\/\/archive.iask.hu\/en\/wp-json\/wp\/v2\/pages\/7340"}],"collection":[{"href":"https:\/\/archive.iask.hu\/en\/wp-json\/wp\/v2\/pages"}],"about":[{"href":"https:\/\/archive.iask.hu\/en\/wp-json\/wp\/v2\/types\/page"}],"author":[{"embeddable":true,"href":"https:\/\/archive.iask.hu\/en\/wp-json\/wp\/v2\/users\/209"}],"replies":[{"embeddable":true,"href":"https:\/\/archive.iask.hu\/en\/wp-json\/wp\/v2\/comments?post=7340"}],"version-history":[{"count":0,"href":"https:\/\/archive.iask.hu\/en\/wp-json\/wp\/v2\/pages\/7340\/revisions"}],"up":[{"embeddable":true,"href":"https:\/\/archive.iask.hu\/en\/wp-json\/wp\/v2\/pages\/3794"}],"wp:attachment":[{"href":"https:\/\/archive.iask.hu\/en\/wp-json\/wp\/v2\/media?parent=7340"}],"curies":[{"name":"wp","href":"https:\/\/api.w.org\/{rel}","templated":true}]}}