{"id":8692,"date":"2018-03-21T10:40:14","date_gmt":"2018-03-21T10:40:14","guid":{"rendered":"https:\/\/archive.iask.hu\/hu?page_id=8692&#038;preview_id=8692"},"modified":"2020-09-18T12:26:14","modified_gmt":"2020-09-18T10:26:14","slug":"creative-cities-sustainable-regions-3","status":"publish","type":"page","link":"https:\/\/archive.iask.hu\/en\/kraft-centre\/regional-and-cross-border-development\/","title":{"rendered":"Regional and Cross-border Development"},"content":{"rendered":"<p>Globalization has many negative effects. One of them is that the number of the inhabitants of small and medium-sized towns in the developed world is steadily decreasing. Global competition has impacted Hungary as well, and \u2013 with the exception of some big cities \u2013 nearly all settlements feel the consequences of this. It is reflected, among other things, in the emigration of the young people and in the decline in interest in smaller cities. Our research team has conducted research in the context of the small- and medium-sized city members of the Association of Pannonian Cities (Keszthely, K\u0151szeg, Nagykanizsa, P\u00e1pa, Tata, Zalaegerszeg). The research focused on the success factors of cities, and on elements that can make them attractive for young people and to help them survive in a fierce and competitive environment.<\/p>\n<p>Research focused on three key areas:<\/p>\n<ul>\n<li>on the cooperation between cities;<\/li>\n<li>on the development of city\u2019s identity; and<\/li>\n<li>on and efforts to keep young people in the city.<\/li>\n<\/ul>\n<p>&nbsp;<\/p>\n<p>The first research concentrated on the cooperation between different settlements.<\/p>\n<p>Metropolises, cities, and villages long ago recognized the benefits of partnerships and they cooperate with each other in different ways around the world. Research analysed what kinds of cooperation exist and what are the essential factors for successful cooperation. Town-twinning relations &#8211; as the first typical type of cooperation between cities \u2013 was also covered in the analyses since the experiences and lessons learned are important for building a future city network. Project relationships were also studied. These are considered to be the most common type of cooperation today. Generally, however, with few exceptions, the cooperation between cities does not really have a developed culture in Hungary since potential partner cities often see each other as rivals. Cities seem to have a lot of cooperating partners; but there are only a few long-term partnerships based on a mature strategy.<\/p>\n<p>Besides theoretical research, common problems and challenges were also a focus of inquiry. It was found that the group of cities studied could provide an excellent base to revitalize their association for future cooperation efforts. Based on this finding, common strategies were determined to realize joint projects in the future.<\/p>\n<p>The other focus of research is city identity. By strengthening a city\u2019s identity among its inhabitants, their connection to the city grows. Making a city attractive for youth in the 21st century requires leadership. This can help in the retention of young people in the city and persuade them to return to their hometown.<\/p>","protected":false},"excerpt":{"rendered":"<p>Globalization has many negative effects. One of them is that the number of the inhabitants of small and medium-sized towns in the developed world is steadily decreasing. Global competition has impacted Hungary as well, and \u2013 with the exception of some big cities \u2013 nearly all settlements feel the consequences of this. It is reflected,&hellip;<\/p>\n","protected":false},"author":209,"featured_media":0,"parent":2093,"menu_order":64,"comment_status":"closed","ping_status":"closed","template":"","meta":{"footnotes":""},"yoast_head":"<!-- This site is optimized with the Yoast SEO plugin v16.7 - https:\/\/yoast.com\/wordpress\/plugins\/seo\/ -->\n<title>Regional and Cross-border Development - iASK - Institute of Advanced Studies K\u0151szeg<\/title>\n<meta name=\"robots\" content=\"index, follow, max-snippet:-1, max-image-preview:large, max-video-preview:-1\" \/>\n<link rel=\"canonical\" href=\"https:\/\/archive.iask.hu\/hu\/kraft-kozpont\/regionalis-es-hatarmenti-fejlesztesek\/\" \/>\n<meta property=\"og:locale\" content=\"en_US\" \/>\n<meta property=\"og:type\" content=\"article\" \/>\n<meta property=\"og:title\" content=\"Regional and Cross-border Development - iASK - Institute of Advanced Studies K\u0151szeg\" \/>\n<meta property=\"og:description\" content=\"Globalization has many negative effects. One of them is that the number of the inhabitants of small and medium-sized towns in the developed world is steadily decreasing. Global competition has impacted Hungary as well, and \u2013 with the exception of some big cities \u2013 nearly all settlements feel the consequences of this. It is reflected,&hellip;\" \/>\n<meta property=\"og:url\" content=\"https:\/\/archive.iask.hu\/hu\/kraft-kozpont\/regionalis-es-hatarmenti-fejlesztesek\/\" \/>\n<meta property=\"og:site_name\" content=\"iASK - Institute of Advanced Studies K\u0151szeg\" \/>\n<meta property=\"article:modified_time\" content=\"2020-09-18T10:26:14+00:00\" \/>\n<meta name=\"twitter:card\" content=\"summary_large_image\" \/>\n<meta name=\"twitter:label1\" content=\"Est. reading time\" \/>\n\t<meta name=\"twitter:data1\" content=\"7 minutes\" \/>\n<script type=\"application\/ld+json\" class=\"yoast-schema-graph\">{\"@context\":\"https:\/\/schema.org\",\"@graph\":[{\"@type\":\"WebSite\",\"@id\":\"https:\/\/archive.iask.hu\/en\/#website\",\"url\":\"https:\/\/archive.iask.hu\/en\/\",\"name\":\"iASK - Institute of Advanced Studies K\\u0151szeg\",\"description\":\"It is the mission of iASK to bring together a critical mass of intellectually open, courageous and knowledge-sharing practitioners \\u2013 those that know that everything is at risk and that conventional research will simply not do, only creative and unusual combinations of ideas.\",\"potentialAction\":[{\"@type\":\"SearchAction\",\"target\":{\"@type\":\"EntryPoint\",\"urlTemplate\":\"https:\/\/archive.iask.hu\/en\/?s={search_term_string}\"},\"query-input\":\"required name=search_term_string\"}],\"inLanguage\":\"en-US\"},{\"@type\":\"WebPage\",\"@id\":\"https:\/\/archive.iask.hu\/hu\/kraft-kozpont\/regionalis-es-hatarmenti-fejlesztesek\/#webpage\",\"url\":\"https:\/\/archive.iask.hu\/hu\/kraft-kozpont\/regionalis-es-hatarmenti-fejlesztesek\/\",\"name\":\"Regional and Cross-border Development - iASK - Institute of Advanced Studies K\\u0151szeg\",\"isPartOf\":{\"@id\":\"https:\/\/archive.iask.hu\/en\/#website\"},\"datePublished\":\"2018-03-21T10:40:14+00:00\",\"dateModified\":\"2020-09-18T10:26:14+00:00\",\"breadcrumb\":{\"@id\":\"https:\/\/archive.iask.hu\/hu\/kraft-kozpont\/regionalis-es-hatarmenti-fejlesztesek\/#breadcrumb\"},\"inLanguage\":\"en-US\",\"potentialAction\":[{\"@type\":\"ReadAction\",\"target\":[\"https:\/\/archive.iask.hu\/hu\/kraft-kozpont\/regionalis-es-hatarmenti-fejlesztesek\/\"]}]},{\"@type\":\"BreadcrumbList\",\"@id\":\"https:\/\/archive.iask.hu\/hu\/kraft-kozpont\/regionalis-es-hatarmenti-fejlesztesek\/#breadcrumb\",\"itemListElement\":[{\"@type\":\"ListItem\",\"position\":1,\"name\":\"Home\",\"item\":\"https:\/\/archive.iask.hu\/en\/\"},{\"@type\":\"ListItem\",\"position\":2,\"name\":\"KRAFT Centre\",\"item\":\"https:\/\/archive.iask.hu\/en\/kraft-centre\/\"},{\"@type\":\"ListItem\",\"position\":3,\"name\":\"Region\\u00e1lis \\u00e9s hat\\u00e1rmenti fejleszt\\u00e9sek\"}]}]}<\/script>\n<!-- \/ Yoast SEO plugin. -->","yoast_head_json":{"title":"Regional and Cross-border Development - iASK - Institute of Advanced Studies K\u0151szeg","robots":{"index":"index","follow":"follow","max-snippet":"max-snippet:-1","max-image-preview":"max-image-preview:large","max-video-preview":"max-video-preview:-1"},"canonical":"https:\/\/archive.iask.hu\/hu\/kraft-kozpont\/regionalis-es-hatarmenti-fejlesztesek\/","og_locale":"en_US","og_type":"article","og_title":"Regional and Cross-border Development - iASK - Institute of Advanced Studies K\u0151szeg","og_description":"Globalization has many negative effects. One of them is that the number of the inhabitants of small and medium-sized towns in the developed world is steadily decreasing. Global competition has impacted Hungary as well, and \u2013 with the exception of some big cities \u2013 nearly all settlements feel the consequences of this. It is reflected,&hellip;","og_url":"https:\/\/archive.iask.hu\/hu\/kraft-kozpont\/regionalis-es-hatarmenti-fejlesztesek\/","og_site_name":"iASK - Institute of Advanced Studies K\u0151szeg","article_modified_time":"2020-09-18T10:26:14+00:00","twitter_card":"summary_large_image","twitter_misc":{"Est. reading time":"7 minutes"},"schema":{"@context":"https:\/\/schema.org","@graph":[{"@type":"WebSite","@id":"https:\/\/archive.iask.hu\/en\/#website","url":"https:\/\/archive.iask.hu\/en\/","name":"iASK - Institute of Advanced Studies K\u0151szeg","description":"It is the mission of iASK to bring together a critical mass of intellectually open, courageous and knowledge-sharing practitioners \u2013 those that know that everything is at risk and that conventional research will simply not do, only creative and unusual combinations of ideas.","potentialAction":[{"@type":"SearchAction","target":{"@type":"EntryPoint","urlTemplate":"https:\/\/archive.iask.hu\/en\/?s={search_term_string}"},"query-input":"required name=search_term_string"}],"inLanguage":"en-US"},{"@type":"WebPage","@id":"https:\/\/archive.iask.hu\/hu\/kraft-kozpont\/regionalis-es-hatarmenti-fejlesztesek\/#webpage","url":"https:\/\/archive.iask.hu\/hu\/kraft-kozpont\/regionalis-es-hatarmenti-fejlesztesek\/","name":"Regional and Cross-border Development - iASK - Institute of Advanced Studies K\u0151szeg","isPartOf":{"@id":"https:\/\/archive.iask.hu\/en\/#website"},"datePublished":"2018-03-21T10:40:14+00:00","dateModified":"2020-09-18T10:26:14+00:00","breadcrumb":{"@id":"https:\/\/archive.iask.hu\/hu\/kraft-kozpont\/regionalis-es-hatarmenti-fejlesztesek\/#breadcrumb"},"inLanguage":"en-US","potentialAction":[{"@type":"ReadAction","target":["https:\/\/archive.iask.hu\/hu\/kraft-kozpont\/regionalis-es-hatarmenti-fejlesztesek\/"]}]},{"@type":"BreadcrumbList","@id":"https:\/\/archive.iask.hu\/hu\/kraft-kozpont\/regionalis-es-hatarmenti-fejlesztesek\/#breadcrumb","itemListElement":[{"@type":"ListItem","position":1,"name":"Home","item":"https:\/\/archive.iask.hu\/en\/"},{"@type":"ListItem","position":2,"name":"KRAFT Centre","item":"https:\/\/archive.iask.hu\/en\/kraft-centre\/"},{"@type":"ListItem","position":3,"name":"Region\u00e1lis \u00e9s hat\u00e1rmenti fejleszt\u00e9sek"}]}]}},"_links":{"self":[{"href":"https:\/\/archive.iask.hu\/en\/wp-json\/wp\/v2\/pages\/8692"}],"collection":[{"href":"https:\/\/archive.iask.hu\/en\/wp-json\/wp\/v2\/pages"}],"about":[{"href":"https:\/\/archive.iask.hu\/en\/wp-json\/wp\/v2\/types\/page"}],"author":[{"embeddable":true,"href":"https:\/\/archive.iask.hu\/en\/wp-json\/wp\/v2\/users\/209"}],"replies":[{"embeddable":true,"href":"https:\/\/archive.iask.hu\/en\/wp-json\/wp\/v2\/comments?post=8692"}],"version-history":[{"count":5,"href":"https:\/\/archive.iask.hu\/en\/wp-json\/wp\/v2\/pages\/8692\/revisions"}],"predecessor-version":[{"id":18593,"href":"https:\/\/archive.iask.hu\/en\/wp-json\/wp\/v2\/pages\/8692\/revisions\/18593"}],"up":[{"embeddable":true,"href":"https:\/\/archive.iask.hu\/en\/wp-json\/wp\/v2\/pages\/2093"}],"wp:attachment":[{"href":"https:\/\/archive.iask.hu\/en\/wp-json\/wp\/v2\/media?parent=8692"}],"curies":[{"name":"wp","href":"https:\/\/api.w.org\/{rel}","templated":true}]}}