{"id":13,"date":"2016-01-29T10:14:33","date_gmt":"2016-01-29T10:14:33","guid":{"rendered":"http:\/\/the7.io\/beauty-studio\/?page_id=13"},"modified":"2022-01-20T08:47:16","modified_gmt":"2022-01-20T07:47:16","slug":"contact","status":"publish","type":"page","link":"https:\/\/archive.iask.hu\/hu\/kapcsolat\/","title":{"rendered":"Kapcsolat"},"content":{"rendered":"<p>[vc_row type=&#8221;vc_default&#8221; margin_top=&#8221;0&#8243; margin_bottom=&#8221;-35&#8243; css=&#8221;.vc_custom_1498572765023{margin-top: 70px !important;margin-bottom: 20px !important;}&#8221;][vc_column offset=&#8221;vc_col-lg-6 vc_col-md-7 vc_col-xs-12&#8243; css=&#8221;.vc_custom_1498821716836{padding-bottom: 40px !important;}&#8221;]<div id=\"ultimate-heading-303369d27bdddd4ce\" class=\"uvc-heading ult-adjust-bottom-margin ultimate-heading-303369d27bdddd4ce uvc-5685 \" data-hspacer=\"no_spacer\"  data-halign=\"left\" style=\"text-align:left\"><div class=\"uvc-heading-spacer no_spacer\" style=\"top\"><\/div><div class=\"uvc-main-heading ult-responsive\"  data-ultimate-target='.uvc-heading.ultimate-heading-303369d27bdddd4ce h2'  data-responsive-json-new='{\"font-size\":\"desktop:26px;\",\"line-height\":\"desktop:32px;\"}' ><h2 style=\"font-weight:bold;margin-bottom:30px;\">Fels\u0151bbfok\u00fa Tanulm\u00e1nyok Int\u00e9zete (FTI)<\/h2><\/div><\/div>[vc_row_inner][vc_column_inner width=&#8221;1\/2&#8243;]<div class=\"aio-icon-component  vc_custom_1516290193705   style_1\"><div id=\"Info-box-wrap-1700\" class=\"aio-icon-box left-icon\" style=\"\"  ><div class=\"aio-ibd-block\"><div class=\"aio-icon-header\" ><h3 class=\"aio-icon-title ult-responsive\"  data-ultimate-target='#Info-box-wrap-1700 .aio-icon-title'  data-responsive-json-new='{\"font-size\":\"desktop:18px;\",\"line-height\":\"desktop:24px;\"}'  style=\"font-weight:bold;color:#333333;\">Sz\u00e9khely<\/h3><\/div> <!-- header --><div class=\"aio-icon-description ult-responsive\"  data-ultimate-target='#Info-box-wrap-1700 .aio-icon-description'  data-responsive-json-new='{\"font-size\":\"desktop:15px;\",\"line-height\":\"desktop:20px;\"}'  style=\"font-weight:normal;font-style:normal;\"><a href=\"https:\/\/www.google.hu\/maps\/place\/Institute+of+Advanced+Studies+K\u0151szeg+(iASK)+-+Fels\u0151bbfok\u00fa+Tanulm\u00e1nyok+Int\u00e9zete\/@47.3879542,16.5396466,15z\/data=!4m5!3m4!1s0x0:0x52c86ef95cb9791e!8m2!3d47.3879542!4d16.5396466\" target=\"_blank\" rel=\"noopener noreferrer\">K\u0151szeg<\/a><br \/>\n<a href=\"https:\/\/www.google.hu\/maps\/place\/Institute+of+Advanced+Studies+K\u0151szeg+(iASK)+-+Fels\u0151bbfok\u00fa+Tanulm\u00e1nyok+Int\u00e9zete\/@47.3879542,16.5396466,15z\/data=!4m5!3m4!1s0x0:0x52c86ef95cb9791e!8m2!3d47.3879542!4d16.5396466\" target=\"_blank\" rel=\"noopener noreferrer\">Chernel utca 14.<\/a><br \/>\n<a href=\"https:\/\/www.google.hu\/maps\/place\/Institute+of+Advanced+Studies+K\u0151szeg+(iASK)+-+Fels\u0151bbfok\u00fa+Tanulm\u00e1nyok+Int\u00e9zete\/@47.3879542,16.5396466,15z\/data=!4m5!3m4!1s0x0:0x52c86ef95cb9791e!8m2!3d47.3879542!4d16.5396466\" target=\"_blank\" rel=\"noopener noreferrer\">H-9730<\/a><\/div> <!-- description --><\/div> <!-- aio-ibd-block --><\/div> <!-- aio-icon-box --><\/div> <!-- aio-icon-component --><div class=\"aio-icon-component  vc_custom_1513118375711   style_1\"><div id=\"Info-box-wrap-4767\" class=\"aio-icon-box left-icon\" style=\"\"  ><div class=\"aio-ibd-block\"><div class=\"aio-icon-header\" ><h3 class=\"aio-icon-title ult-responsive\"  data-ultimate-target='#Info-box-wrap-4767 .aio-icon-title'  data-responsive-json-new='{\"font-size\":\"desktop:18px;\",\"line-height\":\"desktop:24px;\"}'  style=\"font-weight:bold;color:#333333;\">K\u00f6zponti telefon<\/h3><\/div> <!-- header --><div class=\"aio-icon-description ult-responsive\"  data-ultimate-target='#Info-box-wrap-4767 .aio-icon-description'  data-responsive-json-new='{\"font-size\":\"desktop:15px;\",\"line-height\":\"desktop:20px;\"}'  style=\"font-weight:normal;font-style:normal;\"><a href=\"tel:+3694200520\">+36\/94\/200-520<\/a><\/div> <!-- description --><\/div> <!-- aio-ibd-block --><\/div> <!-- aio-icon-box --><\/div> <!-- aio-icon-component --><div class=\"aio-icon-component  vc_custom_1513118394972   style_1\"><div id=\"Info-box-wrap-6467\" class=\"aio-icon-box left-icon\" style=\"\"  ><div class=\"aio-ibd-block\"><div class=\"aio-icon-header\" ><h3 class=\"aio-icon-title ult-responsive\"  data-ultimate-target='#Info-box-wrap-6467 .aio-icon-title'  data-responsive-json-new='{\"font-size\":\"desktop:18px;\",\"line-height\":\"desktop:24px;\"}'  style=\"font-weight:bold;color:#333333;\">K\u00f6zponti e-mail c\u00edm<\/h3><\/div> <!-- header --><div class=\"aio-icon-description ult-responsive\"  data-ultimate-target='#Info-box-wrap-6467 .aio-icon-description'  data-responsive-json-new='{\"font-size\":\"desktop:15px;\",\"line-height\":\"desktop:20px;\"}'  style=\"font-weight:normal;font-style:normal;\"><a href=\"&#x6d;&#x61;&#x69;&#x6c;&#x74;&#x6f;&#x3a;&#x69;&#x6e;&#x66;&#x6f;&#x40;&#x61;&#x72;&#x63;&#x68;&#x69;&#x76;&#x65;&#x2e;&#x69;&#x61;&#115;&#107;&#46;&#104;&#117;\">&#x69;&#110;&#x66;&#111;&#64;&#x61;&#114;c&#x68;&#105;&#x76;&#x65;&#46;&#x69;&#97;s&#x6b;&#46;&#x68;&#x75;<\/a><\/div> <!-- description --><\/div> <!-- aio-ibd-block --><\/div> <!-- aio-icon-box --><\/div> <!-- aio-icon-component --><div class=\"aio-icon-component  vc_custom_1610032316168   style_1\"><div id=\"Info-box-wrap-3088\" class=\"aio-icon-box left-icon\" style=\"\"  ><div class=\"aio-ibd-block\"><div class=\"aio-icon-header\" ><h3 class=\"aio-icon-title ult-responsive\"  data-ultimate-target='#Info-box-wrap-3088 .aio-icon-title'  data-responsive-json-new='{\"font-size\":\"desktop:18px;\",\"line-height\":\"desktop:24px;\"}'  style=\"font-weight:bold;color:#333333;\">F\u0151igazgat\u00f3i Titk\u00e1rs\u00e1g:<\/h3><\/div> <!-- header --><div class=\"aio-icon-description ult-responsive\"  data-ultimate-target='#Info-box-wrap-3088 .aio-icon-description'  data-responsive-json-new='{\"font-size\":\"desktop:15px;\",\"line-height\":\"desktop:20px;\"}'  style=\"font-weight:normal;font-style:normal;\"><strong>Varga Vikt\u00f3ria<\/strong><\/p>\n<p><strong>Moln\u00e1r-Nagy Andrea <\/strong><\/p>\n<p><a href=\"&#x6d;&#97;&#105;l&#x74;&#x6f;&#58;c&#x6f;&#x6e;&#116;ac&#x74;&#64;&#97;r&#x63;&#x68;&#105;v&#x65;&#x2e;&#105;&#97;s&#x6b;&#x2e;&#104;u\">&#99;&#x6f;n&#x74;a&#99;&#x74;&#64;&#x61;r&#99;&#x68;&#105;&#x76;e&#x2e;&#x69;&#97;&#x73;k&#x2e;h&#117;<\/a><\/div> <!-- description --><\/div> <!-- aio-ibd-block --><\/div> <!-- aio-icon-box --><\/div> <!-- aio-icon-component -->[\/vc_column_inner][vc_column_inner width=&#8221;1\/2&#8243;]<div class=\"aio-icon-component  vc_custom_1514544123668   style_1\"><div id=\"Info-box-wrap-2826\" class=\"aio-icon-box left-icon\" style=\"\"  ><div class=\"aio-ibd-block\"><div class=\"aio-icon-header\" ><h3 class=\"aio-icon-title ult-responsive\"  data-ultimate-target='#Info-box-wrap-2826 .aio-icon-title'  data-responsive-json-new='{\"font-size\":\"desktop:18px;\",\"line-height\":\"desktop:24px;\"}'  style=\"font-weight:bold;color:#333333;\">Levelez\u00e9si c\u00edm<\/h3><\/div> <!-- header --><div class=\"aio-icon-description ult-responsive\"  data-ultimate-target='#Info-box-wrap-2826 .aio-icon-description'  data-responsive-json-new='{\"font-size\":\"desktop:15px;\",\"line-height\":\"desktop:20px;\"}'  style=\"font-weight:normal;font-style:normal;\">K\u0151szeg<br \/>\nPf. 4.<br \/>\n9731<\/div> <!-- description --><\/div> <!-- aio-ibd-block --><\/div> <!-- aio-icon-box --><\/div> <!-- aio-icon-component --><div class=\"aio-icon-component  vc_custom_1642664830646   style_1\"><div id=\"Info-box-wrap-6278\" class=\"aio-icon-box left-icon\" style=\"\"  ><div class=\"aio-ibd-block\"><div class=\"aio-icon-header\" ><h3 class=\"aio-icon-title ult-responsive\"  data-ultimate-target='#Info-box-wrap-6278 .aio-icon-title'  data-responsive-json-new='{\"font-size\":\"desktop:18px;\",\"line-height\":\"desktop:24px;\"}'  style=\"font-weight:bold;color:#333333;\">Tov\u00e1bbi kapcsolat<\/h3><\/div> <!-- header --><div class=\"aio-icon-description ult-responsive\"  data-ultimate-target='#Info-box-wrap-6278 .aio-icon-description'  data-responsive-json-new='{\"font-size\":\"desktop:15px;\",\"line-height\":\"desktop:20px;\"}'  style=\"font-weight:normal;font-style:normal;\"><b>Ag\u00e1rdi Izabella<\/b><\/p>\n<p>Kutat\u00e1si koordin\u00e1tor<br \/>\n<a href=\"&#109;&#x61;&#x69;l&#116;&#x6f;:&#105;&#x7a;&#x61;&#98;&#x65;&#x6c;l&#97;&#x2e;a&#103;&#x61;&#x72;&#100;&#x69;&#x40;a&#114;&#x63;h&#105;&#x76;&#x65;&#46;&#x69;&#x61;s&#107;&#x2e;h&#117;\">izabella&#46;aga&#114;&#100;&#105;&#64;&#97;&#114;&#99;&#104;&#105;&#118;&#101;&#46;&#105;&#97;&#115;&#x6b;&#x2e;&#x68;&#x75;<\/a><\/p>\n<p><strong>N\u00e9meth Szil\u00e1rd<\/strong><br \/>\nsajt\u00f3kapcsolatok\u00e9rt \u00e9s int\u00e9zeti kommunik\u00e1ci\u00f3\u00e9rt felel\u0151s vezet\u0151<br \/>\n<a href=\"&#109;&#x61;i&#x6c;&#x74;&#111;&#x3a;s&#x7a;&#x69;&#108;&#x61;r&#x64;&#x2e;&#110;&#x65;m&#x65;&#x74;&#104;&#x40;a&#x72;&#x63;&#104;&#x69;v&#x65;&#x2e;&#105;&#x61;s&#x6b;&#x2e;&#104;&#x75;\">&#115;&#x7a;&#105;&#x6c;&#97;&#x72;d&#x2e;n&#x65;m&#101;&#x74;&#104;&#x40;&#97;&#x72;&#99;&#x68;i&#x76;e&#x2e;i&#97;&#x73;&#107;&#x2e;&#104;&#x75;<\/a><\/p>\n<p><strong>Szalay Judit<\/strong><br \/>\nhum\u00e1n-er\u0151forr\u00e1s menedzsment<br \/>\n<a href=\"&#x6d;&#x61;&#x69;&#x6c;&#x74;&#x6f;&#58;&#106;&#117;&#100;it&#46;s&#x7a;&#x61;&#x6c;&#x61;&#x79;&#x40;&#97;&#114;&#99;&#104;&#105;ve&#46;&#x69;&#x61;&#x73;&#x6b;&#x2e;&#x68;&#117;\">&#106;&#117;&#x64;i&#116;&#x2e;&#x73;z&#97;&#x6c;&#x61;y&#64;&#x61;&#x72;c&#104;&#x69;&#x76;e&#46;&#x69;&#x61;s&#107;&#x2e;h&#117;<\/a><\/div> <!-- description --><\/div> <!-- aio-ibd-block --><\/div> <!-- aio-icon-box --><\/div> <!-- aio-icon-component -->[\/vc_column_inner][\/vc_row_inner][\/vc_column][vc_column offset=&#8221;vc_col-lg-6 vc_col-md-5 vc_col-xs-12&#8243; css=&#8221;.vc_custom_1498572768127{padding-bottom: 50px !important;}&#8221;]<div id=\"ultimate-heading-549569d27bdddd75f\" class=\"uvc-heading ult-adjust-bottom-margin ultimate-heading-549569d27bdddd75f uvc-1017 \" data-hspacer=\"no_spacer\"  data-halign=\"left\" style=\"text-align:left\"><div class=\"uvc-heading-spacer no_spacer\" style=\"top\"><\/div><div class=\"uvc-main-heading ult-responsive\"  data-ultimate-target='.uvc-heading.ultimate-heading-549569d27bdddd75f h2'  data-responsive-json-new='{\"font-size\":\"desktop:26px;\",\"line-height\":\"desktop:32px;\"}' ><h2 style=\"font-weight:bold;margin-bottom:20px;\">K\u00fcldj\u00f6n \u00fczenetet<\/h2><\/div><\/div><div role=\"form\" class=\"wpcf7\" id=\"wpcf7-f4579-o2\" lang=\"en-US\" dir=\"ltr\">\n<div class=\"screen-reader-response\"><p role=\"status\" aria-live=\"polite\" aria-atomic=\"true\"><\/p> <ul><\/ul><\/div>\n<form action=\"\/hu\/wp-json\/wp\/v2\/pages\/13#wpcf7-f4579-o2\" method=\"post\" class=\"wpcf7-form init\" novalidate=\"novalidate\" data-status=\"init\">\n<div style=\"display: none;\">\n<input type=\"hidden\" name=\"_wpcf7\" value=\"4579\" \/>\n<input type=\"hidden\" name=\"_wpcf7_version\" value=\"5.4.2\" \/>\n<input type=\"hidden\" name=\"_wpcf7_locale\" value=\"en_US\" \/>\n<input type=\"hidden\" name=\"_wpcf7_unit_tag\" value=\"wpcf7-f4579-o2\" \/>\n<input type=\"hidden\" name=\"_wpcf7_container_post\" value=\"0\" \/>\n<input type=\"hidden\" name=\"_wpcf7_posted_data_hash\" value=\"\" \/>\n<input type=\"hidden\" name=\"_wpcf7_recaptcha_response\" value=\"\" \/>\n<\/div>\n<p><span class=\"wpcf7-form-control-wrap your-name\"><input type=\"text\" name=\"your-name\" value=\"\" size=\"40\" class=\"wpcf7-form-control wpcf7-text wpcf7-validates-as-required\" aria-required=\"true\" aria-invalid=\"false\" placeholder=\"N\u00e9v *\" \/><\/span><br \/>\n<span class=\"wpcf7-form-control-wrap your-email\"><input type=\"email\" name=\"your-email\" value=\"\" size=\"40\" class=\"wpcf7-form-control wpcf7-text wpcf7-email wpcf7-validates-as-required wpcf7-validates-as-email\" aria-required=\"true\" aria-invalid=\"false\" placeholder=\"E-mail c\u00edm *\" \/><\/span><br \/>\n<span class=\"wpcf7-form-control-wrap phone\"><input type=\"text\" name=\"phone\" value=\"\" size=\"40\" class=\"wpcf7-form-control wpcf7-text\" aria-invalid=\"false\" placeholder=\"Telefonsz\u00e1m\" \/><\/span><br \/>\n<span class=\"wpcf7-form-control-wrap your-message\"><textarea name=\"your-message\" cols=\"40\" rows=\"6\" class=\"wpcf7-form-control wpcf7-textarea wpcf7-validates-as-required\" aria-required=\"true\" aria-invalid=\"false\" placeholder=\"\u00dczenet\"><\/textarea><\/span><\/p>\n<div style=\"float: left\">\n\n<\/div>\n<div style=\"float: right\"><input type=\"submit\" value=\"K\u00fcld\u00e9s\" class=\"wpcf7-form-control wpcf7-submit\" \/><\/div>\n<div class=\"wpcf7-response-output\" aria-hidden=\"true\"><\/div><\/form><\/div>[\/vc_column][\/vc_row][vc_row][vc_column][vc_single_image image=&#8221;3596&#8243; img_size=&#8221;full&#8221; alignment=&#8221;center&#8221;][\/vc_column][\/vc_row]<\/p>","protected":false},"excerpt":{"rendered":"<p>[vc_row type=&#8221;vc_default&#8221; margin_top=&#8221;0&#8243; margin_bottom=&#8221;-35&#8243; css=&#8221;.vc_custom_1498572765023{margin-top: 70px !important;margin-bottom: 20px !important;}&#8221;][vc_column offset=&#8221;vc_col-lg-6 vc_col-md-7 vc_col-xs-12&#8243; css=&#8221;.vc_custom_1498821716836{padding-bottom: 40px !important;}&#8221;][vc_row_inner][vc_column_inner width=&#8221;1\/2&#8243;][\/vc_column_inner][vc_column_inner width=&#8221;1\/2&#8243;][\/vc_column_inner][\/vc_row_inner][\/vc_column][vc_column offset=&#8221;vc_col-lg-6 vc_col-md-5 vc_col-xs-12&#8243; css=&#8221;.vc_custom_1498572768127{padding-bottom: 50px !important;}&#8221;][\/vc_column][\/vc_row][vc_row][vc_column][vc_single_image image=&#8221;3596&#8243; img_size=&#8221;full&#8221; alignment=&#8221;center&#8221;][\/vc_column][\/vc_row]<\/p>\n","protected":false},"author":209,"featured_media":0,"parent":0,"menu_order":117,"comment_status":"closed","ping_status":"closed","template":"","meta":{"footnotes":""},"yoast_head":"<!-- This site is optimized with the Yoast SEO plugin v16.7 - https:\/\/yoast.com\/wordpress\/plugins\/seo\/ -->\n<title>Kapcsolat - iASK - Fels\u0151bbfok\u00fa Tanulm\u00e1nyok Int\u00e9zete, K\u0151szeg<\/title>\n<meta name=\"robots\" content=\"index, follow, max-snippet:-1, max-image-preview:large, max-video-preview:-1\" \/>\n<link rel=\"canonical\" href=\"https:\/\/archive.iask.hu\/hu\/kapcsolat\/\" \/>\n<meta property=\"og:locale\" content=\"hu_HU\" \/>\n<meta property=\"og:type\" content=\"article\" \/>\n<meta property=\"og:title\" content=\"Kapcsolat - iASK - Fels\u0151bbfok\u00fa Tanulm\u00e1nyok Int\u00e9zete, K\u0151szeg\" \/>\n<meta property=\"og:description\" content=\"[vc_row type=&#8221;vc_default&#8221; margin_top=&#8221;0&#8243; margin_bottom=&#8221;-35&#8243; css=&#8221;.vc_custom_1498572765023{margin-top: 70px !important;margin-bottom: 20px !important;}&#8221;][vc_column offset=&#8221;vc_col-lg-6 vc_col-md-7 vc_col-xs-12&#8243; css=&#8221;.vc_custom_1498821716836{padding-bottom: 40px !important;}&#8221;][vc_row_inner][vc_column_inner width=&#8221;1\/2&#8243;][\/vc_column_inner][vc_column_inner width=&#8221;1\/2&#8243;][\/vc_column_inner][\/vc_row_inner][\/vc_column][vc_column offset=&#8221;vc_col-lg-6 vc_col-md-5 vc_col-xs-12&#8243; css=&#8221;.vc_custom_1498572768127{padding-bottom: 50px !important;}&#8221;][\/vc_column][\/vc_row][vc_row][vc_column][vc_single_image image=&#8221;3596&#8243; img_size=&#8221;full&#8221; alignment=&#8221;center&#8221;][\/vc_column][\/vc_row]\" \/>\n<meta property=\"og:url\" content=\"https:\/\/archive.iask.hu\/hu\/kapcsolat\/\" \/>\n<meta property=\"og:site_name\" content=\"iASK - Fels\u0151bbfok\u00fa Tanulm\u00e1nyok Int\u00e9zete, K\u0151szeg\" \/>\n<meta property=\"article:modified_time\" content=\"2022-01-20T07:47:16+00:00\" \/>\n<meta name=\"twitter:card\" content=\"summary_large_image\" \/>\n<meta name=\"twitter:label1\" content=\"Becs\u00fclt olvas\u00e1si id\u0151\" \/>\n\t<meta name=\"twitter:data1\" content=\"1 perc\" \/>\n<script type=\"application\/ld+json\" class=\"yoast-schema-graph\">{\"@context\":\"https:\/\/schema.org\",\"@graph\":[{\"@type\":\"WebSite\",\"@id\":\"https:\/\/archive.iask.hu\/en\/#website\",\"url\":\"https:\/\/archive.iask.hu\/en\/\",\"name\":\"iASK - Fels\\u0151bbfok\\u00fa Tanulm\\u00e1nyok Int\\u00e9zete, K\\u0151szeg\",\"description\":\"Az Int\\u00e9zet c\\u00e9lja, hogy egy\\u00fcv\\u00e9 szervezze a szellemileg nyitott, b\\u00e1tor, egym\\u00e1ssal egy\\u00fcttm\\u0171k\\u00f6dni k\\u00edv\\u00e1n\\u00f3, alkot\\u00f3 \\u00e9s gondolkod\\u00f3 szakembereket \\u00e9s tud\\u00f3sokat.\",\"potentialAction\":[{\"@type\":\"SearchAction\",\"target\":{\"@type\":\"EntryPoint\",\"urlTemplate\":\"https:\/\/archive.iask.hu\/en\/?s={search_term_string}\"},\"query-input\":\"required name=search_term_string\"}],\"inLanguage\":\"hu\"},{\"@type\":\"WebPage\",\"@id\":\"https:\/\/archive.iask.hu\/hu\/kapcsolat\/#webpage\",\"url\":\"https:\/\/archive.iask.hu\/hu\/kapcsolat\/\",\"name\":\"Kapcsolat - iASK - Fels\\u0151bbfok\\u00fa Tanulm\\u00e1nyok Int\\u00e9zete, K\\u0151szeg\",\"isPartOf\":{\"@id\":\"https:\/\/archive.iask.hu\/en\/#website\"},\"datePublished\":\"2016-01-29T10:14:33+00:00\",\"dateModified\":\"2022-01-20T07:47:16+00:00\",\"breadcrumb\":{\"@id\":\"https:\/\/archive.iask.hu\/hu\/kapcsolat\/#breadcrumb\"},\"inLanguage\":\"hu\",\"potentialAction\":[{\"@type\":\"ReadAction\",\"target\":[\"https:\/\/archive.iask.hu\/hu\/kapcsolat\/\"]}]},{\"@type\":\"BreadcrumbList\",\"@id\":\"https:\/\/archive.iask.hu\/hu\/kapcsolat\/#breadcrumb\",\"itemListElement\":[{\"@type\":\"ListItem\",\"position\":1,\"name\":\"Home\",\"item\":\"https:\/\/archive.iask.hu\/en\/\"},{\"@type\":\"ListItem\",\"position\":2,\"name\":\"Contact\"}]}]}<\/script>\n<!-- \/ Yoast SEO plugin. -->","yoast_head_json":{"title":"Kapcsolat - iASK - Fels\u0151bbfok\u00fa Tanulm\u00e1nyok Int\u00e9zete, K\u0151szeg","robots":{"index":"index","follow":"follow","max-snippet":"max-snippet:-1","max-image-preview":"max-image-preview:large","max-video-preview":"max-video-preview:-1"},"canonical":"https:\/\/archive.iask.hu\/hu\/kapcsolat\/","og_locale":"hu_HU","og_type":"article","og_title":"Kapcsolat - iASK - Fels\u0151bbfok\u00fa Tanulm\u00e1nyok Int\u00e9zete, K\u0151szeg","og_description":"[vc_row type=&#8221;vc_default&#8221; margin_top=&#8221;0&#8243; margin_bottom=&#8221;-35&#8243; css=&#8221;.vc_custom_1498572765023{margin-top: 70px !important;margin-bottom: 20px !important;}&#8221;][vc_column offset=&#8221;vc_col-lg-6 vc_col-md-7 vc_col-xs-12&#8243; css=&#8221;.vc_custom_1498821716836{padding-bottom: 40px !important;}&#8221;][vc_row_inner][vc_column_inner width=&#8221;1\/2&#8243;][\/vc_column_inner][vc_column_inner width=&#8221;1\/2&#8243;][\/vc_column_inner][\/vc_row_inner][\/vc_column][vc_column offset=&#8221;vc_col-lg-6 vc_col-md-5 vc_col-xs-12&#8243; css=&#8221;.vc_custom_1498572768127{padding-bottom: 50px !important;}&#8221;][\/vc_column][\/vc_row][vc_row][vc_column][vc_single_image image=&#8221;3596&#8243; img_size=&#8221;full&#8221; alignment=&#8221;center&#8221;][\/vc_column][\/vc_row]","og_url":"https:\/\/archive.iask.hu\/hu\/kapcsolat\/","og_site_name":"iASK - Fels\u0151bbfok\u00fa Tanulm\u00e1nyok Int\u00e9zete, K\u0151szeg","article_modified_time":"2022-01-20T07:47:16+00:00","twitter_card":"summary_large_image","twitter_misc":{"Becs\u00fclt olvas\u00e1si id\u0151":"1 perc"},"schema":{"@context":"https:\/\/schema.org","@graph":[{"@type":"WebSite","@id":"https:\/\/archive.iask.hu\/en\/#website","url":"https:\/\/archive.iask.hu\/en\/","name":"iASK - Fels\u0151bbfok\u00fa Tanulm\u00e1nyok Int\u00e9zete, K\u0151szeg","description":"Az Int\u00e9zet c\u00e9lja, hogy egy\u00fcv\u00e9 szervezze a szellemileg nyitott, b\u00e1tor, egym\u00e1ssal egy\u00fcttm\u0171k\u00f6dni k\u00edv\u00e1n\u00f3, alkot\u00f3 \u00e9s gondolkod\u00f3 szakembereket \u00e9s tud\u00f3sokat.","potentialAction":[{"@type":"SearchAction","target":{"@type":"EntryPoint","urlTemplate":"https:\/\/archive.iask.hu\/en\/?s={search_term_string}"},"query-input":"required name=search_term_string"}],"inLanguage":"hu"},{"@type":"WebPage","@id":"https:\/\/archive.iask.hu\/hu\/kapcsolat\/#webpage","url":"https:\/\/archive.iask.hu\/hu\/kapcsolat\/","name":"Kapcsolat - iASK - Fels\u0151bbfok\u00fa Tanulm\u00e1nyok Int\u00e9zete, K\u0151szeg","isPartOf":{"@id":"https:\/\/archive.iask.hu\/en\/#website"},"datePublished":"2016-01-29T10:14:33+00:00","dateModified":"2022-01-20T07:47:16+00:00","breadcrumb":{"@id":"https:\/\/archive.iask.hu\/hu\/kapcsolat\/#breadcrumb"},"inLanguage":"hu","potentialAction":[{"@type":"ReadAction","target":["https:\/\/archive.iask.hu\/hu\/kapcsolat\/"]}]},{"@type":"BreadcrumbList","@id":"https:\/\/archive.iask.hu\/hu\/kapcsolat\/#breadcrumb","itemListElement":[{"@type":"ListItem","position":1,"name":"Home","item":"https:\/\/archive.iask.hu\/en\/"},{"@type":"ListItem","position":2,"name":"Contact"}]}]}},"_links":{"self":[{"href":"https:\/\/archive.iask.hu\/hu\/wp-json\/wp\/v2\/pages\/13"}],"collection":[{"href":"https:\/\/archive.iask.hu\/hu\/wp-json\/wp\/v2\/pages"}],"about":[{"href":"https:\/\/archive.iask.hu\/hu\/wp-json\/wp\/v2\/types\/page"}],"author":[{"embeddable":true,"href":"https:\/\/archive.iask.hu\/hu\/wp-json\/wp\/v2\/users\/209"}],"replies":[{"embeddable":true,"href":"https:\/\/archive.iask.hu\/hu\/wp-json\/wp\/v2\/comments?post=13"}],"version-history":[{"count":53,"href":"https:\/\/archive.iask.hu\/hu\/wp-json\/wp\/v2\/pages\/13\/revisions"}],"predecessor-version":[{"id":24043,"href":"https:\/\/archive.iask.hu\/hu\/wp-json\/wp\/v2\/pages\/13\/revisions\/24043"}],"wp:attachment":[{"href":"https:\/\/archive.iask.hu\/hu\/wp-json\/wp\/v2\/media?parent=13"}],"curies":[{"name":"wp","href":"https:\/\/api.w.org\/{rel}","templated":true}]}}