{"id":14359,"date":"2019-08-26T19:09:47","date_gmt":"2019-08-26T17:09:47","guid":{"rendered":"https:\/\/archive.iask.hu\/?page_id=14359"},"modified":"2019-08-26T19:15:13","modified_gmt":"2019-08-26T17:15:13","slug":"kraft-conference-registration","status":"publish","type":"page","link":"https:\/\/archive.iask.hu\/hu\/english-kraft-konferencia-regisztracio\/","title":{"rendered":"Kraft Konferencia Regisztr\u00e1ci\u00f3"},"content":{"rendered":"<p><div role=\"form\" class=\"wpcf7\" id=\"wpcf7-f14363-o2\" lang=\"en-US\" dir=\"ltr\">\n<div class=\"screen-reader-response\"><p role=\"status\" aria-live=\"polite\" aria-atomic=\"true\"><\/p> <ul><\/ul><\/div>\n<form action=\"\/hu\/wp-json\/wp\/v2\/pages\/14359#wpcf7-f14363-o2\" method=\"post\" class=\"wpcf7-form init\" novalidate=\"novalidate\" data-status=\"init\">\n<div style=\"display: none;\">\n<input type=\"hidden\" name=\"_wpcf7\" value=\"14363\" \/>\n<input type=\"hidden\" name=\"_wpcf7_version\" value=\"5.4.2\" \/>\n<input type=\"hidden\" name=\"_wpcf7_locale\" value=\"en_US\" \/>\n<input type=\"hidden\" name=\"_wpcf7_unit_tag\" value=\"wpcf7-f14363-o2\" \/>\n<input type=\"hidden\" name=\"_wpcf7_container_post\" value=\"0\" \/>\n<input type=\"hidden\" name=\"_wpcf7_posted_data_hash\" value=\"\" \/>\n<input type=\"hidden\" name=\"_wpcf7_recaptcha_response\" value=\"\" \/>\n<\/div>\n<p><label> N\u00e9v (required)<br \/>\n    <span class=\"wpcf7-form-control-wrap your-name\"><input type=\"text\" name=\"your-name\" value=\"\" size=\"40\" class=\"wpcf7-form-control wpcf7-text wpcf7-validates-as-required\" aria-required=\"true\" aria-invalid=\"false\" \/><\/span> <\/label><\/p>\n<p><label> Email (required)<br \/>\n    <span class=\"wpcf7-form-control-wrap your-email\"><input type=\"email\" name=\"your-email\" value=\"\" size=\"40\" class=\"wpcf7-form-control wpcf7-text wpcf7-email wpcf7-validates-as-required wpcf7-validates-as-email\" aria-required=\"true\" aria-invalid=\"false\" \/><\/span> <\/label><\/p>\n<p><label> K\u00e9pviselt Szervezet (required)<br \/>\n    <span class=\"wpcf7-form-control-wrap your-subject\"><input type=\"text\" name=\"your-subject\" value=\"\" size=\"40\" class=\"wpcf7-form-control wpcf7-text\" aria-invalid=\"false\" \/><\/span> <\/label><\/p>\n<p><label> Telefonsz\u00e1m (required)<br \/>\n    <span class=\"wpcf7-form-control-wrap phone\"><input type=\"text\" name=\"phone\" value=\"\" size=\"40\" class=\"wpcf7-form-control wpcf7-text\" aria-invalid=\"false\" \/><\/span> <\/label><\/p>\n<p><input type=\"submit\" value=\"K\u00fcld\u00e9s\" class=\"wpcf7-form-control wpcf7-submit\" \/><\/p>\n<div class=\"wpcf7-response-output\" aria-hidden=\"true\"><\/div><\/form><\/div>\n<div class=\"hr-thin\"><\/div>\n<div class=\"gap\" style=\"line-height: 10px; height: 10px;\"><\/div>\n<p>A konferencia nyelve magyar, angol nyelv\u0171 szinkrontolm\u00e1csol\u00e1st biztos\u00edtunk.<\/p>\n<p>A konferenci\u00e1n val\u00f3 r\u00e9szv\u00e9tel ingyenes, de el\u0151zetes regisztr\u00e1ci\u00f3hoz k\u00f6t\u00f6tt. A jelentkez\u00e9si lapot k\u00e9rj\u00fck legk\u00e9s\u0151bb 2019. szeptember 18-ig t\u00f6ltse ki!<\/p>\n<p>&nbsp;<\/p>\n<p>&nbsp;<\/p>\n<p>\u201eA Fels\u0151bbfok\u00fa Tanulm\u00e1nyok Int\u00e9zete r\u00f6gz\u00edti, hogy a 2011. \u00e9vi CXII. t\u00f6rv\u00e9ny az inform\u00e1ci\u00f3s \u00f6nrendelkez\u00e9si jogr\u00f3l \u00e9s az inform\u00e1ci\u00f3szabads\u00e1gr\u00f3l (tov\u00e1bbiakban: \u201eInfotv\u201d) \u00e9s az Eur\u00f3pai Parlament \u00e9s Tan\u00e1cs 2016\/679 sz\u00e1m\u00fa, 2018. m\u00e1jus 25. napj\u00e1n hat\u00e1lyba l\u00e9p\u0151 \u00c1ltal\u00e1nos Adatv\u00e9delmi Rendelete (tov\u00e1bbiakban: Rendelet) \u00e9rtelm\u00e9ben az e jelentkez\u00e9si lapon megadott szem\u00e9lyes adatokat kiz\u00e1r\u00f3lag a jelentkez\u00e9si lapon szerepl\u0151 rendezv\u00e9ny lebonyol\u00edt\u00e1sa, teljes\u00edt\u00e9se \u00e9s ut\u00e1nk\u00f6vet\u00e9se \u00e9rdek\u00e9ben a sz\u00fcks\u00e9ges m\u00e9rt\u00e9kben, c\u00e9lhoz k\u00f6t\u00f6tten kezeli az Adatv\u00e9delmi Szab\u00e1lyzat\u00e1ban foglaltaknak megfelel\u0151en\u201d<\/p>","protected":false},"excerpt":{"rendered":"<p>A konferencia nyelve magyar, angol nyelv\u0171 szinkrontolm\u00e1csol\u00e1st biztos\u00edtunk. A konferenci\u00e1n val\u00f3 r\u00e9szv\u00e9tel ingyenes, de el\u0151zetes regisztr\u00e1ci\u00f3hoz k\u00f6t\u00f6tt. A jelentkez\u00e9si lapot k\u00e9rj\u00fck legk\u00e9s\u0151bb 2019. szeptember 18-ig t\u00f6ltse ki! &nbsp; &nbsp; \u201eA Fels\u0151bbfok\u00fa Tanulm\u00e1nyok Int\u00e9zete r\u00f6gz\u00edti, hogy a 2011. \u00e9vi CXII. t\u00f6rv\u00e9ny az inform\u00e1ci\u00f3s \u00f6nrendelkez\u00e9si jogr\u00f3l \u00e9s az inform\u00e1ci\u00f3szabads\u00e1gr\u00f3l (tov\u00e1bbiakban: \u201eInfotv\u201d) \u00e9s az Eur\u00f3pai Parlament \u00e9s Tan\u00e1cs&hellip;<\/p>\n","protected":false},"author":41,"featured_media":0,"parent":0,"menu_order":12,"comment_status":"closed","ping_status":"closed","template":"","meta":{"footnotes":""},"yoast_head":"<!-- This site is optimized with the Yoast SEO plugin v16.7 - https:\/\/yoast.com\/wordpress\/plugins\/seo\/ -->\n<title>Kraft Konferencia Regisztr\u00e1ci\u00f3 - iASK - Fels\u0151bbfok\u00fa Tanulm\u00e1nyok Int\u00e9zete, K\u0151szeg<\/title>\n<meta name=\"robots\" content=\"index, follow, max-snippet:-1, max-image-preview:large, max-video-preview:-1\" \/>\n<link rel=\"canonical\" href=\"http:\/\/archive.iask.hu\/en\/kraft-konferencia-regisztracio\/\" \/>\n<meta property=\"og:locale\" content=\"hu_HU\" \/>\n<meta property=\"og:type\" content=\"article\" \/>\n<meta property=\"og:title\" content=\"Kraft Konferencia Regisztr\u00e1ci\u00f3 - iASK - Fels\u0151bbfok\u00fa Tanulm\u00e1nyok Int\u00e9zete, K\u0151szeg\" \/>\n<meta property=\"og:description\" content=\"A konferencia nyelve magyar, angol nyelv\u0171 szinkrontolm\u00e1csol\u00e1st biztos\u00edtunk. A konferenci\u00e1n val\u00f3 r\u00e9szv\u00e9tel ingyenes, de el\u0151zetes regisztr\u00e1ci\u00f3hoz k\u00f6t\u00f6tt. A jelentkez\u00e9si lapot k\u00e9rj\u00fck legk\u00e9s\u0151bb 2019. szeptember 18-ig t\u00f6ltse ki! &nbsp; &nbsp; \u201eA Fels\u0151bbfok\u00fa Tanulm\u00e1nyok Int\u00e9zete r\u00f6gz\u00edti, hogy a 2011. \u00e9vi CXII. t\u00f6rv\u00e9ny az inform\u00e1ci\u00f3s \u00f6nrendelkez\u00e9si jogr\u00f3l \u00e9s az inform\u00e1ci\u00f3szabads\u00e1gr\u00f3l (tov\u00e1bbiakban: \u201eInfotv\u201d) \u00e9s az Eur\u00f3pai Parlament \u00e9s Tan\u00e1cs&hellip;\" \/>\n<meta property=\"og:url\" content=\"http:\/\/archive.iask.hu\/en\/kraft-konferencia-regisztracio\/\" \/>\n<meta property=\"og:site_name\" content=\"iASK - Fels\u0151bbfok\u00fa Tanulm\u00e1nyok Int\u00e9zete, K\u0151szeg\" \/>\n<meta property=\"article:modified_time\" content=\"2019-08-26T17:15:13+00:00\" \/>\n<meta name=\"twitter:card\" content=\"summary_large_image\" \/>\n<meta name=\"twitter:label1\" content=\"Becs\u00fclt olvas\u00e1si id\u0151\" \/>\n\t<meta name=\"twitter:data1\" content=\"1 perc\" \/>\n<script type=\"application\/ld+json\" class=\"yoast-schema-graph\">{\"@context\":\"https:\/\/schema.org\",\"@graph\":[{\"@type\":\"WebSite\",\"@id\":\"https:\/\/archive.iask.hu\/en\/#website\",\"url\":\"https:\/\/archive.iask.hu\/en\/\",\"name\":\"iASK - Fels\\u0151bbfok\\u00fa Tanulm\\u00e1nyok Int\\u00e9zete, K\\u0151szeg\",\"description\":\"Az Int\\u00e9zet c\\u00e9lja, hogy egy\\u00fcv\\u00e9 szervezze a szellemileg nyitott, b\\u00e1tor, egym\\u00e1ssal egy\\u00fcttm\\u0171k\\u00f6dni k\\u00edv\\u00e1n\\u00f3, alkot\\u00f3 \\u00e9s gondolkod\\u00f3 szakembereket \\u00e9s tud\\u00f3sokat.\",\"potentialAction\":[{\"@type\":\"SearchAction\",\"target\":{\"@type\":\"EntryPoint\",\"urlTemplate\":\"https:\/\/archive.iask.hu\/en\/?s={search_term_string}\"},\"query-input\":\"required name=search_term_string\"}],\"inLanguage\":\"hu\"},{\"@type\":\"WebPage\",\"@id\":\"http:\/\/archive.iask.hu\/en\/kraft-konferencia-regisztracio\/#webpage\",\"url\":\"http:\/\/archive.iask.hu\/en\/kraft-konferencia-regisztracio\/\",\"name\":\"Kraft Konferencia Regisztr\\u00e1ci\\u00f3 - iASK - Fels\\u0151bbfok\\u00fa Tanulm\\u00e1nyok Int\\u00e9zete, K\\u0151szeg\",\"isPartOf\":{\"@id\":\"https:\/\/archive.iask.hu\/en\/#website\"},\"datePublished\":\"2019-08-26T17:09:47+00:00\",\"dateModified\":\"2019-08-26T17:15:13+00:00\",\"breadcrumb\":{\"@id\":\"http:\/\/archive.iask.hu\/en\/kraft-konferencia-regisztracio\/#breadcrumb\"},\"inLanguage\":\"hu\",\"potentialAction\":[{\"@type\":\"ReadAction\",\"target\":[\"http:\/\/archive.iask.hu\/en\/kraft-konferencia-regisztracio\/\"]}]},{\"@type\":\"BreadcrumbList\",\"@id\":\"http:\/\/archive.iask.hu\/en\/kraft-konferencia-regisztracio\/#breadcrumb\",\"itemListElement\":[{\"@type\":\"ListItem\",\"position\":1,\"name\":\"Home\",\"item\":\"https:\/\/archive.iask.hu\/en\/\"},{\"@type\":\"ListItem\",\"position\":2,\"name\":\"Kraft Konferencia Regisztr\\u00e1ci\\u00f3\"}]}]}<\/script>\n<!-- \/ Yoast SEO plugin. -->","yoast_head_json":{"title":"Kraft Konferencia Regisztr\u00e1ci\u00f3 - iASK - Fels\u0151bbfok\u00fa Tanulm\u00e1nyok Int\u00e9zete, K\u0151szeg","robots":{"index":"index","follow":"follow","max-snippet":"max-snippet:-1","max-image-preview":"max-image-preview:large","max-video-preview":"max-video-preview:-1"},"canonical":"http:\/\/archive.iask.hu\/en\/kraft-konferencia-regisztracio\/","og_locale":"hu_HU","og_type":"article","og_title":"Kraft Konferencia Regisztr\u00e1ci\u00f3 - iASK - Fels\u0151bbfok\u00fa Tanulm\u00e1nyok Int\u00e9zete, K\u0151szeg","og_description":"A konferencia nyelve magyar, angol nyelv\u0171 szinkrontolm\u00e1csol\u00e1st biztos\u00edtunk. A konferenci\u00e1n val\u00f3 r\u00e9szv\u00e9tel ingyenes, de el\u0151zetes regisztr\u00e1ci\u00f3hoz k\u00f6t\u00f6tt. A jelentkez\u00e9si lapot k\u00e9rj\u00fck legk\u00e9s\u0151bb 2019. szeptember 18-ig t\u00f6ltse ki! &nbsp; &nbsp; \u201eA Fels\u0151bbfok\u00fa Tanulm\u00e1nyok Int\u00e9zete r\u00f6gz\u00edti, hogy a 2011. \u00e9vi CXII. t\u00f6rv\u00e9ny az inform\u00e1ci\u00f3s \u00f6nrendelkez\u00e9si jogr\u00f3l \u00e9s az inform\u00e1ci\u00f3szabads\u00e1gr\u00f3l (tov\u00e1bbiakban: \u201eInfotv\u201d) \u00e9s az Eur\u00f3pai Parlament \u00e9s Tan\u00e1cs&hellip;","og_url":"http:\/\/archive.iask.hu\/en\/kraft-konferencia-regisztracio\/","og_site_name":"iASK - Fels\u0151bbfok\u00fa Tanulm\u00e1nyok Int\u00e9zete, K\u0151szeg","article_modified_time":"2019-08-26T17:15:13+00:00","twitter_card":"summary_large_image","twitter_misc":{"Becs\u00fclt olvas\u00e1si id\u0151":"1 perc"},"schema":{"@context":"https:\/\/schema.org","@graph":[{"@type":"WebSite","@id":"https:\/\/archive.iask.hu\/en\/#website","url":"https:\/\/archive.iask.hu\/en\/","name":"iASK - Fels\u0151bbfok\u00fa Tanulm\u00e1nyok Int\u00e9zete, K\u0151szeg","description":"Az Int\u00e9zet c\u00e9lja, hogy egy\u00fcv\u00e9 szervezze a szellemileg nyitott, b\u00e1tor, egym\u00e1ssal egy\u00fcttm\u0171k\u00f6dni k\u00edv\u00e1n\u00f3, alkot\u00f3 \u00e9s gondolkod\u00f3 szakembereket \u00e9s tud\u00f3sokat.","potentialAction":[{"@type":"SearchAction","target":{"@type":"EntryPoint","urlTemplate":"https:\/\/archive.iask.hu\/en\/?s={search_term_string}"},"query-input":"required name=search_term_string"}],"inLanguage":"hu"},{"@type":"WebPage","@id":"http:\/\/archive.iask.hu\/en\/kraft-konferencia-regisztracio\/#webpage","url":"http:\/\/archive.iask.hu\/en\/kraft-konferencia-regisztracio\/","name":"Kraft Konferencia Regisztr\u00e1ci\u00f3 - iASK - Fels\u0151bbfok\u00fa Tanulm\u00e1nyok Int\u00e9zete, K\u0151szeg","isPartOf":{"@id":"https:\/\/archive.iask.hu\/en\/#website"},"datePublished":"2019-08-26T17:09:47+00:00","dateModified":"2019-08-26T17:15:13+00:00","breadcrumb":{"@id":"http:\/\/archive.iask.hu\/en\/kraft-konferencia-regisztracio\/#breadcrumb"},"inLanguage":"hu","potentialAction":[{"@type":"ReadAction","target":["http:\/\/archive.iask.hu\/en\/kraft-konferencia-regisztracio\/"]}]},{"@type":"BreadcrumbList","@id":"http:\/\/archive.iask.hu\/en\/kraft-konferencia-regisztracio\/#breadcrumb","itemListElement":[{"@type":"ListItem","position":1,"name":"Home","item":"https:\/\/archive.iask.hu\/en\/"},{"@type":"ListItem","position":2,"name":"Kraft Konferencia Regisztr\u00e1ci\u00f3"}]}]}},"_links":{"self":[{"href":"https:\/\/archive.iask.hu\/hu\/wp-json\/wp\/v2\/pages\/14359"}],"collection":[{"href":"https:\/\/archive.iask.hu\/hu\/wp-json\/wp\/v2\/pages"}],"about":[{"href":"https:\/\/archive.iask.hu\/hu\/wp-json\/wp\/v2\/types\/page"}],"author":[{"embeddable":true,"href":"https:\/\/archive.iask.hu\/hu\/wp-json\/wp\/v2\/users\/41"}],"replies":[{"embeddable":true,"href":"https:\/\/archive.iask.hu\/hu\/wp-json\/wp\/v2\/comments?post=14359"}],"version-history":[{"count":6,"href":"https:\/\/archive.iask.hu\/hu\/wp-json\/wp\/v2\/pages\/14359\/revisions"}],"predecessor-version":[{"id":14371,"href":"https:\/\/archive.iask.hu\/hu\/wp-json\/wp\/v2\/pages\/14359\/revisions\/14371"}],"wp:attachment":[{"href":"https:\/\/archive.iask.hu\/hu\/wp-json\/wp\/v2\/media?parent=14359"}],"curies":[{"name":"wp","href":"https:\/\/api.w.org\/{rel}","templated":true}]}}