{"id":15573,"date":"2019-12-10T15:32:48","date_gmt":"2019-12-10T14:32:48","guid":{"rendered":"https:\/\/archive.iask.hu\/hu\/?page_id=15573"},"modified":"2020-02-20T14:50:15","modified_gmt":"2020-02-20T13:50:15","slug":"call-for-applications-v4-and-central-europe-fellowships-at-iask","status":"publish","type":"page","link":"https:\/\/archive.iask.hu\/hu\/osztondij\/kutatoi-osztondijak\/palyazati-felhivas-a-v4-es-kozep-europa-2020-az-fti-iask-kutatoi-osztondija\/","title":{"rendered":"P\u00e1ly\u00e1zati felh\u00edv\u00e1s \u2013 A V4 \u00e9s K\u00f6z\u00e9p-Eur\u00f3pa 2020 \u2013 Az FTI-iASK Kutat\u00f3i \u00f6szt\u00f6nd\u00edja"},"content":{"rendered":"<p>&nbsp;<\/p>\n<p>The Institute of Advanced Studies K\u0151szeg (iASK) is launching a fellowship program to support the research of young scholars who are completing or have recently completed their doctoral studies on the topic of V4 countries and\/or Central Europe. The fellowship offers access to the resources of iASK to exceptionally talented young researchers so they can work on their proposed topic. The fellowships are open to all academic disciplines in the humanities and social sciences.<\/p>\n<p><strong>Topics that the proposals should be directed towards<\/strong>:<\/p>\n<ul>\n<li>forms of cooperation among the V4 countries<\/li>\n<li>the viability of V4+ (i.e. the extension of V4)<\/li>\n<li>international relations between the countries of Central Europe and Europe\u2019s neighbours (Russia, Turkey, The Balkans)<\/li>\n<li>The role of Central Europe within the processes of European integration<\/li>\n<\/ul>\n<p><strong>\u00a0<\/strong><\/p>\n<p><strong>Conditions<\/strong><\/p>\n<p>The selected fellows will be invited to spend\u00a0<strong>3<\/strong>\u2013<strong>6\u00a0<\/strong><strong>months starting in February or March 2020\u00a0<\/strong>at iASK to pursue their research projects. Fellows will receive a stipend of\u00a0<strong>EUR 1200 (400,000HUF) per month<\/strong>\u00a0to cover accommodation, living expenses, travel and visa, health insurance and any incidental costs related to their stay in K\u0151szeg.<\/p>\n<p>In addition, iASK provides fellows with office space, including internet access, in-house research and administrative facilities as well as other services free of charge. The fellows will join the scholarly community and participate in the activities of the Institute.<\/p>\n<p>When considering to apply, please note that selected fellows consent to spend\u00a0<strong>at least<\/strong>\u00a0<strong>75%<\/strong>\u00a0of their grant period in residence\u00a0<strong>in K\u0151szeg<\/strong>.<\/p>\n<p>&nbsp;<\/p>\n<p><strong>Eligibility<\/strong><\/p>\n<ul>\n<li>PhD candidates who have completed their coursework<\/li>\n<li>Post-doc researchers with a PhD<\/li>\n<li>Researchers of all nationalities who demonstrate excellent academic potential are encouraged to apply.<\/li>\n<\/ul>\n<p>&nbsp;<\/p>\n<p><strong>Application<\/strong><\/p>\n<p>Applications must be submitted electronically to\u00a0<a href=\"&#x6d;&#97;i&#x6c;&#116;&#111;&#x3a;&#x73;&#99;h&#x6f;&#108;a&#x72;&#x73;&#104;i&#x70;&#64;a&#x72;&#x63;&#104;i&#x76;&#101;&#46;&#x69;&#x61;&#115;k&#x2e;&#104;u\">&#115;&#x63;h&#x6f;&#x6c;&#97;&#x72;s&#x68;&#x69;&#112;&#x40;a&#x72;&#x63;&#104;&#x69;v&#x65;&#x2e;&#105;&#x61;s&#x6b;&#x2e;&#104;&#x75;<\/a>\u00a0and should include:<\/p>\n<ul>\n<li>application form (downloadable)<\/li>\n<li>declaration of honour (downloadable)<\/li>\n<li>project proposal in English (max. 4-5 pages with 1.5 space)<\/li>\n<li>a curriculum vitae in English (max. 2 double-spaced pages)<\/li>\n<li>a list of publications<\/li>\n<li>two letters of recommendation by scholars familiar with the applicant\u2019s academic work<\/li>\n<\/ul>\n<p>Please submit all your application materials as PDF files!<\/p>\n<p><strong>Deadline for Application:<br \/>\n<\/strong>The deadline for application is<strong>\u00a026 January 2020 (midnight).<\/strong><\/p>\n<p>&nbsp;<\/p>\n<p><strong>Selection<\/strong><\/p>\n<p>The finalists will be selected by a jury of experts. Applicants will be notified of the decision electronically shortly after the application deadline.<br \/>\nThe jury is not required to publicly justify its<strong>\u00a0<\/strong>decisions, nor to provide applicants individual feedback on their applications.<\/p>\n<p>&nbsp;<\/p>\n<p><strong>Download the application documents here:<\/strong><\/p>\n<p><strong><a href=\"http:\/\/archive.iask.hu\/wp-content\/uploads\/2020\/01\/iask-v4-fellowship-application-form-2020.docx?x73305\">Declaration of Honour iASK V4\u00a0 CFA 2020 Spring<\/a><\/strong><\/p>\n<p><a href=\"http:\/\/archive.iask.hu\/wp-content\/uploads\/2020\/01\/iask-v4-fellowship-application-form-2020.docx?x73305\"><strong>iASK V4 Fellowship 2020 Application Form<\/strong><\/a><\/p>\n<p>&nbsp;<\/p>","protected":false},"excerpt":{"rendered":"<p>&nbsp; The Institute of Advanced Studies K\u0151szeg (iASK) is launching a fellowship program to support the research of young scholars who are completing or have recently completed their doctoral studies on the topic of V4 countries and\/or Central Europe. The fellowship offers access to the resources of iASK to exceptionally talented young researchers so they&hellip;<\/p>\n","protected":false},"author":41,"featured_media":15574,"parent":1703,"menu_order":11,"comment_status":"closed","ping_status":"closed","template":"","meta":{"footnotes":""},"yoast_head":"<!-- This site is optimized with the Yoast SEO plugin v16.7 - https:\/\/yoast.com\/wordpress\/plugins\/seo\/ -->\n<title>P\u00e1ly\u00e1zati felh\u00edv\u00e1s \u2013 A V4 \u00e9s K\u00f6z\u00e9p-Eur\u00f3pa 2020 \u2013 Az FTI-iASK Kutat\u00f3i \u00f6szt\u00f6nd\u00edja - iASK - Fels\u0151bbfok\u00fa Tanulm\u00e1nyok Int\u00e9zete, K\u0151szeg<\/title>\n<meta name=\"robots\" content=\"index, follow, max-snippet:-1, max-image-preview:large, max-video-preview:-1\" \/>\n<link rel=\"canonical\" href=\"https:\/\/archive.iask.hu\/en\/fellowships\/research-fellowships\/call-for-applications-v4-and-central-europe-fellowships-at-iask\/\" \/>\n<meta property=\"og:locale\" content=\"hu_HU\" \/>\n<meta property=\"og:type\" content=\"article\" \/>\n<meta property=\"og:title\" content=\"P\u00e1ly\u00e1zati felh\u00edv\u00e1s \u2013 A V4 \u00e9s K\u00f6z\u00e9p-Eur\u00f3pa 2020 \u2013 Az FTI-iASK Kutat\u00f3i \u00f6szt\u00f6nd\u00edja - iASK - Fels\u0151bbfok\u00fa Tanulm\u00e1nyok Int\u00e9zete, K\u0151szeg\" \/>\n<meta property=\"og:description\" content=\"&nbsp; The Institute of Advanced Studies K\u0151szeg (iASK) is launching a fellowship program to support the research of young scholars who are completing or have recently completed their doctoral studies on the topic of V4 countries and\/or Central Europe. The fellowship offers access to the resources of iASK to exceptionally talented young researchers so they&hellip;\" \/>\n<meta property=\"og:url\" content=\"https:\/\/archive.iask.hu\/en\/fellowships\/research-fellowships\/call-for-applications-v4-and-central-europe-fellowships-at-iask\/\" \/>\n<meta property=\"og:site_name\" content=\"iASK - Fels\u0151bbfok\u00fa Tanulm\u00e1nyok Int\u00e9zete, K\u0151szeg\" \/>\n<meta property=\"article:modified_time\" content=\"2020-02-20T13:50:15+00:00\" \/>\n<meta property=\"og:image\" content=\"http:\/\/archive.iask.hu\/wp-content\/uploads\/2020\/01\/v4.jpg\" \/>\n\t<meta property=\"og:image:width\" content=\"700\" \/>\n\t<meta property=\"og:image:height\" content=\"394\" \/>\n<meta name=\"twitter:card\" content=\"summary_large_image\" \/>\n<meta name=\"twitter:label1\" content=\"Becs\u00fclt olvas\u00e1si id\u0151\" \/>\n\t<meta name=\"twitter:data1\" content=\"4 perc\" \/>\n<script type=\"application\/ld+json\" class=\"yoast-schema-graph\">{\"@context\":\"https:\/\/schema.org\",\"@graph\":[{\"@type\":\"WebSite\",\"@id\":\"https:\/\/archive.iask.hu\/en\/#website\",\"url\":\"https:\/\/archive.iask.hu\/en\/\",\"name\":\"iASK - Fels\\u0151bbfok\\u00fa Tanulm\\u00e1nyok Int\\u00e9zete, K\\u0151szeg\",\"description\":\"Az Int\\u00e9zet c\\u00e9lja, hogy egy\\u00fcv\\u00e9 szervezze a szellemileg nyitott, b\\u00e1tor, egym\\u00e1ssal egy\\u00fcttm\\u0171k\\u00f6dni k\\u00edv\\u00e1n\\u00f3, alkot\\u00f3 \\u00e9s gondolkod\\u00f3 szakembereket \\u00e9s tud\\u00f3sokat.\",\"potentialAction\":[{\"@type\":\"SearchAction\",\"target\":{\"@type\":\"EntryPoint\",\"urlTemplate\":\"https:\/\/archive.iask.hu\/en\/?s={search_term_string}\"},\"query-input\":\"required name=search_term_string\"}],\"inLanguage\":\"hu\"},{\"@type\":\"ImageObject\",\"@id\":\"https:\/\/archive.iask.hu\/en\/fellowships\/research-fellowships\/call-for-applications-v4-and-central-europe-fellowships-at-iask\/#primaryimage\",\"inLanguage\":\"hu\",\"url\":\"https:\/\/archive.iask.hu\/wp-content\/uploads\/2020\/01\/v4.jpg\",\"contentUrl\":\"https:\/\/archive.iask.hu\/wp-content\/uploads\/2020\/01\/v4.jpg\",\"width\":700,\"height\":394},{\"@type\":\"WebPage\",\"@id\":\"https:\/\/archive.iask.hu\/en\/fellowships\/research-fellowships\/call-for-applications-v4-and-central-europe-fellowships-at-iask\/#webpage\",\"url\":\"https:\/\/archive.iask.hu\/en\/fellowships\/research-fellowships\/call-for-applications-v4-and-central-europe-fellowships-at-iask\/\",\"name\":\"P\\u00e1ly\\u00e1zati felh\\u00edv\\u00e1s \\u2013 A V4 \\u00e9s K\\u00f6z\\u00e9p-Eur\\u00f3pa 2020 \\u2013 Az FTI-iASK Kutat\\u00f3i \\u00f6szt\\u00f6nd\\u00edja - iASK - Fels\\u0151bbfok\\u00fa Tanulm\\u00e1nyok Int\\u00e9zete, K\\u0151szeg\",\"isPartOf\":{\"@id\":\"https:\/\/archive.iask.hu\/en\/#website\"},\"primaryImageOfPage\":{\"@id\":\"https:\/\/archive.iask.hu\/en\/fellowships\/research-fellowships\/call-for-applications-v4-and-central-europe-fellowships-at-iask\/#primaryimage\"},\"datePublished\":\"2019-12-10T14:32:48+00:00\",\"dateModified\":\"2020-02-20T13:50:15+00:00\",\"breadcrumb\":{\"@id\":\"https:\/\/archive.iask.hu\/en\/fellowships\/research-fellowships\/call-for-applications-v4-and-central-europe-fellowships-at-iask\/#breadcrumb\"},\"inLanguage\":\"hu\",\"potentialAction\":[{\"@type\":\"ReadAction\",\"target\":[\"https:\/\/archive.iask.hu\/en\/fellowships\/research-fellowships\/call-for-applications-v4-and-central-europe-fellowships-at-iask\/\"]}]},{\"@type\":\"BreadcrumbList\",\"@id\":\"https:\/\/archive.iask.hu\/en\/fellowships\/research-fellowships\/call-for-applications-v4-and-central-europe-fellowships-at-iask\/#breadcrumb\",\"itemListElement\":[{\"@type\":\"ListItem\",\"position\":1,\"name\":\"Home\",\"item\":\"https:\/\/archive.iask.hu\/en\/\"},{\"@type\":\"ListItem\",\"position\":2,\"name\":\"Fellowships\",\"item\":\"https:\/\/archive.iask.hu\/en\/fellowships\/\"},{\"@type\":\"ListItem\",\"position\":3,\"name\":\"Research Fellowships\",\"item\":\"https:\/\/archive.iask.hu\/hu\/osztondij\/kutatoi-osztondijak\/\"},{\"@type\":\"ListItem\",\"position\":4,\"name\":\"Call for Applications \\u2013 V4 and Central Europe Fellowships at iASK\"}]}]}<\/script>\n<!-- \/ Yoast SEO plugin. -->","yoast_head_json":{"title":"P\u00e1ly\u00e1zati felh\u00edv\u00e1s \u2013 A V4 \u00e9s K\u00f6z\u00e9p-Eur\u00f3pa 2020 \u2013 Az FTI-iASK Kutat\u00f3i \u00f6szt\u00f6nd\u00edja - iASK - Fels\u0151bbfok\u00fa Tanulm\u00e1nyok Int\u00e9zete, K\u0151szeg","robots":{"index":"index","follow":"follow","max-snippet":"max-snippet:-1","max-image-preview":"max-image-preview:large","max-video-preview":"max-video-preview:-1"},"canonical":"https:\/\/archive.iask.hu\/en\/fellowships\/research-fellowships\/call-for-applications-v4-and-central-europe-fellowships-at-iask\/","og_locale":"hu_HU","og_type":"article","og_title":"P\u00e1ly\u00e1zati felh\u00edv\u00e1s \u2013 A V4 \u00e9s K\u00f6z\u00e9p-Eur\u00f3pa 2020 \u2013 Az FTI-iASK Kutat\u00f3i \u00f6szt\u00f6nd\u00edja - iASK - Fels\u0151bbfok\u00fa Tanulm\u00e1nyok Int\u00e9zete, K\u0151szeg","og_description":"&nbsp; The Institute of Advanced Studies K\u0151szeg (iASK) is launching a fellowship program to support the research of young scholars who are completing or have recently completed their doctoral studies on the topic of V4 countries and\/or Central Europe. The fellowship offers access to the resources of iASK to exceptionally talented young researchers so they&hellip;","og_url":"https:\/\/archive.iask.hu\/en\/fellowships\/research-fellowships\/call-for-applications-v4-and-central-europe-fellowships-at-iask\/","og_site_name":"iASK - Fels\u0151bbfok\u00fa Tanulm\u00e1nyok Int\u00e9zete, K\u0151szeg","article_modified_time":"2020-02-20T13:50:15+00:00","og_image":[{"width":700,"height":394,"url":"http:\/\/archive.iask.hu\/wp-content\/uploads\/2020\/01\/v4.jpg","path":"\/home\/archive\/public_html\/wp-content\/uploads\/2020\/01\/v4.jpg","size":"full","id":15574,"alt":"","pixels":275800,"type":"image\/jpeg"}],"twitter_card":"summary_large_image","twitter_misc":{"Becs\u00fclt olvas\u00e1si id\u0151":"4 perc"},"schema":{"@context":"https:\/\/schema.org","@graph":[{"@type":"WebSite","@id":"https:\/\/archive.iask.hu\/en\/#website","url":"https:\/\/archive.iask.hu\/en\/","name":"iASK - Fels\u0151bbfok\u00fa Tanulm\u00e1nyok Int\u00e9zete, K\u0151szeg","description":"Az Int\u00e9zet c\u00e9lja, hogy egy\u00fcv\u00e9 szervezze a szellemileg nyitott, b\u00e1tor, egym\u00e1ssal egy\u00fcttm\u0171k\u00f6dni k\u00edv\u00e1n\u00f3, alkot\u00f3 \u00e9s gondolkod\u00f3 szakembereket \u00e9s tud\u00f3sokat.","potentialAction":[{"@type":"SearchAction","target":{"@type":"EntryPoint","urlTemplate":"https:\/\/archive.iask.hu\/en\/?s={search_term_string}"},"query-input":"required name=search_term_string"}],"inLanguage":"hu"},{"@type":"ImageObject","@id":"https:\/\/archive.iask.hu\/en\/fellowships\/research-fellowships\/call-for-applications-v4-and-central-europe-fellowships-at-iask\/#primaryimage","inLanguage":"hu","url":"https:\/\/archive.iask.hu\/wp-content\/uploads\/2020\/01\/v4.jpg","contentUrl":"https:\/\/archive.iask.hu\/wp-content\/uploads\/2020\/01\/v4.jpg","width":700,"height":394},{"@type":"WebPage","@id":"https:\/\/archive.iask.hu\/en\/fellowships\/research-fellowships\/call-for-applications-v4-and-central-europe-fellowships-at-iask\/#webpage","url":"https:\/\/archive.iask.hu\/en\/fellowships\/research-fellowships\/call-for-applications-v4-and-central-europe-fellowships-at-iask\/","name":"P\u00e1ly\u00e1zati felh\u00edv\u00e1s \u2013 A V4 \u00e9s K\u00f6z\u00e9p-Eur\u00f3pa 2020 \u2013 Az FTI-iASK Kutat\u00f3i \u00f6szt\u00f6nd\u00edja - iASK - Fels\u0151bbfok\u00fa Tanulm\u00e1nyok Int\u00e9zete, K\u0151szeg","isPartOf":{"@id":"https:\/\/archive.iask.hu\/en\/#website"},"primaryImageOfPage":{"@id":"https:\/\/archive.iask.hu\/en\/fellowships\/research-fellowships\/call-for-applications-v4-and-central-europe-fellowships-at-iask\/#primaryimage"},"datePublished":"2019-12-10T14:32:48+00:00","dateModified":"2020-02-20T13:50:15+00:00","breadcrumb":{"@id":"https:\/\/archive.iask.hu\/en\/fellowships\/research-fellowships\/call-for-applications-v4-and-central-europe-fellowships-at-iask\/#breadcrumb"},"inLanguage":"hu","potentialAction":[{"@type":"ReadAction","target":["https:\/\/archive.iask.hu\/en\/fellowships\/research-fellowships\/call-for-applications-v4-and-central-europe-fellowships-at-iask\/"]}]},{"@type":"BreadcrumbList","@id":"https:\/\/archive.iask.hu\/en\/fellowships\/research-fellowships\/call-for-applications-v4-and-central-europe-fellowships-at-iask\/#breadcrumb","itemListElement":[{"@type":"ListItem","position":1,"name":"Home","item":"https:\/\/archive.iask.hu\/en\/"},{"@type":"ListItem","position":2,"name":"Fellowships","item":"https:\/\/archive.iask.hu\/en\/fellowships\/"},{"@type":"ListItem","position":3,"name":"Research Fellowships","item":"https:\/\/archive.iask.hu\/hu\/osztondij\/kutatoi-osztondijak\/"},{"@type":"ListItem","position":4,"name":"Call for Applications \u2013 V4 and Central Europe Fellowships at iASK"}]}]}},"_links":{"self":[{"href":"https:\/\/archive.iask.hu\/hu\/wp-json\/wp\/v2\/pages\/15573"}],"collection":[{"href":"https:\/\/archive.iask.hu\/hu\/wp-json\/wp\/v2\/pages"}],"about":[{"href":"https:\/\/archive.iask.hu\/hu\/wp-json\/wp\/v2\/types\/page"}],"author":[{"embeddable":true,"href":"https:\/\/archive.iask.hu\/hu\/wp-json\/wp\/v2\/users\/41"}],"replies":[{"embeddable":true,"href":"https:\/\/archive.iask.hu\/hu\/wp-json\/wp\/v2\/comments?post=15573"}],"version-history":[{"count":1,"href":"https:\/\/archive.iask.hu\/hu\/wp-json\/wp\/v2\/pages\/15573\/revisions"}],"predecessor-version":[{"id":15575,"href":"https:\/\/archive.iask.hu\/hu\/wp-json\/wp\/v2\/pages\/15573\/revisions\/15575"}],"up":[{"embeddable":true,"href":"https:\/\/archive.iask.hu\/hu\/wp-json\/wp\/v2\/pages\/1703"}],"wp:featuredmedia":[{"embeddable":true,"href":"https:\/\/archive.iask.hu\/hu\/wp-json\/wp\/v2\/media\/15574"}],"wp:attachment":[{"href":"https:\/\/archive.iask.hu\/hu\/wp-json\/wp\/v2\/media?parent=15573"}],"curies":[{"name":"wp","href":"https:\/\/api.w.org\/{rel}","templated":true}]}}