{"id":15589,"date":"2020-01-14T11:54:38","date_gmt":"2020-01-14T10:54:38","guid":{"rendered":"https:\/\/archive.iask.hu\/?page_id=15589"},"modified":"2020-01-14T13:04:25","modified_gmt":"2020-01-14T12:04:25","slug":"order","status":"publish","type":"page","link":"https:\/\/archive.iask.hu\/hu\/konyvrendeles\/","title":{"rendered":"K\u00f6nyvrendel\u00e9s"},"content":{"rendered":"<p>[vc_row][vc_column]<div role=\"form\" class=\"wpcf7\" id=\"wpcf7-f15588-o2\" lang=\"en-US\" dir=\"ltr\">\n<div class=\"screen-reader-response\"><p role=\"status\" aria-live=\"polite\" aria-atomic=\"true\"><\/p> <ul><\/ul><\/div>\n<form action=\"\/hu\/wp-json\/wp\/v2\/pages\/15589#wpcf7-f15588-o2\" method=\"post\" class=\"wpcf7-form init\" novalidate=\"novalidate\" data-status=\"init\">\n<div style=\"display: none;\">\n<input type=\"hidden\" name=\"_wpcf7\" value=\"15588\" \/>\n<input type=\"hidden\" name=\"_wpcf7_version\" value=\"5.4.2\" \/>\n<input type=\"hidden\" name=\"_wpcf7_locale\" value=\"en_US\" \/>\n<input type=\"hidden\" name=\"_wpcf7_unit_tag\" value=\"wpcf7-f15588-o2\" \/>\n<input type=\"hidden\" name=\"_wpcf7_container_post\" value=\"0\" \/>\n<input type=\"hidden\" name=\"_wpcf7_posted_data_hash\" value=\"\" \/>\n<input type=\"hidden\" name=\"_wpcf7_recaptcha_response\" value=\"\" \/>\n<\/div>\n<div id=\"book-order-form\">\n<div class=\"row\">\n<div class=\"col-2\">\n\t\t\t<label> N\u00e9v (k\u00f6telez\u0151)<br \/>\n\t\t\t<span class=\"wpcf7-form-control-wrap your-name\"><input type=\"text\" name=\"your-name\" value=\"\" size=\"40\" class=\"wpcf7-form-control wpcf7-text wpcf7-validates-as-required\" aria-required=\"true\" aria-invalid=\"false\" \/><\/span> <\/label>\n\t\t<\/div>\n<div class=\"col-2\">\n\t\t\t<label> Telefonsz\u00e1m (k\u00f6telez\u0151)<br \/>\n\t\t\t<span class=\"wpcf7-form-control-wrap your-phone\"><input type=\"tel\" name=\"your-phone\" value=\"\" size=\"40\" class=\"wpcf7-form-control wpcf7-text wpcf7-tel wpcf7-validates-as-required wpcf7-validates-as-tel\" aria-required=\"true\" aria-invalid=\"false\" \/><\/span> <\/label>\n\t\t<\/div>\n<\/div>\n<div class=\"row\">\n<div class=\"col-2\">\n\t\t\t<label> Kapcsolattart\u00f3 (k\u00f6telez\u0151)<br \/>\n\t\t\t    <span class=\"wpcf7-form-control-wrap contact\"><input type=\"text\" name=\"contact\" value=\"\" size=\"40\" class=\"wpcf7-form-control wpcf7-text wpcf7-validates-as-required\" aria-required=\"true\" aria-invalid=\"false\" \/><\/span> <\/label>\n\t\t<\/div>\n<div class=\"col-2\">\n\t\t\t<label> Kapcsolattart\u00f3 e-mail c\u00edme (k\u00f6telez\u0151)<br \/>\n\t\t\t    <span class=\"wpcf7-form-control-wrap contact-email\"><input type=\"email\" name=\"contact-email\" value=\"\" size=\"40\" class=\"wpcf7-form-control wpcf7-text wpcf7-email wpcf7-validates-as-required wpcf7-validates-as-email\" aria-required=\"true\" aria-invalid=\"false\" \/><\/span> <\/label>\n\t\t<\/div>\n<\/div>\n<h3>Sz\u00e1ll\u00edt\u00e1si c\u00edm<\/h3>\n<div class=\"row\">\n<div class=\"col-2\">\n\t\t\t<label> N\u00e9v (k\u00f6telez\u0151)<br \/>\n\t\t\t\t<span class=\"wpcf7-form-control-wrap shipping-name\"><input type=\"text\" name=\"shipping-name\" value=\"\" size=\"40\" class=\"wpcf7-form-control wpcf7-text wpcf7-validates-as-required\" aria-required=\"true\" aria-invalid=\"false\" \/><\/span> <\/label>\n\t\t<\/div>\n<div class=\"col-2\">\n\t\t\t<label> C\u00edm (k\u00f6telez\u0151)<br \/>\n\t\t\t    <span class=\"wpcf7-form-control-wrap shipping-address\"><input type=\"text\" name=\"shipping-address\" value=\"\" size=\"40\" class=\"wpcf7-form-control wpcf7-text wpcf7-validates-as-required\" aria-required=\"true\" aria-invalid=\"false\" \/><\/span> <\/label>\n\t\t<\/div>\n<\/div>\n<h3>Sz\u00e1ml\u00e1z\u00e1si c\u00edm<\/h3>\n<div class=\"row\">\n<div class=\"col-2\">\n\t\t\t<label> N\u00e9v (k\u00f6telez\u0151)<br \/>\n\t\t\t    <span class=\"wpcf7-form-control-wrap billing-name\"><input type=\"text\" name=\"billing-name\" value=\"\" size=\"40\" class=\"wpcf7-form-control wpcf7-text wpcf7-validates-as-required\" aria-required=\"true\" aria-invalid=\"false\" \/><\/span> <\/label>\n\t\t<\/div>\n<div class=\"col-2\">\n\t\t\t<label> C\u00edm (k\u00f6telez\u0151)<br \/>\n\t\t\t    <span class=\"wpcf7-form-control-wrap billing-address\"><input type=\"text\" name=\"billing-address\" value=\"\" size=\"40\" class=\"wpcf7-form-control wpcf7-text wpcf7-validates-as-required\" aria-required=\"true\" aria-invalid=\"false\" \/><\/span> <\/label>\n\t\t<\/div>\n<\/div>\n<p>\t<label> Ad\u00f3sz\u00e1m (c\u00e9g eset\u00e9n)<br \/>\n\t    <span class=\"wpcf7-form-control-wrap tax-number\"><input type=\"text\" name=\"tax-number\" value=\"\" size=\"40\" class=\"wpcf7-form-control wpcf7-text\" aria-invalid=\"false\" \/><\/span> <\/label><\/p>\n<p>\t<label> Az al\u00e1bbi k\u00f6nyveket szeretn\u00e9m megrendelni (k\u00f6telez\u0151)<br \/>\n\t    <span class=\"wpcf7-form-control-wrap your-order\"><textarea name=\"your-order\" cols=\"40\" rows=\"10\" class=\"wpcf7-form-control wpcf7-textarea wpcf7-validates-as-required\" aria-required=\"true\" aria-invalid=\"false\"><\/textarea><\/span> <\/label><\/p>\n<p>\tA term\u00e9kek mellett felt\u00fcntetett \u00e1rak brutt\u00f3 \u00e1rak, tartalmazz\u00e1k az \u00c1ltal\u00e1nos Forgalmi Ad\u00f3t (\u00c1F\u00c1-t).<br \/>\n\tA megrendelt k\u00f6nyvek szem\u00e9lyesen \u00e1tvehet\u0151k (9730 K\u0151szeg, Chernel u. 14.) vagy post\u00e1n k\u00fcldj\u00fck el \u0151ket. Post\u00e1z\u00e1s eset\u00e9n a sz\u00e1ll\u00edt\u00e1si k\u00f6lts\u00e9g a megrendel\u0151t terheli, amelynek \u00f6sszege a mindenkori postai d\u00edjszab\u00e1snak megfelel\u0151.<br \/>\n\tA csomag \u00f6ssze\u00e1ll\u00edt\u00e1sakor sz\u00e1ll\u00edt\u00f3levelet mell\u00e9kel\u00fcnk, ami t\u00e9telesen tartalmazza az egyes k\u00f6teteket, a sz\u00e1mla pedig ut\u00f3lag ker\u00fcl ki\u00e1ll\u00edt\u00e1sra \u00e9s k\u00fcl\u00f6n post\u00e1zzuk. A sz\u00e1mla kiegyenl\u00edt\u00e9s\u00e9re banki \u00e1tutal\u00e1ssal van lehet\u0151s\u00e9g.<br \/>\n\tK\u00e9rj\u00fck, hogy a csomag meg\u00e9rkez\u00e9s\u00e9t jelezz\u00e9k az <a href=\"&#x6d;&#x61;&#x69;&#x6c;&#116;&#111;&#58;&#105;nfo&#x40;&#x61;&#x72;&#x63;&#x68;&#105;&#118;&#101;&#46;ia&#x73;&#x6b;&#x2e;&#x68;&#x75;\">&#105;&#x6e;&#102;&#x6f;&#64;&#x61;r&#x63;h&#x69;v&#101;&#x2e;&#105;&#x61;&#115;&#x6b;&#46;&#x68;u<\/a> e-mail c\u00edmen.<\/p>\n<p>\t<input type=\"submit\" value=\"K\u00fcld\u00e9s\" class=\"wpcf7-form-control wpcf7-submit\" \/>\n<\/p><\/div>\n<div class=\"wpcf7-response-output\" aria-hidden=\"true\"><\/div><\/form><\/div>[\/vc_column][\/vc_row]<\/p>","protected":false},"excerpt":{"rendered":"<p>[vc_row][vc_column][\/vc_column][\/vc_row]<\/p>\n","protected":false},"author":209,"featured_media":0,"parent":0,"menu_order":10,"comment_status":"closed","ping_status":"closed","template":"","meta":{"footnotes":""},"yoast_head":"<!-- This site is optimized with the Yoast SEO plugin v16.7 - https:\/\/yoast.com\/wordpress\/plugins\/seo\/ -->\n<title>K\u00f6nyvrendel\u00e9s - iASK - Fels\u0151bbfok\u00fa Tanulm\u00e1nyok Int\u00e9zete, K\u0151szeg<\/title>\n<meta name=\"robots\" content=\"index, follow, max-snippet:-1, max-image-preview:large, max-video-preview:-1\" \/>\n<link rel=\"canonical\" href=\"http:\/\/archive.iask.hu\/en\/book-ordering\/\" \/>\n<meta property=\"og:locale\" content=\"hu_HU\" \/>\n<meta property=\"og:type\" content=\"article\" \/>\n<meta property=\"og:title\" content=\"K\u00f6nyvrendel\u00e9s - iASK - Fels\u0151bbfok\u00fa Tanulm\u00e1nyok Int\u00e9zete, K\u0151szeg\" \/>\n<meta property=\"og:description\" content=\"[vc_row][vc_column][\/vc_column][\/vc_row]\" \/>\n<meta property=\"og:url\" content=\"http:\/\/archive.iask.hu\/en\/book-ordering\/\" \/>\n<meta property=\"og:site_name\" content=\"iASK - Fels\u0151bbfok\u00fa Tanulm\u00e1nyok Int\u00e9zete, K\u0151szeg\" \/>\n<meta property=\"article:modified_time\" content=\"2020-01-14T12:04:25+00:00\" \/>\n<meta name=\"twitter:card\" content=\"summary_large_image\" \/>\n<script type=\"application\/ld+json\" class=\"yoast-schema-graph\">{\"@context\":\"https:\/\/schema.org\",\"@graph\":[{\"@type\":\"WebSite\",\"@id\":\"https:\/\/archive.iask.hu\/en\/#website\",\"url\":\"https:\/\/archive.iask.hu\/en\/\",\"name\":\"iASK - Fels\\u0151bbfok\\u00fa Tanulm\\u00e1nyok Int\\u00e9zete, K\\u0151szeg\",\"description\":\"Az Int\\u00e9zet c\\u00e9lja, hogy egy\\u00fcv\\u00e9 szervezze a szellemileg nyitott, b\\u00e1tor, egym\\u00e1ssal egy\\u00fcttm\\u0171k\\u00f6dni k\\u00edv\\u00e1n\\u00f3, alkot\\u00f3 \\u00e9s gondolkod\\u00f3 szakembereket \\u00e9s tud\\u00f3sokat.\",\"potentialAction\":[{\"@type\":\"SearchAction\",\"target\":{\"@type\":\"EntryPoint\",\"urlTemplate\":\"https:\/\/archive.iask.hu\/en\/?s={search_term_string}\"},\"query-input\":\"required name=search_term_string\"}],\"inLanguage\":\"hu\"},{\"@type\":\"WebPage\",\"@id\":\"http:\/\/archive.iask.hu\/en\/book-ordering\/#webpage\",\"url\":\"http:\/\/archive.iask.hu\/en\/book-ordering\/\",\"name\":\"K\\u00f6nyvrendel\\u00e9s - iASK - Fels\\u0151bbfok\\u00fa Tanulm\\u00e1nyok Int\\u00e9zete, K\\u0151szeg\",\"isPartOf\":{\"@id\":\"https:\/\/archive.iask.hu\/en\/#website\"},\"datePublished\":\"2020-01-14T10:54:38+00:00\",\"dateModified\":\"2020-01-14T12:04:25+00:00\",\"breadcrumb\":{\"@id\":\"http:\/\/archive.iask.hu\/en\/book-ordering\/#breadcrumb\"},\"inLanguage\":\"hu\",\"potentialAction\":[{\"@type\":\"ReadAction\",\"target\":[\"http:\/\/archive.iask.hu\/en\/book-ordering\/\"]}]},{\"@type\":\"BreadcrumbList\",\"@id\":\"http:\/\/archive.iask.hu\/en\/book-ordering\/#breadcrumb\",\"itemListElement\":[{\"@type\":\"ListItem\",\"position\":1,\"name\":\"Home\",\"item\":\"https:\/\/archive.iask.hu\/en\/\"},{\"@type\":\"ListItem\",\"position\":2,\"name\":\"K\\u00f6nyvrendel\\u00e9s\"}]}]}<\/script>\n<!-- \/ Yoast SEO plugin. -->","yoast_head_json":{"title":"K\u00f6nyvrendel\u00e9s - iASK - Fels\u0151bbfok\u00fa Tanulm\u00e1nyok Int\u00e9zete, K\u0151szeg","robots":{"index":"index","follow":"follow","max-snippet":"max-snippet:-1","max-image-preview":"max-image-preview:large","max-video-preview":"max-video-preview:-1"},"canonical":"http:\/\/archive.iask.hu\/en\/book-ordering\/","og_locale":"hu_HU","og_type":"article","og_title":"K\u00f6nyvrendel\u00e9s - iASK - Fels\u0151bbfok\u00fa Tanulm\u00e1nyok Int\u00e9zete, K\u0151szeg","og_description":"[vc_row][vc_column][\/vc_column][\/vc_row]","og_url":"http:\/\/archive.iask.hu\/en\/book-ordering\/","og_site_name":"iASK - Fels\u0151bbfok\u00fa Tanulm\u00e1nyok Int\u00e9zete, K\u0151szeg","article_modified_time":"2020-01-14T12:04:25+00:00","twitter_card":"summary_large_image","schema":{"@context":"https:\/\/schema.org","@graph":[{"@type":"WebSite","@id":"https:\/\/archive.iask.hu\/en\/#website","url":"https:\/\/archive.iask.hu\/en\/","name":"iASK - Fels\u0151bbfok\u00fa Tanulm\u00e1nyok Int\u00e9zete, K\u0151szeg","description":"Az Int\u00e9zet c\u00e9lja, hogy egy\u00fcv\u00e9 szervezze a szellemileg nyitott, b\u00e1tor, egym\u00e1ssal egy\u00fcttm\u0171k\u00f6dni k\u00edv\u00e1n\u00f3, alkot\u00f3 \u00e9s gondolkod\u00f3 szakembereket \u00e9s tud\u00f3sokat.","potentialAction":[{"@type":"SearchAction","target":{"@type":"EntryPoint","urlTemplate":"https:\/\/archive.iask.hu\/en\/?s={search_term_string}"},"query-input":"required name=search_term_string"}],"inLanguage":"hu"},{"@type":"WebPage","@id":"http:\/\/archive.iask.hu\/en\/book-ordering\/#webpage","url":"http:\/\/archive.iask.hu\/en\/book-ordering\/","name":"K\u00f6nyvrendel\u00e9s - iASK - Fels\u0151bbfok\u00fa Tanulm\u00e1nyok Int\u00e9zete, K\u0151szeg","isPartOf":{"@id":"https:\/\/archive.iask.hu\/en\/#website"},"datePublished":"2020-01-14T10:54:38+00:00","dateModified":"2020-01-14T12:04:25+00:00","breadcrumb":{"@id":"http:\/\/archive.iask.hu\/en\/book-ordering\/#breadcrumb"},"inLanguage":"hu","potentialAction":[{"@type":"ReadAction","target":["http:\/\/archive.iask.hu\/en\/book-ordering\/"]}]},{"@type":"BreadcrumbList","@id":"http:\/\/archive.iask.hu\/en\/book-ordering\/#breadcrumb","itemListElement":[{"@type":"ListItem","position":1,"name":"Home","item":"https:\/\/archive.iask.hu\/en\/"},{"@type":"ListItem","position":2,"name":"K\u00f6nyvrendel\u00e9s"}]}]}},"_links":{"self":[{"href":"https:\/\/archive.iask.hu\/hu\/wp-json\/wp\/v2\/pages\/15589"}],"collection":[{"href":"https:\/\/archive.iask.hu\/hu\/wp-json\/wp\/v2\/pages"}],"about":[{"href":"https:\/\/archive.iask.hu\/hu\/wp-json\/wp\/v2\/types\/page"}],"author":[{"embeddable":true,"href":"https:\/\/archive.iask.hu\/hu\/wp-json\/wp\/v2\/users\/209"}],"replies":[{"embeddable":true,"href":"https:\/\/archive.iask.hu\/hu\/wp-json\/wp\/v2\/comments?post=15589"}],"version-history":[{"count":5,"href":"https:\/\/archive.iask.hu\/hu\/wp-json\/wp\/v2\/pages\/15589\/revisions"}],"predecessor-version":[{"id":15598,"href":"https:\/\/archive.iask.hu\/hu\/wp-json\/wp\/v2\/pages\/15589\/revisions\/15598"}],"wp:attachment":[{"href":"https:\/\/archive.iask.hu\/hu\/wp-json\/wp\/v2\/media?parent=15589"}],"curies":[{"name":"wp","href":"https:\/\/api.w.org\/{rel}","templated":true}]}}