{"id":1660,"date":"2017-12-03T14:09:21","date_gmt":"2017-12-03T14:09:21","guid":{"rendered":"https:\/\/archive.iask.hu\/?page_id=1660"},"modified":"2021-09-27T14:11:30","modified_gmt":"2021-09-27T12:11:30","slug":"kuldetes","status":"publish","type":"page","link":"https:\/\/archive.iask.hu\/hu\/rolunk\/kuldetes\/","title":{"rendered":"K\u00fcldet\u00e9s"},"content":{"rendered":"<p>[vc_row][vc_column][vc_custom_heading text=&#8221;&#8221; use_theme_fonts=&#8221;yes&#8221;][vc_column_text]Az Int\u00e9zet l\u00e9trehoz\u00e1s\u00e1ra egy olyan t\u00f6rt\u00e9nelmi pillanatban ker\u00fcl sor, amikor a vil\u00e1g a mindenre kiterjed\u0151 glob\u00e1lis kisz\u00e1m\u00edthatatlans\u00e1g \u00e9s az egyre er\u0151s\u00f6d\u0151 &#8222;\u00f6sszekapcsolts\u00e1g&#8221;, a szoros k\u00f6lcs\u00f6n\u00f6s f\u00fcgg\u00e9s \u00e1llapot\u00e1ba ker\u00fclt. A sok \u00e9ves el\u0151k\u00e9sz\u00edt\u0151 munk\u00e1nkban ir\u00e1nymutat\u00f3an r\u00e9sztvev\u0151 Hankiss Elem\u00e9r szavaival: a bizonytalans\u00e1g \u00faj korszak\u00e1ba jutottunk. Egyre t\u00f6bben \u00e9rzik Magyarorsz\u00e1gon \u00e9s a nagyvil\u00e1gban &#8211;, hogy t\u00f6bbsz\u00f6r\u00f6s \u00fatel\u00e1gaz\u00e1shoz \u00e9rkezt\u00fcnk.<\/p>\n<p>[\/vc_column_text][vc_empty_space][vc_row_inner][vc_column_inner width=&#8221;1\/4&#8243; offset=&#8221;vc_hidden-sm vc_hidden-xs&#8221;][\/vc_column_inner][vc_column_inner el_class=&#8221;highlighted-text-width-left-line&#8221; width=&#8221;1\/2&#8243;][vc_column_text]<strong>Merre tov\u00e1bb?<\/strong><\/p>\n<p><strong>Milyen lesz az \u00e9let\u00fcnk t\u00edz, harminc, \u00f6tven \u00e9v m\u00falva?<\/strong><\/p>\n<p><strong>Egy\u00e1ltal\u00e1n \u00e9let lesz-e az, vagy teng\u0151d\u00e9s?<\/strong>[\/vc_column_text][\/vc_column_inner][vc_column_inner width=&#8221;1\/4&#8243; offset=&#8221;vc_hidden-sm vc_hidden-xs&#8221;][\/vc_column_inner][\/vc_row_inner][vc_empty_space][vc_column_text]A rohamos n\u00e9pess\u00e9gn\u00f6veked\u00e9s \u00e9s az ellen\u0151rizhetetlen migr\u00e1ci\u00f3, az \u00e9ghajlatv\u00e1ltoz\u00e1s, ezek \u00f6sszefon\u00f3d\u00f3 hat\u00e1sak\u00e9nt a gyors urbaniz\u00e1ci\u00f3 \u00e9s a fokoz\u00f3d\u00f3 v\u00e1rossz\u00e9li nyomor, a term\u00e9szetes \u00e9l\u0151helyek zsugorod\u00e1sa &#8211; dr\u00e1mai jelek F\u00f6ld\u00fcnk \u00e1llapot\u00e1r\u00f3l. S ha e glob\u00e1lis v\u00e1ls\u00e1gjelek alapj\u00e1n vizsg\u00e1ljuk a vil\u00e1g nagy r\u00e9gi\u00f3inak politikai instabilit\u00e1s\u00e1t, a fokoz\u00f3d\u00f3 er\u0151szakot, a lezajlott \u00e9s az el\u0151re sejthet\u0151 p\u00e9nz\u00fcgyi v\u00e1ls\u00e1gokat, egyre csak szaporodnak a k\u00e9rd\u00e9sek \u00e9s egyre nehezebb megnyugtat\u00f3 v\u00e1laszokat tal\u00e1lni.[\/vc_column_text][vc_empty_space][\/vc_column][\/vc_row][vc_row][vc_column width=&#8221;1\/2&#8243; el_class=&#8221;highlighted-text-width-left-line&#8221;][vc_column_text]<strong>K\u00e9pesek lesz\u00fcnk-e megbirk\u00f3zni, \u00e9s ha igen, milyen \u00e1ron ezekkel a halmoz\u00f3d\u00f3 hat\u00e1sokkal?<\/strong><\/p>\n<p><strong>K\u00e9pesek vagyunk-e kreat\u00edvan alkalmazkodni a v\u00e1ltoz\u00e1sokhoz \u00e9s feltal\u00e1lni magunkat egyre v\u00e1ratlanabb helyzetekben?<\/strong><\/p>\n<p><strong>Tal\u00e1lunk-e alkalmas v\u00e1laszokat, tudjuk-e majd mindennapi \u00e9let\u00fcnkben alkalmazni az \u00faj megold\u00e1sokat?<\/strong>[\/vc_column_text][\/vc_column][vc_column width=&#8221;1\/2&#8243; el_class=&#8221;highlighted-text-width-left-line&#8221;][vc_column_text]<strong>Nem tartanak-e minket v\u00e9gs\u0151 fogs\u00e1gban elavult eszm\u00e9k \u00e9s v\u00e1ltoz\u00e1sra k\u00e9ptelen int\u00e9zm\u00e9nyek?<\/strong><\/p>\n<p><strong>Mi lesz vel\u00fcnk?<\/strong><\/p>\n<p><strong>Mi lesz a gyerekeinkkel?<\/strong><\/p>\n<p><strong>Mi lesz a f\u00f6ldi \u00e9lettel?<\/strong><\/p>\n<p><strong>Fenntarthat\u00f3 p\u00e1ly\u00e1n mozog-e az emberis\u00e9g, vagy rohanunk az \u00f6sszeoml\u00e1s fel\u00e9?<\/strong>[\/vc_column_text][\/vc_column][\/vc_row][vc_row][vc_column][vc_empty_space][vc_column_text]Emberek milli\u00f3i, kutat\u00f3k \u00e9s politikusok is &#8211; jobb h\u00edj\u00e1n &#8211; m\u00e9g mindig k\u00e9ts\u00e9gbeesetten kapaszkodnak nem l\u00e9tez\u0151 vagy sz\u00e9tm\u00e1ll\u00f3 &#8216;bizonyoss\u00e1gokba&#8217;. A hagyom\u00e1nyos \u00e9rtelmez\u00e9si keretek azonban m\u00e1r nem ny\u00fajtanak el\u00e9gs\u00e9ges t\u00e1mpontokat. Vil\u00e1gunk bonyolultan \u00f6sszetett\u00e9 v\u00e1lt, &#8222;komplex&#8221; lett. A folyamatok olykor sz\u00e9d\u00fcletesen gyorsak, egym\u00e1snak ellentmond\u00f3ak, \u00e9s egyre gyakrabban torkollnak szinte kibogozhatatlan konfliktusokba. \u00dagy \u00e9rezz\u00fck, hogy iskolai tanulm\u00e1nyaink nem, vagy csak alig v\u00e9rteztek fel a r\u00e1nk leselked\u0151, fenyeget\u0151 vesz\u00e9lyek ellen. Pontosnak hitt fogalmaink, emberi \u00e9s t\u00e1rsadalmi viszonyaink, reform\u00e1lgatott int\u00e9zm\u00e9nyeink, vagyis a minket k\u00f6r\u00fclvev\u0151 vil\u00e1g kezd &#8222;megb\u00edzhatatlann\u00e1&#8221; v\u00e1lni. A bizonytalans\u00e1g \u00e9s az \u00e1ltal\u00e1nos bizalomveszt\u00e9s kor\u00e1ban \u00e9l\u00fcnk. Ebben a helyzetben hangs\u00falyosan vet\u0151dik fel a jelens\u00e9gek meg\u00e9rt\u00e9s\u00e9t \u00e9s az \u00f6sszef\u00fcgg\u00e9sek magyar\u00e1zat\u00e1t ny\u00fajt\u00f3 tudom\u00e1ny szerepe \u00e9s feladata, \u00e9s k\u00fcl\u00f6n nyomat\u00e9kot kap a legbonyolultabb jelens\u00e9ggel, az emberi t\u00e1rsadalommal foglalkoz\u00f3 tudom\u00e1nyok felel\u0151ss\u00e9ge.<\/p>\n<p>[\/vc_column_text][vc_empty_space][vc_column_text]Az Int\u00e9zet azt tekinti feladat\u00e1nak, hogy orsz\u00e1ghat\u00e1rokon \u00e1t\u00edvel\u0151 k\u00f6z\u00f6s gondolkod\u00e1ssal v\u00e1laszt keressen olyan \u00e9get\u0151 k\u00e9rd\u00e9sekre, mint p\u00e9ld\u00e1ul:[\/vc_column_text]<div class=\"smile_icon_list_wrap ult_info_list_container ult-adjust-bottom-margin iask-icon-list \"><ul class=\"smile_icon_list left circle with_bg\"><li class=\"icon_list_item\" style=\" font-size:72px;\"><div class=\"icon_list_icon\" data-animation=\"\" data-animation-delay=\"03\" style=\"font-size:24px;border-width:1px;border-style:none;background:#ffffff;color:#00b0dc;border-color:#333333;\"><i class=\"Defaults-book\" ><\/i><\/div><div class=\"icon_description\" id=\"Info-list-wrap-3050\" style=\"font-size:24px;\"><div class=\"icon_description_text ult-responsive\"  data-ultimate-target='#Info-list-wrap-3050 .icon_description_text'  data-responsive-json-new='{\"font-size\":\"desktop:16px;\",\"line-height\":\"desktop:18px;\"}'  style=\"\"><p><em>Fenntarthat\u00f3-e a gazdas\u00e1gi n\u00f6veked\u00e9s?<\/em><\/p>\n<\/div><\/div><div class=\"icon_list_connector\"  style=\"border: none !important;\"><\/div><\/li><li class=\"icon_list_item\" style=\" font-size:72px;\"><div class=\"icon_list_icon\" data-animation=\"\" data-animation-delay=\"03\" style=\"font-size:24px;border-width:1px;border-style:none;background:#ffffff;color:#00b0dc;border-color:#333333;\"><i class=\"Defaults-book\" ><\/i><\/div><div class=\"icon_description\" id=\"Info-list-wrap-6590\" style=\"font-size:24px;\"><div class=\"icon_description_text ult-responsive\"  data-ultimate-target='#Info-list-wrap-6590 .icon_description_text'  data-responsive-json-new='{\"font-size\":\"desktop:16px;\",\"line-height\":\"desktop:18px;\"}'  style=\"\"><p><em>Fenntarthat\u00f3-e a bioszf\u00e9ra eg\u00e9szs\u00e9ges \u00e1llapota, vagy egyre n\u00f6vekv\u0151 csizm\u00e1nkkal sz\u00e9t fogjuk taposni azt?<\/em><\/p>\n<\/div><\/div><div class=\"icon_list_connector\"  style=\"border: none !important;\"><\/div><\/li><li class=\"icon_list_item\" style=\" font-size:72px;\"><div class=\"icon_list_icon\" data-animation=\"\" data-animation-delay=\"03\" style=\"font-size:24px;border-width:1px;border-style:none;background:#ffffff;color:#00b0dc;border-color:#333333;\"><i class=\"Defaults-book\" ><\/i><\/div><div class=\"icon_description\" id=\"Info-list-wrap-3616\" style=\"font-size:24px;\"><div class=\"icon_description_text ult-responsive\"  data-ultimate-target='#Info-list-wrap-3616 .icon_description_text'  data-responsive-json-new='{\"font-size\":\"desktop:16px;\",\"line-height\":\"desktop:18px;\"}'  style=\"\"><p><em>Egy\u00e1ltal\u00e1n fenntarthat\u00f3-e a fenntarthat\u00f3s\u00e1g \u00e1ltal\u00e1nos k\u00e9pzete?<\/em><\/p>\n<\/div><\/div><div class=\"icon_list_connector\"  style=\"border: none !important;\"><\/div><\/li><li class=\"icon_list_item\" style=\" font-size:72px;\"><div class=\"icon_list_icon\" data-animation=\"\" data-animation-delay=\"03\" style=\"font-size:24px;border-width:1px;border-style:none;background:#ffffff;color:#00b0dc;border-color:#333333;\"><i class=\"Defaults-book\" ><\/i><\/div><div class=\"icon_description\" id=\"Info-list-wrap-4112\" style=\"font-size:24px;\"><div class=\"icon_description_text ult-responsive\"  data-ultimate-target='#Info-list-wrap-4112 .icon_description_text'  data-responsive-json-new='{\"font-size\":\"desktop:16px;\",\"line-height\":\"desktop:18px;\"}'  style=\"\"><p><em>Meddig lesz el\u00e9g ihat\u00f3 v\u00edz F\u00f6ld\u00fcnk\u00f6n?<\/em><\/p>\n<\/div><\/div><div class=\"icon_list_connector\"  style=\"border: none !important;\"><\/div><\/li><li class=\"icon_list_item\" style=\" font-size:72px;\"><div class=\"icon_list_icon\" data-animation=\"\" data-animation-delay=\"03\" style=\"font-size:24px;border-width:1px;border-style:none;background:#ffffff;color:#00b0dc;border-color:#333333;\"><i class=\"Defaults-book\" ><\/i><\/div><div class=\"icon_description\" id=\"Info-list-wrap-4559\" style=\"font-size:24px;\"><div class=\"icon_description_text ult-responsive\"  data-ultimate-target='#Info-list-wrap-4559 .icon_description_text'  data-responsive-json-new='{\"font-size\":\"desktop:16px;\",\"line-height\":\"desktop:18px;\"}'  style=\"\"><p><em>Lehet-e, s ha igen, mit lehet tenni az\u00e9rt, hogy megsz\u0171njenek a &#8211; rendszerint halmozott okokra visszavezethet\u0151 &#8211; t\u00f6meges exodusok?<\/em><\/p>\n<\/div><\/div><div class=\"icon_list_connector\"  style=\"border: none !important;\"><\/div><\/li><li class=\"icon_list_item\" style=\" font-size:72px;\"><div class=\"icon_list_icon\" data-animation=\"\" data-animation-delay=\"03\" style=\"font-size:24px;border-width:1px;border-style:none;background:#ffffff;color:#00b0dc;border-color:#333333;\"><i class=\"Defaults-book\" ><\/i><\/div><div class=\"icon_description\" id=\"Info-list-wrap-5656\" style=\"font-size:24px;\"><div class=\"icon_description_text ult-responsive\"  data-ultimate-target='#Info-list-wrap-5656 .icon_description_text'  data-responsive-json-new='{\"font-size\":\"desktop:16px;\",\"line-height\":\"desktop:18px;\"}'  style=\"\"><p><em>Adathegyek, &#8222;inform\u00e1ci\u00f3k&#8221; tetej\u00e9n \u00fcl\u00fcnk. L\u00e1thatjuk-e a f\u00e1t\u00f3l az erd\u0151t? Mit kell tenn\u00fcnk az\u00e9rt, hogy a vil\u00e1gunkban \u00e1rad\u00f3 \u00f3ri\u00e1si adatmennyis\u00e9get \u00e9rtelmesen haszn\u00e1lni tudjuk?<\/em><\/p>\n<\/div><\/div><div class=\"icon_list_connector\"  style=\"border: none !important;\"><\/div><\/li><li class=\"icon_list_item\" style=\" font-size:72px;\"><div class=\"icon_list_icon\" data-animation=\"\" data-animation-delay=\"03\" style=\"font-size:24px;border-width:1px;border-style:none;background:#ffffff;color:#00b0dc;border-color:#333333;\"><i class=\"Defaults-book\" ><\/i><\/div><div class=\"icon_description\" id=\"Info-list-wrap-5685\" style=\"font-size:24px;\"><div class=\"icon_description_text ult-responsive\"  data-ultimate-target='#Info-list-wrap-5685 .icon_description_text'  data-responsive-json-new='{\"font-size\":\"desktop:16px;\",\"line-height\":\"desktop:18px;\"}'  style=\"\"><p><em>H\u00e1nyf\u00e9le tud\u00e1sra van sz\u00fcks\u00e9g\u00fcnk? Mit adhat a tudom\u00e1ny, a m\u0171v\u00e9szet, s mit a kett\u0151 kapcsolata? Mit tesz a bal \u00e9s mit a jobb agyf\u00e9ltek\u00e9nk? \u00c9rtj\u00fck-e az alkot\u00e1s folyamat\u00e1t?<\/em><\/p>\n<\/div><\/div><div class=\"icon_list_connector\"  style=\"border: none !important;\"><\/div><\/li><\/ul><\/div>[vc_empty_space][vc_column_text]<\/p>\n<blockquote><p>&#8222;<em>Nem tudjuk probl\u00e9m\u00e1inkat ugyanazzal a gondolkod\u00e1ssal megoldani, melynek r\u00e9v\u00e9n azok el\u0151\u00e1lltak<\/em>&#8221; &#8211; mondta Albert Einstein.<\/p><\/blockquote>\n<p>Kezdem\u00e9nyez\u0151nek, innovat\u00edvnak \u00e9s kreat\u00edvnak kell lenn\u00fcnk. Ne f\u00e9lj\u00fcnk kil\u00e9pni gondolkod\u00e1sunk megszokott k\u00e9nyelmi z\u00f3n\u00e1ib\u00f3l! A k\u00f6zelm\u00faltban sok hasznos\u00edthat\u00f3 tud\u00e1st halmoztunk fel, melyre sz\u00fcks\u00e9g\u00fcnk lehet \u00e9s lesz. De ez elszigetelten nem megy!<\/p>\n<p>Az Int\u00e9zet c\u00e9lja, hogy egy\u00fcv\u00e9 szervezze a szellemileg nyitott, b\u00e1tor, egym\u00e1ssal egy\u00fcttm\u0171k\u00f6dni k\u00edv\u00e1n\u00f3, alkot\u00f3 \u00e9s gondolkod\u00f3 szakembereket \u00e9s tud\u00f3sokat. L\u00e9trehozza a &#8222;kritikus t\u00f6meget&#8221;. Azt a csapatot, amelyik tudja, hogy sok &#8211; vagyis gyakorlatilag a Minden &#8211; forog kock\u00e1n! Hogy a hagyom\u00e1nyos kutat\u00e1s nem el\u00e9g, elengedhetetlen\u00fcl sz\u00fcks\u00e9ges az ide\u00e1k \u00e9s m\u00f3dszerek term\u00e9keny kombin\u00e1ci\u00f3ja. Szolg\u00e1lni akarunk, nem csup\u00e1n tudni. Ehhez azonban el\u0151sz\u00f6r k\u00e9rdezni kell. \u00daj v\u00e1laszok \u00faj k\u00e9rd\u00e9sek n\u00e9lk\u00fcl nem sz\u00fclethetnek.<\/p>\n<p><strong>Az FTI &#8211; az iASK &#8211; az \u00faj k\u00e9rd\u00e9sek int\u00e9zete.<\/strong>[\/vc_column_text][\/vc_column][\/vc_row][vc_row][vc_column][vc_empty_space][\/vc_column][\/vc_row][vc_row][vc_column][vc_column_text]<a href=\"http:\/\/archive.iask.hu\/wp-content\/uploads\/2021\/09\/iask_2021_hun_v5-brossura.pdf\" target=\"_blank\" rel=\"noopener\">Az int\u00e9zeti bross\u00fara ide kattintva \u00e9rhet\u0151 el.<\/a>[\/vc_column_text][\/vc_column][\/vc_row][vc_row][vc_column][vc_empty_space][\/vc_column][\/vc_row][vc_row][vc_column][vc_single_image image=&#8221;2375&#8243; img_size=&#8221;large&#8221; alignment=&#8221;center&#8221;][\/vc_column][\/vc_row]<\/p>","protected":false},"excerpt":{"rendered":"<p>[vc_row][vc_column][vc_custom_heading text=&#8221;&#8221; use_theme_fonts=&#8221;yes&#8221;][vc_column_text]Az Int\u00e9zet l\u00e9trehoz\u00e1s\u00e1ra egy olyan t\u00f6rt\u00e9nelmi pillanatban ker\u00fcl sor, amikor a vil\u00e1g a mindenre kiterjed\u0151 glob\u00e1lis kisz\u00e1m\u00edthatatlans\u00e1g \u00e9s az egyre er\u0151s\u00f6d\u0151 &#8222;\u00f6sszekapcsolts\u00e1g&#8221;, a szoros k\u00f6lcs\u00f6n\u00f6s f\u00fcgg\u00e9s \u00e1llapot\u00e1ba ker\u00fclt. A sok \u00e9ves el\u0151k\u00e9sz\u00edt\u0151 munk\u00e1nkban ir\u00e1nymutat\u00f3an r\u00e9sztvev\u0151 Hankiss Elem\u00e9r szavaival: a bizonytalans\u00e1g \u00faj korszak\u00e1ba jutottunk. Egyre t\u00f6bben \u00e9rzik Magyarorsz\u00e1gon \u00e9s a nagyvil\u00e1gban &#8211;, hogy t\u00f6bbsz\u00f6r\u00f6s&hellip;<\/p>\n","protected":false},"author":209,"featured_media":0,"parent":1688,"menu_order":147,"comment_status":"closed","ping_status":"closed","template":"","meta":{"footnotes":""},"yoast_head":"<!-- This site is optimized with the Yoast SEO plugin v16.7 - https:\/\/yoast.com\/wordpress\/plugins\/seo\/ -->\n<title>K\u00fcldet\u00e9s - iASK - Fels\u0151bbfok\u00fa Tanulm\u00e1nyok Int\u00e9zete, K\u0151szeg<\/title>\n<meta name=\"robots\" content=\"index, follow, max-snippet:-1, max-image-preview:large, max-video-preview:-1\" \/>\n<link rel=\"canonical\" href=\"https:\/\/archive.iask.hu\/en\/about-us\/mission\/\" \/>\n<meta property=\"og:locale\" content=\"hu_HU\" \/>\n<meta property=\"og:type\" content=\"article\" \/>\n<meta property=\"og:title\" content=\"K\u00fcldet\u00e9s - iASK - Fels\u0151bbfok\u00fa Tanulm\u00e1nyok Int\u00e9zete, K\u0151szeg\" \/>\n<meta property=\"og:description\" content=\"[vc_row][vc_column][vc_custom_heading text=&#8221;&#8221; use_theme_fonts=&#8221;yes&#8221;][vc_column_text]Az Int\u00e9zet l\u00e9trehoz\u00e1s\u00e1ra egy olyan t\u00f6rt\u00e9nelmi pillanatban ker\u00fcl sor, amikor a vil\u00e1g a mindenre kiterjed\u0151 glob\u00e1lis kisz\u00e1m\u00edthatatlans\u00e1g \u00e9s az egyre er\u0151s\u00f6d\u0151 &#8222;\u00f6sszekapcsolts\u00e1g&#8221;, a szoros k\u00f6lcs\u00f6n\u00f6s f\u00fcgg\u00e9s \u00e1llapot\u00e1ba ker\u00fclt. A sok \u00e9ves el\u0151k\u00e9sz\u00edt\u0151 munk\u00e1nkban ir\u00e1nymutat\u00f3an r\u00e9sztvev\u0151 Hankiss Elem\u00e9r szavaival: a bizonytalans\u00e1g \u00faj korszak\u00e1ba jutottunk. Egyre t\u00f6bben \u00e9rzik Magyarorsz\u00e1gon \u00e9s a nagyvil\u00e1gban &#8211;, hogy t\u00f6bbsz\u00f6r\u00f6s&hellip;\" \/>\n<meta property=\"og:url\" content=\"https:\/\/archive.iask.hu\/en\/about-us\/mission\/\" \/>\n<meta property=\"og:site_name\" content=\"iASK - Fels\u0151bbfok\u00fa Tanulm\u00e1nyok Int\u00e9zete, K\u0151szeg\" \/>\n<meta property=\"article:modified_time\" content=\"2021-09-27T12:11:30+00:00\" \/>\n<meta name=\"twitter:card\" content=\"summary_large_image\" \/>\n<meta name=\"twitter:label1\" content=\"Becs\u00fclt olvas\u00e1si id\u0151\" \/>\n\t<meta name=\"twitter:data1\" content=\"3 perc\" \/>\n<script type=\"application\/ld+json\" class=\"yoast-schema-graph\">{\"@context\":\"https:\/\/schema.org\",\"@graph\":[{\"@type\":\"WebSite\",\"@id\":\"https:\/\/archive.iask.hu\/en\/#website\",\"url\":\"https:\/\/archive.iask.hu\/en\/\",\"name\":\"iASK - Fels\\u0151bbfok\\u00fa Tanulm\\u00e1nyok Int\\u00e9zete, K\\u0151szeg\",\"description\":\"Az Int\\u00e9zet c\\u00e9lja, hogy egy\\u00fcv\\u00e9 szervezze a szellemileg nyitott, b\\u00e1tor, egym\\u00e1ssal egy\\u00fcttm\\u0171k\\u00f6dni k\\u00edv\\u00e1n\\u00f3, alkot\\u00f3 \\u00e9s gondolkod\\u00f3 szakembereket \\u00e9s tud\\u00f3sokat.\",\"potentialAction\":[{\"@type\":\"SearchAction\",\"target\":{\"@type\":\"EntryPoint\",\"urlTemplate\":\"https:\/\/archive.iask.hu\/en\/?s={search_term_string}\"},\"query-input\":\"required name=search_term_string\"}],\"inLanguage\":\"hu\"},{\"@type\":\"WebPage\",\"@id\":\"https:\/\/archive.iask.hu\/en\/about-us\/mission\/#webpage\",\"url\":\"https:\/\/archive.iask.hu\/en\/about-us\/mission\/\",\"name\":\"K\\u00fcldet\\u00e9s - iASK - Fels\\u0151bbfok\\u00fa Tanulm\\u00e1nyok Int\\u00e9zete, K\\u0151szeg\",\"isPartOf\":{\"@id\":\"https:\/\/archive.iask.hu\/en\/#website\"},\"datePublished\":\"2017-12-03T14:09:21+00:00\",\"dateModified\":\"2021-09-27T12:11:30+00:00\",\"breadcrumb\":{\"@id\":\"https:\/\/archive.iask.hu\/en\/about-us\/mission\/#breadcrumb\"},\"inLanguage\":\"hu\",\"potentialAction\":[{\"@type\":\"ReadAction\",\"target\":[\"https:\/\/archive.iask.hu\/en\/about-us\/mission\/\"]}]},{\"@type\":\"BreadcrumbList\",\"@id\":\"https:\/\/archive.iask.hu\/en\/about-us\/mission\/#breadcrumb\",\"itemListElement\":[{\"@type\":\"ListItem\",\"position\":1,\"name\":\"Home\",\"item\":\"https:\/\/archive.iask.hu\/en\/\"},{\"@type\":\"ListItem\",\"position\":2,\"name\":\"R\\u00f3lunk\",\"item\":\"https:\/\/archive.iask.hu\/hu\/rolunk\/\"},{\"@type\":\"ListItem\",\"position\":3,\"name\":\"K\\u00fcldet\\u00e9s\"}]}]}<\/script>\n<!-- \/ Yoast SEO plugin. -->","yoast_head_json":{"title":"K\u00fcldet\u00e9s - iASK - Fels\u0151bbfok\u00fa Tanulm\u00e1nyok Int\u00e9zete, K\u0151szeg","robots":{"index":"index","follow":"follow","max-snippet":"max-snippet:-1","max-image-preview":"max-image-preview:large","max-video-preview":"max-video-preview:-1"},"canonical":"https:\/\/archive.iask.hu\/en\/about-us\/mission\/","og_locale":"hu_HU","og_type":"article","og_title":"K\u00fcldet\u00e9s - iASK - Fels\u0151bbfok\u00fa Tanulm\u00e1nyok Int\u00e9zete, K\u0151szeg","og_description":"[vc_row][vc_column][vc_custom_heading text=&#8221;&#8221; use_theme_fonts=&#8221;yes&#8221;][vc_column_text]Az Int\u00e9zet l\u00e9trehoz\u00e1s\u00e1ra egy olyan t\u00f6rt\u00e9nelmi pillanatban ker\u00fcl sor, amikor a vil\u00e1g a mindenre kiterjed\u0151 glob\u00e1lis kisz\u00e1m\u00edthatatlans\u00e1g \u00e9s az egyre er\u0151s\u00f6d\u0151 &#8222;\u00f6sszekapcsolts\u00e1g&#8221;, a szoros k\u00f6lcs\u00f6n\u00f6s f\u00fcgg\u00e9s \u00e1llapot\u00e1ba ker\u00fclt. A sok \u00e9ves el\u0151k\u00e9sz\u00edt\u0151 munk\u00e1nkban ir\u00e1nymutat\u00f3an r\u00e9sztvev\u0151 Hankiss Elem\u00e9r szavaival: a bizonytalans\u00e1g \u00faj korszak\u00e1ba jutottunk. Egyre t\u00f6bben \u00e9rzik Magyarorsz\u00e1gon \u00e9s a nagyvil\u00e1gban &#8211;, hogy t\u00f6bbsz\u00f6r\u00f6s&hellip;","og_url":"https:\/\/archive.iask.hu\/en\/about-us\/mission\/","og_site_name":"iASK - Fels\u0151bbfok\u00fa Tanulm\u00e1nyok Int\u00e9zete, K\u0151szeg","article_modified_time":"2021-09-27T12:11:30+00:00","twitter_card":"summary_large_image","twitter_misc":{"Becs\u00fclt olvas\u00e1si id\u0151":"3 perc"},"schema":{"@context":"https:\/\/schema.org","@graph":[{"@type":"WebSite","@id":"https:\/\/archive.iask.hu\/en\/#website","url":"https:\/\/archive.iask.hu\/en\/","name":"iASK - Fels\u0151bbfok\u00fa Tanulm\u00e1nyok Int\u00e9zete, K\u0151szeg","description":"Az Int\u00e9zet c\u00e9lja, hogy egy\u00fcv\u00e9 szervezze a szellemileg nyitott, b\u00e1tor, egym\u00e1ssal egy\u00fcttm\u0171k\u00f6dni k\u00edv\u00e1n\u00f3, alkot\u00f3 \u00e9s gondolkod\u00f3 szakembereket \u00e9s tud\u00f3sokat.","potentialAction":[{"@type":"SearchAction","target":{"@type":"EntryPoint","urlTemplate":"https:\/\/archive.iask.hu\/en\/?s={search_term_string}"},"query-input":"required name=search_term_string"}],"inLanguage":"hu"},{"@type":"WebPage","@id":"https:\/\/archive.iask.hu\/en\/about-us\/mission\/#webpage","url":"https:\/\/archive.iask.hu\/en\/about-us\/mission\/","name":"K\u00fcldet\u00e9s - iASK - Fels\u0151bbfok\u00fa Tanulm\u00e1nyok Int\u00e9zete, K\u0151szeg","isPartOf":{"@id":"https:\/\/archive.iask.hu\/en\/#website"},"datePublished":"2017-12-03T14:09:21+00:00","dateModified":"2021-09-27T12:11:30+00:00","breadcrumb":{"@id":"https:\/\/archive.iask.hu\/en\/about-us\/mission\/#breadcrumb"},"inLanguage":"hu","potentialAction":[{"@type":"ReadAction","target":["https:\/\/archive.iask.hu\/en\/about-us\/mission\/"]}]},{"@type":"BreadcrumbList","@id":"https:\/\/archive.iask.hu\/en\/about-us\/mission\/#breadcrumb","itemListElement":[{"@type":"ListItem","position":1,"name":"Home","item":"https:\/\/archive.iask.hu\/en\/"},{"@type":"ListItem","position":2,"name":"R\u00f3lunk","item":"https:\/\/archive.iask.hu\/hu\/rolunk\/"},{"@type":"ListItem","position":3,"name":"K\u00fcldet\u00e9s"}]}]}},"_links":{"self":[{"href":"https:\/\/archive.iask.hu\/hu\/wp-json\/wp\/v2\/pages\/1660"}],"collection":[{"href":"https:\/\/archive.iask.hu\/hu\/wp-json\/wp\/v2\/pages"}],"about":[{"href":"https:\/\/archive.iask.hu\/hu\/wp-json\/wp\/v2\/types\/page"}],"author":[{"embeddable":true,"href":"https:\/\/archive.iask.hu\/hu\/wp-json\/wp\/v2\/users\/209"}],"replies":[{"embeddable":true,"href":"https:\/\/archive.iask.hu\/hu\/wp-json\/wp\/v2\/comments?post=1660"}],"version-history":[{"count":46,"href":"https:\/\/archive.iask.hu\/hu\/wp-json\/wp\/v2\/pages\/1660\/revisions"}],"predecessor-version":[{"id":22852,"href":"https:\/\/archive.iask.hu\/hu\/wp-json\/wp\/v2\/pages\/1660\/revisions\/22852"}],"up":[{"embeddable":true,"href":"https:\/\/archive.iask.hu\/hu\/wp-json\/wp\/v2\/pages\/1688"}],"wp:attachment":[{"href":"https:\/\/archive.iask.hu\/hu\/wp-json\/wp\/v2\/media?parent=1660"}],"curies":[{"name":"wp","href":"https:\/\/api.w.org\/{rel}","templated":true}]}}