{"id":1664,"date":"2017-12-03T14:10:38","date_gmt":"2017-12-03T14:10:38","guid":{"rendered":"https:\/\/archive.iask.hu\/?page_id=1664"},"modified":"2024-02-01T08:55:26","modified_gmt":"2024-02-01T07:55:26","slug":"konyvtar-2","status":"publish","type":"page","link":"https:\/\/archive.iask.hu\/hu\/archivum\/konyvtar\/","title":{"rendered":"K\u00f6nyvt\u00e1r"},"content":{"rendered":"<p>[vc_row][vc_column][vc_column_text]<\/p>\n<h1 style=\"text-align: center;\">K\u00f6sz\u00f6ntj\u00fck K\u00f6nyvt\u00e1runk honlapj\u00e1n!<\/h1>\n<p style=\"text-align: center;\">K\u00f6nyvt\u00e1runk \u00e1llom\u00e1nya \u00e9s szolg\u00e1ltat\u00e1sai mindenki sz\u00e1m\u00e1ra el\u00e9rhet\u0151 a Jurisics t\u00e9r 7. alatt, az \u00fagynevezett Sgraffit\u00f3s h\u00e1zban.<\/p>\n<p>[\/vc_column_text][vc_empty_space][\/vc_column][\/vc_row][vc_row][vc_column]<div class=\"dt-fancy-separator h3-size\" style=\"width: 100%;\"><div class=\"dt-fancy-title\"><span class=\"separator-holder separator-left\"><\/span>Nyitvatart\u00e1sunk<span class=\"separator-holder separator-right\"><\/span><\/div><\/div>[vc_column_text]H\u00e9tf\u0151: 8 &#8211; 17 \u00f3r\u00e1ig<\/p>\n<p>Kedd: 8 &#8211; 17 \u00f3r\u00e1ig<\/p>\n<p>Szerda: 8 &#8211; 17 \u00f3r\u00e1ig<\/p>\n<p>Cs\u00fct\u00f6rt\u00f6k: 8 &#8211; 17 \u00f3r\u00e1ig<\/p>\n<p>P\u00e9ntek: 8 &#8211; 13:20 \u00f3r\u00e1ig[\/vc_column_text][vc_empty_space]<div class=\"dt-fancy-separator h3-size\" style=\"width: 100%;\"><div class=\"dt-fancy-title\"><span class=\"separator-holder separator-left\"><\/span>R\u00f3lunk<span class=\"separator-holder separator-right\"><\/span><\/div><\/div>[\/vc_column][\/vc_row][vc_row][vc_column][vc_column_text]A k\u00f6nyvt\u00e1r \u00e1llom\u00e1nya jelenleg kb. 10.000 k\u00f6tet. F\u0151k\u00e9nt a t\u00e1rsadalomtudom\u00e1nyok ter\u00fclet\u00e9t \u00e9rintik a k\u00f6nyvek, de a legut\u00f3bbi \u00e1llom\u00e1nyb\u0151v\u00edt\u00e9skor term\u00e9szettudom\u00e1nyi m\u0171vek is ker\u00fcltek a polcokra. Sz\u00f3t\u00e1rak, enciklop\u00e9di\u00e1k \u00e9s lexikonok sz\u00ednes\u00edtik a k\u00edn\u00e1latot, a kikapcsol\u00f3d\u00e1sra v\u00e1gy\u00f3k pedig a sz\u00e9pirodalom remekei k\u00f6z\u00fcl v\u00e1logathatnak.<\/p>\n<p>Az Int\u00e9zet\u00a0 kiad\u00f3i tev\u00e9kenys\u00e9get is v\u00e9gez, az iASK Monogr\u00e1fi\u00e1k \u00e9s az IASK KRAFT sorozatok k\u00f6tetei is el\u00e9rhet\u0151k k\u00f6nyvt\u00e1runkban.<\/p>\n<p>A k\u00f6nyvek rendszerez\u00e9s\u00e9re az Eurovoc t\u00f6bbnyelv\u0171 tezaurusz szolg\u00e1l, amely mindazokat a ter\u00fcleteket lefedi, amelyekkel az Eur\u00f3pai Uni\u00f3 int\u00e9zm\u00e9nyei foglalkoznak. A tezaurusz hat\u00e9konv seg\u00edts\u00e9get k\u00edn\u00e1l az eur\u00f3pai int\u00e9zm\u00e9nyek \u00e9s haszn\u00e1l\u00f3ik sz\u00e1m\u00e1ra a dokumentumok tartalmi felt\u00e1r\u00e1s\u00e1hoz.<\/p>\n<p>A k\u00f6nyvek mellett nyomtatott \u00e9s elektronikusan el\u00e9rhet\u0151 foly\u00f3iratok is a gy\u0171jtem\u00e9ny r\u00e9szei, a k\u00edn\u00e1latot pedig az el\u0151fizetett adatb\u00e1zisok teszik sz\u00e9lesk\u00f6r\u0171bb\u00e9.[\/vc_column_text][\/vc_column][\/vc_row][vc_row][vc_column][vc_empty_space][\/vc_column][\/vc_row][vc_row][vc_column][vc_column_text]<em><strong>A k\u00f6nyvt\u00e1r munkat\u00e1rsai:<\/strong><\/em><\/p>\n<p>D\u00f3ka Henrietta<\/p>\n<p>Tak\u00e1cs Eszter<\/p>\n<p>&nbsp;<\/p>\n<p><strong>Kapcsolat: lib&#114;&#97;&#114;&#121;&#x40;&#x61;&#x72;&#x63;&#x68;&#x69;&#x76;e&#46;i&#97;&#115;&#107;&#46;&#104;&#x75;<\/strong><\/p>\n<p>&nbsp;<\/p>\n<p>Friss inform\u00e1ci\u00f3k\u00e9rt keresse fel Instagram oldalunkat!<br \/>\n<strong>@iasklibrary<\/strong>[\/vc_column_text][\/vc_column][\/vc_row][vc_row][vc_column][vc_empty_space][\/vc_column][\/vc_row][vc_row][vc_column][vc_column_text]<\/p>\n<h2><strong>KERES\u00c9S A KATAL\u00d3GUSUNKBAN<\/strong><\/h2>\n<p>Az online katal\u00f3gus (OPAC) el\u00e9r\u00e9s\u00e9hez kattintson <a href=\"https:\/\/opac.iask.hu\/en\/kereses\">IDE<\/a>.[\/vc_column_text][vc_empty_space][\/vc_column][\/vc_row][vc_row][vc_column][vc_empty_space][\/vc_column][\/vc_row][vc_row][vc_column]<div class=\"dt-fancy-separator h3-size\" style=\"width: 100%;\"><div class=\"dt-fancy-title\"><span class=\"separator-holder separator-left\"><\/span>MTMT<span class=\"separator-holder separator-right\"><\/span><\/div><\/div>[\/vc_column][\/vc_row][vc_row][vc_column][vc_column_text]Az MTMT-t &#8211; Magyar Tudom\u00e1nyos M\u0171vek T\u00e1ra &#8211;\u00a0 az MTA K\u00f6nyvt\u00e1r \u00e9s Inform\u00e1ci\u00f3s K\u00f6zpont \u00fczemelteti.<\/p>\n<p>Az iASK MTMT adminisztr\u00e1tor koll\u00e9g\u00e1i, <strong>D\u00f3ka Henrietta<\/strong> (&#x68;&#x65;&#x6e;&#x72;&#x69;&#101;&#116;&#116;&#97;&#46;do&#x6b;&#x61;&#x40;&#x61;&#x72;&#x63;&#104;&#105;&#118;e&#46;i&#x61;&#x73;&#x6b;&#x2e;&#x68;&#x75;\u00a0 06-94\/200-545) \u00e9s <strong>Tak\u00e1cs Eszter<\/strong> (eszt&#101;&#114;&#46;&#116;&#97;&#x6b;&#x61;&#x63;&#x73;&#x40;&#x61;&#x72;chiv&#101;&#46;&#105;&#97;&#115;&#x6b;&#x2e;&#x68;&#x75;\u00a0 06-94\/200-530), seg\u00edtik a publik\u00e1ci\u00f3s list\u00e1k gondoz\u00e1s\u00e1t, ig\u00e9ny szerint szem\u00e9lyes k\u00e9pz\u00e9st is tartanak.\u00a0 A felt\u00f6lt\u00e9shez \u00e9s ellen\u0151rz\u00e9shez kapcsol\u00f3d\u00f3 k\u00e9r\u00e9seikkel, k\u00e9rd\u00e9seikkel \u00e9s az esetleges probl\u00e9m\u00e1kkal bizalommal keress\u00e9k \u0151ket.<\/p>\n<p>B\u0151vebb inform\u00e1ci\u00f3 az <a href=\"https:\/\/www.mtmt.hu\/\">MTMT honlapj\u00e1n<\/a>.[\/vc_column_text][\/vc_column][\/vc_row][vc_row][vc_column][vc_empty_space][\/vc_column][\/vc_row][vc_row][vc_column]<div class=\"dt-fancy-separator h3-size\" style=\"width: 100%;\"><div class=\"dt-fancy-title\"><span class=\"separator-holder separator-left\"><\/span>Az FTI K\u00f6nyvt\u00e1r\u00e1ban megtal\u00e1lhat\u00f3 adatb\u00e1zisok (iASK-os IP-c\u00edm el\u00e9r\u00e9ssel):<span class=\"separator-holder separator-right\"><\/span><\/div><\/div>[\/vc_column][\/vc_row][vc_row][vc_column][vc_column_text]<\/p>\n<ul>\n<li><a href=\"https:\/\/akademiai.com\/\">Akad\u00e9miai Kiad\u00f3 foly\u00f3iratai<\/a><\/li>\n<li><a href=\"https:\/\/adtplus.arcanum.hu\/hu\/\">Arcanum Digit\u00e1lis Tudom\u00e1nyt\u00e1r<\/a><\/li>\n<li><a href=\"https:\/\/www.ceeol.com\/\">CEEOL (Central and Eastern European Online Library)<\/a><\/li>\n<li><a href=\"https:\/\/db.saur.de\/DGO\/welcome.jsf\">De Gruyter &#8211; National Socialism, Holocaust, Resistance and Exile 1933-1945<\/a><\/li>\n<li><a href=\"https:\/\/www.jstor.org\/\">JSTOR Full Access Model<\/a><\/li>\n<li><a href=\"https:\/\/ebookcentral.proquest.com\/lib\/koszeg-ebooks\/home.action\">ProQuest Academic Complete (e-k\u00f6nyv gy\u0171jtem\u00e9ny)<\/a><\/li>\n<li><a href=\"https:\/\/www.statista.com\/\">Statista<\/a><\/li>\n<li><a href=\"https:\/\/www.szaktars.hu\/akademiai\/\">SZAKT\u00c1RS &#8211; Akad\u00e9miai Digit\u00e1lis Arch\u00edvum (e-k\u00f6nyv gy\u0171jtem\u00e9ny)<\/a><\/li>\n<li><a href=\"https:\/\/www.szaktars.hu\/osiris\/\">SZAKT\u00c1RS &#8211; Osiris Kiad\u00f3 (e-k\u00f6nyv gy\u0171jtem\u00e9ny)<\/a><\/li>\n<li><a href=\"https:\/\/web.p.ebscohost.com\/ehost\/search\/selectdb?vid=0&amp;sid=180162cd-40ee-4ec6-9382-ec497ce559da%40redis\">World Politics Review<\/a><\/li>\n<\/ul>\n<p>Az adatb\u00e1zisok tartalm\u00e1r\u00f3l b\u0151vebben <a href=\"http:\/\/archive.iask.hu\/wp-content\/uploads\/2002\/07\/adatbazis_leirasok_honlapra_hu-2.docx\" target=\"_blank\" rel=\"noopener\">ITT<\/a> olvashat.<\/p>\n<p>&nbsp;<\/p>\n<h6>A Tinta K\u00f6nyvkiad\u00f3 ingyenes e-sz\u00f3t\u00e1rai:<\/h6>\n<p><a href=\"http:\/\/www.tintakiado.hu\/informatikai_szotar.php\">Angol-magyar informatikai sz\u00f3t\u00e1r<\/a><br \/>\n<a href=\"http:\/\/www.tintakiado.hu\/dictionary_idegenszotar.php\">Idegen szavak sz\u00f3t\u00e1ra<\/a><br \/>\n<a href=\"http:\/\/www.tintakiado.hu\/cgi-bin\/e-szotar\/lat\/search.cgi#\">Latin-magyar, magyar-latin sz\u00f3t\u00e1r \u00e9s latin morfol\u00f3giai elemz\u0151<\/a><br \/>\n<a href=\"https:\/\/topszotar.hu\/angol-magyar-szotar\/\">Angol-magyar\/magyar-angol sz\u00f3t\u00e1r<\/a><br \/>\n<a href=\"http:\/\/www.tintakiado.hu\/szotar\/tajszotar1838\/\">Magyar t\u00e1jsz\u00f3t\u00e1r (1838)<\/a><br \/>\n<a href=\"http:\/\/tintakiado.hu\/szotar\/barotikisdedszotar\/\">Bar\u00f3ti Szab\u00f3 D\u00e1vid: Kisded sz\u00f3t\u00e1r (1792)<\/a><br \/>\n<a href=\"http:\/\/tintakiado.hu\/szotar\/kovacspalkozmondasok\/\">Kov\u00e1cs P\u00e1lnak Magyar p\u00e9lda, \u00e9s k\u00f6z mond\u00e1si<\/a><br \/>\n<a href=\"http:\/\/tintakiado.hu\/szotar\/almasykozmondasok\/\">Alm\u00e1sy J\u00e1nos: Magyar k\u00f6zmond\u00e1sok gy\u0171jtem\u00e9nye<\/a><br \/>\n<a href=\"http:\/\/tintakiado.hu\/szotar\/szirmaiantalgossarium\/\">Szirmai Antal: Glossarium<\/a>[\/vc_column_text][\/vc_column][\/vc_row][vc_row][vc_column][vc_empty_space][\/vc_column][\/vc_row][vc_row][vc_column]<div class=\"dt-fancy-separator h3-size\" style=\"width: 100%;\"><div class=\"dt-fancy-title\"><span class=\"separator-holder separator-left\"><\/span>Az FTI K\u00f6nyvt\u00e1r\u00e1ban megtal\u00e1lhat\u00f3 nyomtatott id\u0151szaki kiadv\u00e1nyok:<span class=\"separator-holder separator-right\"><\/span><\/div><\/div>[\/vc_column][\/vc_row][vc_row][vc_column][vc_column_text]<\/p>\n<ul>\n<li>The New York Times International Edition<\/li>\n<li>Foreign Affairs<\/li>\n<li>The New York Review of Books<\/li>\n<li>The Atlantic<\/li>\n<li>The Economist<\/li>\n<li>The Nation<\/li>\n<li>The New Yorker<\/li>\n<\/ul>\n<p>[\/vc_column_text][\/vc_column][\/vc_row][vc_row][vc_column][vc_empty_space][\/vc_column][\/vc_row][vc_row][vc_column]<div class=\"dt-fancy-separator h3-size\" style=\"width: 100%;\"><div class=\"dt-fancy-title\"><span class=\"separator-holder separator-left\"><\/span>Online (iASK-os IP-c\u00edm el\u00e9r\u00e9ssel):<span class=\"separator-holder separator-right\"><\/span><\/div><\/div>[\/vc_column][\/vc_row][vc_row][vc_column][vc_column_text]<\/p>\n<ul>\n<li><a href=\"https:\/\/www.nybooks.com\/\">The New York Review of Books<\/a><\/li>\n<li><a href=\"https:\/\/www.foreignaffairs.com\/\">Foreign Affairs<\/a> \u00a0(a bel\u00e9p\u00e9si k\u00f3dot k\u00e9rje a k\u00f6nyvt\u00e1rosokt\u00f3l)<\/li>\n<li><a href=\"https:\/\/balkaninsight.com\/\">Balkan Insight<\/a> \u00a0(a bel\u00e9p\u00e9si k\u00f3dot k\u00e9rje a k\u00f6nyvt\u00e1rosokt\u00f3l)<\/li>\n<li><a href=\"https:\/\/www.theatlantic.com\/world\/\">The Atlantic<\/a>\u00a0 (a bel\u00e9p\u00e9si k\u00f3dot k\u00e9rje a k\u00f6nyvt\u00e1rosokt\u00f3l)<\/li>\n<li><a href=\"https:\/\/www.nytimes.com\/international\/\">The New York Times International Edition<\/a> (a bel\u00e9p\u00e9si k\u00f3dot k\u00e9rje a k\u00f6nyvt\u00e1rosokt\u00f3l)<\/li>\n<li><a href=\"https:\/\/www.economist.com\/\" class=\"broken_link\">The Economist<\/a> (a bel\u00e9p\u00e9si k\u00f3dot k\u00e9rje a k\u00f6nyvt\u00e1rosokt\u00f3l)<\/li>\n<li><a href=\"https:\/\/www.thenation.com\/\">The Nation<\/a> (a bel\u00e9p\u00e9si k\u00f3dot k\u00e9rje a k\u00f6nyvt\u00e1rosokt\u00f3l)<\/li>\n<li><a href=\"https:\/\/www.newyorker.com\/\">The New Yorker<\/a> (a bel\u00e9p\u00e9si k\u00f3dot k\u00e9rje a k\u00f6nyvt\u00e1rosokt\u00f3l)<\/li>\n<li>The Diplomat (a bel\u00e9p\u00e9si k\u00f3dot k\u00e9rje a k\u00f6nyvt\u00e1rosokt\u00f3l)<\/li>\n<\/ul>\n<p>[\/vc_column_text][\/vc_column][\/vc_row][vc_row][vc_column][vc_empty_space][\/vc_column][\/vc_row][vc_row][vc_column]<div class=\"dt-fancy-separator h3-size\" style=\"width: 100%;\"><div class=\"dt-fancy-title\"><span class=\"separator-holder separator-left\"><\/span>Bibliogr\u00e1fi\u00e1k<span class=\"separator-holder separator-right\"><\/span><\/div><\/div>[\/vc_column][\/vc_row][vc_row][vc_column][vc_column_text]<strong>Hankiss Elem\u00e9r<\/strong>, szociol\u00f3gus, filoz\u00f3fus, \u00e9rt\u00e9kkutat\u00f3, irodalomt\u00f6rt\u00e9n\u00e9sz m\u0171veinek bibliogr\u00e1fi\u00e1ja let\u00f6lthet\u0151 a k\u00f6vetkez\u0151 linken: <a href=\"https:\/\/archive.iask.hu\/simonne-hittaller-rita-en-vagyok-en-vallalom-magam-elemer-hankiss-bibliography\/\">Hankiss Elem\u00e9r bibliogr\u00e1fia<\/a>[\/vc_column_text][\/vc_column][\/vc_row][vc_row][vc_column][vc_empty_space][\/vc_column][\/vc_row][vc_row][vc_column]<div class=\"dt-fancy-separator h3-size\" style=\"width: 100%;\"><div class=\"dt-fancy-title\"><span class=\"separator-holder separator-left\"><\/span>\u00daj k\u00f6nyveink:<span class=\"separator-holder separator-right\"><\/span><\/div><\/div>[\/vc_column][\/vc_row][vc_row][vc_column][vc_column_text]<a href=\"http:\/\/archive.iask.hu\/wp-content\/uploads\/2002\/07\/new_books_2017_honlapra.xlsx\">FTI_\u00faj k\u00f6nyvek_2017<\/a><\/p>\n<p><a href=\"http:\/\/archive.iask.hu\/wp-content\/uploads\/2002\/07\/iask-new-books_2018-xls.xlsx\">FTI_\u00faj k\u00f6nyvek_2018<\/a><\/p>\n<p><a href=\"http:\/\/archive.iask.hu\/wp-content\/uploads\/2002\/07\/iask_new_books_2019_honlapra-1.xlsx\">FTI_\u00faj_k\u00f6nyvek_2019<\/a><\/p>\n<p><a href=\"http:\/\/archive.iask.hu\/wp-content\/uploads\/2002\/07\/iask_new_books_2020-1.xlsx\">FTI_\u00faj_k\u00f6nyvek_2020<\/a><\/p>\n<p><a href=\"http:\/\/archive.iask.hu\/wp-content\/uploads\/2002\/07\/iask_new_books_2021-4.xlsx\">FTI_\u00faj_k\u00f6nyvek_2021<\/a><\/p>\n<p><a href=\"http:\/\/archive.iask.hu\/wp-content\/uploads\/2002\/07\/iask_new_books_2022-2.xlsx\">FTI_\u00faj_k\u00f6nyvek_2022<\/a><\/p>\n<p><a href=\"http:\/\/archive.iask.hu\/wp-content\/uploads\/2002\/07\/iask_new_books_2023-5.xlsx\" target=\"_blank\" rel=\"noopener\">FTI_\u00faj_k\u00f6nyvek_2023<\/a><\/p>\n<p><a href=\"http:\/\/archive.iask.hu\/wp-content\/uploads\/2002\/07\/iask_new_books_2024.xlsx\">FTI_\u00faj_k\u00f6nyvek_2024<\/a>[\/vc_column_text][\/vc_column][\/vc_row][vc_row][vc_column][vc_empty_space][\/vc_column][\/vc_row][vc_row][vc_column]<div class=\"dt-fancy-separator h3-size\" style=\"width: 100%;\"><div class=\"dt-fancy-title\"><span class=\"separator-holder separator-left\"><\/span>A K\u00f6nyvt\u00e1rban megtal\u00e1lhat\u00f3 k\u00fcl\u00f6ngy\u0171jtem\u00e9nyek<span class=\"separator-holder separator-right\"><\/span><\/div><\/div>[\/vc_column][\/vc_row][vc_row][vc_column][vc_column_text]<strong>Nemesk\u00fcrty Istv\u00e1n, \u00edr\u00f3, m\u0171vel\u0151d\u00e9st\u00f6rt\u00e9n\u00e9sz, irodalomt\u00f6rt\u00e9n\u00e9sz<\/strong> hagyat\u00e9ka a Fels\u0151bbfok\u00fa Tanulm\u00e1nyok Int\u00e9zet\u00e9nek k\u00f6nyvt\u00e1r\u00e1ban tal\u00e1lhat\u00f3. <a href=\"http:\/\/archive.iask.hu\/wp-content\/uploads\/2002\/07\/nemeskurty_hagyatek.xlsx\">Nemesk\u00fcrty_hagyat\u00e9k<\/a> (kattint\u00e1sra a k\u00f6nyvek list\u00e1ja let\u00f6lt\u0151dik). A k\u00f6nyvek helyben haszn\u00e1lhat\u00f3k.<\/p>\n<p><strong>Borsody Istv\u00e1n, \u00fajs\u00e1g\u00edr\u00f3, t\u00f6rt\u00e9n\u00e9sz, egyetemi oktat\u00f3<\/strong> hagyat\u00e9ka a Fels\u0151bbfok\u00fa Tanulm\u00e1nyok Int\u00e9zet\u00e9nek k\u00f6nyvt\u00e1r\u00e1ban tal\u00e1lhat\u00f3. <a href=\"http:\/\/archive.iask.hu\/wp-content\/uploads\/2002\/07\/borsody_hagyatek.docx\">Borsody_hagyat\u00e9k<\/a> (kattint\u00e1sra a k\u00f6nyvek list\u00e1ja let\u00f6lt\u0151dik)<\/p>\n<p><strong>Hern\u00e1di Gyula, \u00edr\u00f3<\/strong> hagyat\u00e9ka a Fels\u0151bbfok\u00fa Tanulm\u00e1nyok Int\u00e9zet\u00e9nek k\u00f6nyvt\u00e1r\u00e1ban tal\u00e1lhat\u00f3. <a href=\"http:\/\/archive.iask.hu\/wp-content\/uploads\/2002\/07\/hernadigyula_hagyatek_magyar.xls\">Magyar nyelv\u0171 k\u00f6nyvek list\u00e1ja<\/a>, a <a href=\"http:\/\/archive.iask.hu\/wp-content\/uploads\/2002\/07\/hernadi_idegennyelvu.xlsx\">n\u00e9met nyelv\u0171 k\u00f6nyvek list\u00e1ja<\/a> (kattint\u00e1sra a lista let\u00f6lt\u0151dik). A k\u00f6nyvek helyben haszn\u00e1lhat\u00f3k.<\/p>\n<p><strong>Hankiss Elem\u00e9r, szociol\u00f3gus, filoz\u00f3fus, \u00e9rt\u00e9kkutat\u00f3, irodalomt\u00f6rt\u00e9n\u00e9sz<\/strong> hagyat\u00e9ka:<\/p>\n<ul>\n<li>a Fels\u0151bbfok\u00fa Tanulm\u00e1nyok Int\u00e9zet\u00e9nek k\u00f6nyvt\u00e1r\u00e1ban <a href=\"http:\/\/archive.iask.hu\/wp-content\/uploads\/2002\/07\/hankiss-konyvei.xlsx\">Hankiss_hagyat\u00e9k<\/a> (kattint\u00e1sra a lista let\u00f6lt\u0151dik) A k\u00f6nyvek helyben haszn\u00e1lhat\u00f3k.<\/li>\n<li>a Festetics Palot\u00e1ban <a href=\"http:\/\/archive.iask.hu\/wp-content\/uploads\/2002\/07\/hankiss_hagyatek_konyvek.xlsx\">Hankiss_hagyat\u00e9k_Festetics<\/a> (kattint\u00e1sra a lista let\u00f6lt\u0151dik) A k\u00f6nyvek helyben haszn\u00e1lhat\u00f3k.<\/li>\n<\/ul>\n<p><strong>Pint\u00e9r L\u00e1szl\u00f3<\/strong> hagyat\u00e9ka a Fels\u0151bbfok\u00fa Tanulm\u00e1nyok Int\u00e9zet\u00e9nek k\u00f6nyvt\u00e1r\u00e1ban tal\u00e1lhat\u00f3. <a href=\"http:\/\/archive.iask.hu\/wp-content\/uploads\/2002\/07\/pinter-laszlo-hagyatek_honlapra.xlsx\">Pint\u00e9r_hagyat\u00e9k<\/a>\u00a0 (kattint\u00e1sra a lista let\u00f6lt\u0151dik) A k\u00f6nyvek helyben haszn\u00e1lhat\u00f3k.[\/vc_column_text][\/vc_column][\/vc_row][vc_row][vc_column][vc_empty_space][\/vc_column][\/vc_row][vc_row][vc_column][\/vc_column][\/vc_row]<\/p>","protected":false},"excerpt":{"rendered":"<p>[vc_row][vc_column][vc_column_text] K\u00f6sz\u00f6ntj\u00fck K\u00f6nyvt\u00e1runk honlapj\u00e1n! K\u00f6nyvt\u00e1runk \u00e1llom\u00e1nya \u00e9s szolg\u00e1ltat\u00e1sai mindenki sz\u00e1m\u00e1ra el\u00e9rhet\u0151 a Jurisics t\u00e9r 7. alatt, az \u00fagynevezett Sgraffit\u00f3s h\u00e1zban. [\/vc_column_text][vc_empty_space][\/vc_column][\/vc_row][vc_row][vc_column][vc_column_text]H\u00e9tf\u0151: 8 &#8211; 17 \u00f3r\u00e1ig Kedd: 8 &#8211; 17 \u00f3r\u00e1ig Szerda: 8 &#8211; 17 \u00f3r\u00e1ig Cs\u00fct\u00f6rt\u00f6k: 8 &#8211; 17 \u00f3r\u00e1ig P\u00e9ntek: 8 &#8211; 13:20 \u00f3r\u00e1ig[\/vc_column_text][vc_empty_space][\/vc_column][\/vc_row][vc_row][vc_column][vc_column_text]A k\u00f6nyvt\u00e1r \u00e1llom\u00e1nya jelenleg kb. 10.000 k\u00f6tet. F\u0151k\u00e9nt a t\u00e1rsadalomtudom\u00e1nyok ter\u00fclet\u00e9t&hellip;<\/p>\n","protected":false},"author":209,"featured_media":0,"parent":26368,"menu_order":144,"comment_status":"closed","ping_status":"closed","template":"","meta":{"footnotes":""},"yoast_head":"<!-- This site is optimized with the Yoast SEO plugin v16.7 - https:\/\/yoast.com\/wordpress\/plugins\/seo\/ -->\n<title>K\u00f6nyvt\u00e1r - iASK - Fels\u0151bbfok\u00fa Tanulm\u00e1nyok Int\u00e9zete, K\u0151szeg<\/title>\n<meta name=\"robots\" content=\"index, follow, max-snippet:-1, max-image-preview:large, max-video-preview:-1\" \/>\n<link rel=\"canonical\" href=\"https:\/\/archive.iask.hu\/en\/archive\/library\/\" \/>\n<meta property=\"og:locale\" content=\"hu_HU\" \/>\n<meta property=\"og:type\" content=\"article\" \/>\n<meta property=\"og:title\" content=\"K\u00f6nyvt\u00e1r - iASK - Fels\u0151bbfok\u00fa Tanulm\u00e1nyok Int\u00e9zete, K\u0151szeg\" \/>\n<meta property=\"og:description\" content=\"[vc_row][vc_column][vc_column_text] K\u00f6sz\u00f6ntj\u00fck K\u00f6nyvt\u00e1runk honlapj\u00e1n! K\u00f6nyvt\u00e1runk \u00e1llom\u00e1nya \u00e9s szolg\u00e1ltat\u00e1sai mindenki sz\u00e1m\u00e1ra el\u00e9rhet\u0151 a Jurisics t\u00e9r 7. alatt, az \u00fagynevezett Sgraffit\u00f3s h\u00e1zban. [\/vc_column_text][vc_empty_space][\/vc_column][\/vc_row][vc_row][vc_column][vc_column_text]H\u00e9tf\u0151: 8 &#8211; 17 \u00f3r\u00e1ig Kedd: 8 &#8211; 17 \u00f3r\u00e1ig Szerda: 8 &#8211; 17 \u00f3r\u00e1ig Cs\u00fct\u00f6rt\u00f6k: 8 &#8211; 17 \u00f3r\u00e1ig P\u00e9ntek: 8 &#8211; 13:20 \u00f3r\u00e1ig[\/vc_column_text][vc_empty_space][\/vc_column][\/vc_row][vc_row][vc_column][vc_column_text]A k\u00f6nyvt\u00e1r \u00e1llom\u00e1nya jelenleg kb. 10.000 k\u00f6tet. F\u0151k\u00e9nt a t\u00e1rsadalomtudom\u00e1nyok ter\u00fclet\u00e9t&hellip;\" \/>\n<meta property=\"og:url\" content=\"https:\/\/archive.iask.hu\/en\/archive\/library\/\" \/>\n<meta property=\"og:site_name\" content=\"iASK - Fels\u0151bbfok\u00fa Tanulm\u00e1nyok Int\u00e9zete, K\u0151szeg\" \/>\n<meta property=\"article:modified_time\" content=\"2024-02-01T07:55:26+00:00\" \/>\n<meta name=\"twitter:card\" content=\"summary_large_image\" \/>\n<meta name=\"twitter:label1\" content=\"Becs\u00fclt olvas\u00e1si id\u0151\" \/>\n\t<meta name=\"twitter:data1\" content=\"4 perc\" \/>\n<script type=\"application\/ld+json\" class=\"yoast-schema-graph\">{\"@context\":\"https:\/\/schema.org\",\"@graph\":[{\"@type\":\"WebSite\",\"@id\":\"https:\/\/archive.iask.hu\/en\/#website\",\"url\":\"https:\/\/archive.iask.hu\/en\/\",\"name\":\"iASK - Fels\\u0151bbfok\\u00fa Tanulm\\u00e1nyok Int\\u00e9zete, K\\u0151szeg\",\"description\":\"Az Int\\u00e9zet c\\u00e9lja, hogy egy\\u00fcv\\u00e9 szervezze a szellemileg nyitott, b\\u00e1tor, egym\\u00e1ssal egy\\u00fcttm\\u0171k\\u00f6dni k\\u00edv\\u00e1n\\u00f3, alkot\\u00f3 \\u00e9s gondolkod\\u00f3 szakembereket \\u00e9s tud\\u00f3sokat.\",\"potentialAction\":[{\"@type\":\"SearchAction\",\"target\":{\"@type\":\"EntryPoint\",\"urlTemplate\":\"https:\/\/archive.iask.hu\/en\/?s={search_term_string}\"},\"query-input\":\"required name=search_term_string\"}],\"inLanguage\":\"hu\"},{\"@type\":\"WebPage\",\"@id\":\"https:\/\/archive.iask.hu\/en\/archive\/library\/#webpage\",\"url\":\"https:\/\/archive.iask.hu\/en\/archive\/library\/\",\"name\":\"K\\u00f6nyvt\\u00e1r - iASK - Fels\\u0151bbfok\\u00fa Tanulm\\u00e1nyok Int\\u00e9zete, K\\u0151szeg\",\"isPartOf\":{\"@id\":\"https:\/\/archive.iask.hu\/en\/#website\"},\"datePublished\":\"2017-12-03T14:10:38+00:00\",\"dateModified\":\"2024-02-01T07:55:26+00:00\",\"breadcrumb\":{\"@id\":\"https:\/\/archive.iask.hu\/en\/archive\/library\/#breadcrumb\"},\"inLanguage\":\"hu\",\"potentialAction\":[{\"@type\":\"ReadAction\",\"target\":[\"https:\/\/archive.iask.hu\/en\/archive\/library\/\"]}]},{\"@type\":\"BreadcrumbList\",\"@id\":\"https:\/\/archive.iask.hu\/en\/archive\/library\/#breadcrumb\",\"itemListElement\":[{\"@type\":\"ListItem\",\"position\":1,\"name\":\"Home\",\"item\":\"https:\/\/archive.iask.hu\/en\/\"},{\"@type\":\"ListItem\",\"position\":2,\"name\":\"Arch\\u00edvum\",\"item\":\"https:\/\/archive.iask.hu\/en\/archive\/\"},{\"@type\":\"ListItem\",\"position\":3,\"name\":\"K\\u00f6nyvt\\u00e1r\"}]}]}<\/script>\n<!-- \/ Yoast SEO plugin. -->","yoast_head_json":{"title":"K\u00f6nyvt\u00e1r - iASK - Fels\u0151bbfok\u00fa Tanulm\u00e1nyok Int\u00e9zete, K\u0151szeg","robots":{"index":"index","follow":"follow","max-snippet":"max-snippet:-1","max-image-preview":"max-image-preview:large","max-video-preview":"max-video-preview:-1"},"canonical":"https:\/\/archive.iask.hu\/en\/archive\/library\/","og_locale":"hu_HU","og_type":"article","og_title":"K\u00f6nyvt\u00e1r - iASK - Fels\u0151bbfok\u00fa Tanulm\u00e1nyok Int\u00e9zete, K\u0151szeg","og_description":"[vc_row][vc_column][vc_column_text] K\u00f6sz\u00f6ntj\u00fck K\u00f6nyvt\u00e1runk honlapj\u00e1n! K\u00f6nyvt\u00e1runk \u00e1llom\u00e1nya \u00e9s szolg\u00e1ltat\u00e1sai mindenki sz\u00e1m\u00e1ra el\u00e9rhet\u0151 a Jurisics t\u00e9r 7. alatt, az \u00fagynevezett Sgraffit\u00f3s h\u00e1zban. [\/vc_column_text][vc_empty_space][\/vc_column][\/vc_row][vc_row][vc_column][vc_column_text]H\u00e9tf\u0151: 8 &#8211; 17 \u00f3r\u00e1ig Kedd: 8 &#8211; 17 \u00f3r\u00e1ig Szerda: 8 &#8211; 17 \u00f3r\u00e1ig Cs\u00fct\u00f6rt\u00f6k: 8 &#8211; 17 \u00f3r\u00e1ig P\u00e9ntek: 8 &#8211; 13:20 \u00f3r\u00e1ig[\/vc_column_text][vc_empty_space][\/vc_column][\/vc_row][vc_row][vc_column][vc_column_text]A k\u00f6nyvt\u00e1r \u00e1llom\u00e1nya jelenleg kb. 10.000 k\u00f6tet. F\u0151k\u00e9nt a t\u00e1rsadalomtudom\u00e1nyok ter\u00fclet\u00e9t&hellip;","og_url":"https:\/\/archive.iask.hu\/en\/archive\/library\/","og_site_name":"iASK - Fels\u0151bbfok\u00fa Tanulm\u00e1nyok Int\u00e9zete, K\u0151szeg","article_modified_time":"2024-02-01T07:55:26+00:00","twitter_card":"summary_large_image","twitter_misc":{"Becs\u00fclt olvas\u00e1si id\u0151":"4 perc"},"schema":{"@context":"https:\/\/schema.org","@graph":[{"@type":"WebSite","@id":"https:\/\/archive.iask.hu\/en\/#website","url":"https:\/\/archive.iask.hu\/en\/","name":"iASK - Fels\u0151bbfok\u00fa Tanulm\u00e1nyok Int\u00e9zete, K\u0151szeg","description":"Az Int\u00e9zet c\u00e9lja, hogy egy\u00fcv\u00e9 szervezze a szellemileg nyitott, b\u00e1tor, egym\u00e1ssal egy\u00fcttm\u0171k\u00f6dni k\u00edv\u00e1n\u00f3, alkot\u00f3 \u00e9s gondolkod\u00f3 szakembereket \u00e9s tud\u00f3sokat.","potentialAction":[{"@type":"SearchAction","target":{"@type":"EntryPoint","urlTemplate":"https:\/\/archive.iask.hu\/en\/?s={search_term_string}"},"query-input":"required name=search_term_string"}],"inLanguage":"hu"},{"@type":"WebPage","@id":"https:\/\/archive.iask.hu\/en\/archive\/library\/#webpage","url":"https:\/\/archive.iask.hu\/en\/archive\/library\/","name":"K\u00f6nyvt\u00e1r - iASK - Fels\u0151bbfok\u00fa Tanulm\u00e1nyok Int\u00e9zete, K\u0151szeg","isPartOf":{"@id":"https:\/\/archive.iask.hu\/en\/#website"},"datePublished":"2017-12-03T14:10:38+00:00","dateModified":"2024-02-01T07:55:26+00:00","breadcrumb":{"@id":"https:\/\/archive.iask.hu\/en\/archive\/library\/#breadcrumb"},"inLanguage":"hu","potentialAction":[{"@type":"ReadAction","target":["https:\/\/archive.iask.hu\/en\/archive\/library\/"]}]},{"@type":"BreadcrumbList","@id":"https:\/\/archive.iask.hu\/en\/archive\/library\/#breadcrumb","itemListElement":[{"@type":"ListItem","position":1,"name":"Home","item":"https:\/\/archive.iask.hu\/en\/"},{"@type":"ListItem","position":2,"name":"Arch\u00edvum","item":"https:\/\/archive.iask.hu\/en\/archive\/"},{"@type":"ListItem","position":3,"name":"K\u00f6nyvt\u00e1r"}]}]}},"_links":{"self":[{"href":"https:\/\/archive.iask.hu\/hu\/wp-json\/wp\/v2\/pages\/1664"}],"collection":[{"href":"https:\/\/archive.iask.hu\/hu\/wp-json\/wp\/v2\/pages"}],"about":[{"href":"https:\/\/archive.iask.hu\/hu\/wp-json\/wp\/v2\/types\/page"}],"author":[{"embeddable":true,"href":"https:\/\/archive.iask.hu\/hu\/wp-json\/wp\/v2\/users\/209"}],"replies":[{"embeddable":true,"href":"https:\/\/archive.iask.hu\/hu\/wp-json\/wp\/v2\/comments?post=1664"}],"version-history":[{"count":172,"href":"https:\/\/archive.iask.hu\/hu\/wp-json\/wp\/v2\/pages\/1664\/revisions"}],"predecessor-version":[{"id":29939,"href":"https:\/\/archive.iask.hu\/hu\/wp-json\/wp\/v2\/pages\/1664\/revisions\/29939"}],"up":[{"embeddable":true,"href":"https:\/\/archive.iask.hu\/hu\/wp-json\/wp\/v2\/pages\/26368"}],"wp:attachment":[{"href":"https:\/\/archive.iask.hu\/hu\/wp-json\/wp\/v2\/media?parent=1664"}],"curies":[{"name":"wp","href":"https:\/\/api.w.org\/{rel}","templated":true}]}}