{"id":1693,"date":"2017-12-04T11:19:25","date_gmt":"2017-12-04T11:19:25","guid":{"rendered":"https:\/\/archive.iask.hu\/?page_id=1693"},"modified":"2018-03-21T07:40:40","modified_gmt":"2018-03-21T07:40:40","slug":"kutatas","status":"publish","type":"page","link":"https:\/\/archive.iask.hu\/hu\/kutatas\/","title":{"rendered":"Kutat\u00e1s"},"content":{"rendered":"<p>[vc_row][vc_column width=&#8221;1\/2&#8243;]<div class=\"aio-icon-component  vc_custom_1515504600398  accent-icon-bg style_1\"><div id=\"Info-box-wrap-8968\" class=\"aio-icon-box top-icon\" style=\"\"  ><div class=\"aio-icon-top\"><div class=\"ult-just-icon-wrapper  \"><div class=\"align-icon\" style=\"text-align:center;\">\n<div class=\"aio-icon-img \" style=\"font-size:68px;display:inline-block;\" >\n\t<img decoding=\"async\" class=\"img-icon\" alt=\"null\" src=\"https:\/\/archive.iask.hu\/wp-content\/uploads\/2017\/12\/kraft_icon.png\"\/>\n<\/div><\/div><\/div><\/div><div class=\"aio-icon-header\" ><h3 class=\"aio-icon-title ult-responsive\"  data-ultimate-target='#Info-box-wrap-8968 .aio-icon-title'  data-responsive-json-new='{\"font-size\":\"desktop:20px;\",\"line-height\":\"desktop:30px;\"}'  style=\"\">Kraft - Kreat\u00edv V\u00e1ros \u00e9s fenntarthat\u00f3 vid\u00e9k k\u00f6zpont<\/h3><\/div> <!-- header --><div class=\"aio-icon-description ult-responsive\"  data-ultimate-target='#Info-box-wrap-8968 .aio-icon-description'  data-responsive-json-new='{\"font-size\":\"\",\"line-height\":\"\"}'  style=\"\">A glob\u00e1lis v\u00e1ls\u00e1g le\u00e9rt\u00e9kelte a hagyom\u00e1nyos befektet\u00e9si \u00e9s vid\u00e9kfejleszt\u00e9si strat\u00e9gi\u00e1kat, mik\u00f6zben fel\u00e9rt\u00e9kel\u0151d\u00f6tt a kreativit\u00e1s, a tud\u00e1stermel\u00e9s \u00e9s a t\u00e1rsadalmi-gazdas\u00e1gi koh\u00e9zi\u00f3. Az innov\u00e1ci\u00f3 a fennmarad\u00e1s n\u00e9lk\u00fcl\u00f6zhetetlen felt\u00e9tel\u00e9v\u00e9 v\u00e1lt.<\/div> <!-- description --><\/div> <!-- aio-icon-box --><\/div> <!-- aio-icon-component -->[vc_column_text el_class=&#8221;hide-on-desktop link-with-after-triangle&#8221;]<\/p>\n<p style=\"text-align: center;\"><a href=\"\/hu\/kraft-kozpont\/\">Tov\u00e1bb<\/a><\/p>\n<p>[\/vc_column_text][\/vc_column][vc_column width=&#8221;1\/2&#8243;]<div class=\"aio-icon-component  vc_custom_1515685415553  accent-icon-bg style_1\"><div id=\"Info-box-wrap-6552\" class=\"aio-icon-box top-icon\" style=\"\"  ><div class=\"aio-icon-top\"><div class=\"ult-just-icon-wrapper  \"><div class=\"align-icon\" style=\"text-align:center;\">\n<div class=\"aio-icon-img \" style=\"font-size:68px;display:inline-block;\" >\n\t<img decoding=\"async\" class=\"img-icon\" alt=\"null\" src=\"https:\/\/archive.iask.hu\/wp-content\/uploads\/2017\/12\/hankiss_logo.png\"\/>\n<\/div><\/div><\/div><\/div><div class=\"aio-icon-header\" ><h3 class=\"aio-icon-title ult-responsive\"  data-ultimate-target='#Info-box-wrap-6552 .aio-icon-title'  data-responsive-json-new='{\"font-size\":\"desktop:20px;\",\"line-height\":\"desktop:30px;\"}'  style=\"\">Hankiss K\u00f6zpont<\/h3><\/div> <!-- header --><div class=\"aio-icon-description ult-responsive\"  data-ultimate-target='#Info-box-wrap-6552 .aio-icon-description'  data-responsive-json-new='{\"font-size\":\"\",\"line-height\":\"\"}'  style=\"\">A K\u00f6zpont Hankiss Elem\u00e9r (1928-2015) inspir\u00e1l\u00f3 \u00e9s kritikusan gondolkod\u00f3 magyar tud\u00f3s szellemi \u00f6r\u00f6ks\u00e9g\u00e9t \u00e1polja, aki kutat\u00e1sai sor\u00e1n alapvet\u0151 eszt\u00e9tikai, filoz\u00f3fiai, szociol\u00f3giai \u00e9s antropol\u00f3giai k\u00e9rd\u00e9sekkel foglalkozott.<\/div> <!-- description --><\/div> <!-- aio-icon-box --><\/div> <!-- aio-icon-component -->[vc_column_text el_class=&#8221;hide-on-desktop link-with-after-triangle&#8221;]<\/p>\n<p style=\"text-align: center;\"><a href=\"\/hu\/hankiss-kozpont\/\">Tov\u00e1bb<\/a><\/p>\n<p>[\/vc_column_text][\/vc_column][\/vc_row][vc_row][vc_column width=&#8221;1\/2&#8243; offset=&#8221;vc_hidden-sm vc_hidden-xs&#8221; css=&#8221;.vc_custom_1515575544140{padding-bottom: 40px !important;}&#8221;][vc_column_text el_class=&#8221;link-with-after-triangle&#8221;]<\/p>\n<p style=\"text-align: center;\"><a href=\"\/hu\/kraft-kozpont\/\">Tov\u00e1bb<\/a><\/p>\n<p>[\/vc_column_text][\/vc_column][vc_column width=&#8221;1\/2&#8243; offset=&#8221;vc_hidden-sm vc_hidden-xs&#8221; css=&#8221;.vc_custom_1515575553688{padding-bottom: 40px !important;}&#8221;][vc_column_text el_class=&#8221;link-with-after-triangle&#8221;]<\/p>\n<p style=\"text-align: center;\"><a href=\"\/hu\/hankiss-kozpont\/\">Tov\u00e1bb<\/a><\/p>\n<p>[\/vc_column_text][\/vc_column][\/vc_row][vc_row][vc_column width=&#8221;1\/2&#8243;]<div class=\"aio-icon-component  vc_custom_1515686012451  accent-icon-bg style_1\"><div id=\"Info-box-wrap-9985\" class=\"aio-icon-box top-icon\" style=\"\"  ><div class=\"aio-icon-top\"><div class=\"ult-just-icon-wrapper  \"><div class=\"align-icon\" style=\"text-align:center;\">\n<div class=\"aio-icon-img \" style=\"font-size:68px;display:inline-block;\" >\n\t<img decoding=\"async\" class=\"img-icon\" alt=\"null\" src=\"https:\/\/archive.iask.hu\/wp-content\/uploads\/2017\/12\/polanyi_logo.png\"\/>\n<\/div><\/div><\/div><\/div><div class=\"aio-icon-header\" ><h3 class=\"aio-icon-title ult-responsive\"  data-ultimate-target='#Info-box-wrap-9985 .aio-icon-title'  data-responsive-json-new='{\"font-size\":\"desktop:20px;\",\"line-height\":\"desktop:30px;\"}'  style=\"\">Pol\u00e1nyi K\u00f6zpont<\/h3><\/div> <!-- header --><div class=\"aio-icon-description ult-responsive\"  data-ultimate-target='#Info-box-wrap-9985 .aio-icon-description'  data-responsive-json-new='{\"font-size\":\"\",\"line-height\":\"\"}'  style=\"\">A Pol\u00e1nyi K\u00f6zpont a vil\u00e1ggazdas\u00e1g komplexit\u00e1s\u00e1b\u00f3l fakad\u00f3 kih\u00edv\u00e1sokat, illetve azok j\u00f3l\u00e9ttel kapcsolatos \u00f6sszef\u00fcgg\u00e9seit vizsg\u00e1lja, dinamikus teret biztos\u00edtva a t\u00f6bb tudom\u00e1ny\u00e1gat \u00e9rint\u0151 kutat\u00e1soknak.<\/div> <!-- description --><\/div> <!-- aio-icon-box --><\/div> <!-- aio-icon-component -->[vc_column_text el_class=&#8221;hide-on-desktop link-with-after-triangle&#8221;]<\/p>\n<p style=\"text-align: center;\"><a href=\"\/hu\/polanyi-kozpont\/\">Tov\u00e1bb<\/a><\/p>\n<p>[\/vc_column_text][\/vc_column][vc_column width=&#8221;1\/2&#8243;]<div class=\"aio-icon-component  vc_custom_1515749140447  accent-icon-bg style_1\"><div id=\"Info-box-wrap-1730\" class=\"aio-icon-box top-icon\" style=\"\"  ><div class=\"aio-icon-top\"><div class=\"ult-just-icon-wrapper  \"><div class=\"align-icon\" style=\"text-align:center;\">\n<div class=\"aio-icon-img \" style=\"font-size:68px;display:inline-block;\" >\n\t<img decoding=\"async\" class=\"img-icon\" alt=\"null\" src=\"https:\/\/archive.iask.hu\/wp-content\/uploads\/2017\/12\/big_data_logo.png\"\/>\n<\/div><\/div><\/div><\/div><div class=\"aio-icon-header\" ><h3 class=\"aio-icon-title ult-responsive\"  data-ultimate-target='#Info-box-wrap-1730 .aio-icon-title'  data-responsive-json-new='{\"font-size\":\"desktop:20px;\",\"line-height\":\"desktop:30px;\"}'  style=\"\">Digit\u00e1lis Transzform\u00e1ci\u00f3 4.0<\/h3><\/div> <!-- header --><div class=\"aio-icon-description ult-responsive\"  data-ultimate-target='#Info-box-wrap-1730 .aio-icon-description'  data-responsive-json-new='{\"font-size\":\"\",\"line-height\":\"\"}'  style=\"\"><strong>A Digit\u00e1lis Transzform\u00e1ci\u00f3\u00a0<\/strong>(DT) a digit\u00e1lis technol\u00f3gia alkalmaz\u00e1s\u00e1val kapcsolatos v\u00e1ltoz\u00e1s az emberi t\u00e1rsadalom minden vonatkoz\u00e1s\u00e1ban.<\/p>\n<p>A\u00a0<strong>4.0<\/strong>\u00a0az Ipar 4.0 fogalm\u00e1ra \u00e9s \u00edgy tov\u00e1bb a 4. ipari forradalomra utal.<\/div> <!-- description --><\/div> <!-- aio-icon-box --><\/div> <!-- aio-icon-component -->[vc_column_text el_class=&#8221;hide-on-desktop link-with-after-triangle&#8221;]<\/p>\n<p style=\"text-align: center;\"><a href=\"\/hu\/digitalis-transzformacio-es-big-data\/\">Tov\u00e1bb<\/a><\/p>\n<p>[\/vc_column_text][\/vc_column][\/vc_row][vc_row][vc_column width=&#8221;1\/2&#8243; offset=&#8221;vc_hidden-sm vc_hidden-xs&#8221; css=&#8221;.vc_custom_1515575558016{padding-bottom: 40px !important;}&#8221;][vc_column_text el_class=&#8221;link-with-after-triangle&#8221;]<\/p>\n<p style=\"text-align: center;\"><a href=\"\/hu\/polanyi-kozpont\/\">Tov\u00e1bb<\/a><\/p>\n<p>[\/vc_column_text][\/vc_column][vc_column width=&#8221;1\/2&#8243; offset=&#8221;vc_hidden-sm vc_hidden-xs&#8221; css=&#8221;.vc_custom_1515575564791{padding-bottom: 40px !important;}&#8221;][vc_column_text el_class=&#8221;link-with-after-triangle&#8221;]<\/p>\n<p style=\"text-align: center;\"><a href=\"\/hu\/digitalis-transzformacio-es-big-data\/\">Tov\u00e1bb<\/a><\/p>\n<p>[\/vc_column_text][\/vc_column][\/vc_row]<\/p>","protected":false},"excerpt":{"rendered":"<p>[vc_row][vc_column width=&#8221;1\/2&#8243;][vc_column_text el_class=&#8221;hide-on-desktop link-with-after-triangle&#8221;] Tov\u00e1bb [\/vc_column_text][\/vc_column][vc_column width=&#8221;1\/2&#8243;][vc_column_text el_class=&#8221;hide-on-desktop link-with-after-triangle&#8221;] Tov\u00e1bb [\/vc_column_text][\/vc_column][\/vc_row][vc_row][vc_column width=&#8221;1\/2&#8243; offset=&#8221;vc_hidden-sm vc_hidden-xs&#8221; css=&#8221;.vc_custom_1515575544140{padding-bottom: 40px !important;}&#8221;][vc_column_text el_class=&#8221;link-with-after-triangle&#8221;] Tov\u00e1bb [\/vc_column_text][\/vc_column][vc_column width=&#8221;1\/2&#8243; offset=&#8221;vc_hidden-sm vc_hidden-xs&#8221; css=&#8221;.vc_custom_1515575553688{padding-bottom: 40px !important;}&#8221;][vc_column_text el_class=&#8221;link-with-after-triangle&#8221;] Tov\u00e1bb [\/vc_column_text][\/vc_column][\/vc_row][vc_row][vc_column width=&#8221;1\/2&#8243;][vc_column_text el_class=&#8221;hide-on-desktop link-with-after-triangle&#8221;] Tov\u00e1bb [\/vc_column_text][\/vc_column][vc_column width=&#8221;1\/2&#8243;][vc_column_text el_class=&#8221;hide-on-desktop link-with-after-triangle&#8221;] Tov\u00e1bb [\/vc_column_text][\/vc_column][\/vc_row][vc_row][vc_column width=&#8221;1\/2&#8243; offset=&#8221;vc_hidden-sm vc_hidden-xs&#8221; css=&#8221;.vc_custom_1515575558016{padding-bottom: 40px !important;}&#8221;][vc_column_text el_class=&#8221;link-with-after-triangle&#8221;] Tov\u00e1bb [\/vc_column_text][\/vc_column][vc_column width=&#8221;1\/2&#8243; offset=&#8221;vc_hidden-sm vc_hidden-xs&#8221; css=&#8221;.vc_custom_1515575564791{padding-bottom: 40px !important;}&#8221;][vc_column_text el_class=&#8221;link-with-after-triangle&#8221;]&hellip;<\/p>\n","protected":false},"author":209,"featured_media":0,"parent":0,"menu_order":136,"comment_status":"closed","ping_status":"closed","template":"","meta":{"footnotes":""},"yoast_head":"<!-- This site is optimized with the Yoast SEO plugin v16.7 - https:\/\/yoast.com\/wordpress\/plugins\/seo\/ -->\n<title>Kutat\u00e1s - iASK - Fels\u0151bbfok\u00fa Tanulm\u00e1nyok Int\u00e9zete, K\u0151szeg<\/title>\n<meta name=\"robots\" content=\"index, follow, max-snippet:-1, max-image-preview:large, max-video-preview:-1\" \/>\n<link rel=\"canonical\" href=\"https:\/\/archive.iask.hu\/hu\/kutatas\/\" \/>\n<meta property=\"og:locale\" content=\"hu_HU\" \/>\n<meta property=\"og:type\" content=\"article\" \/>\n<meta property=\"og:title\" content=\"Kutat\u00e1s - iASK - Fels\u0151bbfok\u00fa Tanulm\u00e1nyok Int\u00e9zete, K\u0151szeg\" \/>\n<meta property=\"og:description\" content=\"[vc_row][vc_column width=&#8221;1\/2&#8243;][vc_column_text el_class=&#8221;hide-on-desktop link-with-after-triangle&#8221;] Tov\u00e1bb [\/vc_column_text][\/vc_column][vc_column width=&#8221;1\/2&#8243;][vc_column_text el_class=&#8221;hide-on-desktop link-with-after-triangle&#8221;] Tov\u00e1bb [\/vc_column_text][\/vc_column][\/vc_row][vc_row][vc_column width=&#8221;1\/2&#8243; offset=&#8221;vc_hidden-sm vc_hidden-xs&#8221; css=&#8221;.vc_custom_1515575544140{padding-bottom: 40px !important;}&#8221;][vc_column_text el_class=&#8221;link-with-after-triangle&#8221;] Tov\u00e1bb [\/vc_column_text][\/vc_column][vc_column width=&#8221;1\/2&#8243; offset=&#8221;vc_hidden-sm vc_hidden-xs&#8221; css=&#8221;.vc_custom_1515575553688{padding-bottom: 40px !important;}&#8221;][vc_column_text el_class=&#8221;link-with-after-triangle&#8221;] Tov\u00e1bb [\/vc_column_text][\/vc_column][\/vc_row][vc_row][vc_column width=&#8221;1\/2&#8243;][vc_column_text el_class=&#8221;hide-on-desktop link-with-after-triangle&#8221;] Tov\u00e1bb [\/vc_column_text][\/vc_column][vc_column width=&#8221;1\/2&#8243;][vc_column_text el_class=&#8221;hide-on-desktop link-with-after-triangle&#8221;] Tov\u00e1bb [\/vc_column_text][\/vc_column][\/vc_row][vc_row][vc_column width=&#8221;1\/2&#8243; offset=&#8221;vc_hidden-sm vc_hidden-xs&#8221; css=&#8221;.vc_custom_1515575558016{padding-bottom: 40px !important;}&#8221;][vc_column_text el_class=&#8221;link-with-after-triangle&#8221;] Tov\u00e1bb [\/vc_column_text][\/vc_column][vc_column width=&#8221;1\/2&#8243; offset=&#8221;vc_hidden-sm vc_hidden-xs&#8221; css=&#8221;.vc_custom_1515575564791{padding-bottom: 40px !important;}&#8221;][vc_column_text el_class=&#8221;link-with-after-triangle&#8221;]&hellip;\" \/>\n<meta property=\"og:url\" content=\"https:\/\/archive.iask.hu\/hu\/kutatas\/\" \/>\n<meta property=\"og:site_name\" content=\"iASK - Fels\u0151bbfok\u00fa Tanulm\u00e1nyok Int\u00e9zete, K\u0151szeg\" \/>\n<meta property=\"article:modified_time\" content=\"2018-03-21T07:40:40+00:00\" \/>\n<meta name=\"twitter:card\" content=\"summary_large_image\" \/>\n<meta name=\"twitter:label1\" content=\"Becs\u00fclt olvas\u00e1si id\u0151\" \/>\n\t<meta name=\"twitter:data1\" content=\"6 perc\" \/>\n<script type=\"application\/ld+json\" class=\"yoast-schema-graph\">{\"@context\":\"https:\/\/schema.org\",\"@graph\":[{\"@type\":\"WebSite\",\"@id\":\"https:\/\/archive.iask.hu\/en\/#website\",\"url\":\"https:\/\/archive.iask.hu\/en\/\",\"name\":\"iASK - Fels\\u0151bbfok\\u00fa Tanulm\\u00e1nyok Int\\u00e9zete, K\\u0151szeg\",\"description\":\"Az Int\\u00e9zet c\\u00e9lja, hogy egy\\u00fcv\\u00e9 szervezze a szellemileg nyitott, b\\u00e1tor, egym\\u00e1ssal egy\\u00fcttm\\u0171k\\u00f6dni k\\u00edv\\u00e1n\\u00f3, alkot\\u00f3 \\u00e9s gondolkod\\u00f3 szakembereket \\u00e9s tud\\u00f3sokat.\",\"potentialAction\":[{\"@type\":\"SearchAction\",\"target\":{\"@type\":\"EntryPoint\",\"urlTemplate\":\"https:\/\/archive.iask.hu\/en\/?s={search_term_string}\"},\"query-input\":\"required name=search_term_string\"}],\"inLanguage\":\"hu\"},{\"@type\":\"WebPage\",\"@id\":\"https:\/\/archive.iask.hu\/hu\/kutatas\/#webpage\",\"url\":\"https:\/\/archive.iask.hu\/hu\/kutatas\/\",\"name\":\"Kutat\\u00e1s - iASK - Fels\\u0151bbfok\\u00fa Tanulm\\u00e1nyok Int\\u00e9zete, K\\u0151szeg\",\"isPartOf\":{\"@id\":\"https:\/\/archive.iask.hu\/en\/#website\"},\"datePublished\":\"2017-12-04T11:19:25+00:00\",\"dateModified\":\"2018-03-21T07:40:40+00:00\",\"breadcrumb\":{\"@id\":\"https:\/\/archive.iask.hu\/hu\/kutatas\/#breadcrumb\"},\"inLanguage\":\"hu\",\"potentialAction\":[{\"@type\":\"ReadAction\",\"target\":[\"https:\/\/archive.iask.hu\/hu\/kutatas\/\"]}]},{\"@type\":\"BreadcrumbList\",\"@id\":\"https:\/\/archive.iask.hu\/hu\/kutatas\/#breadcrumb\",\"itemListElement\":[{\"@type\":\"ListItem\",\"position\":1,\"name\":\"Home\",\"item\":\"https:\/\/archive.iask.hu\/en\/\"},{\"@type\":\"ListItem\",\"position\":2,\"name\":\"Kutat\\u00e1s\"}]}]}<\/script>\n<!-- \/ Yoast SEO plugin. -->","yoast_head_json":{"title":"Kutat\u00e1s - iASK - Fels\u0151bbfok\u00fa Tanulm\u00e1nyok Int\u00e9zete, K\u0151szeg","robots":{"index":"index","follow":"follow","max-snippet":"max-snippet:-1","max-image-preview":"max-image-preview:large","max-video-preview":"max-video-preview:-1"},"canonical":"https:\/\/archive.iask.hu\/hu\/kutatas\/","og_locale":"hu_HU","og_type":"article","og_title":"Kutat\u00e1s - iASK - Fels\u0151bbfok\u00fa Tanulm\u00e1nyok Int\u00e9zete, K\u0151szeg","og_description":"[vc_row][vc_column width=&#8221;1\/2&#8243;][vc_column_text el_class=&#8221;hide-on-desktop link-with-after-triangle&#8221;] Tov\u00e1bb [\/vc_column_text][\/vc_column][vc_column width=&#8221;1\/2&#8243;][vc_column_text el_class=&#8221;hide-on-desktop link-with-after-triangle&#8221;] Tov\u00e1bb [\/vc_column_text][\/vc_column][\/vc_row][vc_row][vc_column width=&#8221;1\/2&#8243; offset=&#8221;vc_hidden-sm vc_hidden-xs&#8221; css=&#8221;.vc_custom_1515575544140{padding-bottom: 40px !important;}&#8221;][vc_column_text el_class=&#8221;link-with-after-triangle&#8221;] Tov\u00e1bb [\/vc_column_text][\/vc_column][vc_column width=&#8221;1\/2&#8243; offset=&#8221;vc_hidden-sm vc_hidden-xs&#8221; css=&#8221;.vc_custom_1515575553688{padding-bottom: 40px !important;}&#8221;][vc_column_text el_class=&#8221;link-with-after-triangle&#8221;] Tov\u00e1bb [\/vc_column_text][\/vc_column][\/vc_row][vc_row][vc_column width=&#8221;1\/2&#8243;][vc_column_text el_class=&#8221;hide-on-desktop link-with-after-triangle&#8221;] Tov\u00e1bb [\/vc_column_text][\/vc_column][vc_column width=&#8221;1\/2&#8243;][vc_column_text el_class=&#8221;hide-on-desktop link-with-after-triangle&#8221;] Tov\u00e1bb [\/vc_column_text][\/vc_column][\/vc_row][vc_row][vc_column width=&#8221;1\/2&#8243; offset=&#8221;vc_hidden-sm vc_hidden-xs&#8221; css=&#8221;.vc_custom_1515575558016{padding-bottom: 40px !important;}&#8221;][vc_column_text el_class=&#8221;link-with-after-triangle&#8221;] Tov\u00e1bb [\/vc_column_text][\/vc_column][vc_column width=&#8221;1\/2&#8243; offset=&#8221;vc_hidden-sm vc_hidden-xs&#8221; css=&#8221;.vc_custom_1515575564791{padding-bottom: 40px !important;}&#8221;][vc_column_text el_class=&#8221;link-with-after-triangle&#8221;]&hellip;","og_url":"https:\/\/archive.iask.hu\/hu\/kutatas\/","og_site_name":"iASK - Fels\u0151bbfok\u00fa Tanulm\u00e1nyok Int\u00e9zete, K\u0151szeg","article_modified_time":"2018-03-21T07:40:40+00:00","twitter_card":"summary_large_image","twitter_misc":{"Becs\u00fclt olvas\u00e1si id\u0151":"6 perc"},"schema":{"@context":"https:\/\/schema.org","@graph":[{"@type":"WebSite","@id":"https:\/\/archive.iask.hu\/en\/#website","url":"https:\/\/archive.iask.hu\/en\/","name":"iASK - Fels\u0151bbfok\u00fa Tanulm\u00e1nyok Int\u00e9zete, K\u0151szeg","description":"Az Int\u00e9zet c\u00e9lja, hogy egy\u00fcv\u00e9 szervezze a szellemileg nyitott, b\u00e1tor, egym\u00e1ssal egy\u00fcttm\u0171k\u00f6dni k\u00edv\u00e1n\u00f3, alkot\u00f3 \u00e9s gondolkod\u00f3 szakembereket \u00e9s tud\u00f3sokat.","potentialAction":[{"@type":"SearchAction","target":{"@type":"EntryPoint","urlTemplate":"https:\/\/archive.iask.hu\/en\/?s={search_term_string}"},"query-input":"required name=search_term_string"}],"inLanguage":"hu"},{"@type":"WebPage","@id":"https:\/\/archive.iask.hu\/hu\/kutatas\/#webpage","url":"https:\/\/archive.iask.hu\/hu\/kutatas\/","name":"Kutat\u00e1s - iASK - Fels\u0151bbfok\u00fa Tanulm\u00e1nyok Int\u00e9zete, K\u0151szeg","isPartOf":{"@id":"https:\/\/archive.iask.hu\/en\/#website"},"datePublished":"2017-12-04T11:19:25+00:00","dateModified":"2018-03-21T07:40:40+00:00","breadcrumb":{"@id":"https:\/\/archive.iask.hu\/hu\/kutatas\/#breadcrumb"},"inLanguage":"hu","potentialAction":[{"@type":"ReadAction","target":["https:\/\/archive.iask.hu\/hu\/kutatas\/"]}]},{"@type":"BreadcrumbList","@id":"https:\/\/archive.iask.hu\/hu\/kutatas\/#breadcrumb","itemListElement":[{"@type":"ListItem","position":1,"name":"Home","item":"https:\/\/archive.iask.hu\/en\/"},{"@type":"ListItem","position":2,"name":"Kutat\u00e1s"}]}]}},"_links":{"self":[{"href":"https:\/\/archive.iask.hu\/hu\/wp-json\/wp\/v2\/pages\/1693"}],"collection":[{"href":"https:\/\/archive.iask.hu\/hu\/wp-json\/wp\/v2\/pages"}],"about":[{"href":"https:\/\/archive.iask.hu\/hu\/wp-json\/wp\/v2\/types\/page"}],"author":[{"embeddable":true,"href":"https:\/\/archive.iask.hu\/hu\/wp-json\/wp\/v2\/users\/209"}],"replies":[{"embeddable":true,"href":"https:\/\/archive.iask.hu\/hu\/wp-json\/wp\/v2\/comments?post=1693"}],"version-history":[{"count":4,"href":"https:\/\/archive.iask.hu\/hu\/wp-json\/wp\/v2\/pages\/1693\/revisions"}],"predecessor-version":[{"id":8674,"href":"https:\/\/archive.iask.hu\/hu\/wp-json\/wp\/v2\/pages\/1693\/revisions\/8674"}],"wp:attachment":[{"href":"https:\/\/archive.iask.hu\/hu\/wp-json\/wp\/v2\/media?parent=1693"}],"curies":[{"name":"wp","href":"https:\/\/api.w.org\/{rel}","templated":true}]}}