{"id":1699,"date":"2017-12-04T11:21:07","date_gmt":"2017-12-04T11:21:07","guid":{"rendered":"https:\/\/archive.iask.hu\/?page_id=1699"},"modified":"2023-06-03T16:43:52","modified_gmt":"2023-06-03T14:43:52","slug":"fellowships","status":"publish","type":"page","link":"https:\/\/archive.iask.hu\/hu\/osztondij\/","title":{"rendered":"\u00d6szt\u00f6nd\u00edj"},"content":{"rendered":"<p>[vc_row][vc_column][vc_column_text]<\/p>\n<h4><strong>Kutat\u00f3 \u00d6szt\u00f6nd\u00edjak 2021-2022<\/strong><\/h4>\n<p>A k\u0151szegi\u00a0<strong>Fels\u0151bbfok\u00fa Tanulm\u00e1nyok Int\u00e9zete<\/strong>\u00a0(a tov\u00e1bbiakban: iASK) egy\u00e9ni kutat\u00f3i \u00f6szt\u00f6nd\u00edj p\u00e1ly\u00e1zatot hirdet minden tudom\u00e1nyter\u00fclet sz\u00e1m\u00e1ra\u00a0<strong>4-10 h\u00f3nap<\/strong>os id\u0151tartamra\u00a0<strong>2021. okt\u00f3ber 1 \u00e9s 2022. j\u00falius 31. k\u00f6z\u00f6tt<\/strong>.<\/p>\n<p>El\u0151ny\u00f6s elb\u00edr\u00e1l\u00e1sban r\u00e9szes\u00fclnek azok a p\u00e1ly\u00e1zatok, amelyek a t\u00e1rsadalomtudom\u00e1ny \u00e9s a b\u00f6lcs\u00e9szet hat\u00e1rter\u00fcletein helyezkednek el, VAGY a term\u00e9szettudom\u00e1nyok olyan r\u00e9szter\u00fcletein, amelyek k\u00f6vetlen\u00fcl kapcsol\u00f3dnak a t\u00e1rsadalomtudom\u00e1nyokhoz \u00e9s a b\u00f6lcs\u00e9szethez. Az iASK kutat\u00e1si programjainak \u00e9s k\u00f6zpontjainak tematik\u00e1j\u00e1hoz illeszthet\u0151 p\u00e1ly\u00e1zatok szint\u00e9n els\u0151bbs\u00e9get \u00e9lveznek. A kutat\u00e1si projektek tervez\u00e9s\u00e9n\u00e9l k\u00edv\u00e1natos az elm\u00e9leti tud\u00e1s \u00e9s a gyakorlati alkalmazhat\u00f3s\u00e1g \u00f6sszekapcsol\u00e1sa, valamint annak a lehet\u0151s\u00e9ge, hogy a kutat\u00e1s eredm\u00e9ny\u00e9re alapozott javaslatok a k\u00f6zj\u00f3t szolg\u00e1lj\u00e1k mind helyi, mind hazai, illetve region\u00e1lis, \u00e9s glob\u00e1lis szinten.<\/p>\n<p><a href=\"https:\/\/archive.iask.hu\/hu\/palyazati-felhivasa-magyar-es-kulfoldi-hallgatok-es-kutatok-szamara\/\">A teljes p\u00e1ly\u00e1zati ki\u00edr\u00e1st ITT tal\u00e1lja!\u00a0<\/a>[\/vc_column_text][\/vc_column][\/vc_row][vc_row][vc_column][vc_empty_space][\/vc_column][\/vc_row][vc_row][vc_column][\/vc_column][\/vc_row]<\/p>","protected":false},"excerpt":{"rendered":"<p>[vc_row][vc_column][vc_column_text] Kutat\u00f3 \u00d6szt\u00f6nd\u00edjak 2021-2022 A k\u0151szegi\u00a0Fels\u0151bbfok\u00fa Tanulm\u00e1nyok Int\u00e9zete\u00a0(a tov\u00e1bbiakban: iASK) egy\u00e9ni kutat\u00f3i \u00f6szt\u00f6nd\u00edj p\u00e1ly\u00e1zatot hirdet minden tudom\u00e1nyter\u00fclet sz\u00e1m\u00e1ra\u00a04-10 h\u00f3napos id\u0151tartamra\u00a02021. okt\u00f3ber 1 \u00e9s 2022. j\u00falius 31. k\u00f6z\u00f6tt. El\u0151ny\u00f6s elb\u00edr\u00e1l\u00e1sban r\u00e9szes\u00fclnek azok a p\u00e1ly\u00e1zatok, amelyek a t\u00e1rsadalomtudom\u00e1ny \u00e9s a b\u00f6lcs\u00e9szet hat\u00e1rter\u00fcletein helyezkednek el, VAGY a term\u00e9szettudom\u00e1nyok olyan r\u00e9szter\u00fcletein, amelyek k\u00f6vetlen\u00fcl kapcsol\u00f3dnak a t\u00e1rsadalomtudom\u00e1nyokhoz \u00e9s a b\u00f6lcs\u00e9szethez.&hellip;<\/p>\n","protected":false},"author":209,"featured_media":0,"parent":0,"menu_order":122,"comment_status":"closed","ping_status":"closed","template":"","meta":{"footnotes":""},"yoast_head":"<!-- This site is optimized with the Yoast SEO plugin v16.7 - https:\/\/yoast.com\/wordpress\/plugins\/seo\/ -->\n<title>\u00d6szt\u00f6nd\u00edj - iASK - Fels\u0151bbfok\u00fa Tanulm\u00e1nyok Int\u00e9zete, K\u0151szeg<\/title>\n<meta name=\"robots\" content=\"index, follow, max-snippet:-1, max-image-preview:large, max-video-preview:-1\" \/>\n<link rel=\"canonical\" href=\"https:\/\/archive.iask.hu\/en\/fellowships\/\" \/>\n<meta property=\"og:locale\" content=\"hu_HU\" \/>\n<meta property=\"og:type\" content=\"article\" \/>\n<meta property=\"og:title\" content=\"\u00d6szt\u00f6nd\u00edj - iASK - Fels\u0151bbfok\u00fa Tanulm\u00e1nyok Int\u00e9zete, K\u0151szeg\" \/>\n<meta property=\"og:description\" content=\"[vc_row][vc_column][vc_column_text] Kutat\u00f3 \u00d6szt\u00f6nd\u00edjak 2021-2022 A k\u0151szegi\u00a0Fels\u0151bbfok\u00fa Tanulm\u00e1nyok Int\u00e9zete\u00a0(a tov\u00e1bbiakban: iASK) egy\u00e9ni kutat\u00f3i \u00f6szt\u00f6nd\u00edj p\u00e1ly\u00e1zatot hirdet minden tudom\u00e1nyter\u00fclet sz\u00e1m\u00e1ra\u00a04-10 h\u00f3napos id\u0151tartamra\u00a02021. okt\u00f3ber 1 \u00e9s 2022. j\u00falius 31. k\u00f6z\u00f6tt. El\u0151ny\u00f6s elb\u00edr\u00e1l\u00e1sban r\u00e9szes\u00fclnek azok a p\u00e1ly\u00e1zatok, amelyek a t\u00e1rsadalomtudom\u00e1ny \u00e9s a b\u00f6lcs\u00e9szet hat\u00e1rter\u00fcletein helyezkednek el, VAGY a term\u00e9szettudom\u00e1nyok olyan r\u00e9szter\u00fcletein, amelyek k\u00f6vetlen\u00fcl kapcsol\u00f3dnak a t\u00e1rsadalomtudom\u00e1nyokhoz \u00e9s a b\u00f6lcs\u00e9szethez.&hellip;\" \/>\n<meta property=\"og:url\" content=\"https:\/\/archive.iask.hu\/en\/fellowships\/\" \/>\n<meta property=\"og:site_name\" content=\"iASK - Fels\u0151bbfok\u00fa Tanulm\u00e1nyok Int\u00e9zete, K\u0151szeg\" \/>\n<meta property=\"article:modified_time\" content=\"2023-06-03T14:43:52+00:00\" \/>\n<meta property=\"og:image\" content=\"http:\/\/archive.iask.hu\/wp-content\/uploads\/2023\/05\/balkan-studies-fellowshop-1024x684.jpeg\" \/>\n<meta name=\"twitter:card\" content=\"summary_large_image\" \/>\n<meta name=\"twitter:label1\" content=\"Becs\u00fclt olvas\u00e1si id\u0151\" \/>\n\t<meta name=\"twitter:data1\" content=\"3 perc\" \/>\n<script type=\"application\/ld+json\" class=\"yoast-schema-graph\">{\"@context\":\"https:\/\/schema.org\",\"@graph\":[{\"@type\":\"WebSite\",\"@id\":\"https:\/\/archive.iask.hu\/en\/#website\",\"url\":\"https:\/\/archive.iask.hu\/en\/\",\"name\":\"iASK - Fels\\u0151bbfok\\u00fa Tanulm\\u00e1nyok Int\\u00e9zete, K\\u0151szeg\",\"description\":\"Az Int\\u00e9zet c\\u00e9lja, hogy egy\\u00fcv\\u00e9 szervezze a szellemileg nyitott, b\\u00e1tor, egym\\u00e1ssal egy\\u00fcttm\\u0171k\\u00f6dni k\\u00edv\\u00e1n\\u00f3, alkot\\u00f3 \\u00e9s gondolkod\\u00f3 szakembereket \\u00e9s tud\\u00f3sokat.\",\"potentialAction\":[{\"@type\":\"SearchAction\",\"target\":{\"@type\":\"EntryPoint\",\"urlTemplate\":\"https:\/\/archive.iask.hu\/en\/?s={search_term_string}\"},\"query-input\":\"required name=search_term_string\"}],\"inLanguage\":\"hu\"},{\"@type\":\"ImageObject\",\"@id\":\"https:\/\/archive.iask.hu\/en\/fellowships\/#primaryimage\",\"inLanguage\":\"hu\",\"url\":\"http:\/\/archive.iask.hu\/wp-content\/uploads\/2023\/05\/balkan-studies-fellowshop-1024x684.jpeg\",\"contentUrl\":\"http:\/\/archive.iask.hu\/wp-content\/uploads\/2023\/05\/balkan-studies-fellowshop-1024x684.jpeg\"},{\"@type\":\"WebPage\",\"@id\":\"https:\/\/archive.iask.hu\/en\/fellowships\/#webpage\",\"url\":\"https:\/\/archive.iask.hu\/en\/fellowships\/\",\"name\":\"\\u00d6szt\\u00f6nd\\u00edj - iASK - Fels\\u0151bbfok\\u00fa Tanulm\\u00e1nyok Int\\u00e9zete, K\\u0151szeg\",\"isPartOf\":{\"@id\":\"https:\/\/archive.iask.hu\/en\/#website\"},\"primaryImageOfPage\":{\"@id\":\"https:\/\/archive.iask.hu\/en\/fellowships\/#primaryimage\"},\"datePublished\":\"2017-12-04T11:21:07+00:00\",\"dateModified\":\"2023-06-03T14:43:52+00:00\",\"breadcrumb\":{\"@id\":\"https:\/\/archive.iask.hu\/en\/fellowships\/#breadcrumb\"},\"inLanguage\":\"hu\",\"potentialAction\":[{\"@type\":\"ReadAction\",\"target\":[\"https:\/\/archive.iask.hu\/en\/fellowships\/\"]}]},{\"@type\":\"BreadcrumbList\",\"@id\":\"https:\/\/archive.iask.hu\/en\/fellowships\/#breadcrumb\",\"itemListElement\":[{\"@type\":\"ListItem\",\"position\":1,\"name\":\"Home\",\"item\":\"https:\/\/archive.iask.hu\/en\/\"},{\"@type\":\"ListItem\",\"position\":2,\"name\":\"Fellowships\"}]}]}<\/script>\n<!-- \/ Yoast SEO plugin. -->","yoast_head_json":{"title":"\u00d6szt\u00f6nd\u00edj - iASK - Fels\u0151bbfok\u00fa Tanulm\u00e1nyok Int\u00e9zete, K\u0151szeg","robots":{"index":"index","follow":"follow","max-snippet":"max-snippet:-1","max-image-preview":"max-image-preview:large","max-video-preview":"max-video-preview:-1"},"canonical":"https:\/\/archive.iask.hu\/en\/fellowships\/","og_locale":"hu_HU","og_type":"article","og_title":"\u00d6szt\u00f6nd\u00edj - iASK - Fels\u0151bbfok\u00fa Tanulm\u00e1nyok Int\u00e9zete, K\u0151szeg","og_description":"[vc_row][vc_column][vc_column_text] Kutat\u00f3 \u00d6szt\u00f6nd\u00edjak 2021-2022 A k\u0151szegi\u00a0Fels\u0151bbfok\u00fa Tanulm\u00e1nyok Int\u00e9zete\u00a0(a tov\u00e1bbiakban: iASK) egy\u00e9ni kutat\u00f3i \u00f6szt\u00f6nd\u00edj p\u00e1ly\u00e1zatot hirdet minden tudom\u00e1nyter\u00fclet sz\u00e1m\u00e1ra\u00a04-10 h\u00f3napos id\u0151tartamra\u00a02021. okt\u00f3ber 1 \u00e9s 2022. j\u00falius 31. k\u00f6z\u00f6tt. El\u0151ny\u00f6s elb\u00edr\u00e1l\u00e1sban r\u00e9szes\u00fclnek azok a p\u00e1ly\u00e1zatok, amelyek a t\u00e1rsadalomtudom\u00e1ny \u00e9s a b\u00f6lcs\u00e9szet hat\u00e1rter\u00fcletein helyezkednek el, VAGY a term\u00e9szettudom\u00e1nyok olyan r\u00e9szter\u00fcletein, amelyek k\u00f6vetlen\u00fcl kapcsol\u00f3dnak a t\u00e1rsadalomtudom\u00e1nyokhoz \u00e9s a b\u00f6lcs\u00e9szethez.&hellip;","og_url":"https:\/\/archive.iask.hu\/en\/fellowships\/","og_site_name":"iASK - Fels\u0151bbfok\u00fa Tanulm\u00e1nyok Int\u00e9zete, K\u0151szeg","article_modified_time":"2023-06-03T14:43:52+00:00","og_image":[{"url":"http:\/\/archive.iask.hu\/wp-content\/uploads\/2023\/05\/balkan-studies-fellowshop-1024x684.jpeg"}],"twitter_card":"summary_large_image","twitter_misc":{"Becs\u00fclt olvas\u00e1si id\u0151":"3 perc"},"schema":{"@context":"https:\/\/schema.org","@graph":[{"@type":"WebSite","@id":"https:\/\/archive.iask.hu\/en\/#website","url":"https:\/\/archive.iask.hu\/en\/","name":"iASK - Fels\u0151bbfok\u00fa Tanulm\u00e1nyok Int\u00e9zete, K\u0151szeg","description":"Az Int\u00e9zet c\u00e9lja, hogy egy\u00fcv\u00e9 szervezze a szellemileg nyitott, b\u00e1tor, egym\u00e1ssal egy\u00fcttm\u0171k\u00f6dni k\u00edv\u00e1n\u00f3, alkot\u00f3 \u00e9s gondolkod\u00f3 szakembereket \u00e9s tud\u00f3sokat.","potentialAction":[{"@type":"SearchAction","target":{"@type":"EntryPoint","urlTemplate":"https:\/\/archive.iask.hu\/en\/?s={search_term_string}"},"query-input":"required name=search_term_string"}],"inLanguage":"hu"},{"@type":"ImageObject","@id":"https:\/\/archive.iask.hu\/en\/fellowships\/#primaryimage","inLanguage":"hu","url":"http:\/\/archive.iask.hu\/wp-content\/uploads\/2023\/05\/balkan-studies-fellowshop-1024x684.jpeg","contentUrl":"http:\/\/archive.iask.hu\/wp-content\/uploads\/2023\/05\/balkan-studies-fellowshop-1024x684.jpeg"},{"@type":"WebPage","@id":"https:\/\/archive.iask.hu\/en\/fellowships\/#webpage","url":"https:\/\/archive.iask.hu\/en\/fellowships\/","name":"\u00d6szt\u00f6nd\u00edj - iASK - Fels\u0151bbfok\u00fa Tanulm\u00e1nyok Int\u00e9zete, K\u0151szeg","isPartOf":{"@id":"https:\/\/archive.iask.hu\/en\/#website"},"primaryImageOfPage":{"@id":"https:\/\/archive.iask.hu\/en\/fellowships\/#primaryimage"},"datePublished":"2017-12-04T11:21:07+00:00","dateModified":"2023-06-03T14:43:52+00:00","breadcrumb":{"@id":"https:\/\/archive.iask.hu\/en\/fellowships\/#breadcrumb"},"inLanguage":"hu","potentialAction":[{"@type":"ReadAction","target":["https:\/\/archive.iask.hu\/en\/fellowships\/"]}]},{"@type":"BreadcrumbList","@id":"https:\/\/archive.iask.hu\/en\/fellowships\/#breadcrumb","itemListElement":[{"@type":"ListItem","position":1,"name":"Home","item":"https:\/\/archive.iask.hu\/en\/"},{"@type":"ListItem","position":2,"name":"Fellowships"}]}]}},"_links":{"self":[{"href":"https:\/\/archive.iask.hu\/hu\/wp-json\/wp\/v2\/pages\/1699"}],"collection":[{"href":"https:\/\/archive.iask.hu\/hu\/wp-json\/wp\/v2\/pages"}],"about":[{"href":"https:\/\/archive.iask.hu\/hu\/wp-json\/wp\/v2\/types\/page"}],"author":[{"embeddable":true,"href":"https:\/\/archive.iask.hu\/hu\/wp-json\/wp\/v2\/users\/209"}],"replies":[{"embeddable":true,"href":"https:\/\/archive.iask.hu\/hu\/wp-json\/wp\/v2\/comments?post=1699"}],"version-history":[{"count":35,"href":"https:\/\/archive.iask.hu\/hu\/wp-json\/wp\/v2\/pages\/1699\/revisions"}],"predecessor-version":[{"id":28194,"href":"https:\/\/archive.iask.hu\/hu\/wp-json\/wp\/v2\/pages\/1699\/revisions\/28194"}],"wp:attachment":[{"href":"https:\/\/archive.iask.hu\/hu\/wp-json\/wp\/v2\/media?parent=1699"}],"curies":[{"name":"wp","href":"https:\/\/api.w.org\/{rel}","templated":true}]}}