{"id":1832,"date":"2017-12-07T12:14:21","date_gmt":"2017-12-07T12:14:21","guid":{"rendered":"https:\/\/archive.iask.hu\/?page_id=1832"},"modified":"2020-01-29T15:51:19","modified_gmt":"2020-01-29T14:51:19","slug":"about","status":"publish","type":"page","link":"https:\/\/archive.iask.hu\/hu\/miszlivetz-ferenc\/english-about\/","title":{"rendered":"R\u00f3lam"},"content":{"rendered":"<p>Miszlivetz Ferenc &#8211; F\u0151igazgat\u00f3, iASK, egyetemi tan\u00e1r, Pannon Egyetem K\u0151szeg Kampusz<\/p>\n<p>a k\u0151szegi Fels\u0151bbfok\u00fa Tanulm\u00e1nyok Int\u00e9zet\u00e9nek alap\u00edt\u00f3ja \u00e9s F\u0151igazgat\u00f3ja. Jean Monnet ad personam professzor, a Pannon Egyetem egyetemi tan\u00e1ra, T\u00e1rsadalomtudom\u00e1nyi Kutat\u00f3k\u00f6zpont Politikatudom\u00e1nyi Int\u00e9zet\u00e9nek tudom\u00e1nyos tan\u00e1csad\u00f3ja. A KRAFT integr\u00e1lt v\u00e1ros \u00e9s vid\u00e9ke koncepci\u00f3 kidolgoz\u00f3ja. Kutat\u00e1si ter\u00fcletei: a demokr\u00e1cia elm\u00e9lete \u00e9s gyakorlata, a civil t\u00e1rsadalom, K\u00f6z\u00e9p-Eur\u00f3pa \u00e9s Eur\u00f3pa-tanulm\u00e1nyok, globaliz\u00e1ci\u00f3, fenntarthat\u00f3s\u00e1g. Sz\u00e1mos eur\u00f3pai \u00e9s amerikai egyetemen tartott el\u0151ad\u00e1sokat, tan\u00edtott \u00e9s kutatott. A Bolognai Egyetem \u00e1lland\u00f3 vend\u00e9gprofesszora. 2012-ben a Columbia Egyetemen De\u00e1k \u00f6szt\u00f6nd\u00edjas vend\u00e9gprofesszorak\u00e9nt tan\u00edtott New York-ban. Miszlivetz professzor alap\u00edt\u00f3ja \u00e9s eln\u00f6ke a T\u00e1rsadalomtudom\u00e1nyok \u00e9s Eur\u00f3pa Tanulm\u00e1nyok Int\u00e9zete Alap\u00edtv\u00e1ny\u00e1nak K\u0151szegen (Jean Monnet Kiv\u00e1l\u00f3s\u00e1gi K\u00f6zpont). 2012 \u00f3ta az UNESCO Magyar Nemzeti Bizotts\u00e1ga T\u00e1rsadalomtudom\u00e1nyi Szakbizotts\u00e1g\u00e1nak eln\u00f6ke, a k\u0151szegi UNESCO Cultural Heritage Management and Sustainability UNESCO tansz\u00e9k ir\u00e1ny\u00edt\u00f3ja.<\/p>\n<p>Sz\u00e1mos d\u00edjban \u00e9s elismer\u00e9sben r\u00e9szes\u00fclt, k\u00f6zt\u00fck a Magyar K\u00f6zt\u00e1rsas\u00e1g Lovagkeresztje (2005).<\/p>\n<p>F\u0151bb m\u0171vei: <em>Illusions and Realities: The Metamorphosis of Civil Society in a New European Space<\/em>, <em>K\u00f6z\u00e9p-Eur\u00f3pa a kapuk el\u0151tt<\/em>, <em>Az eur\u00f3pai konstrukci\u00f3<\/em>, \u00e9s <em>Reframing Europe\u2019s Future: Challenges and<\/em> <em>Failures of the European Construction <\/em>(Jody Jensen \u00e9s Miszlivetz Ferenc szerkeszt\u00e9s\u00e9ben).<\/p>","protected":false},"excerpt":{"rendered":"<p>Miszlivetz Ferenc &#8211; F\u0151igazgat\u00f3, iASK, egyetemi tan\u00e1r, Pannon Egyetem K\u0151szeg Kampusz a k\u0151szegi Fels\u0151bbfok\u00fa Tanulm\u00e1nyok Int\u00e9zet\u00e9nek alap\u00edt\u00f3ja \u00e9s F\u0151igazgat\u00f3ja. Jean Monnet ad personam professzor, a Pannon Egyetem egyetemi tan\u00e1ra, T\u00e1rsadalomtudom\u00e1nyi Kutat\u00f3k\u00f6zpont Politikatudom\u00e1nyi Int\u00e9zet\u00e9nek tudom\u00e1nyos tan\u00e1csad\u00f3ja. A KRAFT integr\u00e1lt v\u00e1ros \u00e9s vid\u00e9ke koncepci\u00f3 kidolgoz\u00f3ja. Kutat\u00e1si ter\u00fcletei: a demokr\u00e1cia elm\u00e9lete \u00e9s gyakorlata, a civil t\u00e1rsadalom, K\u00f6z\u00e9p-Eur\u00f3pa \u00e9s&hellip;<\/p>\n","protected":false},"author":209,"featured_media":0,"parent":1630,"menu_order":93,"comment_status":"closed","ping_status":"closed","template":"","meta":{"footnotes":""},"yoast_head":"<!-- This site is optimized with the Yoast SEO plugin v16.7 - https:\/\/yoast.com\/wordpress\/plugins\/seo\/ -->\n<title>R\u00f3lam - iASK - Fels\u0151bbfok\u00fa Tanulm\u00e1nyok Int\u00e9zete, K\u0151szeg<\/title>\n<meta name=\"robots\" content=\"index, follow, max-snippet:-1, max-image-preview:large, max-video-preview:-1\" \/>\n<link rel=\"canonical\" href=\"https:\/\/archive.iask.hu\/en\/miszlivetz-ferenc\/about\/\" \/>\n<meta property=\"og:locale\" content=\"hu_HU\" \/>\n<meta property=\"og:type\" content=\"article\" \/>\n<meta property=\"og:title\" content=\"R\u00f3lam - iASK - Fels\u0151bbfok\u00fa Tanulm\u00e1nyok Int\u00e9zete, K\u0151szeg\" \/>\n<meta property=\"og:description\" content=\"Miszlivetz Ferenc &#8211; F\u0151igazgat\u00f3, iASK, egyetemi tan\u00e1r, Pannon Egyetem K\u0151szeg Kampusz a k\u0151szegi Fels\u0151bbfok\u00fa Tanulm\u00e1nyok Int\u00e9zet\u00e9nek alap\u00edt\u00f3ja \u00e9s F\u0151igazgat\u00f3ja. Jean Monnet ad personam professzor, a Pannon Egyetem egyetemi tan\u00e1ra, T\u00e1rsadalomtudom\u00e1nyi Kutat\u00f3k\u00f6zpont Politikatudom\u00e1nyi Int\u00e9zet\u00e9nek tudom\u00e1nyos tan\u00e1csad\u00f3ja. A KRAFT integr\u00e1lt v\u00e1ros \u00e9s vid\u00e9ke koncepci\u00f3 kidolgoz\u00f3ja. Kutat\u00e1si ter\u00fcletei: a demokr\u00e1cia elm\u00e9lete \u00e9s gyakorlata, a civil t\u00e1rsadalom, K\u00f6z\u00e9p-Eur\u00f3pa \u00e9s&hellip;\" \/>\n<meta property=\"og:url\" content=\"https:\/\/archive.iask.hu\/en\/miszlivetz-ferenc\/about\/\" \/>\n<meta property=\"og:site_name\" content=\"iASK - Fels\u0151bbfok\u00fa Tanulm\u00e1nyok Int\u00e9zete, K\u0151szeg\" \/>\n<meta property=\"article:modified_time\" content=\"2020-01-29T14:51:19+00:00\" \/>\n<meta name=\"twitter:card\" content=\"summary_large_image\" \/>\n<meta name=\"twitter:label1\" content=\"Becs\u00fclt olvas\u00e1si id\u0151\" \/>\n\t<meta name=\"twitter:data1\" content=\"2 perc\" \/>\n<script type=\"application\/ld+json\" class=\"yoast-schema-graph\">{\"@context\":\"https:\/\/schema.org\",\"@graph\":[{\"@type\":\"WebSite\",\"@id\":\"https:\/\/archive.iask.hu\/en\/#website\",\"url\":\"https:\/\/archive.iask.hu\/en\/\",\"name\":\"iASK - Fels\\u0151bbfok\\u00fa Tanulm\\u00e1nyok Int\\u00e9zete, K\\u0151szeg\",\"description\":\"Az Int\\u00e9zet c\\u00e9lja, hogy egy\\u00fcv\\u00e9 szervezze a szellemileg nyitott, b\\u00e1tor, egym\\u00e1ssal egy\\u00fcttm\\u0171k\\u00f6dni k\\u00edv\\u00e1n\\u00f3, alkot\\u00f3 \\u00e9s gondolkod\\u00f3 szakembereket \\u00e9s tud\\u00f3sokat.\",\"potentialAction\":[{\"@type\":\"SearchAction\",\"target\":{\"@type\":\"EntryPoint\",\"urlTemplate\":\"https:\/\/archive.iask.hu\/en\/?s={search_term_string}\"},\"query-input\":\"required name=search_term_string\"}],\"inLanguage\":\"hu\"},{\"@type\":\"WebPage\",\"@id\":\"https:\/\/archive.iask.hu\/en\/miszlivetz-ferenc\/about\/#webpage\",\"url\":\"https:\/\/archive.iask.hu\/en\/miszlivetz-ferenc\/about\/\",\"name\":\"R\\u00f3lam - iASK - Fels\\u0151bbfok\\u00fa Tanulm\\u00e1nyok Int\\u00e9zete, K\\u0151szeg\",\"isPartOf\":{\"@id\":\"https:\/\/archive.iask.hu\/en\/#website\"},\"datePublished\":\"2017-12-07T12:14:21+00:00\",\"dateModified\":\"2020-01-29T14:51:19+00:00\",\"breadcrumb\":{\"@id\":\"https:\/\/archive.iask.hu\/en\/miszlivetz-ferenc\/about\/#breadcrumb\"},\"inLanguage\":\"hu\",\"potentialAction\":[{\"@type\":\"ReadAction\",\"target\":[\"https:\/\/archive.iask.hu\/en\/miszlivetz-ferenc\/about\/\"]}]},{\"@type\":\"BreadcrumbList\",\"@id\":\"https:\/\/archive.iask.hu\/en\/miszlivetz-ferenc\/about\/#breadcrumb\",\"itemListElement\":[{\"@type\":\"ListItem\",\"position\":1,\"name\":\"Home\",\"item\":\"https:\/\/archive.iask.hu\/en\/\"},{\"@type\":\"ListItem\",\"position\":2,\"name\":\"Miszlivetz Ferenc\",\"item\":\"https:\/\/archive.iask.hu\/en\/miszlivetz-ferenc\/\"},{\"@type\":\"ListItem\",\"position\":3,\"name\":\"About\"}]}]}<\/script>\n<!-- \/ Yoast SEO plugin. -->","yoast_head_json":{"title":"R\u00f3lam - iASK - Fels\u0151bbfok\u00fa Tanulm\u00e1nyok Int\u00e9zete, K\u0151szeg","robots":{"index":"index","follow":"follow","max-snippet":"max-snippet:-1","max-image-preview":"max-image-preview:large","max-video-preview":"max-video-preview:-1"},"canonical":"https:\/\/archive.iask.hu\/en\/miszlivetz-ferenc\/about\/","og_locale":"hu_HU","og_type":"article","og_title":"R\u00f3lam - iASK - Fels\u0151bbfok\u00fa Tanulm\u00e1nyok Int\u00e9zete, K\u0151szeg","og_description":"Miszlivetz Ferenc &#8211; F\u0151igazgat\u00f3, iASK, egyetemi tan\u00e1r, Pannon Egyetem K\u0151szeg Kampusz a k\u0151szegi Fels\u0151bbfok\u00fa Tanulm\u00e1nyok Int\u00e9zet\u00e9nek alap\u00edt\u00f3ja \u00e9s F\u0151igazgat\u00f3ja. Jean Monnet ad personam professzor, a Pannon Egyetem egyetemi tan\u00e1ra, T\u00e1rsadalomtudom\u00e1nyi Kutat\u00f3k\u00f6zpont Politikatudom\u00e1nyi Int\u00e9zet\u00e9nek tudom\u00e1nyos tan\u00e1csad\u00f3ja. A KRAFT integr\u00e1lt v\u00e1ros \u00e9s vid\u00e9ke koncepci\u00f3 kidolgoz\u00f3ja. Kutat\u00e1si ter\u00fcletei: a demokr\u00e1cia elm\u00e9lete \u00e9s gyakorlata, a civil t\u00e1rsadalom, K\u00f6z\u00e9p-Eur\u00f3pa \u00e9s&hellip;","og_url":"https:\/\/archive.iask.hu\/en\/miszlivetz-ferenc\/about\/","og_site_name":"iASK - Fels\u0151bbfok\u00fa Tanulm\u00e1nyok Int\u00e9zete, K\u0151szeg","article_modified_time":"2020-01-29T14:51:19+00:00","twitter_card":"summary_large_image","twitter_misc":{"Becs\u00fclt olvas\u00e1si id\u0151":"2 perc"},"schema":{"@context":"https:\/\/schema.org","@graph":[{"@type":"WebSite","@id":"https:\/\/archive.iask.hu\/en\/#website","url":"https:\/\/archive.iask.hu\/en\/","name":"iASK - Fels\u0151bbfok\u00fa Tanulm\u00e1nyok Int\u00e9zete, K\u0151szeg","description":"Az Int\u00e9zet c\u00e9lja, hogy egy\u00fcv\u00e9 szervezze a szellemileg nyitott, b\u00e1tor, egym\u00e1ssal egy\u00fcttm\u0171k\u00f6dni k\u00edv\u00e1n\u00f3, alkot\u00f3 \u00e9s gondolkod\u00f3 szakembereket \u00e9s tud\u00f3sokat.","potentialAction":[{"@type":"SearchAction","target":{"@type":"EntryPoint","urlTemplate":"https:\/\/archive.iask.hu\/en\/?s={search_term_string}"},"query-input":"required name=search_term_string"}],"inLanguage":"hu"},{"@type":"WebPage","@id":"https:\/\/archive.iask.hu\/en\/miszlivetz-ferenc\/about\/#webpage","url":"https:\/\/archive.iask.hu\/en\/miszlivetz-ferenc\/about\/","name":"R\u00f3lam - iASK - Fels\u0151bbfok\u00fa Tanulm\u00e1nyok Int\u00e9zete, K\u0151szeg","isPartOf":{"@id":"https:\/\/archive.iask.hu\/en\/#website"},"datePublished":"2017-12-07T12:14:21+00:00","dateModified":"2020-01-29T14:51:19+00:00","breadcrumb":{"@id":"https:\/\/archive.iask.hu\/en\/miszlivetz-ferenc\/about\/#breadcrumb"},"inLanguage":"hu","potentialAction":[{"@type":"ReadAction","target":["https:\/\/archive.iask.hu\/en\/miszlivetz-ferenc\/about\/"]}]},{"@type":"BreadcrumbList","@id":"https:\/\/archive.iask.hu\/en\/miszlivetz-ferenc\/about\/#breadcrumb","itemListElement":[{"@type":"ListItem","position":1,"name":"Home","item":"https:\/\/archive.iask.hu\/en\/"},{"@type":"ListItem","position":2,"name":"Miszlivetz Ferenc","item":"https:\/\/archive.iask.hu\/en\/miszlivetz-ferenc\/"},{"@type":"ListItem","position":3,"name":"About"}]}]}},"_links":{"self":[{"href":"https:\/\/archive.iask.hu\/hu\/wp-json\/wp\/v2\/pages\/1832"}],"collection":[{"href":"https:\/\/archive.iask.hu\/hu\/wp-json\/wp\/v2\/pages"}],"about":[{"href":"https:\/\/archive.iask.hu\/hu\/wp-json\/wp\/v2\/types\/page"}],"author":[{"embeddable":true,"href":"https:\/\/archive.iask.hu\/hu\/wp-json\/wp\/v2\/users\/209"}],"replies":[{"embeddable":true,"href":"https:\/\/archive.iask.hu\/hu\/wp-json\/wp\/v2\/comments?post=1832"}],"version-history":[{"count":1,"href":"https:\/\/archive.iask.hu\/hu\/wp-json\/wp\/v2\/pages\/1832\/revisions"}],"predecessor-version":[{"id":15752,"href":"https:\/\/archive.iask.hu\/hu\/wp-json\/wp\/v2\/pages\/1832\/revisions\/15752"}],"up":[{"embeddable":true,"href":"https:\/\/archive.iask.hu\/hu\/wp-json\/wp\/v2\/pages\/1630"}],"wp:attachment":[{"href":"https:\/\/archive.iask.hu\/hu\/wp-json\/wp\/v2\/media?parent=1832"}],"curies":[{"name":"wp","href":"https:\/\/api.w.org\/{rel}","templated":true}]}}