{"id":25246,"date":"2022-05-22T22:13:13","date_gmt":"2022-05-22T20:13:13","guid":{"rendered":"https:\/\/archive.iask.hu\/hu\/?page_id=25246"},"modified":"2022-05-22T22:38:12","modified_gmt":"2022-05-22T20:38:12","slug":"magyar-eves-beszamolok","status":"publish","type":"page","link":"https:\/\/archive.iask.hu\/hu\/rolunk\/kozerdeku-adatok\/eves-beszamolok\/","title":{"rendered":"\u00c9ves besz\u00e1mol\u00f3k"},"content":{"rendered":"<p><strong>2017 \u00c9ves besz\u00e1mol\u00f3<\/strong><\/p>\n<ul>\n<li><a href=\"http:\/\/archive.iask.hu\/wp-content\/uploads\/2002\/07\/fti_2017_eves-koltsegvetesi-beszamolo.pdf\">FTI_2017_Eves koltsegvetesi beszamolo<\/a><\/li>\n<li><a href=\"http:\/\/archive.iask.hu\/wp-content\/uploads\/2002\/07\/fti_2017-beszamolo_szoveges-indoklas-1.pdf\">FTI_2017. besz\u00e1mol\u00f3_sz\u00f6veges indokl\u00e1s<\/a><\/li>\n<\/ul>\n<p>&nbsp;<\/p>\n<p><strong>2018 \u00c9ves besz\u00e1mol\u00f3<\/strong><\/p>\n<ul>\n<li><a href=\"http:\/\/archive.iask.hu\/wp-content\/uploads\/2002\/07\/fti_2018_eves-koltsegvetesi-beszamolo.pdf\">FTI_2018_Eves koltsegvetesi beszamolo<\/a><\/li>\n<li><a href=\"http:\/\/archive.iask.hu\/wp-content\/uploads\/2002\/07\/fti_2018-beszamolo_szoveges-indoklas-1.pdf\">FTI_2018. besz\u00e1mol\u00f3_sz\u00f6veges indokl\u00e1s<\/a><\/li>\n<\/ul>\n<p>&nbsp;<\/p>\n<p><strong>2019 \u00c9ves besz\u00e1mol\u00f3<\/strong><\/p>\n<ul>\n<li><a href=\"http:\/\/archive.iask.hu\/wp-content\/uploads\/2002\/07\/fti_2019_eves-koltsegvetesi-beszamolo.pdf\">FTI_2019_Eves koltsegvetesi beszamolo<\/a><\/li>\n<li><a href=\"http:\/\/archive.iask.hu\/wp-content\/uploads\/2002\/07\/fti_2019-beszamolo_szoveges_indokolas.pdf\">FTI_2019.besz\u00e1mol\u00f3_sz\u00f6veges_indokol\u00e1s<\/a><\/li>\n<\/ul>\n<p>&nbsp;<\/p>\n<p><strong>2020 \u00c9ves besz\u00e1mol\u00f3<\/strong><\/p>\n<ul>\n<li><a href=\"http:\/\/archive.iask.hu\/wp-content\/uploads\/2002\/07\/fti_2020-beszamolo_elolap.pdf\">FTI_2020 besz\u00e1mol\u00f3_el\u0151lap<\/a><\/li>\n<li><a href=\"http:\/\/archive.iask.hu\/wp-content\/uploads\/2002\/07\/fti_2020_eves-koltsegvetesi-beszamolo.pdf\">FTI_2020_Eves koltsegvetesi beszamolo<\/a><\/li>\n<li><a href=\"http:\/\/archive.iask.hu\/wp-content\/uploads\/2002\/07\/fti_2020-beszamolo_szoveges-indoklas.pdf\">FTI_2020. besz\u00e1mol\u00f3_sz\u00f6veges indokl\u00e1s<\/a><\/li>\n<\/ul>\n<p>&nbsp;<\/p>\n<p><strong>2021 \u00c9ves besz\u00e1mol\u00f3<\/strong><\/p>\n<ul>\n<li><a href=\"http:\/\/archive.iask.hu\/wp-content\/uploads\/2002\/07\/fti_2021-beszamolo_elolap.pdf\">FTI_2021 besz\u00e1mol\u00f3_el\u0151lap<\/a><\/li>\n<li><a href=\"http:\/\/archive.iask.hu\/wp-content\/uploads\/2002\/07\/fti_2021_eves-koltsegvetesi-beszamolo.pdf\">FTI_2021_Eves koltsegvetesi beszamolo<\/a><\/li>\n<li><a href=\"http:\/\/archive.iask.hu\/wp-content\/uploads\/2002\/07\/fti_2021-beszamolo_szoveges-indoklas-1.pdf\">FTI_2021. besz\u00e1mol\u00f3_sz\u00f6veges indokl\u00e1s<\/a><\/li>\n<\/ul>\n<p>&nbsp;<\/p>\n<p><strong>2022 \u00c9ves besz\u00e1mol\u00f3<\/strong><\/p>\n<ul>\n<li><a href=\"http:\/\/archive.iask.hu\/wp-content\/uploads\/2002\/07\/fti_2022-elemi-koltsegvetes.pdf\">FTI_2022. Elemi koltsegvetes<\/a><\/li>\n<\/ul>\n<p><\/p>","protected":false},"excerpt":{"rendered":"<p>2017 \u00c9ves besz\u00e1mol\u00f3 FTI_2017_Eves koltsegvetesi beszamolo FTI_2017. besz\u00e1mol\u00f3_sz\u00f6veges indokl\u00e1s &nbsp; 2018 \u00c9ves besz\u00e1mol\u00f3 FTI_2018_Eves koltsegvetesi beszamolo FTI_2018. besz\u00e1mol\u00f3_sz\u00f6veges indokl\u00e1s &nbsp; 2019 \u00c9ves besz\u00e1mol\u00f3 FTI_2019_Eves koltsegvetesi beszamolo FTI_2019.besz\u00e1mol\u00f3_sz\u00f6veges_indokol\u00e1s &nbsp; 2020 \u00c9ves besz\u00e1mol\u00f3 FTI_2020 besz\u00e1mol\u00f3_el\u0151lap FTI_2020_Eves koltsegvetesi beszamolo FTI_2020. besz\u00e1mol\u00f3_sz\u00f6veges indokl\u00e1s &nbsp; 2021 \u00c9ves besz\u00e1mol\u00f3 FTI_2021 besz\u00e1mol\u00f3_el\u0151lap FTI_2021_Eves koltsegvetesi beszamolo FTI_2021. besz\u00e1mol\u00f3_sz\u00f6veges indokl\u00e1s &nbsp; 2022 \u00c9ves besz\u00e1mol\u00f3&hellip;<\/p>\n","protected":false},"author":213,"featured_media":0,"parent":1676,"menu_order":2,"comment_status":"closed","ping_status":"closed","template":"","meta":{"footnotes":""},"yoast_head":"<!-- This site is optimized with the Yoast SEO plugin v16.7 - https:\/\/yoast.com\/wordpress\/plugins\/seo\/ -->\n<title>\u00c9ves besz\u00e1mol\u00f3k - iASK - Fels\u0151bbfok\u00fa Tanulm\u00e1nyok Int\u00e9zete, K\u0151szeg<\/title>\n<meta name=\"robots\" content=\"index, follow, max-snippet:-1, max-image-preview:large, max-video-preview:-1\" \/>\n<link rel=\"canonical\" href=\"https:\/\/archive.iask.hu\/hu\/rolunk\/kozerdeku-adatok\/eves-beszamolok\/\" \/>\n<meta property=\"og:locale\" content=\"hu_HU\" \/>\n<meta property=\"og:type\" content=\"article\" \/>\n<meta property=\"og:title\" content=\"\u00c9ves besz\u00e1mol\u00f3k - iASK - Fels\u0151bbfok\u00fa Tanulm\u00e1nyok Int\u00e9zete, K\u0151szeg\" \/>\n<meta property=\"og:description\" content=\"2017 \u00c9ves besz\u00e1mol\u00f3 FTI_2017_Eves koltsegvetesi beszamolo FTI_2017. besz\u00e1mol\u00f3_sz\u00f6veges indokl\u00e1s &nbsp; 2018 \u00c9ves besz\u00e1mol\u00f3 FTI_2018_Eves koltsegvetesi beszamolo FTI_2018. besz\u00e1mol\u00f3_sz\u00f6veges indokl\u00e1s &nbsp; 2019 \u00c9ves besz\u00e1mol\u00f3 FTI_2019_Eves koltsegvetesi beszamolo FTI_2019.besz\u00e1mol\u00f3_sz\u00f6veges_indokol\u00e1s &nbsp; 2020 \u00c9ves besz\u00e1mol\u00f3 FTI_2020 besz\u00e1mol\u00f3_el\u0151lap FTI_2020_Eves koltsegvetesi beszamolo FTI_2020. besz\u00e1mol\u00f3_sz\u00f6veges indokl\u00e1s &nbsp; 2021 \u00c9ves besz\u00e1mol\u00f3 FTI_2021 besz\u00e1mol\u00f3_el\u0151lap FTI_2021_Eves koltsegvetesi beszamolo FTI_2021. besz\u00e1mol\u00f3_sz\u00f6veges indokl\u00e1s &nbsp; 2022 \u00c9ves besz\u00e1mol\u00f3&hellip;\" \/>\n<meta property=\"og:url\" content=\"https:\/\/archive.iask.hu\/hu\/rolunk\/kozerdeku-adatok\/eves-beszamolok\/\" \/>\n<meta property=\"og:site_name\" content=\"iASK - Fels\u0151bbfok\u00fa Tanulm\u00e1nyok Int\u00e9zete, K\u0151szeg\" \/>\n<meta property=\"article:modified_time\" content=\"2022-05-22T20:38:12+00:00\" \/>\n<meta name=\"twitter:card\" content=\"summary_large_image\" \/>\n<meta name=\"twitter:label1\" content=\"Becs\u00fclt olvas\u00e1si id\u0151\" \/>\n\t<meta name=\"twitter:data1\" content=\"1 perc\" \/>\n<script type=\"application\/ld+json\" class=\"yoast-schema-graph\">{\"@context\":\"https:\/\/schema.org\",\"@graph\":[{\"@type\":\"WebSite\",\"@id\":\"https:\/\/archive.iask.hu\/en\/#website\",\"url\":\"https:\/\/archive.iask.hu\/en\/\",\"name\":\"iASK - Fels\\u0151bbfok\\u00fa Tanulm\\u00e1nyok Int\\u00e9zete, K\\u0151szeg\",\"description\":\"Az Int\\u00e9zet c\\u00e9lja, hogy egy\\u00fcv\\u00e9 szervezze a szellemileg nyitott, b\\u00e1tor, egym\\u00e1ssal egy\\u00fcttm\\u0171k\\u00f6dni k\\u00edv\\u00e1n\\u00f3, alkot\\u00f3 \\u00e9s gondolkod\\u00f3 szakembereket \\u00e9s tud\\u00f3sokat.\",\"potentialAction\":[{\"@type\":\"SearchAction\",\"target\":{\"@type\":\"EntryPoint\",\"urlTemplate\":\"https:\/\/archive.iask.hu\/en\/?s={search_term_string}\"},\"query-input\":\"required name=search_term_string\"}],\"inLanguage\":\"hu\"},{\"@type\":\"WebPage\",\"@id\":\"https:\/\/archive.iask.hu\/hu\/rolunk\/kozerdeku-adatok\/eves-beszamolok\/#webpage\",\"url\":\"https:\/\/archive.iask.hu\/hu\/rolunk\/kozerdeku-adatok\/eves-beszamolok\/\",\"name\":\"\\u00c9ves besz\\u00e1mol\\u00f3k - iASK - Fels\\u0151bbfok\\u00fa Tanulm\\u00e1nyok Int\\u00e9zete, K\\u0151szeg\",\"isPartOf\":{\"@id\":\"https:\/\/archive.iask.hu\/en\/#website\"},\"datePublished\":\"2022-05-22T20:13:13+00:00\",\"dateModified\":\"2022-05-22T20:38:12+00:00\",\"breadcrumb\":{\"@id\":\"https:\/\/archive.iask.hu\/hu\/rolunk\/kozerdeku-adatok\/eves-beszamolok\/#breadcrumb\"},\"inLanguage\":\"hu\",\"potentialAction\":[{\"@type\":\"ReadAction\",\"target\":[\"https:\/\/archive.iask.hu\/hu\/rolunk\/kozerdeku-adatok\/eves-beszamolok\/\"]}]},{\"@type\":\"BreadcrumbList\",\"@id\":\"https:\/\/archive.iask.hu\/hu\/rolunk\/kozerdeku-adatok\/eves-beszamolok\/#breadcrumb\",\"itemListElement\":[{\"@type\":\"ListItem\",\"position\":1,\"name\":\"Home\",\"item\":\"https:\/\/archive.iask.hu\/en\/\"},{\"@type\":\"ListItem\",\"position\":2,\"name\":\"R\\u00f3lunk\",\"item\":\"https:\/\/archive.iask.hu\/hu\/rolunk\/\"},{\"@type\":\"ListItem\",\"position\":3,\"name\":\"K\\u00f6z\\u00e9rdek\\u0171 adatok\",\"item\":\"https:\/\/archive.iask.hu\/hu\/rolunk\/kozerdeku-adatok\/\"},{\"@type\":\"ListItem\",\"position\":4,\"name\":\"\\u00c9ves besz\\u00e1mol\\u00f3k\"}]}]}<\/script>\n<!-- \/ Yoast SEO plugin. -->","yoast_head_json":{"title":"\u00c9ves besz\u00e1mol\u00f3k - iASK - Fels\u0151bbfok\u00fa Tanulm\u00e1nyok Int\u00e9zete, K\u0151szeg","robots":{"index":"index","follow":"follow","max-snippet":"max-snippet:-1","max-image-preview":"max-image-preview:large","max-video-preview":"max-video-preview:-1"},"canonical":"https:\/\/archive.iask.hu\/hu\/rolunk\/kozerdeku-adatok\/eves-beszamolok\/","og_locale":"hu_HU","og_type":"article","og_title":"\u00c9ves besz\u00e1mol\u00f3k - iASK - Fels\u0151bbfok\u00fa Tanulm\u00e1nyok Int\u00e9zete, K\u0151szeg","og_description":"2017 \u00c9ves besz\u00e1mol\u00f3 FTI_2017_Eves koltsegvetesi beszamolo FTI_2017. besz\u00e1mol\u00f3_sz\u00f6veges indokl\u00e1s &nbsp; 2018 \u00c9ves besz\u00e1mol\u00f3 FTI_2018_Eves koltsegvetesi beszamolo FTI_2018. besz\u00e1mol\u00f3_sz\u00f6veges indokl\u00e1s &nbsp; 2019 \u00c9ves besz\u00e1mol\u00f3 FTI_2019_Eves koltsegvetesi beszamolo FTI_2019.besz\u00e1mol\u00f3_sz\u00f6veges_indokol\u00e1s &nbsp; 2020 \u00c9ves besz\u00e1mol\u00f3 FTI_2020 besz\u00e1mol\u00f3_el\u0151lap FTI_2020_Eves koltsegvetesi beszamolo FTI_2020. besz\u00e1mol\u00f3_sz\u00f6veges indokl\u00e1s &nbsp; 2021 \u00c9ves besz\u00e1mol\u00f3 FTI_2021 besz\u00e1mol\u00f3_el\u0151lap FTI_2021_Eves koltsegvetesi beszamolo FTI_2021. besz\u00e1mol\u00f3_sz\u00f6veges indokl\u00e1s &nbsp; 2022 \u00c9ves besz\u00e1mol\u00f3&hellip;","og_url":"https:\/\/archive.iask.hu\/hu\/rolunk\/kozerdeku-adatok\/eves-beszamolok\/","og_site_name":"iASK - Fels\u0151bbfok\u00fa Tanulm\u00e1nyok Int\u00e9zete, K\u0151szeg","article_modified_time":"2022-05-22T20:38:12+00:00","twitter_card":"summary_large_image","twitter_misc":{"Becs\u00fclt olvas\u00e1si id\u0151":"1 perc"},"schema":{"@context":"https:\/\/schema.org","@graph":[{"@type":"WebSite","@id":"https:\/\/archive.iask.hu\/en\/#website","url":"https:\/\/archive.iask.hu\/en\/","name":"iASK - Fels\u0151bbfok\u00fa Tanulm\u00e1nyok Int\u00e9zete, K\u0151szeg","description":"Az Int\u00e9zet c\u00e9lja, hogy egy\u00fcv\u00e9 szervezze a szellemileg nyitott, b\u00e1tor, egym\u00e1ssal egy\u00fcttm\u0171k\u00f6dni k\u00edv\u00e1n\u00f3, alkot\u00f3 \u00e9s gondolkod\u00f3 szakembereket \u00e9s tud\u00f3sokat.","potentialAction":[{"@type":"SearchAction","target":{"@type":"EntryPoint","urlTemplate":"https:\/\/archive.iask.hu\/en\/?s={search_term_string}"},"query-input":"required name=search_term_string"}],"inLanguage":"hu"},{"@type":"WebPage","@id":"https:\/\/archive.iask.hu\/hu\/rolunk\/kozerdeku-adatok\/eves-beszamolok\/#webpage","url":"https:\/\/archive.iask.hu\/hu\/rolunk\/kozerdeku-adatok\/eves-beszamolok\/","name":"\u00c9ves besz\u00e1mol\u00f3k - iASK - Fels\u0151bbfok\u00fa Tanulm\u00e1nyok Int\u00e9zete, K\u0151szeg","isPartOf":{"@id":"https:\/\/archive.iask.hu\/en\/#website"},"datePublished":"2022-05-22T20:13:13+00:00","dateModified":"2022-05-22T20:38:12+00:00","breadcrumb":{"@id":"https:\/\/archive.iask.hu\/hu\/rolunk\/kozerdeku-adatok\/eves-beszamolok\/#breadcrumb"},"inLanguage":"hu","potentialAction":[{"@type":"ReadAction","target":["https:\/\/archive.iask.hu\/hu\/rolunk\/kozerdeku-adatok\/eves-beszamolok\/"]}]},{"@type":"BreadcrumbList","@id":"https:\/\/archive.iask.hu\/hu\/rolunk\/kozerdeku-adatok\/eves-beszamolok\/#breadcrumb","itemListElement":[{"@type":"ListItem","position":1,"name":"Home","item":"https:\/\/archive.iask.hu\/en\/"},{"@type":"ListItem","position":2,"name":"R\u00f3lunk","item":"https:\/\/archive.iask.hu\/hu\/rolunk\/"},{"@type":"ListItem","position":3,"name":"K\u00f6z\u00e9rdek\u0171 adatok","item":"https:\/\/archive.iask.hu\/hu\/rolunk\/kozerdeku-adatok\/"},{"@type":"ListItem","position":4,"name":"\u00c9ves besz\u00e1mol\u00f3k"}]}]}},"_links":{"self":[{"href":"https:\/\/archive.iask.hu\/hu\/wp-json\/wp\/v2\/pages\/25246"}],"collection":[{"href":"https:\/\/archive.iask.hu\/hu\/wp-json\/wp\/v2\/pages"}],"about":[{"href":"https:\/\/archive.iask.hu\/hu\/wp-json\/wp\/v2\/types\/page"}],"author":[{"embeddable":true,"href":"https:\/\/archive.iask.hu\/hu\/wp-json\/wp\/v2\/users\/213"}],"replies":[{"embeddable":true,"href":"https:\/\/archive.iask.hu\/hu\/wp-json\/wp\/v2\/comments?post=25246"}],"version-history":[{"count":10,"href":"https:\/\/archive.iask.hu\/hu\/wp-json\/wp\/v2\/pages\/25246\/revisions"}],"predecessor-version":[{"id":25269,"href":"https:\/\/archive.iask.hu\/hu\/wp-json\/wp\/v2\/pages\/25246\/revisions\/25269"}],"up":[{"embeddable":true,"href":"https:\/\/archive.iask.hu\/hu\/wp-json\/wp\/v2\/pages\/1676"}],"wp:attachment":[{"href":"https:\/\/archive.iask.hu\/hu\/wp-json\/wp\/v2\/media?parent=25246"}],"curies":[{"name":"wp","href":"https:\/\/api.w.org\/{rel}","templated":true}]}}