{"id":26368,"date":"2022-10-14T09:04:02","date_gmt":"2022-10-14T07:04:02","guid":{"rendered":"https:\/\/archive.iask.hu\/hu\/?page_id=26368&#038;preview_id=26368"},"modified":"2022-10-14T11:05:19","modified_gmt":"2022-10-14T09:05:19","slug":"archive","status":"publish","type":"page","link":"https:\/\/archive.iask.hu\/hu\/archivum\/","title":{"rendered":"Arch\u00edvum"},"content":{"rendered":"<p>[vc_row][vc_column][vc_column_text]<\/p>\n<h1 style=\"text-align: center;\">K\u00f6sz\u00f6ntj\u00fck a Hankiss Arch\u00edvum honlapj\u00e1n!<\/h1>\n<p>[\/vc_column_text][vc_empty_space][\/vc_column][\/vc_row][vc_row][vc_column width=&#8221;1\/2&#8243;][vc_single_image image=&#8221;26372&#8243; img_size=&#8221;medium&#8221; alignment=&#8221;center&#8221;][\/vc_column][vc_column width=&#8221;1\/2&#8243;][vc_single_image image=&#8221;26373&#8243; img_size=&#8221;medium&#8221; alignment=&#8221;center&#8221;][\/vc_column][\/vc_row][vc_row][vc_column][vc_empty_space][\/vc_column][\/vc_row][vc_row][vc_column][vc_tabs][vc_tab title=&#8221;R\u00f3lunk&#8221; tab_id=&#8221;5404fc77-502b-7&#8243;][vc_column_text]Hankiss Elem\u00e9rnek a t\u00e1rsadalom \u00e9s a civiliz\u00e1ci\u00f3s v\u00e1ltoz\u00e1sok transzdiszciplin\u00e1ris vizsg\u00e1lata ter\u00e9n el\u00e9rt eredm\u00e9nyei szoros \u00f6sszhangban \u00e1llnak a Fels\u0151bbfok\u00fa Tanulm\u00e1nyok Int\u00e9zet\u00e9ben foly\u00f3 alapkutat\u00e1sokkal. A meg\u00fajult k\u0151szegi Festetics-palot\u00e1ban tal\u00e1lhat\u00f3 Hankiss Arch\u00edvum azzal a c\u00e9llal j\u00f6tt l\u00e9tre, hogy \u00e1polja \u00e9s kamatoztassa, illetve min\u00e9l sz\u00e9lesebb k\u00f6rben hozz\u00e1f\u00e9rhet\u0151v\u00e9 tegye Hankiss Elem\u00e9r szellemi \u00f6r\u00f6ks\u00e9g\u00e9t, \u00e9s ez\u00e1ltal az int\u00e9zetben a hum\u00e1n-, a term\u00e9szet-, \u00e9s t\u00e1rsadalomtudom\u00e1nyok kapcsol\u00f3d\u00e1si pontjai ment\u00e9n foly\u00f3 kutat\u00e1sokat a maga eszk\u00f6zeivel t\u00e1mogassa. Az Arch\u00edvum gy\u0171jt\u0151k\u00f6re alapvet\u0151en k\u00e9t ter\u00fcletre terjed ki: egyfel\u0151l az iASK el\u0151d-, illetve partnerint\u00e9zm\u00e9nyeinek arch\u00edv irataira, m\u00e1sfel\u0151l olyan szem\u00e9lyi hagyat\u00e9kokra, amelyek adom\u00e1nyoz\u00e1s \u00fatj\u00e1n ker\u00fcltek az arch\u00edvum \u00e1llom\u00e1ny\u00e1ba. A szem\u00e9lyi hagyat\u00e9kok k\u00f6z\u00fcl kiemelkedik az arch\u00edvum n\u00e9vad\u00f3j\u00e1nak, a filoz\u00f3fus, szociol\u00f3gus \u00e9s irodalomt\u00f6rt\u00e9n\u00e9sz Hankiss Elem\u00e9rnek (1928\u20132015) a hagyat\u00e9ka: k\u00e9ziratok, jegyzetek, levelek, hangkazett\u00e1k stb.<\/p>\n<p>Ugyancsak az arch\u00edvumban tal\u00e1lhat\u00f3 \u00e9s m\u00e1r kutathat\u00f3 a neves magyar sz\u00e1rmaz\u00e1s\u00fa belga ENSZ-diplomata, H\u00e9derv\u00e1ry Kl\u00e1ra hagyat\u00e9k\u00e1nak egy r\u00e9sze is. Az arch\u00edvum folyamatos fejleszt\u00e9s alatt \u00e1ll, \u00e9s rendszeresen \u00fajabb iratokkal b\u0151v\u00edti \u00e1llom\u00e1ny\u00e1t: a k\u00f6zelj\u00f6v\u0151ben v\u00e1rhat\u00f3an a t\u00f6rt\u00e9n\u00e9sz \u00e9s politikus Sch\u00f6pflin Gy\u00f6rgy (1939-2021) iratai is a Festetics palot\u00e1ban v\u00e1lnak kutathat\u00f3v\u00e1.[\/vc_column_text][\/vc_tab][vc_tab title=&#8221;Inform\u00e1ci\u00f3k \u00e9s kapcsolat&#8221; tab_id=&#8221;b0e1dcfb-dffc-4&#8243;][vc_column_text]Az Arch\u00edvum kutathat\u00f3 \u00e1llom\u00e1nya <span style=\"text-decoration: underline;\"><strong>el\u0151zetes bejelentkez\u00e9s<\/strong><\/span> alapj\u00e1n \u00e9rhet\u0151 el a Festetics palot\u00e1ban (Chernel utca 10.).<\/p>\n<p>&nbsp;<\/p>\n<p>H\u00e9tf\u0151: 9 \u2013 16 \u00f3r\u00e1ig<\/p>\n<p>Kedd: 9 \u2013 16 \u00f3r\u00e1ig<\/p>\n<p>Szerda: 9 \u2013 16 \u00f3r\u00e1ig<\/p>\n<p>Cs\u00fct\u00f6rt\u00f6k: 9\u2013 16 \u00f3r\u00e1ig<\/p>\n<p>P\u00e9ntek: Z\u00c1RVA<\/p>\n<p>&nbsp;<\/p>\n<p><em><strong>Az arch\u00edvum munkat\u00e1rsai:<\/strong><\/em><\/p>\n<p>Horv\u00e1th Eszter<\/p>\n<p>Sz\u00e9kely Tam\u00e1s<\/p>\n<p>&nbsp;<\/p>\n<p><strong>El\u00e9rhet\u0151s\u00e9g: &#x61;&#114;c&#x68;&#105;v&#x75;&#109;&#64;&#x61;&#x72;&#99;&#x68;&#x69;&#118;e&#x2e;&#105;a&#x73;&#107;&#46;&#x68;&#x75;<\/strong>[\/vc_column_text][\/vc_tab][vc_tab title=&#8221;Fondjegyz\u00e9k&#8221; tab_id=&#8221;1665737240458-2-0&#8243;][vc_column_text]<strong>HANKISS ARCH\u00cdVUM (HA) FONDJEGYZ\u00c9K<\/strong><\/p>\n<p><strong>\u00a0<\/strong><\/p>\n<table>\n<tbody>\n<tr>\n<td width=\"109\">\n<p style=\"text-align: left;\"><strong>Lev\u00e9lt\u00e1ri jelzet<\/strong><\/p>\n<\/td>\n<td style=\"text-align: left;\" width=\"192\"><strong>Iratfajta<\/strong><\/td>\n<td style=\"text-align: left;\" width=\"90\"><strong>\u00c9vk\u00f6r<\/strong><\/td>\n<td style=\"text-align: left;\" width=\"130\"><strong>Iratmennyis\u00e9g<\/strong><\/td>\n<td style=\"text-align: left;\" width=\"83\"><strong>Inform\u00e1ci\u00f3<\/strong><\/td>\n<\/tr>\n<tr>\n<td width=\"109\">HA-I-HE<\/td>\n<td width=\"192\">Hankiss Elem\u00e9r iratai<\/td>\n<td width=\"90\">1965-2015<\/td>\n<td width=\"130\">26 ifm.<\/td>\n<td width=\"83\">kutathat\u00f3<\/td>\n<\/tr>\n<tr>\n<td width=\"109\">HA-I-HK<\/td>\n<td width=\"192\">H\u00e9derv\u00e1ry Kl\u00e1ra iratai<\/td>\n<td width=\"90\">1947-1974<\/td>\n<td width=\"130\">0,5 ifm.<\/td>\n<td width=\"83\">kutathat\u00f3<\/td>\n<\/tr>\n<tr>\n<td width=\"109\">HA-I-MJ<\/td>\n<td width=\"192\">Miszlivetz Ferenc \u00e9s Jody Jensen iratai<\/td>\n<td width=\"90\">1982-2022<\/td>\n<td width=\"130\">32 ifm.<\/td>\n<td width=\"83\">feldolgoz\u00e1s alatt, nem kutathat\u00f3<\/td>\n<\/tr>\n<tr>\n<td width=\"109\">HA-II-ISES<\/td>\n<td width=\"192\">A T\u00e1rsadalomtudom\u00e1nyok \u00e9s Eur\u00f3pa- tanulm\u00e1nyok Int\u00e9zete Alap\u00edtv\u00e1ny (ISES) iratai<\/td>\n<td width=\"90\">1990-2010<\/td>\n<td width=\"130\">26 ifm.<\/td>\n<td width=\"83\">feldolgoz\u00e1s alatt, nem kutathat\u00f3<\/td>\n<\/tr>\n<tr>\n<td width=\"109\">HA-II-MAV<\/td>\n<td width=\"192\">A k\u0151szegi M\u00c1V gyermekotthon iratai<\/td>\n<td width=\"90\">1913-2005<\/td>\n<td width=\"130\">80 ifm.<\/td>\n<td width=\"83\">feldolgoz\u00e1s alatt, nem kutathat\u00f3<\/td>\n<\/tr>\n<tr>\n<td style=\"text-align: left;\" width=\"109\">HA-II-NLSZK<\/td>\n<td style=\"text-align: left;\" width=\"192\">A szombathelyi N\u00e9meth L\u00e1szl\u00f3 Szakkoll\u00e9gium iratai<\/td>\n<td style=\"text-align: left;\" width=\"90\">1987-1990<\/td>\n<td style=\"text-align: left;\" width=\"130\">1 ifm.<\/td>\n<td width=\"83\">\n<p style=\"text-align: left;\">nem kutathat\u00f3<\/p>\n<\/td>\n<\/tr>\n<\/tbody>\n<\/table>\n<p><strong>\u00a0<\/strong><\/p>\n<p>Utolj\u00e1ra friss\u00edve: 2022. okt\u00f3ber 12.<\/p>\n<p>&nbsp;<\/p>\n<p>A <a href=\"http:\/\/archive.iask.hu\/wp-content\/uploads\/2002\/07\/ha_fondjegyzek.pdf\">fondjegyz\u00e9k<\/a> PDF v\u00e1ltozata is el\u00e9rhet\u0151.[\/vc_column_text][\/vc_tab][vc_tab title=&#8221;Seg\u00e9dletek&#8221; tab_id=&#8221;1665737432549-3-0&#8243;][vc_column_text]Lev\u00e9lt\u00e1ri seg\u00e9dlet (mutat\u00f3) <a href=\"http:\/\/archive.iask.hu\/wp-content\/uploads\/2002\/07\/mutato_he.pdf\"><strong>Hankiss Elem\u00e9r<\/strong><\/a>, illetve <a href=\"http:\/\/archive.iask.hu\/wp-content\/uploads\/2002\/07\/mutato_hk.xlsx\"><strong>H\u00e9derv\u00e1ry Kl\u00e1ra<\/strong><\/a> iratainak kutat\u00e1s\u00e1hoz.[\/vc_column_text][\/vc_tab][\/vc_tabs][\/vc_column][\/vc_row]<\/p>","protected":false},"excerpt":{"rendered":"<p>[vc_row][vc_column][vc_column_text] K\u00f6sz\u00f6ntj\u00fck a Hankiss Arch\u00edvum honlapj\u00e1n! [\/vc_column_text][vc_empty_space][\/vc_column][\/vc_row][vc_row][vc_column width=&#8221;1\/2&#8243;][vc_single_image image=&#8221;26372&#8243; img_size=&#8221;medium&#8221; alignment=&#8221;center&#8221;][\/vc_column][vc_column width=&#8221;1\/2&#8243;][vc_single_image image=&#8221;26373&#8243; img_size=&#8221;medium&#8221; alignment=&#8221;center&#8221;][\/vc_column][\/vc_row][vc_row][vc_column][vc_empty_space][\/vc_column][\/vc_row][vc_row][vc_column][vc_tabs][vc_tab title=&#8221;R\u00f3lunk&#8221; tab_id=&#8221;5404fc77-502b-7&#8243;][vc_column_text]Hankiss Elem\u00e9rnek a t\u00e1rsadalom \u00e9s a civiliz\u00e1ci\u00f3s v\u00e1ltoz\u00e1sok transzdiszciplin\u00e1ris vizsg\u00e1lata ter\u00e9n el\u00e9rt eredm\u00e9nyei szoros \u00f6sszhangban \u00e1llnak a Fels\u0151bbfok\u00fa Tanulm\u00e1nyok Int\u00e9zet\u00e9ben foly\u00f3 alapkutat\u00e1sokkal. A meg\u00fajult k\u0151szegi Festetics-palot\u00e1ban tal\u00e1lhat\u00f3 Hankiss Arch\u00edvum azzal a c\u00e9llal j\u00f6tt l\u00e9tre, hogy \u00e1polja \u00e9s kamatoztassa, illetve&hellip;<\/p>\n","protected":false},"author":209,"featured_media":0,"parent":0,"menu_order":145,"comment_status":"closed","ping_status":"closed","template":"","meta":{"footnotes":""},"yoast_head":"<!-- This site is optimized with the Yoast SEO plugin v16.7 - https:\/\/yoast.com\/wordpress\/plugins\/seo\/ -->\n<title>Arch\u00edvum - iASK - Fels\u0151bbfok\u00fa Tanulm\u00e1nyok Int\u00e9zete, K\u0151szeg<\/title>\n<meta name=\"robots\" content=\"index, follow, max-snippet:-1, max-image-preview:large, max-video-preview:-1\" \/>\n<link rel=\"canonical\" href=\"https:\/\/archive.iask.hu\/en\/archive\/\" \/>\n<meta property=\"og:locale\" content=\"hu_HU\" \/>\n<meta property=\"og:type\" content=\"article\" \/>\n<meta property=\"og:title\" content=\"Arch\u00edvum - iASK - Fels\u0151bbfok\u00fa Tanulm\u00e1nyok Int\u00e9zete, K\u0151szeg\" \/>\n<meta property=\"og:description\" content=\"[vc_row][vc_column][vc_column_text] K\u00f6sz\u00f6ntj\u00fck a Hankiss Arch\u00edvum honlapj\u00e1n! [\/vc_column_text][vc_empty_space][\/vc_column][\/vc_row][vc_row][vc_column width=&#8221;1\/2&#8243;][vc_single_image image=&#8221;26372&#8243; img_size=&#8221;medium&#8221; alignment=&#8221;center&#8221;][\/vc_column][vc_column width=&#8221;1\/2&#8243;][vc_single_image image=&#8221;26373&#8243; img_size=&#8221;medium&#8221; alignment=&#8221;center&#8221;][\/vc_column][\/vc_row][vc_row][vc_column][vc_empty_space][\/vc_column][\/vc_row][vc_row][vc_column][vc_tabs][vc_tab title=&#8221;R\u00f3lunk&#8221; tab_id=&#8221;5404fc77-502b-7&#8243;][vc_column_text]Hankiss Elem\u00e9rnek a t\u00e1rsadalom \u00e9s a civiliz\u00e1ci\u00f3s v\u00e1ltoz\u00e1sok transzdiszciplin\u00e1ris vizsg\u00e1lata ter\u00e9n el\u00e9rt eredm\u00e9nyei szoros \u00f6sszhangban \u00e1llnak a Fels\u0151bbfok\u00fa Tanulm\u00e1nyok Int\u00e9zet\u00e9ben foly\u00f3 alapkutat\u00e1sokkal. A meg\u00fajult k\u0151szegi Festetics-palot\u00e1ban tal\u00e1lhat\u00f3 Hankiss Arch\u00edvum azzal a c\u00e9llal j\u00f6tt l\u00e9tre, hogy \u00e1polja \u00e9s kamatoztassa, illetve&hellip;\" \/>\n<meta property=\"og:url\" content=\"https:\/\/archive.iask.hu\/en\/archive\/\" \/>\n<meta property=\"og:site_name\" content=\"iASK - Fels\u0151bbfok\u00fa Tanulm\u00e1nyok Int\u00e9zete, K\u0151szeg\" \/>\n<meta property=\"article:modified_time\" content=\"2022-10-14T09:05:19+00:00\" \/>\n<meta name=\"twitter:card\" content=\"summary_large_image\" \/>\n<meta name=\"twitter:label1\" content=\"Becs\u00fclt olvas\u00e1si id\u0151\" \/>\n\t<meta name=\"twitter:data1\" content=\"2 perc\" \/>\n<script type=\"application\/ld+json\" class=\"yoast-schema-graph\">{\"@context\":\"https:\/\/schema.org\",\"@graph\":[{\"@type\":\"WebSite\",\"@id\":\"https:\/\/archive.iask.hu\/en\/#website\",\"url\":\"https:\/\/archive.iask.hu\/en\/\",\"name\":\"iASK - Fels\\u0151bbfok\\u00fa Tanulm\\u00e1nyok Int\\u00e9zete, K\\u0151szeg\",\"description\":\"Az Int\\u00e9zet c\\u00e9lja, hogy egy\\u00fcv\\u00e9 szervezze a szellemileg nyitott, b\\u00e1tor, egym\\u00e1ssal egy\\u00fcttm\\u0171k\\u00f6dni k\\u00edv\\u00e1n\\u00f3, alkot\\u00f3 \\u00e9s gondolkod\\u00f3 szakembereket \\u00e9s tud\\u00f3sokat.\",\"potentialAction\":[{\"@type\":\"SearchAction\",\"target\":{\"@type\":\"EntryPoint\",\"urlTemplate\":\"https:\/\/archive.iask.hu\/en\/?s={search_term_string}\"},\"query-input\":\"required name=search_term_string\"}],\"inLanguage\":\"hu\"},{\"@type\":\"WebPage\",\"@id\":\"https:\/\/archive.iask.hu\/en\/archive\/#webpage\",\"url\":\"https:\/\/archive.iask.hu\/en\/archive\/\",\"name\":\"Arch\\u00edvum - iASK - Fels\\u0151bbfok\\u00fa Tanulm\\u00e1nyok Int\\u00e9zete, K\\u0151szeg\",\"isPartOf\":{\"@id\":\"https:\/\/archive.iask.hu\/en\/#website\"},\"datePublished\":\"2022-10-14T07:04:02+00:00\",\"dateModified\":\"2022-10-14T09:05:19+00:00\",\"breadcrumb\":{\"@id\":\"https:\/\/archive.iask.hu\/en\/archive\/#breadcrumb\"},\"inLanguage\":\"hu\",\"potentialAction\":[{\"@type\":\"ReadAction\",\"target\":[\"https:\/\/archive.iask.hu\/en\/archive\/\"]}]},{\"@type\":\"BreadcrumbList\",\"@id\":\"https:\/\/archive.iask.hu\/en\/archive\/#breadcrumb\",\"itemListElement\":[{\"@type\":\"ListItem\",\"position\":1,\"name\":\"Home\",\"item\":\"https:\/\/archive.iask.hu\/en\/\"},{\"@type\":\"ListItem\",\"position\":2,\"name\":\"Arch\\u00edvum\"}]}]}<\/script>\n<!-- \/ Yoast SEO plugin. -->","yoast_head_json":{"title":"Arch\u00edvum - iASK - Fels\u0151bbfok\u00fa Tanulm\u00e1nyok Int\u00e9zete, K\u0151szeg","robots":{"index":"index","follow":"follow","max-snippet":"max-snippet:-1","max-image-preview":"max-image-preview:large","max-video-preview":"max-video-preview:-1"},"canonical":"https:\/\/archive.iask.hu\/en\/archive\/","og_locale":"hu_HU","og_type":"article","og_title":"Arch\u00edvum - iASK - Fels\u0151bbfok\u00fa Tanulm\u00e1nyok Int\u00e9zete, K\u0151szeg","og_description":"[vc_row][vc_column][vc_column_text] K\u00f6sz\u00f6ntj\u00fck a Hankiss Arch\u00edvum honlapj\u00e1n! [\/vc_column_text][vc_empty_space][\/vc_column][\/vc_row][vc_row][vc_column width=&#8221;1\/2&#8243;][vc_single_image image=&#8221;26372&#8243; img_size=&#8221;medium&#8221; alignment=&#8221;center&#8221;][\/vc_column][vc_column width=&#8221;1\/2&#8243;][vc_single_image image=&#8221;26373&#8243; img_size=&#8221;medium&#8221; alignment=&#8221;center&#8221;][\/vc_column][\/vc_row][vc_row][vc_column][vc_empty_space][\/vc_column][\/vc_row][vc_row][vc_column][vc_tabs][vc_tab title=&#8221;R\u00f3lunk&#8221; tab_id=&#8221;5404fc77-502b-7&#8243;][vc_column_text]Hankiss Elem\u00e9rnek a t\u00e1rsadalom \u00e9s a civiliz\u00e1ci\u00f3s v\u00e1ltoz\u00e1sok transzdiszciplin\u00e1ris vizsg\u00e1lata ter\u00e9n el\u00e9rt eredm\u00e9nyei szoros \u00f6sszhangban \u00e1llnak a Fels\u0151bbfok\u00fa Tanulm\u00e1nyok Int\u00e9zet\u00e9ben foly\u00f3 alapkutat\u00e1sokkal. A meg\u00fajult k\u0151szegi Festetics-palot\u00e1ban tal\u00e1lhat\u00f3 Hankiss Arch\u00edvum azzal a c\u00e9llal j\u00f6tt l\u00e9tre, hogy \u00e1polja \u00e9s kamatoztassa, illetve&hellip;","og_url":"https:\/\/archive.iask.hu\/en\/archive\/","og_site_name":"iASK - Fels\u0151bbfok\u00fa Tanulm\u00e1nyok Int\u00e9zete, K\u0151szeg","article_modified_time":"2022-10-14T09:05:19+00:00","twitter_card":"summary_large_image","twitter_misc":{"Becs\u00fclt olvas\u00e1si id\u0151":"2 perc"},"schema":{"@context":"https:\/\/schema.org","@graph":[{"@type":"WebSite","@id":"https:\/\/archive.iask.hu\/en\/#website","url":"https:\/\/archive.iask.hu\/en\/","name":"iASK - Fels\u0151bbfok\u00fa Tanulm\u00e1nyok Int\u00e9zete, K\u0151szeg","description":"Az Int\u00e9zet c\u00e9lja, hogy egy\u00fcv\u00e9 szervezze a szellemileg nyitott, b\u00e1tor, egym\u00e1ssal egy\u00fcttm\u0171k\u00f6dni k\u00edv\u00e1n\u00f3, alkot\u00f3 \u00e9s gondolkod\u00f3 szakembereket \u00e9s tud\u00f3sokat.","potentialAction":[{"@type":"SearchAction","target":{"@type":"EntryPoint","urlTemplate":"https:\/\/archive.iask.hu\/en\/?s={search_term_string}"},"query-input":"required name=search_term_string"}],"inLanguage":"hu"},{"@type":"WebPage","@id":"https:\/\/archive.iask.hu\/en\/archive\/#webpage","url":"https:\/\/archive.iask.hu\/en\/archive\/","name":"Arch\u00edvum - iASK - Fels\u0151bbfok\u00fa Tanulm\u00e1nyok Int\u00e9zete, K\u0151szeg","isPartOf":{"@id":"https:\/\/archive.iask.hu\/en\/#website"},"datePublished":"2022-10-14T07:04:02+00:00","dateModified":"2022-10-14T09:05:19+00:00","breadcrumb":{"@id":"https:\/\/archive.iask.hu\/en\/archive\/#breadcrumb"},"inLanguage":"hu","potentialAction":[{"@type":"ReadAction","target":["https:\/\/archive.iask.hu\/en\/archive\/"]}]},{"@type":"BreadcrumbList","@id":"https:\/\/archive.iask.hu\/en\/archive\/#breadcrumb","itemListElement":[{"@type":"ListItem","position":1,"name":"Home","item":"https:\/\/archive.iask.hu\/en\/"},{"@type":"ListItem","position":2,"name":"Arch\u00edvum"}]}]}},"_links":{"self":[{"href":"https:\/\/archive.iask.hu\/hu\/wp-json\/wp\/v2\/pages\/26368"}],"collection":[{"href":"https:\/\/archive.iask.hu\/hu\/wp-json\/wp\/v2\/pages"}],"about":[{"href":"https:\/\/archive.iask.hu\/hu\/wp-json\/wp\/v2\/types\/page"}],"author":[{"embeddable":true,"href":"https:\/\/archive.iask.hu\/hu\/wp-json\/wp\/v2\/users\/209"}],"replies":[{"embeddable":true,"href":"https:\/\/archive.iask.hu\/hu\/wp-json\/wp\/v2\/comments?post=26368"}],"version-history":[{"count":7,"href":"https:\/\/archive.iask.hu\/hu\/wp-json\/wp\/v2\/pages\/26368\/revisions"}],"predecessor-version":[{"id":26382,"href":"https:\/\/archive.iask.hu\/hu\/wp-json\/wp\/v2\/pages\/26368\/revisions\/26382"}],"wp:attachment":[{"href":"https:\/\/archive.iask.hu\/hu\/wp-json\/wp\/v2\/media?parent=26368"}],"curies":[{"name":"wp","href":"https:\/\/api.w.org\/{rel}","templated":true}]}}