{"id":26867,"date":"2023-01-14T10:10:44","date_gmt":"2023-01-14T09:10:44","guid":{"rendered":"https:\/\/archive.iask.hu\/?page_id=26867"},"modified":"2023-03-01T16:00:05","modified_gmt":"2023-03-01T15:00:05","slug":"winter-school-2023","status":"publish","type":"page","link":"https:\/\/archive.iask.hu\/hu\/5-unesco-most-teli-iskola\/","title":{"rendered":"5. UNESCO MOST T\u00e9li Iskola"},"content":{"rendered":"<p><img loading=\"lazy\" decoding=\"async\" class=\"alignnone size-medium\" src=\"https:\/\/iaskold.frogd.hu\/wp-content\/uploads\/2023\/01\/iws-1200x600-1.png\" width=\"1200\" height=\"600\" \/><\/p>\n<p>A tartalom el\u00e9rhet\u0151 az al\u00e1bbi <a href=\"https:\/\/archive.iask.hu\/hu\/iden-otodik-alkalommal-rendezzuk-meg-az-unesco-most-teli-iskolat\/\">LINKEN<\/a>.<\/p>\n<p>Az UNESCO MOST T\u00e9li Egyetem online k\u00f6vethet\u0151 a youtube-on, az al\u00e1bbi linken:<\/p>\n<p><iframe loading=\"lazy\" title=\"WS23: Resilience in the Times of Uncertainty: Building Peace through Culture and Education \/ 1\" width=\"1200\" height=\"675\" src=\"https:\/\/www.youtube.com\/embed\/7nV-ibpLvZA?feature=oembed\" frameborder=\"0\" allow=\"accelerometer; autoplay; clipboard-write; encrypted-media; gyroscope; picture-in-picture; web-share\" allowfullscreen><\/iframe><\/p>\n<p>&nbsp;<\/p>","protected":false},"excerpt":{"rendered":"<p>A tartalom el\u00e9rhet\u0151 az al\u00e1bbi LINKEN. Az UNESCO MOST T\u00e9li Egyetem online k\u00f6vethet\u0151 a youtube-on, az al\u00e1bbi linken: &nbsp;<\/p>\n","protected":false},"author":213,"featured_media":0,"parent":0,"menu_order":1,"comment_status":"closed","ping_status":"closed","template":"","meta":{"footnotes":""},"yoast_head":"<!-- This site is optimized with the Yoast SEO plugin v16.7 - https:\/\/yoast.com\/wordpress\/plugins\/seo\/ -->\n<title>5. UNESCO MOST T\u00e9li Iskola - iASK - Fels\u0151bbfok\u00fa Tanulm\u00e1nyok Int\u00e9zete, K\u0151szeg<\/title>\n<meta name=\"robots\" content=\"index, follow, max-snippet:-1, max-image-preview:large, max-video-preview:-1\" \/>\n<link rel=\"canonical\" href=\"https:\/\/archive.iask.hu\/en\/winter-school-2023\/\" \/>\n<meta property=\"og:locale\" content=\"hu_HU\" \/>\n<meta property=\"og:type\" content=\"article\" \/>\n<meta property=\"og:title\" content=\"5. UNESCO MOST T\u00e9li Iskola - iASK - Fels\u0151bbfok\u00fa Tanulm\u00e1nyok Int\u00e9zete, K\u0151szeg\" \/>\n<meta property=\"og:description\" content=\"A tartalom el\u00e9rhet\u0151 az al\u00e1bbi LINKEN. Az UNESCO MOST T\u00e9li Egyetem online k\u00f6vethet\u0151 a youtube-on, az al\u00e1bbi linken: &nbsp;\" \/>\n<meta property=\"og:url\" content=\"https:\/\/archive.iask.hu\/en\/winter-school-2023\/\" \/>\n<meta property=\"og:site_name\" content=\"iASK - Fels\u0151bbfok\u00fa Tanulm\u00e1nyok Int\u00e9zete, K\u0151szeg\" \/>\n<meta property=\"article:modified_time\" content=\"2023-03-01T15:00:05+00:00\" \/>\n<meta property=\"og:image\" content=\"https:\/\/iaskold.frogd.hu\/wp-content\/uploads\/2023\/01\/iws-1200x600-1.png\" \/>\n<meta name=\"twitter:card\" content=\"summary_large_image\" \/>\n<meta name=\"twitter:label1\" content=\"Becs\u00fclt olvas\u00e1si id\u0151\" \/>\n\t<meta name=\"twitter:data1\" content=\"31 perc\" \/>\n<script type=\"application\/ld+json\" class=\"yoast-schema-graph\">{\"@context\":\"https:\/\/schema.org\",\"@graph\":[{\"@type\":\"WebSite\",\"@id\":\"https:\/\/archive.iask.hu\/en\/#website\",\"url\":\"https:\/\/archive.iask.hu\/en\/\",\"name\":\"iASK - Fels\\u0151bbfok\\u00fa Tanulm\\u00e1nyok Int\\u00e9zete, K\\u0151szeg\",\"description\":\"Az Int\\u00e9zet c\\u00e9lja, hogy egy\\u00fcv\\u00e9 szervezze a szellemileg nyitott, b\\u00e1tor, egym\\u00e1ssal egy\\u00fcttm\\u0171k\\u00f6dni k\\u00edv\\u00e1n\\u00f3, alkot\\u00f3 \\u00e9s gondolkod\\u00f3 szakembereket \\u00e9s tud\\u00f3sokat.\",\"potentialAction\":[{\"@type\":\"SearchAction\",\"target\":{\"@type\":\"EntryPoint\",\"urlTemplate\":\"https:\/\/archive.iask.hu\/en\/?s={search_term_string}\"},\"query-input\":\"required name=search_term_string\"}],\"inLanguage\":\"hu\"},{\"@type\":\"ImageObject\",\"@id\":\"https:\/\/archive.iask.hu\/en\/winter-school-2023\/#primaryimage\",\"inLanguage\":\"hu\",\"url\":\"https:\/\/iaskold.frogd.hu\/wp-content\/uploads\/2023\/01\/iws-1200x600-1.png\",\"contentUrl\":\"https:\/\/iaskold.frogd.hu\/wp-content\/uploads\/2023\/01\/iws-1200x600-1.png\"},{\"@type\":\"WebPage\",\"@id\":\"https:\/\/archive.iask.hu\/en\/winter-school-2023\/#webpage\",\"url\":\"https:\/\/archive.iask.hu\/en\/winter-school-2023\/\",\"name\":\"5. UNESCO MOST T\\u00e9li Iskola - iASK - Fels\\u0151bbfok\\u00fa Tanulm\\u00e1nyok Int\\u00e9zete, K\\u0151szeg\",\"isPartOf\":{\"@id\":\"https:\/\/archive.iask.hu\/en\/#website\"},\"primaryImageOfPage\":{\"@id\":\"https:\/\/archive.iask.hu\/en\/winter-school-2023\/#primaryimage\"},\"datePublished\":\"2023-01-14T09:10:44+00:00\",\"dateModified\":\"2023-03-01T15:00:05+00:00\",\"breadcrumb\":{\"@id\":\"https:\/\/archive.iask.hu\/en\/winter-school-2023\/#breadcrumb\"},\"inLanguage\":\"hu\",\"potentialAction\":[{\"@type\":\"ReadAction\",\"target\":[\"https:\/\/archive.iask.hu\/en\/winter-school-2023\/\"]}]},{\"@type\":\"BreadcrumbList\",\"@id\":\"https:\/\/archive.iask.hu\/en\/winter-school-2023\/#breadcrumb\",\"itemListElement\":[{\"@type\":\"ListItem\",\"position\":1,\"name\":\"Home\",\"item\":\"https:\/\/archive.iask.hu\/en\/\"},{\"@type\":\"ListItem\",\"position\":2,\"name\":\"5th UNESCO MOST Winter School 2023\"}]}]}<\/script>\n<!-- \/ Yoast SEO plugin. -->","yoast_head_json":{"title":"5. UNESCO MOST T\u00e9li Iskola - iASK - Fels\u0151bbfok\u00fa Tanulm\u00e1nyok Int\u00e9zete, K\u0151szeg","robots":{"index":"index","follow":"follow","max-snippet":"max-snippet:-1","max-image-preview":"max-image-preview:large","max-video-preview":"max-video-preview:-1"},"canonical":"https:\/\/archive.iask.hu\/en\/winter-school-2023\/","og_locale":"hu_HU","og_type":"article","og_title":"5. UNESCO MOST T\u00e9li Iskola - iASK - Fels\u0151bbfok\u00fa Tanulm\u00e1nyok Int\u00e9zete, K\u0151szeg","og_description":"A tartalom el\u00e9rhet\u0151 az al\u00e1bbi LINKEN. Az UNESCO MOST T\u00e9li Egyetem online k\u00f6vethet\u0151 a youtube-on, az al\u00e1bbi linken: &nbsp;","og_url":"https:\/\/archive.iask.hu\/en\/winter-school-2023\/","og_site_name":"iASK - Fels\u0151bbfok\u00fa Tanulm\u00e1nyok Int\u00e9zete, K\u0151szeg","article_modified_time":"2023-03-01T15:00:05+00:00","og_image":[{"url":"https:\/\/iaskold.frogd.hu\/wp-content\/uploads\/2023\/01\/iws-1200x600-1.png"}],"twitter_card":"summary_large_image","twitter_misc":{"Becs\u00fclt olvas\u00e1si id\u0151":"31 perc"},"schema":{"@context":"https:\/\/schema.org","@graph":[{"@type":"WebSite","@id":"https:\/\/archive.iask.hu\/en\/#website","url":"https:\/\/archive.iask.hu\/en\/","name":"iASK - Fels\u0151bbfok\u00fa Tanulm\u00e1nyok Int\u00e9zete, K\u0151szeg","description":"Az Int\u00e9zet c\u00e9lja, hogy egy\u00fcv\u00e9 szervezze a szellemileg nyitott, b\u00e1tor, egym\u00e1ssal egy\u00fcttm\u0171k\u00f6dni k\u00edv\u00e1n\u00f3, alkot\u00f3 \u00e9s gondolkod\u00f3 szakembereket \u00e9s tud\u00f3sokat.","potentialAction":[{"@type":"SearchAction","target":{"@type":"EntryPoint","urlTemplate":"https:\/\/archive.iask.hu\/en\/?s={search_term_string}"},"query-input":"required name=search_term_string"}],"inLanguage":"hu"},{"@type":"ImageObject","@id":"https:\/\/archive.iask.hu\/en\/winter-school-2023\/#primaryimage","inLanguage":"hu","url":"https:\/\/iaskold.frogd.hu\/wp-content\/uploads\/2023\/01\/iws-1200x600-1.png","contentUrl":"https:\/\/iaskold.frogd.hu\/wp-content\/uploads\/2023\/01\/iws-1200x600-1.png"},{"@type":"WebPage","@id":"https:\/\/archive.iask.hu\/en\/winter-school-2023\/#webpage","url":"https:\/\/archive.iask.hu\/en\/winter-school-2023\/","name":"5. UNESCO MOST T\u00e9li Iskola - iASK - Fels\u0151bbfok\u00fa Tanulm\u00e1nyok Int\u00e9zete, K\u0151szeg","isPartOf":{"@id":"https:\/\/archive.iask.hu\/en\/#website"},"primaryImageOfPage":{"@id":"https:\/\/archive.iask.hu\/en\/winter-school-2023\/#primaryimage"},"datePublished":"2023-01-14T09:10:44+00:00","dateModified":"2023-03-01T15:00:05+00:00","breadcrumb":{"@id":"https:\/\/archive.iask.hu\/en\/winter-school-2023\/#breadcrumb"},"inLanguage":"hu","potentialAction":[{"@type":"ReadAction","target":["https:\/\/archive.iask.hu\/en\/winter-school-2023\/"]}]},{"@type":"BreadcrumbList","@id":"https:\/\/archive.iask.hu\/en\/winter-school-2023\/#breadcrumb","itemListElement":[{"@type":"ListItem","position":1,"name":"Home","item":"https:\/\/archive.iask.hu\/en\/"},{"@type":"ListItem","position":2,"name":"5th UNESCO MOST Winter School 2023"}]}]}},"_links":{"self":[{"href":"https:\/\/archive.iask.hu\/hu\/wp-json\/wp\/v2\/pages\/26867"}],"collection":[{"href":"https:\/\/archive.iask.hu\/hu\/wp-json\/wp\/v2\/pages"}],"about":[{"href":"https:\/\/archive.iask.hu\/hu\/wp-json\/wp\/v2\/types\/page"}],"author":[{"embeddable":true,"href":"https:\/\/archive.iask.hu\/hu\/wp-json\/wp\/v2\/users\/213"}],"replies":[{"embeddable":true,"href":"https:\/\/archive.iask.hu\/hu\/wp-json\/wp\/v2\/comments?post=26867"}],"version-history":[{"count":25,"href":"https:\/\/archive.iask.hu\/hu\/wp-json\/wp\/v2\/pages\/26867\/revisions"}],"predecessor-version":[{"id":27526,"href":"https:\/\/archive.iask.hu\/hu\/wp-json\/wp\/v2\/pages\/26867\/revisions\/27526"}],"wp:attachment":[{"href":"https:\/\/archive.iask.hu\/hu\/wp-json\/wp\/v2\/media?parent=26867"}],"curies":[{"name":"wp","href":"https:\/\/api.w.org\/{rel}","templated":true}]}}