{"id":3258,"date":"2017-12-20T08:11:51","date_gmt":"2017-12-20T08:11:51","guid":{"rendered":"https:\/\/archive.iask.hu\/hu\/?page_id=3258"},"modified":"2020-12-03T09:55:15","modified_gmt":"2020-12-03T08:55:15","slug":"jelentkezes-modja","status":"publish","type":"page","link":"https:\/\/archive.iask.hu\/hu\/osztondij\/hallgatoi-osztondijak\/jelentkezes-modja\/","title":{"rendered":"Jelentkez\u00e9s m\u00f3dja"},"content":{"rendered":"<h3>APPLY NOW!<\/h3>\n<p>International Studies program<\/p>\n<p>Application package:<\/p>\n<ul>\n<li>Application Form<\/li>\n<li>CV (indicating what you have studied, your professional interests and activities)<\/li>\n<li>Copies of university diplomas (original copy and official translation)<\/li>\n<li>Transcript of grades from your university (original copy and translation)<\/li>\n<li>Please attach English language certificates if available, or any other evidence of your English knowledge<\/li>\n<li>2 letters of recommendation from university teachers signed and sealed<\/li>\n<li>Motivation letter<\/li>\n<li>Passport Photo<\/li>\n<\/ul>\n<p><strong>All inquiries should be sent to\u00a0<a href=\"&#109;&#x61;&#105;&#x6c;t&#111;&#x3a;&#97;&#x64;m&#x69;s&#115;&#x69;&#111;&#x6e;s&#x40;&#x70;&#101;&#x6b;&#46;&#x75;n&#105;&#x2d;&#112;&#x61;n&#x6e;o&#110;&#x2e;&#104;&#x75;\">&#x61;&#x64;&#x6d;&#105;&#115;si&#x6f;&#x6e;&#x73;&#64;&#112;ek&#x2e;&#x75;&#x6e;&#105;&#45;pa&#x6e;&#x6e;&#x6f;&#110;&#46;hu<\/a><\/strong><\/p>\n","protected":false},"excerpt":{"rendered":"<p>APPLY NOW! International Studies program Application package: Application Form CV (indicating what you have studied, your professional interests and activities) Copies of university diplomas (original copy and official translation) Transcript of grades from your university (original copy and translation) Please attach English language certificates if available, or any other evidence of your English knowledge 2&hellip;<\/p>\n","protected":false},"author":209,"featured_media":0,"parent":1701,"menu_order":94,"comment_status":"closed","ping_status":"closed","template":"","meta":{"footnotes":""},"yoast_head":"<!-- This site is optimized with the Yoast SEO plugin v16.7 - https:\/\/yoast.com\/wordpress\/plugins\/seo\/ -->\n<title>Jelentkez\u00e9s m\u00f3dja - iASK - Fels\u0151bbfok\u00fa Tanulm\u00e1nyok Int\u00e9zete, K\u0151szeg<\/title>\n<meta name=\"robots\" content=\"index, follow, max-snippet:-1, max-image-preview:large, max-video-preview:-1\" \/>\n<link rel=\"canonical\" href=\"https:\/\/archive.iask.hu\/hu\/osztondij\/hallgatoi-osztondijak\/jelentkezes-modja\/\" \/>\n<meta property=\"og:locale\" content=\"hu_HU\" \/>\n<meta property=\"og:type\" content=\"article\" \/>\n<meta property=\"og:title\" content=\"Jelentkez\u00e9s m\u00f3dja - iASK - Fels\u0151bbfok\u00fa Tanulm\u00e1nyok Int\u00e9zete, K\u0151szeg\" \/>\n<meta property=\"og:description\" content=\"APPLY NOW! International Studies program Application package: Application Form CV (indicating what you have studied, your professional interests and activities) Copies of university diplomas (original copy and official translation) Transcript of grades from your university (original copy and translation) Please attach English language certificates if available, or any other evidence of your English knowledge 2&hellip;\" \/>\n<meta property=\"og:url\" content=\"https:\/\/archive.iask.hu\/hu\/osztondij\/hallgatoi-osztondijak\/jelentkezes-modja\/\" \/>\n<meta property=\"og:site_name\" content=\"iASK - Fels\u0151bbfok\u00fa Tanulm\u00e1nyok Int\u00e9zete, K\u0151szeg\" \/>\n<meta property=\"article:modified_time\" content=\"2020-12-03T08:55:15+00:00\" \/>\n<meta name=\"twitter:card\" content=\"summary_large_image\" \/>\n<script type=\"application\/ld+json\" class=\"yoast-schema-graph\">{\"@context\":\"https:\/\/schema.org\",\"@graph\":[{\"@type\":\"WebSite\",\"@id\":\"https:\/\/archive.iask.hu\/en\/#website\",\"url\":\"https:\/\/archive.iask.hu\/en\/\",\"name\":\"iASK - Fels\\u0151bbfok\\u00fa Tanulm\\u00e1nyok Int\\u00e9zete, K\\u0151szeg\",\"description\":\"Az Int\\u00e9zet c\\u00e9lja, hogy egy\\u00fcv\\u00e9 szervezze a szellemileg nyitott, b\\u00e1tor, egym\\u00e1ssal egy\\u00fcttm\\u0171k\\u00f6dni k\\u00edv\\u00e1n\\u00f3, alkot\\u00f3 \\u00e9s gondolkod\\u00f3 szakembereket \\u00e9s tud\\u00f3sokat.\",\"potentialAction\":[{\"@type\":\"SearchAction\",\"target\":{\"@type\":\"EntryPoint\",\"urlTemplate\":\"https:\/\/archive.iask.hu\/en\/?s={search_term_string}\"},\"query-input\":\"required name=search_term_string\"}],\"inLanguage\":\"hu\"},{\"@type\":\"WebPage\",\"@id\":\"https:\/\/archive.iask.hu\/hu\/osztondij\/hallgatoi-osztondijak\/jelentkezes-modja\/#webpage\",\"url\":\"https:\/\/archive.iask.hu\/hu\/osztondij\/hallgatoi-osztondijak\/jelentkezes-modja\/\",\"name\":\"Jelentkez\\u00e9s m\\u00f3dja - iASK - Fels\\u0151bbfok\\u00fa Tanulm\\u00e1nyok Int\\u00e9zete, K\\u0151szeg\",\"isPartOf\":{\"@id\":\"https:\/\/archive.iask.hu\/en\/#website\"},\"datePublished\":\"2017-12-20T08:11:51+00:00\",\"dateModified\":\"2020-12-03T08:55:15+00:00\",\"breadcrumb\":{\"@id\":\"https:\/\/archive.iask.hu\/hu\/osztondij\/hallgatoi-osztondijak\/jelentkezes-modja\/#breadcrumb\"},\"inLanguage\":\"hu\",\"potentialAction\":[{\"@type\":\"ReadAction\",\"target\":[\"https:\/\/archive.iask.hu\/hu\/osztondij\/hallgatoi-osztondijak\/jelentkezes-modja\/\"]}]},{\"@type\":\"BreadcrumbList\",\"@id\":\"https:\/\/archive.iask.hu\/hu\/osztondij\/hallgatoi-osztondijak\/jelentkezes-modja\/#breadcrumb\",\"itemListElement\":[{\"@type\":\"ListItem\",\"position\":1,\"name\":\"Home\",\"item\":\"https:\/\/archive.iask.hu\/en\/\"},{\"@type\":\"ListItem\",\"position\":2,\"name\":\"Fellowships\",\"item\":\"https:\/\/archive.iask.hu\/en\/fellowships\/\"},{\"@type\":\"ListItem\",\"position\":3,\"name\":\"Student Fellowships\",\"item\":\"https:\/\/archive.iask.hu\/hu\/osztondij\/hallgatoi-osztondijak\/\"},{\"@type\":\"ListItem\",\"position\":4,\"name\":\"Jelentkez\\u00e9s m\\u00f3dja\"}]}]}<\/script>\n<!-- \/ Yoast SEO plugin. -->","yoast_head_json":{"title":"Jelentkez\u00e9s m\u00f3dja - iASK - Fels\u0151bbfok\u00fa Tanulm\u00e1nyok Int\u00e9zete, K\u0151szeg","robots":{"index":"index","follow":"follow","max-snippet":"max-snippet:-1","max-image-preview":"max-image-preview:large","max-video-preview":"max-video-preview:-1"},"canonical":"https:\/\/archive.iask.hu\/hu\/osztondij\/hallgatoi-osztondijak\/jelentkezes-modja\/","og_locale":"hu_HU","og_type":"article","og_title":"Jelentkez\u00e9s m\u00f3dja - iASK - Fels\u0151bbfok\u00fa Tanulm\u00e1nyok Int\u00e9zete, K\u0151szeg","og_description":"APPLY NOW! International Studies program Application package: Application Form CV (indicating what you have studied, your professional interests and activities) Copies of university diplomas (original copy and official translation) Transcript of grades from your university (original copy and translation) Please attach English language certificates if available, or any other evidence of your English knowledge 2&hellip;","og_url":"https:\/\/archive.iask.hu\/hu\/osztondij\/hallgatoi-osztondijak\/jelentkezes-modja\/","og_site_name":"iASK - Fels\u0151bbfok\u00fa Tanulm\u00e1nyok Int\u00e9zete, K\u0151szeg","article_modified_time":"2020-12-03T08:55:15+00:00","twitter_card":"summary_large_image","schema":{"@context":"https:\/\/schema.org","@graph":[{"@type":"WebSite","@id":"https:\/\/archive.iask.hu\/en\/#website","url":"https:\/\/archive.iask.hu\/en\/","name":"iASK - Fels\u0151bbfok\u00fa Tanulm\u00e1nyok Int\u00e9zete, K\u0151szeg","description":"Az Int\u00e9zet c\u00e9lja, hogy egy\u00fcv\u00e9 szervezze a szellemileg nyitott, b\u00e1tor, egym\u00e1ssal egy\u00fcttm\u0171k\u00f6dni k\u00edv\u00e1n\u00f3, alkot\u00f3 \u00e9s gondolkod\u00f3 szakembereket \u00e9s tud\u00f3sokat.","potentialAction":[{"@type":"SearchAction","target":{"@type":"EntryPoint","urlTemplate":"https:\/\/archive.iask.hu\/en\/?s={search_term_string}"},"query-input":"required name=search_term_string"}],"inLanguage":"hu"},{"@type":"WebPage","@id":"https:\/\/archive.iask.hu\/hu\/osztondij\/hallgatoi-osztondijak\/jelentkezes-modja\/#webpage","url":"https:\/\/archive.iask.hu\/hu\/osztondij\/hallgatoi-osztondijak\/jelentkezes-modja\/","name":"Jelentkez\u00e9s m\u00f3dja - iASK - Fels\u0151bbfok\u00fa Tanulm\u00e1nyok Int\u00e9zete, K\u0151szeg","isPartOf":{"@id":"https:\/\/archive.iask.hu\/en\/#website"},"datePublished":"2017-12-20T08:11:51+00:00","dateModified":"2020-12-03T08:55:15+00:00","breadcrumb":{"@id":"https:\/\/archive.iask.hu\/hu\/osztondij\/hallgatoi-osztondijak\/jelentkezes-modja\/#breadcrumb"},"inLanguage":"hu","potentialAction":[{"@type":"ReadAction","target":["https:\/\/archive.iask.hu\/hu\/osztondij\/hallgatoi-osztondijak\/jelentkezes-modja\/"]}]},{"@type":"BreadcrumbList","@id":"https:\/\/archive.iask.hu\/hu\/osztondij\/hallgatoi-osztondijak\/jelentkezes-modja\/#breadcrumb","itemListElement":[{"@type":"ListItem","position":1,"name":"Home","item":"https:\/\/archive.iask.hu\/en\/"},{"@type":"ListItem","position":2,"name":"Fellowships","item":"https:\/\/archive.iask.hu\/en\/fellowships\/"},{"@type":"ListItem","position":3,"name":"Student Fellowships","item":"https:\/\/archive.iask.hu\/hu\/osztondij\/hallgatoi-osztondijak\/"},{"@type":"ListItem","position":4,"name":"Jelentkez\u00e9s m\u00f3dja"}]}]}},"_links":{"self":[{"href":"https:\/\/archive.iask.hu\/hu\/wp-json\/wp\/v2\/pages\/3258"}],"collection":[{"href":"https:\/\/archive.iask.hu\/hu\/wp-json\/wp\/v2\/pages"}],"about":[{"href":"https:\/\/archive.iask.hu\/hu\/wp-json\/wp\/v2\/types\/page"}],"author":[{"embeddable":true,"href":"https:\/\/archive.iask.hu\/hu\/wp-json\/wp\/v2\/users\/209"}],"replies":[{"embeddable":true,"href":"https:\/\/archive.iask.hu\/hu\/wp-json\/wp\/v2\/comments?post=3258"}],"version-history":[{"count":10,"href":"https:\/\/archive.iask.hu\/hu\/wp-json\/wp\/v2\/pages\/3258\/revisions"}],"predecessor-version":[{"id":19778,"href":"https:\/\/archive.iask.hu\/hu\/wp-json\/wp\/v2\/pages\/3258\/revisions\/19778"}],"up":[{"embeddable":true,"href":"https:\/\/archive.iask.hu\/hu\/wp-json\/wp\/v2\/pages\/1701"}],"wp:attachment":[{"href":"https:\/\/archive.iask.hu\/hu\/wp-json\/wp\/v2\/media?parent=3258"}],"curies":[{"name":"wp","href":"https:\/\/api.w.org\/{rel}","templated":true}]}}