{"id":3260,"date":"2017-12-20T08:12:37","date_gmt":"2017-12-20T08:12:37","guid":{"rendered":"https:\/\/archive.iask.hu\/hu\/?page_id=3260"},"modified":"2020-12-03T10:08:02","modified_gmt":"2020-12-03T09:08:02","slug":"altalanos-informaciok","status":"publish","type":"page","link":"https:\/\/archive.iask.hu\/hu\/osztondij\/hallgatoi-osztondijak\/altalanos-informacio\/","title":{"rendered":"\u00c1ltal\u00e1nos inform\u00e1ci\u00f3k"},"content":{"rendered":"<p class=\"qtranxs-available-languages-message qtranxs-available-languages-message-hu\">Ennek a bejegyz\u00e9snek csak <a href=\"https:\/\/archive.iask.hu\/en\/wp-json\/wp\/v2\/pages\/3260\" class=\"qtranxs-available-language-link qtranxs-available-language-link-en\" title=\"English\">Amerikai Angol<\/a> nyelv\u0171 v\u00e1ltozata van.<\/p>","protected":false},"excerpt":{"rendered":"<p>Ennek a bejegyz\u00e9snek csak Amerikai Angol nyelv\u0171 v\u00e1ltozata van.<\/p>\n","protected":false},"author":209,"featured_media":0,"parent":1701,"menu_order":112,"comment_status":"closed","ping_status":"closed","template":"","meta":{"footnotes":""},"yoast_head":"<!-- This site is optimized with the Yoast SEO plugin v16.7 - https:\/\/yoast.com\/wordpress\/plugins\/seo\/ -->\n<title>\u00c1ltal\u00e1nos inform\u00e1ci\u00f3k - iASK - Fels\u0151bbfok\u00fa Tanulm\u00e1nyok Int\u00e9zete, K\u0151szeg<\/title>\n<meta name=\"robots\" content=\"index, follow, max-snippet:-1, max-image-preview:large, max-video-preview:-1\" \/>\n<link rel=\"canonical\" href=\"https:\/\/archive.iask.hu\/hu\/osztondij\/hallgatoi-osztondijak\/altalanos-informacio\/\" \/>\n<meta property=\"og:locale\" content=\"hu_HU\" \/>\n<meta property=\"og:type\" content=\"article\" \/>\n<meta property=\"og:title\" content=\"\u00c1ltal\u00e1nos inform\u00e1ci\u00f3k - iASK - Fels\u0151bbfok\u00fa Tanulm\u00e1nyok Int\u00e9zete, K\u0151szeg\" \/>\n<meta property=\"og:description\" content=\"Ennek a bejegyz\u00e9snek csak Amerikai Angol nyelv\u0171 v\u00e1ltozata van.\" \/>\n<meta property=\"og:url\" content=\"https:\/\/archive.iask.hu\/hu\/osztondij\/hallgatoi-osztondijak\/altalanos-informacio\/\" \/>\n<meta property=\"og:site_name\" content=\"iASK - Fels\u0151bbfok\u00fa Tanulm\u00e1nyok Int\u00e9zete, K\u0151szeg\" \/>\n<meta property=\"article:modified_time\" content=\"2020-12-03T09:08:02+00:00\" \/>\n<meta property=\"og:image\" content=\"http:\/\/archive.iask.hu\/wp-content\/uploads\/2017\/12\/pek-int-stud-web-pdf-300x212.jpg\" \/>\n<meta name=\"twitter:card\" content=\"summary_large_image\" \/>\n<meta name=\"twitter:label1\" content=\"Becs\u00fclt olvas\u00e1si id\u0151\" \/>\n\t<meta name=\"twitter:data1\" content=\"3 perc\" \/>\n<script type=\"application\/ld+json\" class=\"yoast-schema-graph\">{\"@context\":\"https:\/\/schema.org\",\"@graph\":[{\"@type\":\"WebSite\",\"@id\":\"https:\/\/archive.iask.hu\/en\/#website\",\"url\":\"https:\/\/archive.iask.hu\/en\/\",\"name\":\"iASK - Fels\\u0151bbfok\\u00fa Tanulm\\u00e1nyok Int\\u00e9zete, K\\u0151szeg\",\"description\":\"Az Int\\u00e9zet c\\u00e9lja, hogy egy\\u00fcv\\u00e9 szervezze a szellemileg nyitott, b\\u00e1tor, egym\\u00e1ssal egy\\u00fcttm\\u0171k\\u00f6dni k\\u00edv\\u00e1n\\u00f3, alkot\\u00f3 \\u00e9s gondolkod\\u00f3 szakembereket \\u00e9s tud\\u00f3sokat.\",\"potentialAction\":[{\"@type\":\"SearchAction\",\"target\":{\"@type\":\"EntryPoint\",\"urlTemplate\":\"https:\/\/archive.iask.hu\/en\/?s={search_term_string}\"},\"query-input\":\"required name=search_term_string\"}],\"inLanguage\":\"hu\"},{\"@type\":\"ImageObject\",\"@id\":\"https:\/\/archive.iask.hu\/hu\/osztondij\/hallgatoi-osztondijak\/altalanos-informacio\/#primaryimage\",\"inLanguage\":\"hu\",\"url\":\"http:\/\/archive.iask.hu\/wp-content\/uploads\/2017\/12\/pek-int-stud-web-pdf-300x212.jpg\",\"contentUrl\":\"http:\/\/archive.iask.hu\/wp-content\/uploads\/2017\/12\/pek-int-stud-web-pdf-300x212.jpg\"},{\"@type\":\"WebPage\",\"@id\":\"https:\/\/archive.iask.hu\/hu\/osztondij\/hallgatoi-osztondijak\/altalanos-informacio\/#webpage\",\"url\":\"https:\/\/archive.iask.hu\/hu\/osztondij\/hallgatoi-osztondijak\/altalanos-informacio\/\",\"name\":\"\\u00c1ltal\\u00e1nos inform\\u00e1ci\\u00f3k - iASK - Fels\\u0151bbfok\\u00fa Tanulm\\u00e1nyok Int\\u00e9zete, K\\u0151szeg\",\"isPartOf\":{\"@id\":\"https:\/\/archive.iask.hu\/en\/#website\"},\"primaryImageOfPage\":{\"@id\":\"https:\/\/archive.iask.hu\/hu\/osztondij\/hallgatoi-osztondijak\/altalanos-informacio\/#primaryimage\"},\"datePublished\":\"2017-12-20T08:12:37+00:00\",\"dateModified\":\"2020-12-03T09:08:02+00:00\",\"breadcrumb\":{\"@id\":\"https:\/\/archive.iask.hu\/hu\/osztondij\/hallgatoi-osztondijak\/altalanos-informacio\/#breadcrumb\"},\"inLanguage\":\"hu\",\"potentialAction\":[{\"@type\":\"ReadAction\",\"target\":[\"https:\/\/archive.iask.hu\/hu\/osztondij\/hallgatoi-osztondijak\/altalanos-informacio\/\"]}]},{\"@type\":\"BreadcrumbList\",\"@id\":\"https:\/\/archive.iask.hu\/hu\/osztondij\/hallgatoi-osztondijak\/altalanos-informacio\/#breadcrumb\",\"itemListElement\":[{\"@type\":\"ListItem\",\"position\":1,\"name\":\"Home\",\"item\":\"https:\/\/archive.iask.hu\/en\/\"},{\"@type\":\"ListItem\",\"position\":2,\"name\":\"Fellowships\",\"item\":\"https:\/\/archive.iask.hu\/en\/fellowships\/\"},{\"@type\":\"ListItem\",\"position\":3,\"name\":\"Student Fellowships\",\"item\":\"https:\/\/archive.iask.hu\/hu\/osztondij\/hallgatoi-osztondijak\/\"},{\"@type\":\"ListItem\",\"position\":4,\"name\":\"General information\"}]}]}<\/script>\n<!-- \/ Yoast SEO plugin. -->","yoast_head_json":{"title":"\u00c1ltal\u00e1nos inform\u00e1ci\u00f3k - iASK - Fels\u0151bbfok\u00fa Tanulm\u00e1nyok Int\u00e9zete, K\u0151szeg","robots":{"index":"index","follow":"follow","max-snippet":"max-snippet:-1","max-image-preview":"max-image-preview:large","max-video-preview":"max-video-preview:-1"},"canonical":"https:\/\/archive.iask.hu\/hu\/osztondij\/hallgatoi-osztondijak\/altalanos-informacio\/","og_locale":"hu_HU","og_type":"article","og_title":"\u00c1ltal\u00e1nos inform\u00e1ci\u00f3k - iASK - Fels\u0151bbfok\u00fa Tanulm\u00e1nyok Int\u00e9zete, K\u0151szeg","og_description":"Ennek a bejegyz\u00e9snek csak Amerikai Angol nyelv\u0171 v\u00e1ltozata van.","og_url":"https:\/\/archive.iask.hu\/hu\/osztondij\/hallgatoi-osztondijak\/altalanos-informacio\/","og_site_name":"iASK - Fels\u0151bbfok\u00fa Tanulm\u00e1nyok Int\u00e9zete, K\u0151szeg","article_modified_time":"2020-12-03T09:08:02+00:00","og_image":[{"url":"http:\/\/archive.iask.hu\/wp-content\/uploads\/2017\/12\/pek-int-stud-web-pdf-300x212.jpg"}],"twitter_card":"summary_large_image","twitter_misc":{"Becs\u00fclt olvas\u00e1si id\u0151":"3 perc"},"schema":{"@context":"https:\/\/schema.org","@graph":[{"@type":"WebSite","@id":"https:\/\/archive.iask.hu\/en\/#website","url":"https:\/\/archive.iask.hu\/en\/","name":"iASK - Fels\u0151bbfok\u00fa Tanulm\u00e1nyok Int\u00e9zete, K\u0151szeg","description":"Az Int\u00e9zet c\u00e9lja, hogy egy\u00fcv\u00e9 szervezze a szellemileg nyitott, b\u00e1tor, egym\u00e1ssal egy\u00fcttm\u0171k\u00f6dni k\u00edv\u00e1n\u00f3, alkot\u00f3 \u00e9s gondolkod\u00f3 szakembereket \u00e9s tud\u00f3sokat.","potentialAction":[{"@type":"SearchAction","target":{"@type":"EntryPoint","urlTemplate":"https:\/\/archive.iask.hu\/en\/?s={search_term_string}"},"query-input":"required name=search_term_string"}],"inLanguage":"hu"},{"@type":"ImageObject","@id":"https:\/\/archive.iask.hu\/hu\/osztondij\/hallgatoi-osztondijak\/altalanos-informacio\/#primaryimage","inLanguage":"hu","url":"http:\/\/archive.iask.hu\/wp-content\/uploads\/2017\/12\/pek-int-stud-web-pdf-300x212.jpg","contentUrl":"http:\/\/archive.iask.hu\/wp-content\/uploads\/2017\/12\/pek-int-stud-web-pdf-300x212.jpg"},{"@type":"WebPage","@id":"https:\/\/archive.iask.hu\/hu\/osztondij\/hallgatoi-osztondijak\/altalanos-informacio\/#webpage","url":"https:\/\/archive.iask.hu\/hu\/osztondij\/hallgatoi-osztondijak\/altalanos-informacio\/","name":"\u00c1ltal\u00e1nos inform\u00e1ci\u00f3k - iASK - Fels\u0151bbfok\u00fa Tanulm\u00e1nyok Int\u00e9zete, K\u0151szeg","isPartOf":{"@id":"https:\/\/archive.iask.hu\/en\/#website"},"primaryImageOfPage":{"@id":"https:\/\/archive.iask.hu\/hu\/osztondij\/hallgatoi-osztondijak\/altalanos-informacio\/#primaryimage"},"datePublished":"2017-12-20T08:12:37+00:00","dateModified":"2020-12-03T09:08:02+00:00","breadcrumb":{"@id":"https:\/\/archive.iask.hu\/hu\/osztondij\/hallgatoi-osztondijak\/altalanos-informacio\/#breadcrumb"},"inLanguage":"hu","potentialAction":[{"@type":"ReadAction","target":["https:\/\/archive.iask.hu\/hu\/osztondij\/hallgatoi-osztondijak\/altalanos-informacio\/"]}]},{"@type":"BreadcrumbList","@id":"https:\/\/archive.iask.hu\/hu\/osztondij\/hallgatoi-osztondijak\/altalanos-informacio\/#breadcrumb","itemListElement":[{"@type":"ListItem","position":1,"name":"Home","item":"https:\/\/archive.iask.hu\/en\/"},{"@type":"ListItem","position":2,"name":"Fellowships","item":"https:\/\/archive.iask.hu\/en\/fellowships\/"},{"@type":"ListItem","position":3,"name":"Student Fellowships","item":"https:\/\/archive.iask.hu\/hu\/osztondij\/hallgatoi-osztondijak\/"},{"@type":"ListItem","position":4,"name":"General information"}]}]}},"_links":{"self":[{"href":"https:\/\/archive.iask.hu\/hu\/wp-json\/wp\/v2\/pages\/3260"}],"collection":[{"href":"https:\/\/archive.iask.hu\/hu\/wp-json\/wp\/v2\/pages"}],"about":[{"href":"https:\/\/archive.iask.hu\/hu\/wp-json\/wp\/v2\/types\/page"}],"author":[{"embeddable":true,"href":"https:\/\/archive.iask.hu\/hu\/wp-json\/wp\/v2\/users\/209"}],"replies":[{"embeddable":true,"href":"https:\/\/archive.iask.hu\/hu\/wp-json\/wp\/v2\/comments?post=3260"}],"version-history":[{"count":1,"href":"https:\/\/archive.iask.hu\/hu\/wp-json\/wp\/v2\/pages\/3260\/revisions"}],"predecessor-version":[{"id":3261,"href":"https:\/\/archive.iask.hu\/hu\/wp-json\/wp\/v2\/pages\/3260\/revisions\/3261"}],"up":[{"embeddable":true,"href":"https:\/\/archive.iask.hu\/hu\/wp-json\/wp\/v2\/pages\/1701"}],"wp:attachment":[{"href":"https:\/\/archive.iask.hu\/hu\/wp-json\/wp\/v2\/media?parent=3260"}],"curies":[{"name":"wp","href":"https:\/\/api.w.org\/{rel}","templated":true}]}}