{"id":4456,"date":"2018-01-08T07:16:47","date_gmt":"2018-01-08T07:16:47","guid":{"rendered":"https:\/\/archive.iask.hu\/?page_id=4456"},"modified":"2018-03-20T08:29:41","modified_gmt":"2018-03-20T08:29:41","slug":"digital-transformation-4-0","status":"publish","type":"page","link":"https:\/\/archive.iask.hu\/hu\/digitalis-tarsadalom\/digitalis-transzformacio-es-ipar-4-0-kepzes\/","title":{"rendered":"Digit\u00e1lis Transzform\u00e1ci\u00f3 \u00e9s Ipar 4.0. K\u00e9pz\u00e9s"},"content":{"rendered":"<p>[vc_row][vc_column][vc_column_text]<\/p>\n<h4>A Digit\u00e1lis Transzform\u00e1ci\u00f3 (DT) a digit\u00e1lis technol\u00f3gia alkalmaz\u00e1s\u00e1val kapcsolatos v\u00e1ltoz\u00e1s az emberi t\u00e1rsadalom minden vonatkoz\u00e1s\u00e1ban.<\/h4>\n<div class=\"\">A transzform\u00e1ci\u00f3 szakasz azt jelenti, hogy a digit\u00e1lis alkalmaz\u00e1sok innovat\u00edv \u00e9s kreat\u00edv megk\u00f6zel\u00edt\u00e9sek, megold\u00e1sok r\u00e9v\u00e9n \u00e9rik el a fejl\u0151d\u00e9st, ahelyett, hogy a megl\u00e9v\u0151 folyamatokat, technol\u00f3gi\u00e1kat fejleszten\u00e9nk tov\u00e1bb.<\/div>\n<div><\/div>\n<div class=\"\">\n<p>folyamatokat, technol\u00f3gi\u00e1kat fejleszten\u00e9nk tov\u00e1bb.<br \/>\nSz\u0171kebb \u00e9rtelemben a &#8222;Digit\u00e1lis Transzform\u00e1ci\u00f3&#8221; utalhat a &#8222;pap\u00edrmentes&#8221; fogalomra, amely mind az egy\u00e9ni v\u00e1llalkoz\u00e1sokat, mind a t\u00e1rsadalom eg\u00e9sz\u00e9t \u00e9rinti, mint p\u00e9ld\u00e1ul a korm\u00e1ny, a t\u00f6megkommunik\u00e1ci\u00f3, a m\u0171v\u00e9szet, az orvostudom\u00e1ny \u00e9s a tudom\u00e1ny, ipari szektor.<\/p>\n<p>&nbsp;<\/p>\n<p><img loading=\"lazy\" decoding=\"async\" class=\" wp-image-4864\" src=\"http:\/\/archive.iask.hu\/wp-content\/uploads\/2018\/01\/02_society-4-0-300x75.jpg\" alt=\"\" width=\"1172\" height=\"294\" srcset=\"https:\/\/archive.iask.hu\/wp-content\/uploads\/2018\/01\/02_society-4-0-300x75.jpg 300w, https:\/\/archive.iask.hu\/wp-content\/uploads\/2018\/01\/02_society-4-0-768x192.jpg 768w, https:\/\/archive.iask.hu\/wp-content\/uploads\/2018\/01\/02_society-4-0.jpg 1024w\" sizes=\"(max-width: 1172px) 100vw, 1172px\" \/><\/p>\n<h4><\/h4>\n<h4>A 4.0 a negyedik ipari forradalomra \u00e9s az Ipar 4.0 fogalm\u00e1ra utal.<\/h4>\n<p>&nbsp;<\/p>\n<p>A negyedik ipari forradalom olyan \u00faj technol\u00f3gi\u00e1kra utal, amely egyfajta kombin\u00e1ci\u00f3ja a fizikai, digit\u00e1lis \u00e9s biol\u00f3giai rendszereknek, \u00e9s hat\u00e1ssal van az \u00f6sszes tudom\u00e1ny\u00e1gra, a gazdas\u00e1gra \u00e9s az iparra. Ez az automatiz\u00e1l\u00e1s \u00e9s az adatcsere jelenlegi gy\u00e1rt\u00e1si trendjein, illetve azok technol\u00f3gi\u00e1in alapul. Sz\u00e1mos olyan fejlett technol\u00f3gia alap\u00fa megk\u00f6zel\u00edt\u00e9st \u00e9s m\u00f3dszert foglal mag\u00e1ban, mint a sz\u00e1m\u00edt\u00f3g\u00e9pes fizikai rendszerek, a dolgok internete, a sz\u00e1m\u00edt\u00e1si felh\u0151 (Big Data) \u00e9s a kognit\u00edv sz\u00e1m\u00edt\u00e1stechnika-tudom\u00e1ny, amelyek mind a koncepci\u00f3 eszk\u00f6zt\u00e1r\u00e1t b\u0151v\u00edtik.<\/p>\n<p>&nbsp;<\/p>\n<h4>A Digit\u00e1lis Transzform\u00e1ci\u00f3 4.0 n\u00e9v alatt az Int\u00e9zet az adott ter\u00fclet min\u00e9l nagyobb lefed\u00e9se \u00e9rdek\u00e9ben egyes\u00edti a k\u00fcl\u00f6nb\u00f6z\u0151 megk\u00f6zel\u00edt\u00e9seket \u00e9s szeml\u00e9letm\u00f3dokat.<\/h4>\n<div class=\"\"><\/div>\n<div><\/div>\n<div><\/div>\n<div>\n<p><img loading=\"lazy\" decoding=\"async\" class=\" wp-image-4886\" src=\"http:\/\/archive.iask.hu\/wp-content\/uploads\/2018\/01\/04_innovation-300x120.png\" alt=\"\" width=\"1162\" height=\"465\" srcset=\"https:\/\/archive.iask.hu\/wp-content\/uploads\/2018\/01\/04_innovation-300x120.png 300w, https:\/\/archive.iask.hu\/wp-content\/uploads\/2018\/01\/04_innovation.png 700w\" sizes=\"(max-width: 1162px) 100vw, 1162px\" \/><\/p>\n<\/div>\n<\/div>\n<p>[\/vc_column_text][vc_empty_space][vc_column_text]<strong>R\u00e9szletes t\u00e1j\u00e9koztat\u00e1s \u00e9s tov\u00e1bbi inform\u00e1ci\u00f3 a k\u00e9pz\u00e9si strukt\u00far\u00e1r\u00f3l <a href=\"http:\/\/archive.iask.hu\/wp-content\/uploads\/2002\/07\/brossura2-0.docx\">itt<\/a>\u00a0tal\u00e1lhat\u00f3.<\/strong>[\/vc_column_text][\/vc_column][\/vc_row][vc_row][vc_column][\/vc_column][\/vc_row]<\/p>","protected":false},"excerpt":{"rendered":"<p>[vc_row][vc_column][vc_column_text] A Digit\u00e1lis Transzform\u00e1ci\u00f3 (DT) a digit\u00e1lis technol\u00f3gia alkalmaz\u00e1s\u00e1val kapcsolatos v\u00e1ltoz\u00e1s az emberi t\u00e1rsadalom minden vonatkoz\u00e1s\u00e1ban. A transzform\u00e1ci\u00f3 szakasz azt jelenti, hogy a digit\u00e1lis alkalmaz\u00e1sok innovat\u00edv \u00e9s kreat\u00edv megk\u00f6zel\u00edt\u00e9sek, megold\u00e1sok r\u00e9v\u00e9n \u00e9rik el a fejl\u0151d\u00e9st, ahelyett, hogy a megl\u00e9v\u0151 folyamatokat, technol\u00f3gi\u00e1kat fejleszten\u00e9nk tov\u00e1bb. folyamatokat, technol\u00f3gi\u00e1kat fejleszten\u00e9nk tov\u00e1bb. Sz\u0171kebb \u00e9rtelemben a &#8222;Digit\u00e1lis Transzform\u00e1ci\u00f3&#8221; utalhat a &#8222;pap\u00edrmentes&#8221;&hellip;<\/p>\n","protected":false},"author":209,"featured_media":0,"parent":3780,"menu_order":72,"comment_status":"closed","ping_status":"closed","template":"","meta":{"footnotes":""},"yoast_head":"<!-- This site is optimized with the Yoast SEO plugin v16.7 - https:\/\/yoast.com\/wordpress\/plugins\/seo\/ -->\n<title>Digit\u00e1lis Transzform\u00e1ci\u00f3 \u00e9s Ipar 4.0. K\u00e9pz\u00e9s - iASK - Fels\u0151bbfok\u00fa Tanulm\u00e1nyok Int\u00e9zete, K\u0151szeg<\/title>\n<meta name=\"description\" content=\"A\u00a0Digital Transformation (DT) is the change associated with the application of digital technology in all aspects of human society. With the name Digtial Transformation 4.0\u00a0\u00a0 our institute is merging the different approaches, points of views to provide the highest coverage of this subject.\" \/>\n<meta name=\"robots\" content=\"index, follow, max-snippet:-1, max-image-preview:large, max-video-preview:-1\" \/>\n<link rel=\"canonical\" href=\"https:\/\/archive.iask.hu\/hu\/digitalis-tarsadalom\/digitalis-transzformacio-es-ipar-4-0-kepzes\/\" \/>\n<meta property=\"og:locale\" content=\"hu_HU\" \/>\n<meta property=\"og:type\" content=\"article\" \/>\n<meta property=\"og:title\" content=\"Digit\u00e1lis Transzform\u00e1ci\u00f3 \u00e9s Ipar 4.0. K\u00e9pz\u00e9s - iASK - Fels\u0151bbfok\u00fa Tanulm\u00e1nyok Int\u00e9zete, K\u0151szeg\" \/>\n<meta property=\"og:description\" content=\"A\u00a0Digital Transformation (DT) is the change associated with the application of digital technology in all aspects of human society. With the name Digtial Transformation 4.0\u00a0\u00a0 our institute is merging the different approaches, points of views to provide the highest coverage of this subject.\" \/>\n<meta property=\"og:url\" content=\"https:\/\/archive.iask.hu\/hu\/digitalis-tarsadalom\/digitalis-transzformacio-es-ipar-4-0-kepzes\/\" \/>\n<meta property=\"og:site_name\" content=\"iASK - Fels\u0151bbfok\u00fa Tanulm\u00e1nyok Int\u00e9zete, K\u0151szeg\" \/>\n<meta property=\"article:modified_time\" content=\"2018-03-20T08:29:41+00:00\" \/>\n<meta property=\"og:image\" content=\"http:\/\/archive.iask.hu\/wp-content\/uploads\/2018\/01\/02_society-4-0-300x75.jpg\" \/>\n<meta name=\"twitter:card\" content=\"summary_large_image\" \/>\n<meta name=\"twitter:label1\" content=\"Becs\u00fclt olvas\u00e1si id\u0151\" \/>\n\t<meta name=\"twitter:data1\" content=\"3 perc\" \/>\n<script type=\"application\/ld+json\" class=\"yoast-schema-graph\">{\"@context\":\"https:\/\/schema.org\",\"@graph\":[{\"@type\":\"WebSite\",\"@id\":\"https:\/\/archive.iask.hu\/en\/#website\",\"url\":\"https:\/\/archive.iask.hu\/en\/\",\"name\":\"iASK - Fels\\u0151bbfok\\u00fa Tanulm\\u00e1nyok Int\\u00e9zete, K\\u0151szeg\",\"description\":\"Az Int\\u00e9zet c\\u00e9lja, hogy egy\\u00fcv\\u00e9 szervezze a szellemileg nyitott, b\\u00e1tor, egym\\u00e1ssal egy\\u00fcttm\\u0171k\\u00f6dni k\\u00edv\\u00e1n\\u00f3, alkot\\u00f3 \\u00e9s gondolkod\\u00f3 szakembereket \\u00e9s tud\\u00f3sokat.\",\"potentialAction\":[{\"@type\":\"SearchAction\",\"target\":{\"@type\":\"EntryPoint\",\"urlTemplate\":\"https:\/\/archive.iask.hu\/en\/?s={search_term_string}\"},\"query-input\":\"required name=search_term_string\"}],\"inLanguage\":\"hu\"},{\"@type\":\"ImageObject\",\"@id\":\"https:\/\/archive.iask.hu\/hu\/digitalis-tarsadalom\/digitalis-transzformacio-es-ipar-4-0-kepzes\/#primaryimage\",\"inLanguage\":\"hu\",\"url\":\"http:\/\/archive.iask.hu\/wp-content\/uploads\/2018\/01\/02_society-4-0-300x75.jpg\",\"contentUrl\":\"http:\/\/archive.iask.hu\/wp-content\/uploads\/2018\/01\/02_society-4-0-300x75.jpg\"},{\"@type\":\"WebPage\",\"@id\":\"https:\/\/archive.iask.hu\/hu\/digitalis-tarsadalom\/digitalis-transzformacio-es-ipar-4-0-kepzes\/#webpage\",\"url\":\"https:\/\/archive.iask.hu\/hu\/digitalis-tarsadalom\/digitalis-transzformacio-es-ipar-4-0-kepzes\/\",\"name\":\"Digit\\u00e1lis Transzform\\u00e1ci\\u00f3 \\u00e9s Ipar 4.0. K\\u00e9pz\\u00e9s - iASK - Fels\\u0151bbfok\\u00fa Tanulm\\u00e1nyok Int\\u00e9zete, K\\u0151szeg\",\"isPartOf\":{\"@id\":\"https:\/\/archive.iask.hu\/en\/#website\"},\"primaryImageOfPage\":{\"@id\":\"https:\/\/archive.iask.hu\/hu\/digitalis-tarsadalom\/digitalis-transzformacio-es-ipar-4-0-kepzes\/#primaryimage\"},\"datePublished\":\"2018-01-08T07:16:47+00:00\",\"dateModified\":\"2018-03-20T08:29:41+00:00\",\"description\":\"A\\u00a0Digital Transformation (DT) is the change associated with the application of digital technology in all aspects of human society. With the name Digtial Transformation 4.0\\u00a0\\u00a0 our institute is merging the different approaches, points of views to provide the highest coverage of this subject.\",\"breadcrumb\":{\"@id\":\"https:\/\/archive.iask.hu\/hu\/digitalis-tarsadalom\/digitalis-transzformacio-es-ipar-4-0-kepzes\/#breadcrumb\"},\"inLanguage\":\"hu\",\"potentialAction\":[{\"@type\":\"ReadAction\",\"target\":[\"https:\/\/archive.iask.hu\/hu\/digitalis-tarsadalom\/digitalis-transzformacio-es-ipar-4-0-kepzes\/\"]}]},{\"@type\":\"BreadcrumbList\",\"@id\":\"https:\/\/archive.iask.hu\/hu\/digitalis-tarsadalom\/digitalis-transzformacio-es-ipar-4-0-kepzes\/#breadcrumb\",\"itemListElement\":[{\"@type\":\"ListItem\",\"position\":1,\"name\":\"Home\",\"item\":\"https:\/\/archive.iask.hu\/en\/\"},{\"@type\":\"ListItem\",\"position\":2,\"name\":\"Digital Society\",\"item\":\"https:\/\/archive.iask.hu\/hu\/digitalis-tarsadalom\/\"},{\"@type\":\"ListItem\",\"position\":3,\"name\":\"Digit\\u00e1lis Transzform\\u00e1ci\\u00f3 \\u00e9s Ipar 4.0. K\\u00e9pz\\u00e9s\"}]}]}<\/script>\n<!-- \/ Yoast SEO plugin. -->","yoast_head_json":{"title":"Digit\u00e1lis Transzform\u00e1ci\u00f3 \u00e9s Ipar 4.0. K\u00e9pz\u00e9s - iASK - Fels\u0151bbfok\u00fa Tanulm\u00e1nyok Int\u00e9zete, K\u0151szeg","description":"A\u00a0Digital Transformation (DT) is the change associated with the application of digital technology in all aspects of human society. With the name Digtial Transformation 4.0\u00a0\u00a0 our institute is merging the different approaches, points of views to provide the highest coverage of this subject.","robots":{"index":"index","follow":"follow","max-snippet":"max-snippet:-1","max-image-preview":"max-image-preview:large","max-video-preview":"max-video-preview:-1"},"canonical":"https:\/\/archive.iask.hu\/hu\/digitalis-tarsadalom\/digitalis-transzformacio-es-ipar-4-0-kepzes\/","og_locale":"hu_HU","og_type":"article","og_title":"Digit\u00e1lis Transzform\u00e1ci\u00f3 \u00e9s Ipar 4.0. K\u00e9pz\u00e9s - iASK - Fels\u0151bbfok\u00fa Tanulm\u00e1nyok Int\u00e9zete, K\u0151szeg","og_description":"A\u00a0Digital Transformation (DT) is the change associated with the application of digital technology in all aspects of human society. With the name Digtial Transformation 4.0\u00a0\u00a0 our institute is merging the different approaches, points of views to provide the highest coverage of this subject.","og_url":"https:\/\/archive.iask.hu\/hu\/digitalis-tarsadalom\/digitalis-transzformacio-es-ipar-4-0-kepzes\/","og_site_name":"iASK - Fels\u0151bbfok\u00fa Tanulm\u00e1nyok Int\u00e9zete, K\u0151szeg","article_modified_time":"2018-03-20T08:29:41+00:00","og_image":[{"url":"http:\/\/archive.iask.hu\/wp-content\/uploads\/2018\/01\/02_society-4-0-300x75.jpg"}],"twitter_card":"summary_large_image","twitter_misc":{"Becs\u00fclt olvas\u00e1si id\u0151":"3 perc"},"schema":{"@context":"https:\/\/schema.org","@graph":[{"@type":"WebSite","@id":"https:\/\/archive.iask.hu\/en\/#website","url":"https:\/\/archive.iask.hu\/en\/","name":"iASK - Fels\u0151bbfok\u00fa Tanulm\u00e1nyok Int\u00e9zete, K\u0151szeg","description":"Az Int\u00e9zet c\u00e9lja, hogy egy\u00fcv\u00e9 szervezze a szellemileg nyitott, b\u00e1tor, egym\u00e1ssal egy\u00fcttm\u0171k\u00f6dni k\u00edv\u00e1n\u00f3, alkot\u00f3 \u00e9s gondolkod\u00f3 szakembereket \u00e9s tud\u00f3sokat.","potentialAction":[{"@type":"SearchAction","target":{"@type":"EntryPoint","urlTemplate":"https:\/\/archive.iask.hu\/en\/?s={search_term_string}"},"query-input":"required name=search_term_string"}],"inLanguage":"hu"},{"@type":"ImageObject","@id":"https:\/\/archive.iask.hu\/hu\/digitalis-tarsadalom\/digitalis-transzformacio-es-ipar-4-0-kepzes\/#primaryimage","inLanguage":"hu","url":"http:\/\/archive.iask.hu\/wp-content\/uploads\/2018\/01\/02_society-4-0-300x75.jpg","contentUrl":"http:\/\/archive.iask.hu\/wp-content\/uploads\/2018\/01\/02_society-4-0-300x75.jpg"},{"@type":"WebPage","@id":"https:\/\/archive.iask.hu\/hu\/digitalis-tarsadalom\/digitalis-transzformacio-es-ipar-4-0-kepzes\/#webpage","url":"https:\/\/archive.iask.hu\/hu\/digitalis-tarsadalom\/digitalis-transzformacio-es-ipar-4-0-kepzes\/","name":"Digit\u00e1lis Transzform\u00e1ci\u00f3 \u00e9s Ipar 4.0. K\u00e9pz\u00e9s - iASK - Fels\u0151bbfok\u00fa Tanulm\u00e1nyok Int\u00e9zete, K\u0151szeg","isPartOf":{"@id":"https:\/\/archive.iask.hu\/en\/#website"},"primaryImageOfPage":{"@id":"https:\/\/archive.iask.hu\/hu\/digitalis-tarsadalom\/digitalis-transzformacio-es-ipar-4-0-kepzes\/#primaryimage"},"datePublished":"2018-01-08T07:16:47+00:00","dateModified":"2018-03-20T08:29:41+00:00","description":"A\u00a0Digital Transformation (DT) is the change associated with the application of digital technology in all aspects of human society. With the name Digtial Transformation 4.0\u00a0\u00a0 our institute is merging the different approaches, points of views to provide the highest coverage of this subject.","breadcrumb":{"@id":"https:\/\/archive.iask.hu\/hu\/digitalis-tarsadalom\/digitalis-transzformacio-es-ipar-4-0-kepzes\/#breadcrumb"},"inLanguage":"hu","potentialAction":[{"@type":"ReadAction","target":["https:\/\/archive.iask.hu\/hu\/digitalis-tarsadalom\/digitalis-transzformacio-es-ipar-4-0-kepzes\/"]}]},{"@type":"BreadcrumbList","@id":"https:\/\/archive.iask.hu\/hu\/digitalis-tarsadalom\/digitalis-transzformacio-es-ipar-4-0-kepzes\/#breadcrumb","itemListElement":[{"@type":"ListItem","position":1,"name":"Home","item":"https:\/\/archive.iask.hu\/en\/"},{"@type":"ListItem","position":2,"name":"Digital Society","item":"https:\/\/archive.iask.hu\/hu\/digitalis-tarsadalom\/"},{"@type":"ListItem","position":3,"name":"Digit\u00e1lis Transzform\u00e1ci\u00f3 \u00e9s Ipar 4.0. K\u00e9pz\u00e9s"}]}]}},"_links":{"self":[{"href":"https:\/\/archive.iask.hu\/hu\/wp-json\/wp\/v2\/pages\/4456"}],"collection":[{"href":"https:\/\/archive.iask.hu\/hu\/wp-json\/wp\/v2\/pages"}],"about":[{"href":"https:\/\/archive.iask.hu\/hu\/wp-json\/wp\/v2\/types\/page"}],"author":[{"embeddable":true,"href":"https:\/\/archive.iask.hu\/hu\/wp-json\/wp\/v2\/users\/209"}],"replies":[{"embeddable":true,"href":"https:\/\/archive.iask.hu\/hu\/wp-json\/wp\/v2\/comments?post=4456"}],"version-history":[{"count":22,"href":"https:\/\/archive.iask.hu\/hu\/wp-json\/wp\/v2\/pages\/4456\/revisions"}],"predecessor-version":[{"id":8632,"href":"https:\/\/archive.iask.hu\/hu\/wp-json\/wp\/v2\/pages\/4456\/revisions\/8632"}],"up":[{"embeddable":true,"href":"https:\/\/archive.iask.hu\/hu\/wp-json\/wp\/v2\/pages\/3780"}],"wp:attachment":[{"href":"https:\/\/archive.iask.hu\/hu\/wp-json\/wp\/v2\/media?parent=4456"}],"curies":[{"name":"wp","href":"https:\/\/api.w.org\/{rel}","templated":true}]}}