{"id":4458,"date":"2018-01-08T07:17:23","date_gmt":"2018-01-08T07:17:23","guid":{"rendered":"https:\/\/archive.iask.hu\/?page_id=4458"},"modified":"2018-02-07T09:21:03","modified_gmt":"2018-02-07T09:21:03","slug":"egeszsegugy","status":"publish","type":"page","link":"https:\/\/archive.iask.hu\/hu\/digitalis-tarsadalom\/adat-es-tarsadalom\/","title":{"rendered":"Adat \u00e9s T\u00e1rsadalom"},"content":{"rendered":"<p>[vc_row][vc_column][vc_column_text]<\/p>\n<h4>Eg\u00e9szs\u00e9g\u00fcgy<\/h4>\n<p>Az Int\u00e9zet eg\u00e9szs\u00e9g\u00fcgyi ter\u00fcleten v\u00e9gzett Big Data alap\u00fa kutat\u00e1sai arra keresik a v\u00e1laszt, hogy<\/p>\n<ul>\n<li>lehets\u00e9ges-e az eg\u00e9szs\u00e9gkassza hat\u00e9konyabb felhaszn\u00e1l\u00e1sa a kiemelt hal\u00e1loz\u00e1si kock\u00e1zat\u00fa betegs\u00e9gekn\u00e9l.<\/li>\n<li>l\u00e9tezik-e olyan alrendszer, amely jelezheti a lehets\u00e9ges kit\u00f6r\u00e9si ir\u00e1nyokat.<\/li>\n<li>a Finansz\u00edroz\u00e1si \u00e9s ell\u00e1t\u00e1si anom\u00e1li\u00e1k a diagnosztik\u00e1ban \u00e9s ell\u00e1t\u00e1sban hogyan t\u00e9rk\u00e9pezhet\u0151ek fel az OEP t\u00e1mogat\u00e1sb\u00f3l gener\u00e1lt beteg\u00e9let\u00fatelemz\u00e9sen \u00e9s szak\u00e9rt\u0151i interj\u00fakon kereszt\u00fcl.<\/li>\n<\/ul>\n<p>Kutat\u00e1sunk az interdiszciplin\u00e1ris (Big Data eszk\u00f6zt\u00e1r alkalmaz\u00e1saa, orvosszakmai m\u00e9lyinterj\u00fak, k\u00f6lts\u00e9g-haszon elemz\u00e9sek, valamint szociol\u00f3giai hat\u00e1stanulm\u00e1nyok) elemz\u00e9seken kereszt\u00fcl k\u00edv\u00e1n egy \u00faj, a kor\u00e1bbiakn\u00e1l pragmatikusabb megk\u00f6zel\u00edt\u00e9st ny\u00fajtani a kiemelt hal\u00e1loz\u00e1si kock\u00e1zat\u00fa megbeteged\u00e9ssel rendelkez\u0151k beteg\u00e9let\u00fatj\u00e1t vizsg\u00e1lva. M\u00e9lyinterj\u00fainkb\u00f3l olyan kor\u00e1bban nem, vagy csak r\u00e9szlegesen vizsg\u00e1lt hipot\u00e9zist \u00e1ll\u00edtottunk fel, melyek meger\u0151s\u00edt\u00e9s\u00e9t vagy c\u00e1folat\u00e1t a Big Data elemz\u00e9sek \u00e9s tov\u00e1bbi orvosszakmai elemz\u00e9sek adj\u00e1k. A kutat\u00e1s olyan, eddig a magyar tudom\u00e1nyos irodalomban kev\u00e9sb\u00e9 vagy egy\u00e1ltal\u00e1n nem feldolgozott diagnosztikai vagy ell\u00e1t\u00e1si anom\u00e1li\u00e1k bemutat\u00e1s\u00e1ra \u00e9s elemz\u00e9s\u00e9re f\u00f3kusz\u00e1l, melyek m\u00e9lyebb \u00e9s kiterjedtebb elemz\u00e9se az ell\u00e1t\u00e1s k\u00f6lts\u00e9gsemleges javul\u00e1s\u00e1t \u00e9s\/vagy a p\u00e1ciensek \u00e9letmin\u0151s\u00e9gjavul\u00e1s\u00e1t eredm\u00e9nyezheti.<\/p>\n<p>Elemezz\u00fck r\u00e9szletesen az ell\u00e1t\u00e1si id\u0151ket a hazai sz\u00edvinfarktus kezel\u00e9s sor\u00e1n, valamint az adat alap\u00fa t\u00fal\u00e9l\u00e9sjav\u00edt\u00e1s lehet\u0151s\u00e9geit a magyar eg\u00e9szs\u00e9g\u00fcgyben a vastag- \u00e9s v\u00e9gb\u00e9lr\u00e1kos p\u00e1ciensek beteg\u00fatj\u00e1n kereszt\u00fcl.<\/p>\n<h4>K\u00f6rnyezettudatoss\u00e1g<\/h4>\n<p>A fenntarthat\u00f3s\u00e1g t\u00e9mak\u00f6rben egy Big Data alap\u00fa k\u00f6rnyezeti monitoring rendszert alak\u00edtottunk ki. Az ENSZ \u00e1ltal meghat\u00e1rozott fenntarthat\u00f3 fejl\u0151d\u00e9si c\u00e9lok ismeret\u00e9ben egyre ink\u00e1bb a r\u00e9szv\u00e9teli t\u00edpus\u00fa d\u00f6nt\u00e9si folyamatokra volna sz\u00fcks\u00e9g, vagyis a lakoss\u00e1g, mint egy adott telep\u00fcl\u00e9st, t\u00e9rs\u00e9get (ak\u00e1r a legjobban) ismer\u0151 \u00e9s a lak\u00f3hely\u00e9re jellemz\u0151 egyes k\u00f6rnyezeti hat\u00e1sokat k\u00f6zvetlen\u00fcl \u00e9szlel\u0151 f\u00e9l bevon\u00e1sa a telep\u00fcl\u00e9sre, t\u00e9rs\u00e9gre vonatkoz\u00f3 m\u00e9r\u00e9si \u00e9s d\u00f6nt\u00e9si folyamatokba. Ennek \u00e9rdek\u00e9ben egy pilot projektet hajtottunk v\u00e9gre, amely sor\u00e1n egy olyan proof of concept (PoC) monitoring rendszer kidolgoz\u00e1sa t\u00f6rt\u00e9nt meg, amely rugalmasan b\u0151v\u00edthet\u0151 adatbevitelt \u00e9s sk\u00e1l\u00e1zhat\u00f3, ak\u00e1r val\u00f3s idej\u0171 adatfeldolgoz\u00e1st tesz lehet\u0151v\u00e9, min\u00e9l sz\u00e9lesebb felhaszn\u00e1l\u00f3i k\u00f6r sz\u00e1m\u00e1ra, a k\u00fcl\u00f6nb\u00f6z\u0151 k\u00f6rnyezeti probl\u00e9m\u00e1k megold\u00e1s\u00e1ra f\u00f3kusz\u00e1lva, pl. az illeg\u00e1lis hullad\u00e9k lerak\u00f3k, a k\u00fcl\u00f6nb\u00f6z\u0151 zaj-, illetve szaghat\u00e1sok, amelyek t\u00e9rbeli \u00e9s id\u0151beli elhelyezked\u00e9s\u00e9t a lakoss\u00e1g \u00e9szlel\u00e9sek form\u00e1j\u00e1ban r\u00f6gz\u00edtve, a d\u00f6nt\u00e9shoz\u00f3k sz\u00e1m\u00e1ra gyorsabb \u00e9s hat\u00e9konyabb megold\u00e1sokat tesznek lehet\u0151v\u00e9 (az\u00e1ltal, hogy a probl\u00e9ma jellege, s hat\u00e1sai jobban dokument\u00e1ltak, visszak\u00f6vethet\u0151ek, \u00edgy az egyes \u00f6sszef\u00fcgg\u00e9sek is k\u00f6nnyebben felt\u00e1rhat\u00f3ak, pl. a szag, vagy zaj. A megold\u00e1s alkalmaz\u00e1sa jelent\u0151sen hozz\u00e1j\u00e1rulhat a t\u00e1rsadalmi j\u00f3ll\u00e9t \u00e9rz\u00e9s\u00e9nek jav\u00edt\u00e1s\u00e1hoz.<\/p>\n<p>Az elk\u00e9sz\u00fclt rendszer h\u00e1rom f\u0151 komponense az \u0171rlap fel\u00fclet, amely biztos\u00edtja a lakoss\u00e1gi \u00e9szlel\u00e9sek gyors \u00e9s egyszer\u0171 r\u00f6gz\u00edt\u00e9s\u00e9t, a k\u00f6rnyezeti szenzorok illeszthet\u0151s\u00e9ge, amelyekkel automatiz\u00e1lt m\u00e9r\u00e9sek adatait tudjuk r\u00f6gz\u00edteni (pl. az id\u0151j\u00e1r\u00e1si alapadatokat, mint h\u0151m\u00e9rs\u00e9klet, sz\u00e9lsebess\u00e9g, sz\u00e9lir\u00e1ny, vagy zajm\u00e9r\u0151, amelyek seg\u00edthetnek a probl\u00e9ma forr\u00e1s\u00e1nak \u00e9s jelleg\u00e9nek azonos\u00edt\u00e1s\u00e1ban) valamint a dashboard fel\u00fclet, amelyen lek\u00e9rdezhet\u0151k, illetve t\u00e9rben \u00e9s id\u0151ben is nyomon k\u00f6vethet\u0151k az egyes telep\u00fcl\u00e9sekre jellemz\u0151 \u00e9szlel\u00e9sek (adott probl\u00e9mak\u00f6r t\u00edpusa, jellege \u00e9s a probl\u00e9ma fokozata szerint).<\/p>\n<p>A pilot rendszer teszt-verzi\u00f3j\u00e1nak el\u00e9rhet\u0151s\u00e9ge: <a href=\"http:\/\/www.enviromind.hu\">www.enviromind.hu<\/a>[\/vc_column_text][vc_empty_space][vc_custom_heading text=&#8221;Kutat\u00f3k&#8221; font_container=&#8221;tag:h3|text_align:left&#8221;]<div class=\"teammember-single\"><div class=\"photo\"><a href=\"https:\/\/archive.iask.hu\/hu\/people\/erdos-gergely\/\"><img loading=\"lazy\" decoding=\"async\" width=\"150\" height=\"150\" src=\"https:\/\/archive.iask.hu\/wp-content\/uploads\/2002\/07\/erdos_gergely-jpg-cut_-e1517053083894-150x150.jpg\" class=\"attachment-thumbnail size-thumbnail wp-post-image\" alt=\"\" srcset=\"https:\/\/archive.iask.hu\/wp-content\/uploads\/2002\/07\/erdos_gergely-jpg-cut_-e1517053083894-150x150.jpg 150w, https:\/\/archive.iask.hu\/wp-content\/uploads\/2002\/07\/erdos_gergely-jpg-cut_-e1517053083894-300x300.jpg 300w, https:\/\/archive.iask.hu\/wp-content\/uploads\/2002\/07\/erdos_gergely-jpg-cut_-e1517053083894-400x400.jpg 400w, https:\/\/archive.iask.hu\/wp-content\/uploads\/2002\/07\/erdos_gergely-jpg-cut_-e1517053083894-200x200.jpg 200w, https:\/\/archive.iask.hu\/wp-content\/uploads\/2002\/07\/erdos_gergely-jpg-cut_-e1517053083894.jpg 579w\" sizes=\"(max-width: 150px) 100vw, 150px\" \/><\/a><\/div><div class=\"name\"><a href=\"https:\/\/archive.iask.hu\/hu\/people\/erdos-gergely\/\">Erd\u0151s Gergely<\/a><\/div><\/div><div class=\"teammember-single\"><div class=\"photo\"><a href=\"https:\/\/archive.iask.hu\/hu\/people\/pach-ferenc-peter\/\"><img loading=\"lazy\" decoding=\"async\" width=\"150\" height=\"150\" src=\"https:\/\/archive.iask.hu\/wp-content\/uploads\/2015\/03\/bbn11-7ltbl1_600x600-e1515696154302-150x150.jpg\" class=\"attachment-thumbnail size-thumbnail wp-post-image\" alt=\"\" srcset=\"https:\/\/archive.iask.hu\/wp-content\/uploads\/2015\/03\/bbn11-7ltbl1_600x600-e1515696154302-150x150.jpg 150w, https:\/\/archive.iask.hu\/wp-content\/uploads\/2015\/03\/bbn11-7ltbl1_600x600-e1515696154302-300x300.jpg 300w, https:\/\/archive.iask.hu\/wp-content\/uploads\/2015\/03\/bbn11-7ltbl1_600x600-e1515696154302-200x200.jpg 200w, https:\/\/archive.iask.hu\/wp-content\/uploads\/2015\/03\/bbn11-7ltbl1_600x600-e1515696154302.jpg 370w\" sizes=\"(max-width: 150px) 100vw, 150px\" \/><\/a><\/div><div class=\"name\"><a href=\"https:\/\/archive.iask.hu\/hu\/people\/pach-ferenc-peter\/\">Pach Ferenc P\u00e9ter<\/a><\/div><\/div><div class=\"teammember-single\"><div class=\"photo\"><a href=\"https:\/\/archive.iask.hu\/hu\/people\/morzsa-laszlo\/\"><img loading=\"lazy\" decoding=\"async\" width=\"150\" height=\"150\" src=\"https:\/\/archive.iask.hu\/wp-content\/uploads\/2017\/12\/laszlo-morzsa_800x800-150x150.jpg\" class=\"attachment-thumbnail size-thumbnail wp-post-image\" alt=\"\" srcset=\"https:\/\/archive.iask.hu\/wp-content\/uploads\/2017\/12\/laszlo-morzsa_800x800-150x150.jpg 150w, https:\/\/archive.iask.hu\/wp-content\/uploads\/2017\/12\/laszlo-morzsa_800x800-300x300.jpg 300w, https:\/\/archive.iask.hu\/wp-content\/uploads\/2017\/12\/laszlo-morzsa_800x800-768x768.jpg 768w, https:\/\/archive.iask.hu\/wp-content\/uploads\/2017\/12\/laszlo-morzsa_800x800-700x700.jpg 700w, https:\/\/archive.iask.hu\/wp-content\/uploads\/2017\/12\/laszlo-morzsa_800x800-400x400.jpg 400w, https:\/\/archive.iask.hu\/wp-content\/uploads\/2017\/12\/laszlo-morzsa_800x800-200x200.jpg 200w, https:\/\/archive.iask.hu\/wp-content\/uploads\/2017\/12\/laszlo-morzsa_800x800.jpg 800w\" sizes=\"(max-width: 150px) 100vw, 150px\" \/><\/a><\/div><div class=\"name\"><a href=\"https:\/\/archive.iask.hu\/hu\/people\/morzsa-laszlo\/\">Morzsa L\u00e1szl\u00f3<\/a><\/div><\/div>[\/vc_column][\/vc_row]<\/p>","protected":false},"excerpt":{"rendered":"<p>[vc_row][vc_column][vc_column_text] Eg\u00e9szs\u00e9g\u00fcgy Az Int\u00e9zet eg\u00e9szs\u00e9g\u00fcgyi ter\u00fcleten v\u00e9gzett Big Data alap\u00fa kutat\u00e1sai arra keresik a v\u00e1laszt, hogy lehets\u00e9ges-e az eg\u00e9szs\u00e9gkassza hat\u00e9konyabb felhaszn\u00e1l\u00e1sa a kiemelt hal\u00e1loz\u00e1si kock\u00e1zat\u00fa betegs\u00e9gekn\u00e9l. l\u00e9tezik-e olyan alrendszer, amely jelezheti a lehets\u00e9ges kit\u00f6r\u00e9si ir\u00e1nyokat. a Finansz\u00edroz\u00e1si \u00e9s ell\u00e1t\u00e1si anom\u00e1li\u00e1k a diagnosztik\u00e1ban \u00e9s ell\u00e1t\u00e1sban hogyan t\u00e9rk\u00e9pezhet\u0151ek fel az OEP t\u00e1mogat\u00e1sb\u00f3l gener\u00e1lt beteg\u00e9let\u00fatelemz\u00e9sen \u00e9s szak\u00e9rt\u0151i interj\u00fakon&hellip;<\/p>\n","protected":false},"author":209,"featured_media":0,"parent":3780,"menu_order":69,"comment_status":"closed","ping_status":"closed","template":"","meta":{"footnotes":""},"yoast_head":"<!-- This site is optimized with the Yoast SEO plugin v16.7 - https:\/\/yoast.com\/wordpress\/plugins\/seo\/ -->\n<title>Adat \u00e9s T\u00e1rsadalom - iASK - Fels\u0151bbfok\u00fa Tanulm\u00e1nyok Int\u00e9zete, K\u0151szeg<\/title>\n<meta name=\"robots\" content=\"index, follow, max-snippet:-1, max-image-preview:large, max-video-preview:-1\" \/>\n<link rel=\"canonical\" href=\"https:\/\/archive.iask.hu\/hu\/digitalis-tarsadalom\/adat-es-tarsadalom\/\" \/>\n<meta property=\"og:locale\" content=\"hu_HU\" \/>\n<meta property=\"og:type\" content=\"article\" \/>\n<meta property=\"og:title\" content=\"Adat \u00e9s T\u00e1rsadalom - iASK - Fels\u0151bbfok\u00fa Tanulm\u00e1nyok Int\u00e9zete, K\u0151szeg\" \/>\n<meta property=\"og:description\" content=\"[vc_row][vc_column][vc_column_text] Eg\u00e9szs\u00e9g\u00fcgy Az Int\u00e9zet eg\u00e9szs\u00e9g\u00fcgyi ter\u00fcleten v\u00e9gzett Big Data alap\u00fa kutat\u00e1sai arra keresik a v\u00e1laszt, hogy lehets\u00e9ges-e az eg\u00e9szs\u00e9gkassza hat\u00e9konyabb felhaszn\u00e1l\u00e1sa a kiemelt hal\u00e1loz\u00e1si kock\u00e1zat\u00fa betegs\u00e9gekn\u00e9l. l\u00e9tezik-e olyan alrendszer, amely jelezheti a lehets\u00e9ges kit\u00f6r\u00e9si ir\u00e1nyokat. a Finansz\u00edroz\u00e1si \u00e9s ell\u00e1t\u00e1si anom\u00e1li\u00e1k a diagnosztik\u00e1ban \u00e9s ell\u00e1t\u00e1sban hogyan t\u00e9rk\u00e9pezhet\u0151ek fel az OEP t\u00e1mogat\u00e1sb\u00f3l gener\u00e1lt beteg\u00e9let\u00fatelemz\u00e9sen \u00e9s szak\u00e9rt\u0151i interj\u00fakon&hellip;\" \/>\n<meta property=\"og:url\" content=\"https:\/\/archive.iask.hu\/hu\/digitalis-tarsadalom\/adat-es-tarsadalom\/\" \/>\n<meta property=\"og:site_name\" content=\"iASK - Fels\u0151bbfok\u00fa Tanulm\u00e1nyok Int\u00e9zete, K\u0151szeg\" \/>\n<meta property=\"article:modified_time\" content=\"2018-02-07T09:21:03+00:00\" \/>\n<meta name=\"twitter:card\" content=\"summary_large_image\" \/>\n<meta name=\"twitter:label1\" content=\"Becs\u00fclt olvas\u00e1si id\u0151\" \/>\n\t<meta name=\"twitter:data1\" content=\"6 perc\" \/>\n<script type=\"application\/ld+json\" class=\"yoast-schema-graph\">{\"@context\":\"https:\/\/schema.org\",\"@graph\":[{\"@type\":\"WebSite\",\"@id\":\"https:\/\/archive.iask.hu\/en\/#website\",\"url\":\"https:\/\/archive.iask.hu\/en\/\",\"name\":\"iASK - Fels\\u0151bbfok\\u00fa Tanulm\\u00e1nyok Int\\u00e9zete, K\\u0151szeg\",\"description\":\"Az Int\\u00e9zet c\\u00e9lja, hogy egy\\u00fcv\\u00e9 szervezze a szellemileg nyitott, b\\u00e1tor, egym\\u00e1ssal egy\\u00fcttm\\u0171k\\u00f6dni k\\u00edv\\u00e1n\\u00f3, alkot\\u00f3 \\u00e9s gondolkod\\u00f3 szakembereket \\u00e9s tud\\u00f3sokat.\",\"potentialAction\":[{\"@type\":\"SearchAction\",\"target\":{\"@type\":\"EntryPoint\",\"urlTemplate\":\"https:\/\/archive.iask.hu\/en\/?s={search_term_string}\"},\"query-input\":\"required name=search_term_string\"}],\"inLanguage\":\"hu\"},{\"@type\":\"WebPage\",\"@id\":\"https:\/\/archive.iask.hu\/hu\/digitalis-tarsadalom\/adat-es-tarsadalom\/#webpage\",\"url\":\"https:\/\/archive.iask.hu\/hu\/digitalis-tarsadalom\/adat-es-tarsadalom\/\",\"name\":\"Adat \\u00e9s T\\u00e1rsadalom - iASK - Fels\\u0151bbfok\\u00fa Tanulm\\u00e1nyok Int\\u00e9zete, K\\u0151szeg\",\"isPartOf\":{\"@id\":\"https:\/\/archive.iask.hu\/en\/#website\"},\"datePublished\":\"2018-01-08T07:17:23+00:00\",\"dateModified\":\"2018-02-07T09:21:03+00:00\",\"breadcrumb\":{\"@id\":\"https:\/\/archive.iask.hu\/hu\/digitalis-tarsadalom\/adat-es-tarsadalom\/#breadcrumb\"},\"inLanguage\":\"hu\",\"potentialAction\":[{\"@type\":\"ReadAction\",\"target\":[\"https:\/\/archive.iask.hu\/hu\/digitalis-tarsadalom\/adat-es-tarsadalom\/\"]}]},{\"@type\":\"BreadcrumbList\",\"@id\":\"https:\/\/archive.iask.hu\/hu\/digitalis-tarsadalom\/adat-es-tarsadalom\/#breadcrumb\",\"itemListElement\":[{\"@type\":\"ListItem\",\"position\":1,\"name\":\"Home\",\"item\":\"https:\/\/archive.iask.hu\/en\/\"},{\"@type\":\"ListItem\",\"position\":2,\"name\":\"Digital Society\",\"item\":\"https:\/\/archive.iask.hu\/hu\/digitalis-tarsadalom\/\"},{\"@type\":\"ListItem\",\"position\":3,\"name\":\"Adat \\u00e9s T\\u00e1rsadalom\"}]}]}<\/script>\n<!-- \/ Yoast SEO plugin. -->","yoast_head_json":{"title":"Adat \u00e9s T\u00e1rsadalom - iASK - Fels\u0151bbfok\u00fa Tanulm\u00e1nyok Int\u00e9zete, K\u0151szeg","robots":{"index":"index","follow":"follow","max-snippet":"max-snippet:-1","max-image-preview":"max-image-preview:large","max-video-preview":"max-video-preview:-1"},"canonical":"https:\/\/archive.iask.hu\/hu\/digitalis-tarsadalom\/adat-es-tarsadalom\/","og_locale":"hu_HU","og_type":"article","og_title":"Adat \u00e9s T\u00e1rsadalom - iASK - Fels\u0151bbfok\u00fa Tanulm\u00e1nyok Int\u00e9zete, K\u0151szeg","og_description":"[vc_row][vc_column][vc_column_text] Eg\u00e9szs\u00e9g\u00fcgy Az Int\u00e9zet eg\u00e9szs\u00e9g\u00fcgyi ter\u00fcleten v\u00e9gzett Big Data alap\u00fa kutat\u00e1sai arra keresik a v\u00e1laszt, hogy lehets\u00e9ges-e az eg\u00e9szs\u00e9gkassza hat\u00e9konyabb felhaszn\u00e1l\u00e1sa a kiemelt hal\u00e1loz\u00e1si kock\u00e1zat\u00fa betegs\u00e9gekn\u00e9l. l\u00e9tezik-e olyan alrendszer, amely jelezheti a lehets\u00e9ges kit\u00f6r\u00e9si ir\u00e1nyokat. a Finansz\u00edroz\u00e1si \u00e9s ell\u00e1t\u00e1si anom\u00e1li\u00e1k a diagnosztik\u00e1ban \u00e9s ell\u00e1t\u00e1sban hogyan t\u00e9rk\u00e9pezhet\u0151ek fel az OEP t\u00e1mogat\u00e1sb\u00f3l gener\u00e1lt beteg\u00e9let\u00fatelemz\u00e9sen \u00e9s szak\u00e9rt\u0151i interj\u00fakon&hellip;","og_url":"https:\/\/archive.iask.hu\/hu\/digitalis-tarsadalom\/adat-es-tarsadalom\/","og_site_name":"iASK - Fels\u0151bbfok\u00fa Tanulm\u00e1nyok Int\u00e9zete, K\u0151szeg","article_modified_time":"2018-02-07T09:21:03+00:00","twitter_card":"summary_large_image","twitter_misc":{"Becs\u00fclt olvas\u00e1si id\u0151":"6 perc"},"schema":{"@context":"https:\/\/schema.org","@graph":[{"@type":"WebSite","@id":"https:\/\/archive.iask.hu\/en\/#website","url":"https:\/\/archive.iask.hu\/en\/","name":"iASK - Fels\u0151bbfok\u00fa Tanulm\u00e1nyok Int\u00e9zete, K\u0151szeg","description":"Az Int\u00e9zet c\u00e9lja, hogy egy\u00fcv\u00e9 szervezze a szellemileg nyitott, b\u00e1tor, egym\u00e1ssal egy\u00fcttm\u0171k\u00f6dni k\u00edv\u00e1n\u00f3, alkot\u00f3 \u00e9s gondolkod\u00f3 szakembereket \u00e9s tud\u00f3sokat.","potentialAction":[{"@type":"SearchAction","target":{"@type":"EntryPoint","urlTemplate":"https:\/\/archive.iask.hu\/en\/?s={search_term_string}"},"query-input":"required name=search_term_string"}],"inLanguage":"hu"},{"@type":"WebPage","@id":"https:\/\/archive.iask.hu\/hu\/digitalis-tarsadalom\/adat-es-tarsadalom\/#webpage","url":"https:\/\/archive.iask.hu\/hu\/digitalis-tarsadalom\/adat-es-tarsadalom\/","name":"Adat \u00e9s T\u00e1rsadalom - iASK - Fels\u0151bbfok\u00fa Tanulm\u00e1nyok Int\u00e9zete, K\u0151szeg","isPartOf":{"@id":"https:\/\/archive.iask.hu\/en\/#website"},"datePublished":"2018-01-08T07:17:23+00:00","dateModified":"2018-02-07T09:21:03+00:00","breadcrumb":{"@id":"https:\/\/archive.iask.hu\/hu\/digitalis-tarsadalom\/adat-es-tarsadalom\/#breadcrumb"},"inLanguage":"hu","potentialAction":[{"@type":"ReadAction","target":["https:\/\/archive.iask.hu\/hu\/digitalis-tarsadalom\/adat-es-tarsadalom\/"]}]},{"@type":"BreadcrumbList","@id":"https:\/\/archive.iask.hu\/hu\/digitalis-tarsadalom\/adat-es-tarsadalom\/#breadcrumb","itemListElement":[{"@type":"ListItem","position":1,"name":"Home","item":"https:\/\/archive.iask.hu\/en\/"},{"@type":"ListItem","position":2,"name":"Digital Society","item":"https:\/\/archive.iask.hu\/hu\/digitalis-tarsadalom\/"},{"@type":"ListItem","position":3,"name":"Adat \u00e9s T\u00e1rsadalom"}]}]}},"_links":{"self":[{"href":"https:\/\/archive.iask.hu\/hu\/wp-json\/wp\/v2\/pages\/4458"}],"collection":[{"href":"https:\/\/archive.iask.hu\/hu\/wp-json\/wp\/v2\/pages"}],"about":[{"href":"https:\/\/archive.iask.hu\/hu\/wp-json\/wp\/v2\/types\/page"}],"author":[{"embeddable":true,"href":"https:\/\/archive.iask.hu\/hu\/wp-json\/wp\/v2\/users\/209"}],"replies":[{"embeddable":true,"href":"https:\/\/archive.iask.hu\/hu\/wp-json\/wp\/v2\/comments?post=4458"}],"version-history":[{"count":11,"href":"https:\/\/archive.iask.hu\/hu\/wp-json\/wp\/v2\/pages\/4458\/revisions"}],"predecessor-version":[{"id":6619,"href":"https:\/\/archive.iask.hu\/hu\/wp-json\/wp\/v2\/pages\/4458\/revisions\/6619"}],"up":[{"embeddable":true,"href":"https:\/\/archive.iask.hu\/hu\/wp-json\/wp\/v2\/pages\/3780"}],"wp:attachment":[{"href":"https:\/\/archive.iask.hu\/hu\/wp-json\/wp\/v2\/media?parent=4458"}],"curies":[{"name":"wp","href":"https:\/\/api.w.org\/{rel}","templated":true}]}}