{"id":4747,"date":"2018-01-12T09:30:54","date_gmt":"2018-01-12T09:30:54","guid":{"rendered":"https:\/\/archive.iask.hu\/?page_id=4747"},"modified":"2019-01-17T10:25:10","modified_gmt":"2019-01-17T09:25:10","slug":"cultural-heritage-sustainability","status":"publish","type":"page","link":"https:\/\/archive.iask.hu\/hu\/kraft-kozpont\/fejlesztesi-projektek-fenntarthatosaga-2\/","title":{"rendered":"Fejleszt\u00e9si projektek fenntarthat\u00f3s\u00e1ga"},"content":{"rendered":"<p>A nagy beruh\u00e1z\u00e1sok \u2013 metr\u00f3\u00e9p\u00edt\u00e9s, h\u00edd\u00e9p\u00edt\u00e9s, vas\u00fat- vagy aut\u00f3p\u00e1lya\u00e9p\u00edt\u00e9s, lak\u00f3parkok l\u00e9trehoz\u00e1sa \u2013 egyt\u0151l-egyig projektek keret\u00e9ben j\u00f6nnek l\u00e9tre. Ezek \u00faj term\u00e9keket fejlesztenek, \u00e9s azokat bevezetik a piacra, valamint \u00faj szolg\u00e1ltat\u00e1sokat is \u00e9letre h\u00edvnak.<\/p>\n<p>Az Eur\u00f3pai Uni\u00f3 felz\u00e1rk\u00f3ztat\u00e1si \u00e9s fejleszt\u00e9si programj\u00e1nak k\u00f6sz\u00f6nhet\u0151en rohamosan terjed a projektkult\u00fara. Ez jellemz\u0151 a kis- \u00e9s k\u00f6z\u00e9pv\u00e1llalkoz\u00e1sokra, de a k\u00f6zszf\u00e9r\u00e1ra is. \u00cdgy lehets\u00e9ges, hogy a k\u00f6zelm\u00faltban kialakult egyfajta projektkult\u00fara, terjednek a projektmenedzsment-ismeretek, m\u00f3dszerek \u00e9s technik\u00e1k.<\/p>\n<p>A projektek a szervezeti strat\u00e9gi\u00e1k, a projektmenedzsment pedig a strat\u00e9giai menedzsment r\u00e9sz\u00e9v\u00e9 v\u00e1ltak. A projektek kulcsszerepet j\u00e1tszanak egy v\u00e1ros, egy r\u00e9gi\u00f3 fejl\u0151d\u00e9s\u00e9ben. Sz\u00fcks\u00e9gess\u00e9 v\u00e1lt teh\u00e1t azok fenntarthat\u00f3s\u00e1gi szempont\u00fa vizsg\u00e1lata.<\/p>\n<p>Az elm\u00falt \u00e9vtizedben l\u00e9trej\u00f6ttek az \u00e9rt\u00e9kel\u00e9sre, elemz\u00e9sre alkalmas m\u00f3dszerek. Ezek els\u0151sorban azt vizsg\u00e1lj\u00e1k, hogyan \u00e9s milyen m\u00f3don felelt meg az adott projekt az abban r\u00e9sztvev\u0151k elv\u00e1r\u00e1sainak, mit tettek a k\u00f6zrem\u0171k\u00f6d\u0151k annak \u00e9rdek\u00e9ben, hogy az min\u00e9l sikeresebb lehessen.<\/p>\n<p>A hagyom\u00e1nyosabb \u00e9rtelemben vett sikerdimenzi\u00f3kon t\u00fal kiemelt jelent\u0151s\u00e9g\u0171v\u00e9 v\u00e1lt a r\u00e9gi\u00f3 fejl\u0151d\u00e9s\u00e9hez val\u00f3 hozz\u00e1j\u00e1rul\u00e1s. Tov\u00e1bb\u00e1 az is, hogy figyelembe vegy\u00e9k a fenntarthat\u00f3s\u00e1gi szempontokat, \u00e9s be\u00e9p\u00edts\u00e9k azokat a tervez\u00e9si folyamatokba.<\/p>\n<p>A projekt c\u00e9lja, hogy kifejlesszen egy elemz\u0151 \u00e9rt\u00e9kel\u0151 rendszert. Ez a strukt\u00fara t\u00f6bb tudom\u00e1nyter\u00fclet egy\u00fcttes szempontrendszer\u00e9re \u00e9p\u00edtve vizsg\u00e1lja, mik\u00e9nt n\u00f6velhet\u0151 a k\u00fcl\u00f6nb\u00f6z\u0151 projektek hozz\u00e1j\u00e1rul\u00e1sa a r\u00e9gi\u00f3 fejl\u0151d\u00e9s\u00e9hez.<\/p>\n<p>A Kraft-projekt a k\u00f6vetkez\u0151 kulcster\u00fcletekre \u00f6sszpontos\u00edt:<\/p>\n<ul>\n<li>Fenntarthat\u00f3s\u00e1g: Azt vizsg\u00e1lja, hogy a projektek milyen m\u00f3don j\u00e1rulnak hozz\u00e1 a helyi \u00e9s region\u00e1lis gazdas\u00e1gi \u00e9s t\u00e1rsadalmi fejl\u0151d\u00e9shez, valamint a k\u00f6rnyezetv\u00e9delemhez;<\/li>\n<li>Innov\u00e1ci\u00f3: Felt\u00e1rja a projektek fejleszt\u00e9si lehet\u0151s\u00e9g\u00e9t, elemzi, mi m\u00f3don j\u00e1rulnak hozz\u00e1 a projektek a r\u00e9gi\u00f3 fejl\u0151d\u00e9s\u00e9hez;<\/li>\n<li>Kreativit\u00e1s: C\u00e9lja, hogy bemutassa, milyen m\u00e9rt\u00e9kben t\u00e1mogatja a szervezeti \u00e9s t\u00e1rsadalmi kreativit\u00e1s a fenntarthat\u00f3s\u00e1got, \u00e9s az innov\u00e1ci\u00f3t.<\/li>\n<\/ul>\n<p><\/p>","protected":false},"excerpt":{"rendered":"<p>A nagy beruh\u00e1z\u00e1sok \u2013 metr\u00f3\u00e9p\u00edt\u00e9s, h\u00edd\u00e9p\u00edt\u00e9s, vas\u00fat- vagy aut\u00f3p\u00e1lya\u00e9p\u00edt\u00e9s, lak\u00f3parkok l\u00e9trehoz\u00e1sa \u2013 egyt\u0151l-egyig projektek keret\u00e9ben j\u00f6nnek l\u00e9tre. Ezek \u00faj term\u00e9keket fejlesztenek, \u00e9s azokat bevezetik a piacra, valamint \u00faj szolg\u00e1ltat\u00e1sokat is \u00e9letre h\u00edvnak. Az Eur\u00f3pai Uni\u00f3 felz\u00e1rk\u00f3ztat\u00e1si \u00e9s fejleszt\u00e9si programj\u00e1nak k\u00f6sz\u00f6nhet\u0151en rohamosan terjed a projektkult\u00fara. Ez jellemz\u0151 a kis- \u00e9s k\u00f6z\u00e9pv\u00e1llalkoz\u00e1sokra, de a k\u00f6zszf\u00e9r\u00e1ra is. \u00cdgy&hellip;<\/p>\n","protected":false},"author":209,"featured_media":0,"parent":2093,"menu_order":67,"comment_status":"closed","ping_status":"closed","template":"","meta":{"footnotes":""},"yoast_head":"<!-- This site is optimized with the Yoast SEO plugin v16.7 - https:\/\/yoast.com\/wordpress\/plugins\/seo\/ -->\n<title>Fejleszt\u00e9si projektek fenntarthat\u00f3s\u00e1ga - iASK - Fels\u0151bbfok\u00fa Tanulm\u00e1nyok Int\u00e9zete, K\u0151szeg<\/title>\n<meta name=\"robots\" content=\"index, follow, max-snippet:-1, max-image-preview:large, max-video-preview:-1\" \/>\n<link rel=\"canonical\" href=\"https:\/\/archive.iask.hu\/en\/kraft-centre\/sustainability-of-development-projects\/\" \/>\n<meta property=\"og:locale\" content=\"hu_HU\" \/>\n<meta property=\"og:type\" content=\"article\" \/>\n<meta property=\"og:title\" content=\"Fejleszt\u00e9si projektek fenntarthat\u00f3s\u00e1ga - iASK - Fels\u0151bbfok\u00fa Tanulm\u00e1nyok Int\u00e9zete, K\u0151szeg\" \/>\n<meta property=\"og:description\" content=\"A nagy beruh\u00e1z\u00e1sok \u2013 metr\u00f3\u00e9p\u00edt\u00e9s, h\u00edd\u00e9p\u00edt\u00e9s, vas\u00fat- vagy aut\u00f3p\u00e1lya\u00e9p\u00edt\u00e9s, lak\u00f3parkok l\u00e9trehoz\u00e1sa \u2013 egyt\u0151l-egyig projektek keret\u00e9ben j\u00f6nnek l\u00e9tre. Ezek \u00faj term\u00e9keket fejlesztenek, \u00e9s azokat bevezetik a piacra, valamint \u00faj szolg\u00e1ltat\u00e1sokat is \u00e9letre h\u00edvnak. Az Eur\u00f3pai Uni\u00f3 felz\u00e1rk\u00f3ztat\u00e1si \u00e9s fejleszt\u00e9si programj\u00e1nak k\u00f6sz\u00f6nhet\u0151en rohamosan terjed a projektkult\u00fara. Ez jellemz\u0151 a kis- \u00e9s k\u00f6z\u00e9pv\u00e1llalkoz\u00e1sokra, de a k\u00f6zszf\u00e9r\u00e1ra is. \u00cdgy&hellip;\" \/>\n<meta property=\"og:url\" content=\"https:\/\/archive.iask.hu\/en\/kraft-centre\/sustainability-of-development-projects\/\" \/>\n<meta property=\"og:site_name\" content=\"iASK - Fels\u0151bbfok\u00fa Tanulm\u00e1nyok Int\u00e9zete, K\u0151szeg\" \/>\n<meta property=\"article:modified_time\" content=\"2019-01-17T09:25:10+00:00\" \/>\n<meta name=\"twitter:card\" content=\"summary_large_image\" \/>\n<meta name=\"twitter:label1\" content=\"Becs\u00fclt olvas\u00e1si id\u0151\" \/>\n\t<meta name=\"twitter:data1\" content=\"4 perc\" \/>\n<script type=\"application\/ld+json\" class=\"yoast-schema-graph\">{\"@context\":\"https:\/\/schema.org\",\"@graph\":[{\"@type\":\"WebSite\",\"@id\":\"https:\/\/archive.iask.hu\/en\/#website\",\"url\":\"https:\/\/archive.iask.hu\/en\/\",\"name\":\"iASK - Fels\\u0151bbfok\\u00fa Tanulm\\u00e1nyok Int\\u00e9zete, K\\u0151szeg\",\"description\":\"Az Int\\u00e9zet c\\u00e9lja, hogy egy\\u00fcv\\u00e9 szervezze a szellemileg nyitott, b\\u00e1tor, egym\\u00e1ssal egy\\u00fcttm\\u0171k\\u00f6dni k\\u00edv\\u00e1n\\u00f3, alkot\\u00f3 \\u00e9s gondolkod\\u00f3 szakembereket \\u00e9s tud\\u00f3sokat.\",\"potentialAction\":[{\"@type\":\"SearchAction\",\"target\":{\"@type\":\"EntryPoint\",\"urlTemplate\":\"https:\/\/archive.iask.hu\/en\/?s={search_term_string}\"},\"query-input\":\"required name=search_term_string\"}],\"inLanguage\":\"hu\"},{\"@type\":\"WebPage\",\"@id\":\"https:\/\/archive.iask.hu\/en\/kraft-centre\/sustainability-of-development-projects\/#webpage\",\"url\":\"https:\/\/archive.iask.hu\/en\/kraft-centre\/sustainability-of-development-projects\/\",\"name\":\"Fejleszt\\u00e9si projektek fenntarthat\\u00f3s\\u00e1ga - iASK - Fels\\u0151bbfok\\u00fa Tanulm\\u00e1nyok Int\\u00e9zete, K\\u0151szeg\",\"isPartOf\":{\"@id\":\"https:\/\/archive.iask.hu\/en\/#website\"},\"datePublished\":\"2018-01-12T09:30:54+00:00\",\"dateModified\":\"2019-01-17T09:25:10+00:00\",\"breadcrumb\":{\"@id\":\"https:\/\/archive.iask.hu\/en\/kraft-centre\/sustainability-of-development-projects\/#breadcrumb\"},\"inLanguage\":\"hu\",\"potentialAction\":[{\"@type\":\"ReadAction\",\"target\":[\"https:\/\/archive.iask.hu\/en\/kraft-centre\/sustainability-of-development-projects\/\"]}]},{\"@type\":\"BreadcrumbList\",\"@id\":\"https:\/\/archive.iask.hu\/en\/kraft-centre\/sustainability-of-development-projects\/#breadcrumb\",\"itemListElement\":[{\"@type\":\"ListItem\",\"position\":1,\"name\":\"Home\",\"item\":\"https:\/\/archive.iask.hu\/en\/\"},{\"@type\":\"ListItem\",\"position\":2,\"name\":\"KRAFT Centre\",\"item\":\"https:\/\/archive.iask.hu\/en\/kraft-centre\/\"},{\"@type\":\"ListItem\",\"position\":3,\"name\":\"Fejleszt\\u00e9si projektek fenntarthat\\u00f3s\\u00e1ga\"}]}]}<\/script>\n<!-- \/ Yoast SEO plugin. -->","yoast_head_json":{"title":"Fejleszt\u00e9si projektek fenntarthat\u00f3s\u00e1ga - iASK - Fels\u0151bbfok\u00fa Tanulm\u00e1nyok Int\u00e9zete, K\u0151szeg","robots":{"index":"index","follow":"follow","max-snippet":"max-snippet:-1","max-image-preview":"max-image-preview:large","max-video-preview":"max-video-preview:-1"},"canonical":"https:\/\/archive.iask.hu\/en\/kraft-centre\/sustainability-of-development-projects\/","og_locale":"hu_HU","og_type":"article","og_title":"Fejleszt\u00e9si projektek fenntarthat\u00f3s\u00e1ga - iASK - Fels\u0151bbfok\u00fa Tanulm\u00e1nyok Int\u00e9zete, K\u0151szeg","og_description":"A nagy beruh\u00e1z\u00e1sok \u2013 metr\u00f3\u00e9p\u00edt\u00e9s, h\u00edd\u00e9p\u00edt\u00e9s, vas\u00fat- vagy aut\u00f3p\u00e1lya\u00e9p\u00edt\u00e9s, lak\u00f3parkok l\u00e9trehoz\u00e1sa \u2013 egyt\u0151l-egyig projektek keret\u00e9ben j\u00f6nnek l\u00e9tre. Ezek \u00faj term\u00e9keket fejlesztenek, \u00e9s azokat bevezetik a piacra, valamint \u00faj szolg\u00e1ltat\u00e1sokat is \u00e9letre h\u00edvnak. Az Eur\u00f3pai Uni\u00f3 felz\u00e1rk\u00f3ztat\u00e1si \u00e9s fejleszt\u00e9si programj\u00e1nak k\u00f6sz\u00f6nhet\u0151en rohamosan terjed a projektkult\u00fara. Ez jellemz\u0151 a kis- \u00e9s k\u00f6z\u00e9pv\u00e1llalkoz\u00e1sokra, de a k\u00f6zszf\u00e9r\u00e1ra is. \u00cdgy&hellip;","og_url":"https:\/\/archive.iask.hu\/en\/kraft-centre\/sustainability-of-development-projects\/","og_site_name":"iASK - Fels\u0151bbfok\u00fa Tanulm\u00e1nyok Int\u00e9zete, K\u0151szeg","article_modified_time":"2019-01-17T09:25:10+00:00","twitter_card":"summary_large_image","twitter_misc":{"Becs\u00fclt olvas\u00e1si id\u0151":"4 perc"},"schema":{"@context":"https:\/\/schema.org","@graph":[{"@type":"WebSite","@id":"https:\/\/archive.iask.hu\/en\/#website","url":"https:\/\/archive.iask.hu\/en\/","name":"iASK - Fels\u0151bbfok\u00fa Tanulm\u00e1nyok Int\u00e9zete, K\u0151szeg","description":"Az Int\u00e9zet c\u00e9lja, hogy egy\u00fcv\u00e9 szervezze a szellemileg nyitott, b\u00e1tor, egym\u00e1ssal egy\u00fcttm\u0171k\u00f6dni k\u00edv\u00e1n\u00f3, alkot\u00f3 \u00e9s gondolkod\u00f3 szakembereket \u00e9s tud\u00f3sokat.","potentialAction":[{"@type":"SearchAction","target":{"@type":"EntryPoint","urlTemplate":"https:\/\/archive.iask.hu\/en\/?s={search_term_string}"},"query-input":"required name=search_term_string"}],"inLanguage":"hu"},{"@type":"WebPage","@id":"https:\/\/archive.iask.hu\/en\/kraft-centre\/sustainability-of-development-projects\/#webpage","url":"https:\/\/archive.iask.hu\/en\/kraft-centre\/sustainability-of-development-projects\/","name":"Fejleszt\u00e9si projektek fenntarthat\u00f3s\u00e1ga - iASK - Fels\u0151bbfok\u00fa Tanulm\u00e1nyok Int\u00e9zete, K\u0151szeg","isPartOf":{"@id":"https:\/\/archive.iask.hu\/en\/#website"},"datePublished":"2018-01-12T09:30:54+00:00","dateModified":"2019-01-17T09:25:10+00:00","breadcrumb":{"@id":"https:\/\/archive.iask.hu\/en\/kraft-centre\/sustainability-of-development-projects\/#breadcrumb"},"inLanguage":"hu","potentialAction":[{"@type":"ReadAction","target":["https:\/\/archive.iask.hu\/en\/kraft-centre\/sustainability-of-development-projects\/"]}]},{"@type":"BreadcrumbList","@id":"https:\/\/archive.iask.hu\/en\/kraft-centre\/sustainability-of-development-projects\/#breadcrumb","itemListElement":[{"@type":"ListItem","position":1,"name":"Home","item":"https:\/\/archive.iask.hu\/en\/"},{"@type":"ListItem","position":2,"name":"KRAFT Centre","item":"https:\/\/archive.iask.hu\/en\/kraft-centre\/"},{"@type":"ListItem","position":3,"name":"Fejleszt\u00e9si projektek fenntarthat\u00f3s\u00e1ga"}]}]}},"_links":{"self":[{"href":"https:\/\/archive.iask.hu\/hu\/wp-json\/wp\/v2\/pages\/4747"}],"collection":[{"href":"https:\/\/archive.iask.hu\/hu\/wp-json\/wp\/v2\/pages"}],"about":[{"href":"https:\/\/archive.iask.hu\/hu\/wp-json\/wp\/v2\/types\/page"}],"author":[{"embeddable":true,"href":"https:\/\/archive.iask.hu\/hu\/wp-json\/wp\/v2\/users\/209"}],"replies":[{"embeddable":true,"href":"https:\/\/archive.iask.hu\/hu\/wp-json\/wp\/v2\/comments?post=4747"}],"version-history":[{"count":5,"href":"https:\/\/archive.iask.hu\/hu\/wp-json\/wp\/v2\/pages\/4747\/revisions"}],"predecessor-version":[{"id":12344,"href":"https:\/\/archive.iask.hu\/hu\/wp-json\/wp\/v2\/pages\/4747\/revisions\/12344"}],"up":[{"embeddable":true,"href":"https:\/\/archive.iask.hu\/hu\/wp-json\/wp\/v2\/pages\/2093"}],"wp:attachment":[{"href":"https:\/\/archive.iask.hu\/hu\/wp-json\/wp\/v2\/media?parent=4747"}],"curies":[{"name":"wp","href":"https:\/\/api.w.org\/{rel}","templated":true}]}}