{"id":4760,"date":"2018-01-12T10:02:42","date_gmt":"2018-01-12T10:02:42","guid":{"rendered":"https:\/\/archive.iask.hu\/?page_id=4760"},"modified":"2018-02-20T08:48:35","modified_gmt":"2018-02-20T08:48:35","slug":"talking-houses","status":"publish","type":"page","link":"https:\/\/archive.iask.hu\/hu\/hankiss-kozpont\/beszelo-hazak\/","title":{"rendered":"Besz\u00e9l\u0151 H\u00e1zak"},"content":{"rendered":"<p>[vc_row][vc_column][vc_column_text]<\/p>\n<h4><a href=\"http:\/\/talkinghouseseurope.com\/\">http:\/\/talkinghouseseurope.com\/\u00a0<\/a><\/h4>\n<p>&nbsp;<\/p>\n<h4>Kutat\u00f3k<\/h4>\n<p>[\/vc_column_text][vc_empty_space]<div class=\"teammember-single\"><div class=\"photo\"><a href=\"https:\/\/archive.iask.hu\/hu\/people\/matay-monika\/\"><img loading=\"lazy\" decoding=\"async\" width=\"150\" height=\"150\" src=\"https:\/\/archive.iask.hu\/wp-content\/uploads\/2017\/12\/96_1_20161015131729_600x600-150x150.jpg\" class=\"attachment-thumbnail size-thumbnail wp-post-image\" alt=\"\" srcset=\"https:\/\/archive.iask.hu\/wp-content\/uploads\/2017\/12\/96_1_20161015131729_600x600-150x150.jpg 150w, https:\/\/archive.iask.hu\/wp-content\/uploads\/2017\/12\/96_1_20161015131729_600x600-300x300.jpg 300w, https:\/\/archive.iask.hu\/wp-content\/uploads\/2017\/12\/96_1_20161015131729_600x600-400x400.jpg 400w, https:\/\/archive.iask.hu\/wp-content\/uploads\/2017\/12\/96_1_20161015131729_600x600-200x200.jpg 200w, https:\/\/archive.iask.hu\/wp-content\/uploads\/2017\/12\/96_1_20161015131729_600x600.jpg 600w\" sizes=\"(max-width: 150px) 100vw, 150px\" \/><\/a><\/div><div class=\"name\"><a href=\"https:\/\/archive.iask.hu\/hu\/people\/matay-monika\/\">M\u00e1tay M\u00f3nika<\/a><\/div><\/div><div class=\"teammember-single\"><div class=\"photo\"><a href=\"https:\/\/archive.iask.hu\/hu\/people\/bokanyi-peter\/\"><img loading=\"lazy\" decoding=\"async\" width=\"150\" height=\"150\" src=\"https:\/\/archive.iask.hu\/wp-content\/uploads\/2017\/12\/96_1_20160302184950_600x600-150x150.jpg\" class=\"attachment-thumbnail size-thumbnail wp-post-image\" alt=\"\" srcset=\"https:\/\/archive.iask.hu\/wp-content\/uploads\/2017\/12\/96_1_20160302184950_600x600-150x150.jpg 150w, https:\/\/archive.iask.hu\/wp-content\/uploads\/2017\/12\/96_1_20160302184950_600x600-300x300.jpg 300w, https:\/\/archive.iask.hu\/wp-content\/uploads\/2017\/12\/96_1_20160302184950_600x600-400x400.jpg 400w, https:\/\/archive.iask.hu\/wp-content\/uploads\/2017\/12\/96_1_20160302184950_600x600-200x200.jpg 200w, https:\/\/archive.iask.hu\/wp-content\/uploads\/2017\/12\/96_1_20160302184950_600x600.jpg 600w\" sizes=\"(max-width: 150px) 100vw, 150px\" \/><\/a><\/div><div class=\"name\"><a href=\"https:\/\/archive.iask.hu\/hu\/people\/bokanyi-peter\/\">Bok\u00e1nyi P\u00e9ter<\/a><\/div><\/div><div class=\"teammember-single\"><div class=\"photo\"><a href=\"https:\/\/archive.iask.hu\/hu\/people\/mizsei-zoltan\/\"><img loading=\"lazy\" decoding=\"async\" width=\"150\" height=\"150\" src=\"https:\/\/archive.iask.hu\/wp-content\/uploads\/2017\/12\/mizsei_zoltan-e1518385773684-150x150.png\" class=\"attachment-thumbnail size-thumbnail wp-post-image\" alt=\"\" srcset=\"https:\/\/archive.iask.hu\/wp-content\/uploads\/2017\/12\/mizsei_zoltan-e1518385773684-150x150.png 150w, https:\/\/archive.iask.hu\/wp-content\/uploads\/2017\/12\/mizsei_zoltan-e1518385773684-300x300.png 300w, https:\/\/archive.iask.hu\/wp-content\/uploads\/2017\/12\/mizsei_zoltan-e1518385773684-700x700.png 700w, https:\/\/archive.iask.hu\/wp-content\/uploads\/2017\/12\/mizsei_zoltan-e1518385773684-400x400.png 400w, https:\/\/archive.iask.hu\/wp-content\/uploads\/2017\/12\/mizsei_zoltan-e1518385773684-200x200.png 200w, https:\/\/archive.iask.hu\/wp-content\/uploads\/2017\/12\/mizsei_zoltan-e1518385773684.png 716w\" sizes=\"(max-width: 150px) 100vw, 150px\" \/><\/a><\/div><div class=\"name\"><a href=\"https:\/\/archive.iask.hu\/hu\/people\/mizsei-zoltan\/\">Mizsei Zolt\u00e1n<\/a><\/div><\/div><div class=\"teammember-single\"><div class=\"photo\"><a href=\"https:\/\/archive.iask.hu\/hu\/people\/scheer-uwe\/\"><img loading=\"lazy\" decoding=\"async\" width=\"150\" height=\"150\" src=\"https:\/\/archive.iask.hu\/wp-content\/uploads\/2018\/01\/uwe_scheer-e1518385942596-150x150.jpeg\" class=\"attachment-thumbnail size-thumbnail wp-post-image\" alt=\"\" srcset=\"https:\/\/archive.iask.hu\/wp-content\/uploads\/2018\/01\/uwe_scheer-e1518385942596-150x150.jpeg 150w, https:\/\/archive.iask.hu\/wp-content\/uploads\/2018\/01\/uwe_scheer-e1518385942596-300x298.jpeg 300w, https:\/\/archive.iask.hu\/wp-content\/uploads\/2018\/01\/uwe_scheer-e1518385942596-768x763.jpeg 768w, https:\/\/archive.iask.hu\/wp-content\/uploads\/2018\/01\/uwe_scheer-e1518385942596-700x700.jpeg 700w, https:\/\/archive.iask.hu\/wp-content\/uploads\/2018\/01\/uwe_scheer-e1518385942596-400x400.jpeg 400w, https:\/\/archive.iask.hu\/wp-content\/uploads\/2018\/01\/uwe_scheer-e1518385942596-200x200.jpeg 200w, https:\/\/archive.iask.hu\/wp-content\/uploads\/2018\/01\/uwe_scheer-e1518385942596.jpeg 830w\" sizes=\"(max-width: 150px) 100vw, 150px\" \/><\/a><\/div><div class=\"name\"><a href=\"https:\/\/archive.iask.hu\/hu\/people\/scheer-uwe\/\">Scheer Uwe<\/a><\/div><\/div><div class=\"teammember-single\"><div class=\"photo\"><a href=\"https:\/\/archive.iask.hu\/hu\/people\/soptei-imre\/\"><img loading=\"lazy\" decoding=\"async\" width=\"150\" height=\"150\" src=\"https:\/\/archive.iask.hu\/wp-content\/uploads\/2018\/01\/soptei_imre-e1518423667262-150x150.jpg\" class=\"attachment-thumbnail size-thumbnail wp-post-image\" alt=\"\" srcset=\"https:\/\/archive.iask.hu\/wp-content\/uploads\/2018\/01\/soptei_imre-e1518423667262-150x150.jpg 150w, https:\/\/archive.iask.hu\/wp-content\/uploads\/2018\/01\/soptei_imre-e1518423667262-300x300.jpg 300w, https:\/\/archive.iask.hu\/wp-content\/uploads\/2018\/01\/soptei_imre-e1518423667262-400x400.jpg 400w, https:\/\/archive.iask.hu\/wp-content\/uploads\/2018\/01\/soptei_imre-e1518423667262-200x200.jpg 200w, https:\/\/archive.iask.hu\/wp-content\/uploads\/2018\/01\/soptei_imre-e1518423667262.jpg 553w\" sizes=\"(max-width: 150px) 100vw, 150px\" \/><\/a><\/div><div class=\"name\"><a href=\"https:\/\/archive.iask.hu\/hu\/people\/soptei-imre\/\">S\u00f6ptei Imre<\/a><\/div><\/div><div class=\"teammember-single\"><div class=\"photo\"><a href=\"https:\/\/archive.iask.hu\/hu\/people\/tradler-henrietta\/\"><img loading=\"lazy\" decoding=\"async\" width=\"150\" height=\"150\" src=\"https:\/\/archive.iask.hu\/wp-content\/uploads\/2018\/01\/ceu-kep-e1518162982729-150x150.jpg\" class=\"attachment-thumbnail size-thumbnail wp-post-image\" alt=\"\" srcset=\"https:\/\/archive.iask.hu\/wp-content\/uploads\/2018\/01\/ceu-kep-e1518162982729-150x150.jpg 150w, https:\/\/archive.iask.hu\/wp-content\/uploads\/2018\/01\/ceu-kep-e1518162982729-300x300.jpg 300w, https:\/\/archive.iask.hu\/wp-content\/uploads\/2018\/01\/ceu-kep-e1518162982729-200x200.jpg 200w, https:\/\/archive.iask.hu\/wp-content\/uploads\/2018\/01\/ceu-kep-e1518162982729.jpg 329w\" sizes=\"(max-width: 150px) 100vw, 150px\" \/><\/a><\/div><div class=\"name\"><a href=\"https:\/\/archive.iask.hu\/hu\/people\/tradler-henrietta\/\">Tr\u00e1dler Henrietta<\/a><\/div><\/div>[\/vc_column][\/vc_row]<\/p>","protected":false},"excerpt":{"rendered":"<p>[vc_row][vc_column][vc_column_text] http:\/\/talkinghouseseurope.com\/\u00a0 &nbsp; Kutat\u00f3k [\/vc_column_text][vc_empty_space][\/vc_column][\/vc_row]<\/p>\n","protected":false},"author":209,"featured_media":0,"parent":3794,"menu_order":56,"comment_status":"closed","ping_status":"closed","template":"","meta":{"footnotes":""},"yoast_head":"<!-- This site is optimized with the Yoast SEO plugin v16.7 - https:\/\/yoast.com\/wordpress\/plugins\/seo\/ -->\n<title>Besz\u00e9l\u0151 H\u00e1zak - iASK - Fels\u0151bbfok\u00fa Tanulm\u00e1nyok Int\u00e9zete, K\u0151szeg<\/title>\n<meta name=\"robots\" content=\"index, follow, max-snippet:-1, max-image-preview:large, max-video-preview:-1\" \/>\n<link rel=\"canonical\" href=\"https:\/\/archive.iask.hu\/hu\/hankiss-kozpont\/beszelo-hazak\/\" \/>\n<meta property=\"og:locale\" content=\"hu_HU\" \/>\n<meta property=\"og:type\" content=\"article\" \/>\n<meta property=\"og:title\" content=\"Besz\u00e9l\u0151 H\u00e1zak - iASK - Fels\u0151bbfok\u00fa Tanulm\u00e1nyok Int\u00e9zete, K\u0151szeg\" \/>\n<meta property=\"og:description\" content=\"[vc_row][vc_column][vc_column_text] http:\/\/talkinghouseseurope.com\/\u00a0 &nbsp; Kutat\u00f3k [\/vc_column_text][vc_empty_space][\/vc_column][\/vc_row]\" \/>\n<meta property=\"og:url\" content=\"https:\/\/archive.iask.hu\/hu\/hankiss-kozpont\/beszelo-hazak\/\" \/>\n<meta property=\"og:site_name\" content=\"iASK - Fels\u0151bbfok\u00fa Tanulm\u00e1nyok Int\u00e9zete, K\u0151szeg\" \/>\n<meta property=\"article:modified_time\" content=\"2018-02-20T08:48:35+00:00\" \/>\n<meta name=\"twitter:card\" content=\"summary_large_image\" \/>\n<script type=\"application\/ld+json\" class=\"yoast-schema-graph\">{\"@context\":\"https:\/\/schema.org\",\"@graph\":[{\"@type\":\"WebSite\",\"@id\":\"https:\/\/archive.iask.hu\/en\/#website\",\"url\":\"https:\/\/archive.iask.hu\/en\/\",\"name\":\"iASK - Fels\\u0151bbfok\\u00fa Tanulm\\u00e1nyok Int\\u00e9zete, K\\u0151szeg\",\"description\":\"Az Int\\u00e9zet c\\u00e9lja, hogy egy\\u00fcv\\u00e9 szervezze a szellemileg nyitott, b\\u00e1tor, egym\\u00e1ssal egy\\u00fcttm\\u0171k\\u00f6dni k\\u00edv\\u00e1n\\u00f3, alkot\\u00f3 \\u00e9s gondolkod\\u00f3 szakembereket \\u00e9s tud\\u00f3sokat.\",\"potentialAction\":[{\"@type\":\"SearchAction\",\"target\":{\"@type\":\"EntryPoint\",\"urlTemplate\":\"https:\/\/archive.iask.hu\/en\/?s={search_term_string}\"},\"query-input\":\"required name=search_term_string\"}],\"inLanguage\":\"hu\"},{\"@type\":\"WebPage\",\"@id\":\"https:\/\/archive.iask.hu\/hu\/hankiss-kozpont\/beszelo-hazak\/#webpage\",\"url\":\"https:\/\/archive.iask.hu\/hu\/hankiss-kozpont\/beszelo-hazak\/\",\"name\":\"Besz\\u00e9l\\u0151 H\\u00e1zak - iASK - Fels\\u0151bbfok\\u00fa Tanulm\\u00e1nyok Int\\u00e9zete, K\\u0151szeg\",\"isPartOf\":{\"@id\":\"https:\/\/archive.iask.hu\/en\/#website\"},\"datePublished\":\"2018-01-12T10:02:42+00:00\",\"dateModified\":\"2018-02-20T08:48:35+00:00\",\"breadcrumb\":{\"@id\":\"https:\/\/archive.iask.hu\/hu\/hankiss-kozpont\/beszelo-hazak\/#breadcrumb\"},\"inLanguage\":\"hu\",\"potentialAction\":[{\"@type\":\"ReadAction\",\"target\":[\"https:\/\/archive.iask.hu\/hu\/hankiss-kozpont\/beszelo-hazak\/\"]}]},{\"@type\":\"BreadcrumbList\",\"@id\":\"https:\/\/archive.iask.hu\/hu\/hankiss-kozpont\/beszelo-hazak\/#breadcrumb\",\"itemListElement\":[{\"@type\":\"ListItem\",\"position\":1,\"name\":\"Home\",\"item\":\"https:\/\/archive.iask.hu\/en\/\"},{\"@type\":\"ListItem\",\"position\":2,\"name\":\"Hankiss Centre\",\"item\":\"https:\/\/archive.iask.hu\/hu\/hankiss-kozpont\/\"},{\"@type\":\"ListItem\",\"position\":3,\"name\":\"Besz\\u00e9l\\u0151 H\\u00e1zak\"}]}]}<\/script>\n<!-- \/ Yoast SEO plugin. -->","yoast_head_json":{"title":"Besz\u00e9l\u0151 H\u00e1zak - iASK - Fels\u0151bbfok\u00fa Tanulm\u00e1nyok Int\u00e9zete, K\u0151szeg","robots":{"index":"index","follow":"follow","max-snippet":"max-snippet:-1","max-image-preview":"max-image-preview:large","max-video-preview":"max-video-preview:-1"},"canonical":"https:\/\/archive.iask.hu\/hu\/hankiss-kozpont\/beszelo-hazak\/","og_locale":"hu_HU","og_type":"article","og_title":"Besz\u00e9l\u0151 H\u00e1zak - iASK - Fels\u0151bbfok\u00fa Tanulm\u00e1nyok Int\u00e9zete, K\u0151szeg","og_description":"[vc_row][vc_column][vc_column_text] http:\/\/talkinghouseseurope.com\/\u00a0 &nbsp; Kutat\u00f3k [\/vc_column_text][vc_empty_space][\/vc_column][\/vc_row]","og_url":"https:\/\/archive.iask.hu\/hu\/hankiss-kozpont\/beszelo-hazak\/","og_site_name":"iASK - Fels\u0151bbfok\u00fa Tanulm\u00e1nyok Int\u00e9zete, K\u0151szeg","article_modified_time":"2018-02-20T08:48:35+00:00","twitter_card":"summary_large_image","schema":{"@context":"https:\/\/schema.org","@graph":[{"@type":"WebSite","@id":"https:\/\/archive.iask.hu\/en\/#website","url":"https:\/\/archive.iask.hu\/en\/","name":"iASK - Fels\u0151bbfok\u00fa Tanulm\u00e1nyok Int\u00e9zete, K\u0151szeg","description":"Az Int\u00e9zet c\u00e9lja, hogy egy\u00fcv\u00e9 szervezze a szellemileg nyitott, b\u00e1tor, egym\u00e1ssal egy\u00fcttm\u0171k\u00f6dni k\u00edv\u00e1n\u00f3, alkot\u00f3 \u00e9s gondolkod\u00f3 szakembereket \u00e9s tud\u00f3sokat.","potentialAction":[{"@type":"SearchAction","target":{"@type":"EntryPoint","urlTemplate":"https:\/\/archive.iask.hu\/en\/?s={search_term_string}"},"query-input":"required name=search_term_string"}],"inLanguage":"hu"},{"@type":"WebPage","@id":"https:\/\/archive.iask.hu\/hu\/hankiss-kozpont\/beszelo-hazak\/#webpage","url":"https:\/\/archive.iask.hu\/hu\/hankiss-kozpont\/beszelo-hazak\/","name":"Besz\u00e9l\u0151 H\u00e1zak - iASK - Fels\u0151bbfok\u00fa Tanulm\u00e1nyok Int\u00e9zete, K\u0151szeg","isPartOf":{"@id":"https:\/\/archive.iask.hu\/en\/#website"},"datePublished":"2018-01-12T10:02:42+00:00","dateModified":"2018-02-20T08:48:35+00:00","breadcrumb":{"@id":"https:\/\/archive.iask.hu\/hu\/hankiss-kozpont\/beszelo-hazak\/#breadcrumb"},"inLanguage":"hu","potentialAction":[{"@type":"ReadAction","target":["https:\/\/archive.iask.hu\/hu\/hankiss-kozpont\/beszelo-hazak\/"]}]},{"@type":"BreadcrumbList","@id":"https:\/\/archive.iask.hu\/hu\/hankiss-kozpont\/beszelo-hazak\/#breadcrumb","itemListElement":[{"@type":"ListItem","position":1,"name":"Home","item":"https:\/\/archive.iask.hu\/en\/"},{"@type":"ListItem","position":2,"name":"Hankiss Centre","item":"https:\/\/archive.iask.hu\/hu\/hankiss-kozpont\/"},{"@type":"ListItem","position":3,"name":"Besz\u00e9l\u0151 H\u00e1zak"}]}]}},"_links":{"self":[{"href":"https:\/\/archive.iask.hu\/hu\/wp-json\/wp\/v2\/pages\/4760"}],"collection":[{"href":"https:\/\/archive.iask.hu\/hu\/wp-json\/wp\/v2\/pages"}],"about":[{"href":"https:\/\/archive.iask.hu\/hu\/wp-json\/wp\/v2\/types\/page"}],"author":[{"embeddable":true,"href":"https:\/\/archive.iask.hu\/hu\/wp-json\/wp\/v2\/users\/209"}],"replies":[{"embeddable":true,"href":"https:\/\/archive.iask.hu\/hu\/wp-json\/wp\/v2\/comments?post=4760"}],"version-history":[{"count":5,"href":"https:\/\/archive.iask.hu\/hu\/wp-json\/wp\/v2\/pages\/4760\/revisions"}],"predecessor-version":[{"id":7938,"href":"https:\/\/archive.iask.hu\/hu\/wp-json\/wp\/v2\/pages\/4760\/revisions\/7938"}],"up":[{"embeddable":true,"href":"https:\/\/archive.iask.hu\/hu\/wp-json\/wp\/v2\/pages\/3794"}],"wp:attachment":[{"href":"https:\/\/archive.iask.hu\/hu\/wp-json\/wp\/v2\/media?parent=4760"}],"curies":[{"name":"wp","href":"https:\/\/api.w.org\/{rel}","templated":true}]}}