{"id":4761,"date":"2018-01-12T10:02:57","date_gmt":"2018-01-12T10:02:57","guid":{"rendered":"https:\/\/archive.iask.hu\/?page_id=4761"},"modified":"2018-02-20T11:36:57","modified_gmt":"2018-02-20T11:36:57","slug":"remembering-forgetting-central-european-literature","status":"publish","type":"page","link":"https:\/\/archive.iask.hu\/hu\/hankiss-kozpont\/emlekezetpolitika\/","title":{"rendered":"Eml\u00e9kezetpolitika"},"content":{"rendered":"<p>[vc_row][vc_column][vc_column_text]Eur\u00f3pai, nemzeti, region\u00e1lis \u00e9s lok\u00e1lis szint\u0171 esettanulm\u00e1nyaink arra figyelmeztetnek, hogy ellent\u00e9tben Maurice Halbwach klasszikus t\u00e9zis\u00e9vel, a t\u00f6rt\u00e9neti \u00f6r\u00f6ks\u00e9g \u00e9s hagyom\u00e1ny gyakran a jelenben cselekv\u0151k akarata ellen\u00e9re is form\u00e1lhatja a jelent. A m\u00falt tudatosan szelekt\u00edv haszn\u00e1lata el\u0151bb vagy ut\u00f3bb nem er\u0151s\u00edti, hanem gyeng\u00edti a kisebb vagy nagyobb t\u00e1rsadalmi csoportok \u00f6sszetart\u00f3 erej\u00e9t. Eml\u00e9kezetpolitikai kutat\u00e1saink igen tudatosan a jelenre \u00e9s a j\u00f6v\u0151re vonatkoz\u00f3 k\u00e9rd\u00e9seket pr\u00f3b\u00e1lnak megv\u00e1laszolni.[\/vc_column_text][vc_column_text]<\/p>\n<p>[vc_empty_space]<\/p>\n<h4>Kutat\u00f3<\/h4>\n<p>[\/vc_column_text][vc_empty_space]<div class=\"teammember-single\"><div class=\"photo\"><a href=\"https:\/\/archive.iask.hu\/hu\/people\/pok-attila\/\"><img loading=\"lazy\" decoding=\"async\" width=\"150\" height=\"150\" src=\"https:\/\/archive.iask.hu\/wp-content\/uploads\/2015\/03\/Pok-attila-150x150.jpg\" class=\"attachment-thumbnail size-thumbnail wp-post-image\" alt=\"\" srcset=\"https:\/\/archive.iask.hu\/wp-content\/uploads\/2015\/03\/Pok-attila-150x150.jpg 150w, https:\/\/archive.iask.hu\/wp-content\/uploads\/2015\/03\/Pok-attila-200x200.jpg 200w\" sizes=\"(max-width: 150px) 100vw, 150px\" \/><\/a><\/div><div class=\"name\"><a href=\"https:\/\/archive.iask.hu\/hu\/people\/pok-attila\/\">P\u00f3k Attila<\/a><\/div><\/div>[\/vc_column][\/vc_row][vc_row][vc_column][\/vc_column][\/vc_row]<\/p>","protected":false},"excerpt":{"rendered":"<p>[vc_row][vc_column][vc_column_text]Eur\u00f3pai, nemzeti, region\u00e1lis \u00e9s lok\u00e1lis szint\u0171 esettanulm\u00e1nyaink arra figyelmeztetnek, hogy ellent\u00e9tben Maurice Halbwach klasszikus t\u00e9zis\u00e9vel, a t\u00f6rt\u00e9neti \u00f6r\u00f6ks\u00e9g \u00e9s hagyom\u00e1ny gyakran a jelenben cselekv\u0151k akarata ellen\u00e9re is form\u00e1lhatja a jelent. A m\u00falt tudatosan szelekt\u00edv haszn\u00e1lata el\u0151bb vagy ut\u00f3bb nem er\u0151s\u00edti, hanem gyeng\u00edti a kisebb vagy nagyobb t\u00e1rsadalmi csoportok \u00f6sszetart\u00f3 erej\u00e9t. Eml\u00e9kezetpolitikai kutat\u00e1saink igen tudatosan a&hellip;<\/p>\n","protected":false},"author":209,"featured_media":0,"parent":3794,"menu_order":62,"comment_status":"closed","ping_status":"closed","template":"","meta":{"footnotes":""},"yoast_head":"<!-- This site is optimized with the Yoast SEO plugin v16.7 - https:\/\/yoast.com\/wordpress\/plugins\/seo\/ -->\n<title>Eml\u00e9kezetpolitika - iASK - Fels\u0151bbfok\u00fa Tanulm\u00e1nyok Int\u00e9zete, K\u0151szeg<\/title>\n<meta name=\"robots\" content=\"index, follow, max-snippet:-1, max-image-preview:large, max-video-preview:-1\" \/>\n<link rel=\"canonical\" href=\"https:\/\/archive.iask.hu\/hu\/hankiss-kozpont\/emlekezetpolitika\/\" \/>\n<meta property=\"og:locale\" content=\"hu_HU\" \/>\n<meta property=\"og:type\" content=\"article\" \/>\n<meta property=\"og:title\" content=\"Eml\u00e9kezetpolitika - iASK - Fels\u0151bbfok\u00fa Tanulm\u00e1nyok Int\u00e9zete, K\u0151szeg\" \/>\n<meta property=\"og:description\" content=\"[vc_row][vc_column][vc_column_text]Eur\u00f3pai, nemzeti, region\u00e1lis \u00e9s lok\u00e1lis szint\u0171 esettanulm\u00e1nyaink arra figyelmeztetnek, hogy ellent\u00e9tben Maurice Halbwach klasszikus t\u00e9zis\u00e9vel, a t\u00f6rt\u00e9neti \u00f6r\u00f6ks\u00e9g \u00e9s hagyom\u00e1ny gyakran a jelenben cselekv\u0151k akarata ellen\u00e9re is form\u00e1lhatja a jelent. A m\u00falt tudatosan szelekt\u00edv haszn\u00e1lata el\u0151bb vagy ut\u00f3bb nem er\u0151s\u00edti, hanem gyeng\u00edti a kisebb vagy nagyobb t\u00e1rsadalmi csoportok \u00f6sszetart\u00f3 erej\u00e9t. Eml\u00e9kezetpolitikai kutat\u00e1saink igen tudatosan a&hellip;\" \/>\n<meta property=\"og:url\" content=\"https:\/\/archive.iask.hu\/hu\/hankiss-kozpont\/emlekezetpolitika\/\" \/>\n<meta property=\"og:site_name\" content=\"iASK - Fels\u0151bbfok\u00fa Tanulm\u00e1nyok Int\u00e9zete, K\u0151szeg\" \/>\n<meta property=\"article:modified_time\" content=\"2018-02-20T11:36:57+00:00\" \/>\n<meta name=\"twitter:card\" content=\"summary_large_image\" \/>\n<meta name=\"twitter:label1\" content=\"Becs\u00fclt olvas\u00e1si id\u0151\" \/>\n\t<meta name=\"twitter:data1\" content=\"1 perc\" \/>\n<script type=\"application\/ld+json\" class=\"yoast-schema-graph\">{\"@context\":\"https:\/\/schema.org\",\"@graph\":[{\"@type\":\"WebSite\",\"@id\":\"https:\/\/archive.iask.hu\/en\/#website\",\"url\":\"https:\/\/archive.iask.hu\/en\/\",\"name\":\"iASK - Fels\\u0151bbfok\\u00fa Tanulm\\u00e1nyok Int\\u00e9zete, K\\u0151szeg\",\"description\":\"Az Int\\u00e9zet c\\u00e9lja, hogy egy\\u00fcv\\u00e9 szervezze a szellemileg nyitott, b\\u00e1tor, egym\\u00e1ssal egy\\u00fcttm\\u0171k\\u00f6dni k\\u00edv\\u00e1n\\u00f3, alkot\\u00f3 \\u00e9s gondolkod\\u00f3 szakembereket \\u00e9s tud\\u00f3sokat.\",\"potentialAction\":[{\"@type\":\"SearchAction\",\"target\":{\"@type\":\"EntryPoint\",\"urlTemplate\":\"https:\/\/archive.iask.hu\/en\/?s={search_term_string}\"},\"query-input\":\"required name=search_term_string\"}],\"inLanguage\":\"hu\"},{\"@type\":\"WebPage\",\"@id\":\"https:\/\/archive.iask.hu\/hu\/hankiss-kozpont\/emlekezetpolitika\/#webpage\",\"url\":\"https:\/\/archive.iask.hu\/hu\/hankiss-kozpont\/emlekezetpolitika\/\",\"name\":\"Eml\\u00e9kezetpolitika - iASK - Fels\\u0151bbfok\\u00fa Tanulm\\u00e1nyok Int\\u00e9zete, K\\u0151szeg\",\"isPartOf\":{\"@id\":\"https:\/\/archive.iask.hu\/en\/#website\"},\"datePublished\":\"2018-01-12T10:02:57+00:00\",\"dateModified\":\"2018-02-20T11:36:57+00:00\",\"breadcrumb\":{\"@id\":\"https:\/\/archive.iask.hu\/hu\/hankiss-kozpont\/emlekezetpolitika\/#breadcrumb\"},\"inLanguage\":\"hu\",\"potentialAction\":[{\"@type\":\"ReadAction\",\"target\":[\"https:\/\/archive.iask.hu\/hu\/hankiss-kozpont\/emlekezetpolitika\/\"]}]},{\"@type\":\"BreadcrumbList\",\"@id\":\"https:\/\/archive.iask.hu\/hu\/hankiss-kozpont\/emlekezetpolitika\/#breadcrumb\",\"itemListElement\":[{\"@type\":\"ListItem\",\"position\":1,\"name\":\"Home\",\"item\":\"https:\/\/archive.iask.hu\/en\/\"},{\"@type\":\"ListItem\",\"position\":2,\"name\":\"Hankiss Centre\",\"item\":\"https:\/\/archive.iask.hu\/hu\/hankiss-kozpont\/\"},{\"@type\":\"ListItem\",\"position\":3,\"name\":\"Politics of Memory\"}]}]}<\/script>\n<!-- \/ Yoast SEO plugin. -->","yoast_head_json":{"title":"Eml\u00e9kezetpolitika - iASK - Fels\u0151bbfok\u00fa Tanulm\u00e1nyok Int\u00e9zete, K\u0151szeg","robots":{"index":"index","follow":"follow","max-snippet":"max-snippet:-1","max-image-preview":"max-image-preview:large","max-video-preview":"max-video-preview:-1"},"canonical":"https:\/\/archive.iask.hu\/hu\/hankiss-kozpont\/emlekezetpolitika\/","og_locale":"hu_HU","og_type":"article","og_title":"Eml\u00e9kezetpolitika - iASK - Fels\u0151bbfok\u00fa Tanulm\u00e1nyok Int\u00e9zete, K\u0151szeg","og_description":"[vc_row][vc_column][vc_column_text]Eur\u00f3pai, nemzeti, region\u00e1lis \u00e9s lok\u00e1lis szint\u0171 esettanulm\u00e1nyaink arra figyelmeztetnek, hogy ellent\u00e9tben Maurice Halbwach klasszikus t\u00e9zis\u00e9vel, a t\u00f6rt\u00e9neti \u00f6r\u00f6ks\u00e9g \u00e9s hagyom\u00e1ny gyakran a jelenben cselekv\u0151k akarata ellen\u00e9re is form\u00e1lhatja a jelent. A m\u00falt tudatosan szelekt\u00edv haszn\u00e1lata el\u0151bb vagy ut\u00f3bb nem er\u0151s\u00edti, hanem gyeng\u00edti a kisebb vagy nagyobb t\u00e1rsadalmi csoportok \u00f6sszetart\u00f3 erej\u00e9t. Eml\u00e9kezetpolitikai kutat\u00e1saink igen tudatosan a&hellip;","og_url":"https:\/\/archive.iask.hu\/hu\/hankiss-kozpont\/emlekezetpolitika\/","og_site_name":"iASK - Fels\u0151bbfok\u00fa Tanulm\u00e1nyok Int\u00e9zete, K\u0151szeg","article_modified_time":"2018-02-20T11:36:57+00:00","twitter_card":"summary_large_image","twitter_misc":{"Becs\u00fclt olvas\u00e1si id\u0151":"1 perc"},"schema":{"@context":"https:\/\/schema.org","@graph":[{"@type":"WebSite","@id":"https:\/\/archive.iask.hu\/en\/#website","url":"https:\/\/archive.iask.hu\/en\/","name":"iASK - Fels\u0151bbfok\u00fa Tanulm\u00e1nyok Int\u00e9zete, K\u0151szeg","description":"Az Int\u00e9zet c\u00e9lja, hogy egy\u00fcv\u00e9 szervezze a szellemileg nyitott, b\u00e1tor, egym\u00e1ssal egy\u00fcttm\u0171k\u00f6dni k\u00edv\u00e1n\u00f3, alkot\u00f3 \u00e9s gondolkod\u00f3 szakembereket \u00e9s tud\u00f3sokat.","potentialAction":[{"@type":"SearchAction","target":{"@type":"EntryPoint","urlTemplate":"https:\/\/archive.iask.hu\/en\/?s={search_term_string}"},"query-input":"required name=search_term_string"}],"inLanguage":"hu"},{"@type":"WebPage","@id":"https:\/\/archive.iask.hu\/hu\/hankiss-kozpont\/emlekezetpolitika\/#webpage","url":"https:\/\/archive.iask.hu\/hu\/hankiss-kozpont\/emlekezetpolitika\/","name":"Eml\u00e9kezetpolitika - iASK - Fels\u0151bbfok\u00fa Tanulm\u00e1nyok Int\u00e9zete, K\u0151szeg","isPartOf":{"@id":"https:\/\/archive.iask.hu\/en\/#website"},"datePublished":"2018-01-12T10:02:57+00:00","dateModified":"2018-02-20T11:36:57+00:00","breadcrumb":{"@id":"https:\/\/archive.iask.hu\/hu\/hankiss-kozpont\/emlekezetpolitika\/#breadcrumb"},"inLanguage":"hu","potentialAction":[{"@type":"ReadAction","target":["https:\/\/archive.iask.hu\/hu\/hankiss-kozpont\/emlekezetpolitika\/"]}]},{"@type":"BreadcrumbList","@id":"https:\/\/archive.iask.hu\/hu\/hankiss-kozpont\/emlekezetpolitika\/#breadcrumb","itemListElement":[{"@type":"ListItem","position":1,"name":"Home","item":"https:\/\/archive.iask.hu\/en\/"},{"@type":"ListItem","position":2,"name":"Hankiss Centre","item":"https:\/\/archive.iask.hu\/hu\/hankiss-kozpont\/"},{"@type":"ListItem","position":3,"name":"Politics of Memory"}]}]}},"_links":{"self":[{"href":"https:\/\/archive.iask.hu\/hu\/wp-json\/wp\/v2\/pages\/4761"}],"collection":[{"href":"https:\/\/archive.iask.hu\/hu\/wp-json\/wp\/v2\/pages"}],"about":[{"href":"https:\/\/archive.iask.hu\/hu\/wp-json\/wp\/v2\/types\/page"}],"author":[{"embeddable":true,"href":"https:\/\/archive.iask.hu\/hu\/wp-json\/wp\/v2\/users\/209"}],"replies":[{"embeddable":true,"href":"https:\/\/archive.iask.hu\/hu\/wp-json\/wp\/v2\/comments?post=4761"}],"version-history":[{"count":7,"href":"https:\/\/archive.iask.hu\/hu\/wp-json\/wp\/v2\/pages\/4761\/revisions"}],"predecessor-version":[{"id":7971,"href":"https:\/\/archive.iask.hu\/hu\/wp-json\/wp\/v2\/pages\/4761\/revisions\/7971"}],"up":[{"embeddable":true,"href":"https:\/\/archive.iask.hu\/hu\/wp-json\/wp\/v2\/pages\/3794"}],"wp:attachment":[{"href":"https:\/\/archive.iask.hu\/hu\/wp-json\/wp\/v2\/media?parent=4761"}],"curies":[{"name":"wp","href":"https:\/\/api.w.org\/{rel}","templated":true}]}}