{"id":4767,"date":"2018-01-12T10:24:13","date_gmt":"2018-01-12T10:24:13","guid":{"rendered":"https:\/\/archive.iask.hu\/?page_id=4767"},"modified":"2018-04-23T09:08:46","modified_gmt":"2018-04-23T09:08:46","slug":"paradigmavaltas","status":"publish","type":"page","link":"https:\/\/archive.iask.hu\/hu\/polanyi-kozpont-2\/paradigmavaltas\/","title":{"rendered":"Paradigmav\u00e1lt\u00e1s"},"content":{"rendered":"<p class=\"qtranxs-available-languages-message qtranxs-available-languages-message-hu\">Ennek a bejegyz\u00e9snek csak <a href=\"https:\/\/archive.iask.hu\/en\/wp-json\/wp\/v2\/pages\/4767\" class=\"qtranxs-available-language-link qtranxs-available-language-link-en\" title=\"English\">Amerikai Angol<\/a> nyelv\u0171 v\u00e1ltozata van.<\/p>","protected":false},"excerpt":{"rendered":"<p>Ennek a bejegyz\u00e9snek csak Amerikai Angol nyelv\u0171 v\u00e1ltozata van.<\/p>\n","protected":false},"author":209,"featured_media":0,"parent":3769,"menu_order":51,"comment_status":"closed","ping_status":"closed","template":"","meta":{"footnotes":""},"yoast_head":"<!-- This site is optimized with the Yoast SEO plugin v16.7 - https:\/\/yoast.com\/wordpress\/plugins\/seo\/ -->\n<title>Paradigmav\u00e1lt\u00e1s - iASK - Fels\u0151bbfok\u00fa Tanulm\u00e1nyok Int\u00e9zete, K\u0151szeg<\/title>\n<meta name=\"robots\" content=\"index, follow, max-snippet:-1, max-image-preview:large, max-video-preview:-1\" \/>\n<link rel=\"canonical\" href=\"https:\/\/archive.iask.hu\/hu\/polanyi-kozpont-2\/paradigmavaltas\/\" \/>\n<meta property=\"og:locale\" content=\"hu_HU\" \/>\n<meta property=\"og:type\" content=\"article\" \/>\n<meta property=\"og:title\" content=\"Paradigmav\u00e1lt\u00e1s - iASK - Fels\u0151bbfok\u00fa Tanulm\u00e1nyok Int\u00e9zete, K\u0151szeg\" \/>\n<meta property=\"og:description\" content=\"Ennek a bejegyz\u00e9snek csak Amerikai Angol nyelv\u0171 v\u00e1ltozata van.\" \/>\n<meta property=\"og:url\" content=\"https:\/\/archive.iask.hu\/hu\/polanyi-kozpont-2\/paradigmavaltas\/\" \/>\n<meta property=\"og:site_name\" content=\"iASK - Fels\u0151bbfok\u00fa Tanulm\u00e1nyok Int\u00e9zete, K\u0151szeg\" \/>\n<meta property=\"article:modified_time\" content=\"2018-04-23T09:08:46+00:00\" \/>\n<meta name=\"twitter:card\" content=\"summary_large_image\" \/>\n<script type=\"application\/ld+json\" class=\"yoast-schema-graph\">{\"@context\":\"https:\/\/schema.org\",\"@graph\":[{\"@type\":\"WebSite\",\"@id\":\"https:\/\/archive.iask.hu\/en\/#website\",\"url\":\"https:\/\/archive.iask.hu\/en\/\",\"name\":\"iASK - Fels\\u0151bbfok\\u00fa Tanulm\\u00e1nyok Int\\u00e9zete, K\\u0151szeg\",\"description\":\"Az Int\\u00e9zet c\\u00e9lja, hogy egy\\u00fcv\\u00e9 szervezze a szellemileg nyitott, b\\u00e1tor, egym\\u00e1ssal egy\\u00fcttm\\u0171k\\u00f6dni k\\u00edv\\u00e1n\\u00f3, alkot\\u00f3 \\u00e9s gondolkod\\u00f3 szakembereket \\u00e9s tud\\u00f3sokat.\",\"potentialAction\":[{\"@type\":\"SearchAction\",\"target\":{\"@type\":\"EntryPoint\",\"urlTemplate\":\"https:\/\/archive.iask.hu\/en\/?s={search_term_string}\"},\"query-input\":\"required name=search_term_string\"}],\"inLanguage\":\"hu\"},{\"@type\":\"WebPage\",\"@id\":\"https:\/\/archive.iask.hu\/hu\/polanyi-kozpont-2\/paradigmavaltas\/#webpage\",\"url\":\"https:\/\/archive.iask.hu\/hu\/polanyi-kozpont-2\/paradigmavaltas\/\",\"name\":\"Paradigmav\\u00e1lt\\u00e1s - iASK - Fels\\u0151bbfok\\u00fa Tanulm\\u00e1nyok Int\\u00e9zete, K\\u0151szeg\",\"isPartOf\":{\"@id\":\"https:\/\/archive.iask.hu\/en\/#website\"},\"datePublished\":\"2018-01-12T10:24:13+00:00\",\"dateModified\":\"2018-04-23T09:08:46+00:00\",\"breadcrumb\":{\"@id\":\"https:\/\/archive.iask.hu\/hu\/polanyi-kozpont-2\/paradigmavaltas\/#breadcrumb\"},\"inLanguage\":\"hu\",\"potentialAction\":[{\"@type\":\"ReadAction\",\"target\":[\"https:\/\/archive.iask.hu\/hu\/polanyi-kozpont-2\/paradigmavaltas\/\"]}]},{\"@type\":\"BreadcrumbList\",\"@id\":\"https:\/\/archive.iask.hu\/hu\/polanyi-kozpont-2\/paradigmavaltas\/#breadcrumb\",\"itemListElement\":[{\"@type\":\"ListItem\",\"position\":1,\"name\":\"Home\",\"item\":\"https:\/\/archive.iask.hu\/en\/\"},{\"@type\":\"ListItem\",\"position\":2,\"name\":\"Pol\\u00e1nyi Centre\",\"item\":\"https:\/\/archive.iask.hu\/hu\/polanyi-kozpont-2\/\"},{\"@type\":\"ListItem\",\"position\":3,\"name\":\"Paradigmav\\u00e1lt\\u00e1s\"}]}]}<\/script>\n<!-- \/ Yoast SEO plugin. -->","yoast_head_json":{"title":"Paradigmav\u00e1lt\u00e1s - iASK - Fels\u0151bbfok\u00fa Tanulm\u00e1nyok Int\u00e9zete, K\u0151szeg","robots":{"index":"index","follow":"follow","max-snippet":"max-snippet:-1","max-image-preview":"max-image-preview:large","max-video-preview":"max-video-preview:-1"},"canonical":"https:\/\/archive.iask.hu\/hu\/polanyi-kozpont-2\/paradigmavaltas\/","og_locale":"hu_HU","og_type":"article","og_title":"Paradigmav\u00e1lt\u00e1s - iASK - Fels\u0151bbfok\u00fa Tanulm\u00e1nyok Int\u00e9zete, K\u0151szeg","og_description":"Ennek a bejegyz\u00e9snek csak Amerikai Angol nyelv\u0171 v\u00e1ltozata van.","og_url":"https:\/\/archive.iask.hu\/hu\/polanyi-kozpont-2\/paradigmavaltas\/","og_site_name":"iASK - Fels\u0151bbfok\u00fa Tanulm\u00e1nyok Int\u00e9zete, K\u0151szeg","article_modified_time":"2018-04-23T09:08:46+00:00","twitter_card":"summary_large_image","schema":{"@context":"https:\/\/schema.org","@graph":[{"@type":"WebSite","@id":"https:\/\/archive.iask.hu\/en\/#website","url":"https:\/\/archive.iask.hu\/en\/","name":"iASK - Fels\u0151bbfok\u00fa Tanulm\u00e1nyok Int\u00e9zete, K\u0151szeg","description":"Az Int\u00e9zet c\u00e9lja, hogy egy\u00fcv\u00e9 szervezze a szellemileg nyitott, b\u00e1tor, egym\u00e1ssal egy\u00fcttm\u0171k\u00f6dni k\u00edv\u00e1n\u00f3, alkot\u00f3 \u00e9s gondolkod\u00f3 szakembereket \u00e9s tud\u00f3sokat.","potentialAction":[{"@type":"SearchAction","target":{"@type":"EntryPoint","urlTemplate":"https:\/\/archive.iask.hu\/en\/?s={search_term_string}"},"query-input":"required name=search_term_string"}],"inLanguage":"hu"},{"@type":"WebPage","@id":"https:\/\/archive.iask.hu\/hu\/polanyi-kozpont-2\/paradigmavaltas\/#webpage","url":"https:\/\/archive.iask.hu\/hu\/polanyi-kozpont-2\/paradigmavaltas\/","name":"Paradigmav\u00e1lt\u00e1s - iASK - Fels\u0151bbfok\u00fa Tanulm\u00e1nyok Int\u00e9zete, K\u0151szeg","isPartOf":{"@id":"https:\/\/archive.iask.hu\/en\/#website"},"datePublished":"2018-01-12T10:24:13+00:00","dateModified":"2018-04-23T09:08:46+00:00","breadcrumb":{"@id":"https:\/\/archive.iask.hu\/hu\/polanyi-kozpont-2\/paradigmavaltas\/#breadcrumb"},"inLanguage":"hu","potentialAction":[{"@type":"ReadAction","target":["https:\/\/archive.iask.hu\/hu\/polanyi-kozpont-2\/paradigmavaltas\/"]}]},{"@type":"BreadcrumbList","@id":"https:\/\/archive.iask.hu\/hu\/polanyi-kozpont-2\/paradigmavaltas\/#breadcrumb","itemListElement":[{"@type":"ListItem","position":1,"name":"Home","item":"https:\/\/archive.iask.hu\/en\/"},{"@type":"ListItem","position":2,"name":"Pol\u00e1nyi Centre","item":"https:\/\/archive.iask.hu\/hu\/polanyi-kozpont-2\/"},{"@type":"ListItem","position":3,"name":"Paradigmav\u00e1lt\u00e1s"}]}]}},"_links":{"self":[{"href":"https:\/\/archive.iask.hu\/hu\/wp-json\/wp\/v2\/pages\/4767"}],"collection":[{"href":"https:\/\/archive.iask.hu\/hu\/wp-json\/wp\/v2\/pages"}],"about":[{"href":"https:\/\/archive.iask.hu\/hu\/wp-json\/wp\/v2\/types\/page"}],"author":[{"embeddable":true,"href":"https:\/\/archive.iask.hu\/hu\/wp-json\/wp\/v2\/users\/209"}],"replies":[{"embeddable":true,"href":"https:\/\/archive.iask.hu\/hu\/wp-json\/wp\/v2\/comments?post=4767"}],"version-history":[{"count":2,"href":"https:\/\/archive.iask.hu\/hu\/wp-json\/wp\/v2\/pages\/4767\/revisions"}],"predecessor-version":[{"id":8066,"href":"https:\/\/archive.iask.hu\/hu\/wp-json\/wp\/v2\/pages\/4767\/revisions\/8066"}],"up":[{"embeddable":true,"href":"https:\/\/archive.iask.hu\/hu\/wp-json\/wp\/v2\/pages\/3769"}],"wp:attachment":[{"href":"https:\/\/archive.iask.hu\/hu\/wp-json\/wp\/v2\/media?parent=4767"}],"curies":[{"name":"wp","href":"https:\/\/api.w.org\/{rel}","templated":true}]}}