{"id":6730,"date":"2018-02-07T21:04:45","date_gmt":"2018-02-07T21:04:45","guid":{"rendered":"https:\/\/archive.iask.hu?page_id=6730&#038;preview_id=6730"},"modified":"2021-11-15T10:22:53","modified_gmt":"2021-11-15T09:22:53","slug":"talking-houses-2","status":"publish","type":"page","link":"https:\/\/archive.iask.hu\/hu\/hankiss-kozpont\/collegium-sonorum\/","title":{"rendered":"Collegium Sonorum"},"content":{"rendered":"<p>[vc_row][vc_column][vc_tta_tabs color=&#8221;blue&#8221; active_section=&#8221;1&#8243; el_class=&#8221;iask-tabs&#8221;][vc_tta_section title=&#8221;Bemutatkoz\u00e1s&#8221; tab_id=&#8221;1518125876412-944c3bed-d3dd&#8221;][vc_column_text]<img loading=\"lazy\" decoding=\"async\" class=\"aligncenter wp-image-9080 size-full\" src=\"http:\/\/archive.iask.hu\/wp-content\/uploads\/2018\/04\/cs_pict-002.jpg\" alt=\"\" width=\"798\" height=\"399\" srcset=\"https:\/\/archive.iask.hu\/wp-content\/uploads\/2018\/04\/cs_pict-002.jpg 798w, https:\/\/archive.iask.hu\/wp-content\/uploads\/2018\/04\/cs_pict-002-300x150.jpg 300w, https:\/\/archive.iask.hu\/wp-content\/uploads\/2018\/04\/cs_pict-002-768x384.jpg 768w, https:\/\/archive.iask.hu\/wp-content\/uploads\/2018\/04\/cs_pict-002-400x200.jpg 400w, https:\/\/archive.iask.hu\/wp-content\/uploads\/2018\/04\/cs_pict-002-200x100.jpg 200w\" sizes=\"(max-width: 798px) 100vw, 798px\" \/><\/p>\n<p>&nbsp;<\/p>\n<p>A Collegium Sonorum munk\u00e1ja k\u00e9t alapmot\u00edvum ment\u00e9n halad: hagyom\u00e1ny \u00e9s innov\u00e1ci\u00f3. Az els\u0151 abban a tekintetben meghat\u00e1roz\u00f3, hogy a kultur\u00e1lis \u00e9rt\u00e9kek megismer\u00e9se \u00e9s rendszerez\u00e9se elengedhetetlen a tov\u00e1bbi fejleszt\u0151 munka elkezd\u00e9s\u00e9hez. A m\u00e1sodik az\u00e9rt fontos, hogy a felt\u00e1rt \u00e9rt\u00e9kek ne maradjanak a m\u00fazeumok falai, tanulm\u00e1nyok lapjai k\u00f6z\u00f6tt, hanem akt\u00edv m\u00f3don \u00e1ramoljanak a k\u00f6z\u00f6ss\u00e9gek, iskol\u00e1k mindennapjaiba.<\/p>\n<p>A zenei m\u0171hely olyan \u00faj zenei \u00e9s zen\u00e9l\u00e9si form\u00e1kat kutat \u00e9s fejleszt, melyeknek er\u0151s region\u00e1lis vonzata van. T\u00f6rekszik a k\u00fcl\u00f6nb\u00f6z\u0151 m\u0171v\u00e9szeti-, tudom\u00e1nyos-, oktat\u00e1si \u00e1gak k\u00f6z\u00f6tti k\u00f6lcs\u00f6nhat\u00e1sok tudom\u00e1nyos felt\u00e1r\u00e1s\u00e1ra \u00e9s harmoniz\u00e1ci\u00f3j\u00e1ra. A munkafolyamat t\u00f6bb egyedi projektre tagoz\u00f3dik.<\/p>\n<p>Az elnevez\u00e9s a reformkori K\u0151szegi Hang\u00e1sz-Egyes\u00fclet latin ford\u00edt\u00e1sa. Szembe\u00f6tl\u0151 az akkori \u201enyelv\u00faj\u00edt\u00f3\u201d sz\u00f3haszn\u00e1lat: \u201ehang\u00e1sz\u201d. Sz\u00e1munkra ez az\u00e9rt is kedves, mert ebben a sz\u00f3ban ma t\u00f6bb is benne hangzik, mint maga a zen\u00e9l\u00e9s. Minden, ami \u00e1ltal\u00e1ban a hanggal, a hangz\u00e1ssal foglalkozik, otthonra lelhet benne.[\/vc_column_text][vc_empty_space][vc_column_text]<\/p>\n<h3><strong>\u201eHangz\u00f3 v\u00e1ros\u201d kutat\u00e1si program<\/strong><\/h3>\n<p>A KRAFT-projekt c\u00e9lkit\u0171z\u00e9seivel \u00f6sszhangban indult el egy \u00fajfajta kisv\u00e1rosi-zenei brand-\u00e9p\u00edt\u00e9s, mely a \u201eHangz\u00f3 v\u00e1ros\u201d nevet kapta. Ezen \u00f6sszefoglal\u00f3 elnevez\u00e9s minden olyan kutat\u00e1st, programot mag\u00e1ba foglal, amely a bevezet\u0151ben megfogalmazottakkal harmoniz\u00e1l. A koncepci\u00f3 h\u00e1rom pill\u00e9ren nyugszik. Mindenekel\u0151tt egy zenet\u00f6rt\u00e9neti, zeneszociol\u00f3giai, hang-\u00f6kol\u00f3giai alapkutat\u00e1st v\u00e9gz\u00fcnk a v\u00e1ros idevonatkoz\u00f3 \u00f6r\u00f6ks\u00e9g\u00e9nek felt\u00e1r\u00e1s\u00e1ra. Az itt felt\u00e1rt jelens\u00e9geket \u00e9s dokumentumokat felhaszn\u00e1lva \u00faj innovat\u00edv \u00e9s kreat\u00edv programokat hozunk l\u00e9tre, ez\u00e1ltal gazdag\u00edtva a v\u00e1ros oktat\u00e1si, kultur\u00e1lis \u00e9s turisztikai \u00e9let\u00e9t. A programokkal p\u00e1rhuzamosan pedig interakt\u00edv eszk\u00f6z\u00f6k, applik\u00e1ci\u00f3k, s\u0151t v\u00e1ros\u00e9p\u00edt\u00e9szeti m\u0171t\u00e1rgyak l\u00e9trehoz\u00e1s\u00e1t is szorgalmazzuk. Ez a met\u00f3dus a j\u00f6v\u0151ben rem\u00e9nyeink szerint sikerrel adapt\u00e1lhat\u00f3 lesz m\u00e1s v\u00e1rosok \u201efelhangol\u00e1s\u00e1ra\u201d is.[\/vc_column_text][vc_empty_space][vc_column_text]<\/p>\n<h3><strong>A program elemei:<\/strong><\/h3>\n<p>[\/vc_column_text][vc_empty_space][vc_row_inner el_id=&#8221;A program elemei:&#8221;][vc_column_inner width=&#8221;1\/4&#8243;]<div class=\"aio-icon-component   accent-icon-bg style_2\"><a class=\"aio-icon-box-link\" href=\"\/hu\/hankiss-kozpont\/zenei-orokseg-kutatasa\/\" target=\"_blank\" rel=\"noopener\" ><div id=\"Info-box-wrap-5315\" class=\"aio-icon-box top-icon\" style=\"\"  ><div class=\"aio-icon-top\"><div class=\"ult-just-icon-wrapper  \"><div class=\"align-icon\" style=\"text-align:center;\">\n<div class=\"aio-icon-img \" style=\"font-size:68px;display:inline-block;\" >\n\t<img decoding=\"async\" class=\"img-icon\" alt=\"null\" src=\"https:\/\/archive.iask.hu\/wp-content\/uploads\/2018\/04\/cs2-01-002.png\"\/>\n<\/div><\/div><\/div><\/div><div class=\"aio-icon-header\" ><h3 class=\"aio-icon-title ult-responsive\"  data-ultimate-target='#Info-box-wrap-5315 .aio-icon-title'  data-responsive-json-new='{\"font-size\":\"\",\"line-height\":\"\"}'  style=\"\">Zenei \u00f6r\u00f6ks\u00e9g kutat\u00e1sa<\/h3><\/div> <!-- header --><\/div> <!-- aio-icon-box --><\/a><\/div> <!-- aio-icon-component -->[\/vc_column_inner][vc_column_inner width=&#8221;1\/4&#8243;]<div class=\"aio-icon-component   accent-icon-bg style_2\"><a class=\"aio-icon-box-link\" ><div id=\"Info-box-wrap-3701\" class=\"aio-icon-box top-icon\" style=\"\"  ><div class=\"aio-icon-top\"><div class=\"ult-just-icon-wrapper  \"><div class=\"align-icon\" style=\"text-align:center;\">\n<div class=\"aio-icon-img \" style=\"font-size:68px;display:inline-block;\" >\n\t<img decoding=\"async\" class=\"img-icon\" alt=\"null\" src=\"https:\/\/archive.iask.hu\/wp-content\/uploads\/2018\/04\/cs2-01-002.png\"\/>\n<\/div><\/div><\/div><\/div><div class=\"aio-icon-header\" ><h3 class=\"aio-icon-title ult-responsive\"  data-ultimate-target='#Info-box-wrap-3701 .aio-icon-title'  data-responsive-json-new='{\"font-size\":\"\",\"line-height\":\"\"}'  style=\"\">Kreat\u00edv Zenei M\u0171hely<\/h3><\/div> <!-- header --><\/div> <!-- aio-icon-box --><\/a><\/div> <!-- aio-icon-component -->[\/vc_column_inner][vc_column_inner width=&#8221;1\/4&#8243;]<div class=\"aio-icon-component   accent-icon-bg style_2\"><a class=\"aio-icon-box-link\" href=\"https:\/\/archive.iask.hu\/hu\/hangzo-varos-fesztival\/\" ><div id=\"Info-box-wrap-1053\" class=\"aio-icon-box top-icon\" style=\"\"  ><div class=\"aio-icon-top\"><div class=\"ult-just-icon-wrapper  \"><div class=\"align-icon\" style=\"text-align:center;\">\n<div class=\"aio-icon-img \" style=\"font-size:68px;display:inline-block;\" >\n\t<img decoding=\"async\" class=\"img-icon\" alt=\"null\" src=\"https:\/\/archive.iask.hu\/wp-content\/uploads\/2018\/04\/cs2-01-002.png\"\/>\n<\/div><\/div><\/div><\/div><div class=\"aio-icon-header\" ><h3 class=\"aio-icon-title ult-responsive\"  data-ultimate-target='#Info-box-wrap-1053 .aio-icon-title'  data-responsive-json-new='{\"font-size\":\"\",\"line-height\":\"\"}'  style=\"\">Hangz\u00f3 v\u00e1ros: fesztiv\u00e1l<\/h3><\/div> <!-- header --><\/div> <!-- aio-icon-box --><\/a><\/div> <!-- aio-icon-component -->[\/vc_column_inner][vc_column_inner width=&#8221;1\/4&#8243;]<div class=\"aio-icon-component   accent-icon-bg style_2\"><a class=\"aio-icon-box-link\" href=\"\/hu\/hankiss-kozpont\/hangzo-varos-eloadasok-installaciok\/\" target=\"_blank\" rel=\"noopener\" ><div id=\"Info-box-wrap-4615\" class=\"aio-icon-box top-icon\" style=\"\"  ><div class=\"aio-icon-top\"><div class=\"ult-just-icon-wrapper  \"><div class=\"align-icon\" style=\"text-align:center;\">\n<div class=\"aio-icon-img \" style=\"font-size:68px;display:inline-block;\" >\n\t<img decoding=\"async\" class=\"img-icon\" alt=\"null\" src=\"https:\/\/archive.iask.hu\/wp-content\/uploads\/2018\/04\/cs2-01-002.png\"\/>\n<\/div><\/div><\/div><\/div><div class=\"aio-icon-header\" ><h3 class=\"aio-icon-title ult-responsive\"  data-ultimate-target='#Info-box-wrap-4615 .aio-icon-title'  data-responsive-json-new='{\"font-size\":\"\",\"line-height\":\"\"}'  style=\"\">Hangz\u00f3 v\u00e1ros: el\u0151ad\u00e1sok, install\u00e1ci\u00f3k<\/h3><\/div> <!-- header --><\/div> <!-- aio-icon-box --><\/a><\/div> <!-- aio-icon-component -->[\/vc_column_inner][\/vc_row_inner][vc_empty_space][vc_column_text]<\/p>\n<h3><strong>Kalend\u00e1rium:<\/strong><\/h3>\n<p>Strat\u00e9gia 2018<\/p>\n<p><strong>Program-arch\u00edvum:<\/strong><\/p>\n<p>2016<\/p>\n<p>2017<\/p>\n<p>[\/vc_column_text][\/vc_tta_section][vc_tta_section title=&#8221;Kutat\u00f3k&#8221; tab_id=&#8221;1518276731329-ab1e036a-1af6&#8243;][vc_column_text]<\/p>\n<h4>Kutat\u00f3k:<\/h4>\n<p>[\/vc_column_text][vc_empty_space]<div class=\"teammember-single\"><div class=\"photo\"><a href=\"https:\/\/archive.iask.hu\/hu\/people\/mizsei-zoltan\/\"><img loading=\"lazy\" decoding=\"async\" width=\"150\" height=\"150\" src=\"https:\/\/archive.iask.hu\/wp-content\/uploads\/2017\/12\/mizsei_zoltan-e1518385773684-150x150.png\" class=\"attachment-thumbnail size-thumbnail wp-post-image\" alt=\"\" srcset=\"https:\/\/archive.iask.hu\/wp-content\/uploads\/2017\/12\/mizsei_zoltan-e1518385773684-150x150.png 150w, https:\/\/archive.iask.hu\/wp-content\/uploads\/2017\/12\/mizsei_zoltan-e1518385773684-300x300.png 300w, https:\/\/archive.iask.hu\/wp-content\/uploads\/2017\/12\/mizsei_zoltan-e1518385773684-700x700.png 700w, https:\/\/archive.iask.hu\/wp-content\/uploads\/2017\/12\/mizsei_zoltan-e1518385773684-400x400.png 400w, https:\/\/archive.iask.hu\/wp-content\/uploads\/2017\/12\/mizsei_zoltan-e1518385773684-200x200.png 200w, https:\/\/archive.iask.hu\/wp-content\/uploads\/2017\/12\/mizsei_zoltan-e1518385773684.png 716w\" sizes=\"(max-width: 150px) 100vw, 150px\" \/><\/a><\/div><div class=\"name\"><a href=\"https:\/\/archive.iask.hu\/hu\/people\/mizsei-zoltan\/\">Mizsei Zolt\u00e1n<\/a><\/div><\/div><div class=\"teammember-single\"><div class=\"photo\"><a href=\"https:\/\/archive.iask.hu\/hu\/people\/scheer-uwe\/\"><img loading=\"lazy\" decoding=\"async\" width=\"150\" height=\"150\" src=\"https:\/\/archive.iask.hu\/wp-content\/uploads\/2018\/01\/uwe_scheer-e1518385942596-150x150.jpeg\" class=\"attachment-thumbnail size-thumbnail wp-post-image\" alt=\"\" srcset=\"https:\/\/archive.iask.hu\/wp-content\/uploads\/2018\/01\/uwe_scheer-e1518385942596-150x150.jpeg 150w, https:\/\/archive.iask.hu\/wp-content\/uploads\/2018\/01\/uwe_scheer-e1518385942596-300x298.jpeg 300w, https:\/\/archive.iask.hu\/wp-content\/uploads\/2018\/01\/uwe_scheer-e1518385942596-768x763.jpeg 768w, https:\/\/archive.iask.hu\/wp-content\/uploads\/2018\/01\/uwe_scheer-e1518385942596-700x700.jpeg 700w, https:\/\/archive.iask.hu\/wp-content\/uploads\/2018\/01\/uwe_scheer-e1518385942596-400x400.jpeg 400w, https:\/\/archive.iask.hu\/wp-content\/uploads\/2018\/01\/uwe_scheer-e1518385942596-200x200.jpeg 200w, https:\/\/archive.iask.hu\/wp-content\/uploads\/2018\/01\/uwe_scheer-e1518385942596.jpeg 830w\" sizes=\"(max-width: 150px) 100vw, 150px\" \/><\/a><\/div><div class=\"name\"><a href=\"https:\/\/archive.iask.hu\/hu\/people\/scheer-uwe\/\">Scheer Uwe<\/a><\/div><\/div><div class=\"teammember-single\"><div class=\"photo\"><a href=\"https:\/\/archive.iask.hu\/hu\/people\/vaczi-daniel\/\"><img loading=\"lazy\" decoding=\"async\" width=\"150\" height=\"150\" src=\"https:\/\/archive.iask.hu\/wp-content\/uploads\/2018\/01\/vaczi_daniel-e1518386261732-150x150.jpeg\" class=\"attachment-thumbnail size-thumbnail wp-post-image\" alt=\"\" srcset=\"https:\/\/archive.iask.hu\/wp-content\/uploads\/2018\/01\/vaczi_daniel-e1518386261732-150x150.jpeg 150w, https:\/\/archive.iask.hu\/wp-content\/uploads\/2018\/01\/vaczi_daniel-e1518386261732-300x300.jpeg 300w, https:\/\/archive.iask.hu\/wp-content\/uploads\/2018\/01\/vaczi_daniel-e1518386261732-768x770.jpeg 768w, https:\/\/archive.iask.hu\/wp-content\/uploads\/2018\/01\/vaczi_daniel-e1518386261732-700x700.jpeg 700w, https:\/\/archive.iask.hu\/wp-content\/uploads\/2018\/01\/vaczi_daniel-e1518386261732-400x400.jpeg 400w, https:\/\/archive.iask.hu\/wp-content\/uploads\/2018\/01\/vaczi_daniel-e1518386261732-200x200.jpeg 200w, https:\/\/archive.iask.hu\/wp-content\/uploads\/2018\/01\/vaczi_daniel-e1518386261732.jpeg 820w\" sizes=\"(max-width: 150px) 100vw, 150px\" \/><\/a><\/div><div class=\"name\"><a href=\"https:\/\/archive.iask.hu\/hu\/people\/vaczi-daniel\/\">V\u00e1czi D\u00e1niel<\/a><\/div><\/div>[\/vc_tta_section][vc_tta_section title=&#8221;Vide\u00f3k&#8221; tab_id=&#8221;1518125876438-72a5f4d0-6d7f&#8221;][vc_video link=&#8221;https:\/\/www.youtube.com\/watch?v=5yWCbbblZuQ&amp;feature=youtu.be&#8221; title=&#8221;Hangz\u00f3 v\u00e1ros, K\u0151szeg&#8221;][vc_empty_space][vc_video link=&#8221;https:\/\/youtu.be\/PZFL4O7g960&#8243; title=&#8221;Mizsei Zolt\u00e1n (iASK) &#8211; H\u00farelm\u00e9let zenei blokk \u2013 Hankiss Elem\u00e9r Konferencia (iASK)&#8221;][vc_empty_space][vc_video link=&#8221;https:\/\/youtu.be\/mpbE-Ijb4FE&#8221; title=&#8221;Uwe \u00e9s Bernadett Scheer&#8221;][vc_empty_space][vc_video link=&#8221;https:\/\/youtu.be\/Msnx8zTaVAA&#8221; title=&#8221;Kisv\u00e1ros, hangok, dallamok&#8221;][\/vc_tta_section][vc_tta_section title=&#8221;Publik\u00e1ci\u00f3k&#8221; tab_id=&#8221;1635928443180-d00c63f9-0072&#8243;][vc_column_text]Megjelent albumok:\u00a0<strong>K\u0151szeg Hangz\u00f3 V\u00e1ros &#8211; Bels\u0151 hangs\u00e9ta<\/strong><\/p>\n<p><strong><img loading=\"lazy\" decoding=\"async\" class=\"alignnone wp-image-23260 size-full\" src=\"http:\/\/archive.iask.hu\/wp-content\/uploads\/2021\/11\/hangzo-varos-lelemzborito-2021.jpg?x35998\" sizes=\"(max-width: 558px) 100vw, 558px\" srcset=\"http:\/\/archive.iask.hu\/wp-content\/uploads\/2021\/11\/hangzo-varos-lelemzborito-2021.jpg 558w, http:\/\/archive.iask.hu\/wp-content\/uploads\/2021\/11\/hangzo-varos-lelemzborito-2021-300x259.jpg 300w\" alt=\"\" width=\"558\" height=\"481\" \/><\/strong><\/p>\n<p>Sz\u00e1z\u00e9ves zen\u00e9k k\u0151szegi zeneszerz\u0151kt\u0151l. K\u0151szeg \u00f6r\u00f6ks\u00e9ge \u00e1ltal inspir\u00e1lt \u00faj zene\u00a0<a href=\"https:\/\/archive.iask.hu\/hu\/people\/mizsei-zoltan\/\">Mizsei Zolt\u00e1nt\u00f3l, az FTI-iASK tudom\u00e1nyos munkat\u00e1rs\u00e1t\u00f3l.<\/a><\/p>\n<p><a href=\"http:\/\/archive.iask.hu\/wp-content\/uploads\/2021\/11\/hangzo-varos-cd-tartalmi-leiras-hun.pdf?x35998\">A digit\u00e1lis ismertet\u0151 f\u00fczet angol nyelv\u0171 tartalma INNEN let\u00f6lthet\u0151!<\/a>[\/vc_column_text][\/vc_tta_section][\/vc_tta_tabs][\/vc_column][\/vc_row][vc_row][vc_column][\/vc_column][\/vc_row]<\/p>","protected":false},"excerpt":{"rendered":"<p>[vc_row][vc_column][vc_tta_tabs color=&#8221;blue&#8221; active_section=&#8221;1&#8243; el_class=&#8221;iask-tabs&#8221;][vc_tta_section title=&#8221;Bemutatkoz\u00e1s&#8221; tab_id=&#8221;1518125876412-944c3bed-d3dd&#8221;][vc_column_text] &nbsp; A Collegium Sonorum munk\u00e1ja k\u00e9t alapmot\u00edvum ment\u00e9n halad: hagyom\u00e1ny \u00e9s innov\u00e1ci\u00f3. Az els\u0151 abban a tekintetben meghat\u00e1roz\u00f3, hogy a kultur\u00e1lis \u00e9rt\u00e9kek megismer\u00e9se \u00e9s rendszerez\u00e9se elengedhetetlen a tov\u00e1bbi fejleszt\u0151 munka elkezd\u00e9s\u00e9hez. A m\u00e1sodik az\u00e9rt fontos, hogy a felt\u00e1rt \u00e9rt\u00e9kek ne maradjanak a m\u00fazeumok falai, tanulm\u00e1nyok lapjai k\u00f6z\u00f6tt, hanem akt\u00edv&hellip;<\/p>\n","protected":false},"author":209,"featured_media":0,"parent":3794,"menu_order":55,"comment_status":"closed","ping_status":"closed","template":"","meta":{"footnotes":""},"yoast_head":"<!-- This site is optimized with the Yoast SEO plugin v16.7 - https:\/\/yoast.com\/wordpress\/plugins\/seo\/ -->\n<title>Collegium Sonorum - iASK - Fels\u0151bbfok\u00fa Tanulm\u00e1nyok Int\u00e9zete, K\u0151szeg<\/title>\n<meta name=\"robots\" content=\"index, follow, max-snippet:-1, max-image-preview:large, max-video-preview:-1\" \/>\n<link rel=\"canonical\" href=\"https:\/\/archive.iask.hu\/hu\/hankiss-kozpont\/collegium-sonorum\/\" \/>\n<meta property=\"og:locale\" content=\"hu_HU\" \/>\n<meta property=\"og:type\" content=\"article\" \/>\n<meta property=\"og:title\" content=\"Collegium Sonorum - iASK - Fels\u0151bbfok\u00fa Tanulm\u00e1nyok Int\u00e9zete, K\u0151szeg\" \/>\n<meta property=\"og:description\" content=\"[vc_row][vc_column][vc_tta_tabs color=&#8221;blue&#8221; active_section=&#8221;1&#8243; el_class=&#8221;iask-tabs&#8221;][vc_tta_section title=&#8221;Bemutatkoz\u00e1s&#8221; tab_id=&#8221;1518125876412-944c3bed-d3dd&#8221;][vc_column_text] &nbsp; A Collegium Sonorum munk\u00e1ja k\u00e9t alapmot\u00edvum ment\u00e9n halad: hagyom\u00e1ny \u00e9s innov\u00e1ci\u00f3. Az els\u0151 abban a tekintetben meghat\u00e1roz\u00f3, hogy a kultur\u00e1lis \u00e9rt\u00e9kek megismer\u00e9se \u00e9s rendszerez\u00e9se elengedhetetlen a tov\u00e1bbi fejleszt\u0151 munka elkezd\u00e9s\u00e9hez. A m\u00e1sodik az\u00e9rt fontos, hogy a felt\u00e1rt \u00e9rt\u00e9kek ne maradjanak a m\u00fazeumok falai, tanulm\u00e1nyok lapjai k\u00f6z\u00f6tt, hanem akt\u00edv&hellip;\" \/>\n<meta property=\"og:url\" content=\"https:\/\/archive.iask.hu\/hu\/hankiss-kozpont\/collegium-sonorum\/\" \/>\n<meta property=\"og:site_name\" content=\"iASK - Fels\u0151bbfok\u00fa Tanulm\u00e1nyok Int\u00e9zete, K\u0151szeg\" \/>\n<meta property=\"article:modified_time\" content=\"2021-11-15T09:22:53+00:00\" \/>\n<meta property=\"og:image\" content=\"http:\/\/archive.iask.hu\/wp-content\/uploads\/2021\/11\/cs_pict-002.jpg\" \/>\n<meta name=\"twitter:card\" content=\"summary_large_image\" \/>\n<meta name=\"twitter:label1\" content=\"Becs\u00fclt olvas\u00e1si id\u0151\" \/>\n\t<meta name=\"twitter:data1\" content=\"3 perc\" \/>\n<script type=\"application\/ld+json\" class=\"yoast-schema-graph\">{\"@context\":\"https:\/\/schema.org\",\"@graph\":[{\"@type\":\"WebSite\",\"@id\":\"https:\/\/archive.iask.hu\/en\/#website\",\"url\":\"https:\/\/archive.iask.hu\/en\/\",\"name\":\"iASK - Fels\\u0151bbfok\\u00fa Tanulm\\u00e1nyok Int\\u00e9zete, K\\u0151szeg\",\"description\":\"Az Int\\u00e9zet c\\u00e9lja, hogy egy\\u00fcv\\u00e9 szervezze a szellemileg nyitott, b\\u00e1tor, egym\\u00e1ssal egy\\u00fcttm\\u0171k\\u00f6dni k\\u00edv\\u00e1n\\u00f3, alkot\\u00f3 \\u00e9s gondolkod\\u00f3 szakembereket \\u00e9s tud\\u00f3sokat.\",\"potentialAction\":[{\"@type\":\"SearchAction\",\"target\":{\"@type\":\"EntryPoint\",\"urlTemplate\":\"https:\/\/archive.iask.hu\/en\/?s={search_term_string}\"},\"query-input\":\"required name=search_term_string\"}],\"inLanguage\":\"hu\"},{\"@type\":\"ImageObject\",\"@id\":\"https:\/\/archive.iask.hu\/hu\/hankiss-kozpont\/collegium-sonorum\/#primaryimage\",\"inLanguage\":\"hu\",\"url\":\"http:\/\/archive.iask.hu\/wp-content\/uploads\/2021\/11\/cs_pict-002.jpg\",\"contentUrl\":\"http:\/\/archive.iask.hu\/wp-content\/uploads\/2021\/11\/cs_pict-002.jpg\"},{\"@type\":\"WebPage\",\"@id\":\"https:\/\/archive.iask.hu\/hu\/hankiss-kozpont\/collegium-sonorum\/#webpage\",\"url\":\"https:\/\/archive.iask.hu\/hu\/hankiss-kozpont\/collegium-sonorum\/\",\"name\":\"Collegium Sonorum - iASK - Fels\\u0151bbfok\\u00fa Tanulm\\u00e1nyok Int\\u00e9zete, K\\u0151szeg\",\"isPartOf\":{\"@id\":\"https:\/\/archive.iask.hu\/en\/#website\"},\"primaryImageOfPage\":{\"@id\":\"https:\/\/archive.iask.hu\/hu\/hankiss-kozpont\/collegium-sonorum\/#primaryimage\"},\"datePublished\":\"2018-02-07T21:04:45+00:00\",\"dateModified\":\"2021-11-15T09:22:53+00:00\",\"breadcrumb\":{\"@id\":\"https:\/\/archive.iask.hu\/hu\/hankiss-kozpont\/collegium-sonorum\/#breadcrumb\"},\"inLanguage\":\"hu\",\"potentialAction\":[{\"@type\":\"ReadAction\",\"target\":[\"https:\/\/archive.iask.hu\/hu\/hankiss-kozpont\/collegium-sonorum\/\"]}]},{\"@type\":\"BreadcrumbList\",\"@id\":\"https:\/\/archive.iask.hu\/hu\/hankiss-kozpont\/collegium-sonorum\/#breadcrumb\",\"itemListElement\":[{\"@type\":\"ListItem\",\"position\":1,\"name\":\"Home\",\"item\":\"https:\/\/archive.iask.hu\/en\/\"},{\"@type\":\"ListItem\",\"position\":2,\"name\":\"Hankiss Centre\",\"item\":\"https:\/\/archive.iask.hu\/hu\/hankiss-kozpont\/\"},{\"@type\":\"ListItem\",\"position\":3,\"name\":\"Collegium Sonorum\"}]}]}<\/script>\n<!-- \/ Yoast SEO plugin. -->","yoast_head_json":{"title":"Collegium Sonorum - iASK - Fels\u0151bbfok\u00fa Tanulm\u00e1nyok Int\u00e9zete, K\u0151szeg","robots":{"index":"index","follow":"follow","max-snippet":"max-snippet:-1","max-image-preview":"max-image-preview:large","max-video-preview":"max-video-preview:-1"},"canonical":"https:\/\/archive.iask.hu\/hu\/hankiss-kozpont\/collegium-sonorum\/","og_locale":"hu_HU","og_type":"article","og_title":"Collegium Sonorum - iASK - Fels\u0151bbfok\u00fa Tanulm\u00e1nyok Int\u00e9zete, K\u0151szeg","og_description":"[vc_row][vc_column][vc_tta_tabs color=&#8221;blue&#8221; active_section=&#8221;1&#8243; el_class=&#8221;iask-tabs&#8221;][vc_tta_section title=&#8221;Bemutatkoz\u00e1s&#8221; tab_id=&#8221;1518125876412-944c3bed-d3dd&#8221;][vc_column_text] &nbsp; A Collegium Sonorum munk\u00e1ja k\u00e9t alapmot\u00edvum ment\u00e9n halad: hagyom\u00e1ny \u00e9s innov\u00e1ci\u00f3. Az els\u0151 abban a tekintetben meghat\u00e1roz\u00f3, hogy a kultur\u00e1lis \u00e9rt\u00e9kek megismer\u00e9se \u00e9s rendszerez\u00e9se elengedhetetlen a tov\u00e1bbi fejleszt\u0151 munka elkezd\u00e9s\u00e9hez. A m\u00e1sodik az\u00e9rt fontos, hogy a felt\u00e1rt \u00e9rt\u00e9kek ne maradjanak a m\u00fazeumok falai, tanulm\u00e1nyok lapjai k\u00f6z\u00f6tt, hanem akt\u00edv&hellip;","og_url":"https:\/\/archive.iask.hu\/hu\/hankiss-kozpont\/collegium-sonorum\/","og_site_name":"iASK - Fels\u0151bbfok\u00fa Tanulm\u00e1nyok Int\u00e9zete, K\u0151szeg","article_modified_time":"2021-11-15T09:22:53+00:00","og_image":[{"url":"http:\/\/archive.iask.hu\/wp-content\/uploads\/2021\/11\/cs_pict-002.jpg"}],"twitter_card":"summary_large_image","twitter_misc":{"Becs\u00fclt olvas\u00e1si id\u0151":"3 perc"},"schema":{"@context":"https:\/\/schema.org","@graph":[{"@type":"WebSite","@id":"https:\/\/archive.iask.hu\/en\/#website","url":"https:\/\/archive.iask.hu\/en\/","name":"iASK - Fels\u0151bbfok\u00fa Tanulm\u00e1nyok Int\u00e9zete, K\u0151szeg","description":"Az Int\u00e9zet c\u00e9lja, hogy egy\u00fcv\u00e9 szervezze a szellemileg nyitott, b\u00e1tor, egym\u00e1ssal egy\u00fcttm\u0171k\u00f6dni k\u00edv\u00e1n\u00f3, alkot\u00f3 \u00e9s gondolkod\u00f3 szakembereket \u00e9s tud\u00f3sokat.","potentialAction":[{"@type":"SearchAction","target":{"@type":"EntryPoint","urlTemplate":"https:\/\/archive.iask.hu\/en\/?s={search_term_string}"},"query-input":"required name=search_term_string"}],"inLanguage":"hu"},{"@type":"ImageObject","@id":"https:\/\/archive.iask.hu\/hu\/hankiss-kozpont\/collegium-sonorum\/#primaryimage","inLanguage":"hu","url":"http:\/\/archive.iask.hu\/wp-content\/uploads\/2021\/11\/cs_pict-002.jpg","contentUrl":"http:\/\/archive.iask.hu\/wp-content\/uploads\/2021\/11\/cs_pict-002.jpg"},{"@type":"WebPage","@id":"https:\/\/archive.iask.hu\/hu\/hankiss-kozpont\/collegium-sonorum\/#webpage","url":"https:\/\/archive.iask.hu\/hu\/hankiss-kozpont\/collegium-sonorum\/","name":"Collegium Sonorum - iASK - Fels\u0151bbfok\u00fa Tanulm\u00e1nyok Int\u00e9zete, K\u0151szeg","isPartOf":{"@id":"https:\/\/archive.iask.hu\/en\/#website"},"primaryImageOfPage":{"@id":"https:\/\/archive.iask.hu\/hu\/hankiss-kozpont\/collegium-sonorum\/#primaryimage"},"datePublished":"2018-02-07T21:04:45+00:00","dateModified":"2021-11-15T09:22:53+00:00","breadcrumb":{"@id":"https:\/\/archive.iask.hu\/hu\/hankiss-kozpont\/collegium-sonorum\/#breadcrumb"},"inLanguage":"hu","potentialAction":[{"@type":"ReadAction","target":["https:\/\/archive.iask.hu\/hu\/hankiss-kozpont\/collegium-sonorum\/"]}]},{"@type":"BreadcrumbList","@id":"https:\/\/archive.iask.hu\/hu\/hankiss-kozpont\/collegium-sonorum\/#breadcrumb","itemListElement":[{"@type":"ListItem","position":1,"name":"Home","item":"https:\/\/archive.iask.hu\/en\/"},{"@type":"ListItem","position":2,"name":"Hankiss Centre","item":"https:\/\/archive.iask.hu\/hu\/hankiss-kozpont\/"},{"@type":"ListItem","position":3,"name":"Collegium Sonorum"}]}]}},"_links":{"self":[{"href":"https:\/\/archive.iask.hu\/hu\/wp-json\/wp\/v2\/pages\/6730"}],"collection":[{"href":"https:\/\/archive.iask.hu\/hu\/wp-json\/wp\/v2\/pages"}],"about":[{"href":"https:\/\/archive.iask.hu\/hu\/wp-json\/wp\/v2\/types\/page"}],"author":[{"embeddable":true,"href":"https:\/\/archive.iask.hu\/hu\/wp-json\/wp\/v2\/users\/209"}],"replies":[{"embeddable":true,"href":"https:\/\/archive.iask.hu\/hu\/wp-json\/wp\/v2\/comments?post=6730"}],"version-history":[{"count":78,"href":"https:\/\/archive.iask.hu\/hu\/wp-json\/wp\/v2\/pages\/6730\/revisions"}],"predecessor-version":[{"id":23416,"href":"https:\/\/archive.iask.hu\/hu\/wp-json\/wp\/v2\/pages\/6730\/revisions\/23416"}],"up":[{"embeddable":true,"href":"https:\/\/archive.iask.hu\/hu\/wp-json\/wp\/v2\/pages\/3794"}],"wp:attachment":[{"href":"https:\/\/archive.iask.hu\/hu\/wp-json\/wp\/v2\/media?parent=6730"}],"curies":[{"name":"wp","href":"https:\/\/api.w.org\/{rel}","templated":true}]}}