{"id":7340,"date":"2018-02-11T22:40:01","date_gmt":"2018-02-11T22:40:01","guid":{"rendered":"https:\/\/archive.iask.hu?page_id=7340&#038;preview_id=7340"},"modified":"2018-02-11T22:49:23","modified_gmt":"2018-02-11T22:49:23","slug":"talking-houses-4-2","status":"publish","type":"page","link":"https:\/\/archive.iask.hu\/hu\/hankiss-kozpont\/hangzo-varos-eloadasok-installaciok\/","title":{"rendered":"Hangz\u00f3 v\u00e1ros: el\u0151ad\u00e1sok, install\u00e1ci\u00f3k"},"content":{"rendered":"<p>[vc_row][vc_column][vc_column_text]<\/p>\n<h4><strong>Zen\u00e9l\u0151 h\u00e1zak (zene \u00e9s \u00e9p\u00edt\u00e9szet)<\/strong><\/h4>\n<p><span style=\"font-weight: normal;\">A zen\u00e9l\u0151 h\u00e1zak alapgondolata egy kiss\u00e9 t\u00e1voli megk\u00f6zel\u00edt\u00e9sben m\u00e1r r\u00e9g\u00f3ta megfogalmaz\u00f3dott.\u00a0 Goeth\u00e9nek tulajdon\u00edtjuk az id\u0151k\u00f6zben k\u00f6zhelly\u00e9 v\u00e1lt mond\u00e1st: \u201eAz \u00e9p\u00edt\u00e9szet megfagyott zene\u201d. Mire gondolhatott Goethe?<\/span><\/p>\n<p>Kiss\u00e9 kor\u00e1bban Leon Battista Alberti, az it\u00e1liai renesz\u00e1nsz meghat\u00e1roz\u00f3 \u00e9p\u00edt\u00e9sze \u00edgy nyilatkozik:\u00a0\u201eNaponta egyre jobban meggy\u0151z\u0151d\u00f6m P\u00fcthagorasz igaz\u00e1r\u00f3l, aki szerint a term\u00e9szet minden m\u0171velet\u00e9ben biztosan k\u00f6vetkezetes \u00e9s azonos megfelel\u00e9sekkel dolgozik. Ebb\u0151l azt a k\u00f6vetkeztet\u00e9st vonom le, hogy ugyanazok a sz\u00e1mok, amelyek \u00e1ltal f\u00fcl\u00fcnknek a kellemes hangzat \u00e9lvezetet okoz, szem\u00fcnket \u00e9s szellem\u00fcnket is gy\u00f6ny\u00f6rk\u00f6dtetik. Az ar\u00e1nyok kidolgoz\u00e1s\u00e1nak minden szab\u00e1ly\u00e1t teh\u00e1t a muzsikusokt\u00f3l k\u00f6lcs\u00f6n\u00f6zz\u00fck, akik az ilyenfajta sz\u00e1mok legnagyobb mesterei, valamint a legkiv\u00e1l\u00f3bb \u00e9s legteljesebb term\u00e9szeti saj\u00e1toss\u00e1gokb\u00f3l.\u201d<\/p>\n<p><img loading=\"lazy\" decoding=\"async\" class=\"alignnone wp-image-7303\" src=\"http:\/\/archive.iask.hu\/wp-content\/uploads\/2018\/02\/zenelo_hazak_1.png\" alt=\"\" width=\"1200\" height=\"897\" srcset=\"https:\/\/archive.iask.hu\/wp-content\/uploads\/2018\/02\/zenelo_hazak_1.png 1602w, https:\/\/archive.iask.hu\/wp-content\/uploads\/2018\/02\/zenelo_hazak_1-300x224.png 300w, https:\/\/archive.iask.hu\/wp-content\/uploads\/2018\/02\/zenelo_hazak_1-768x574.png 768w, https:\/\/archive.iask.hu\/wp-content\/uploads\/2018\/02\/zenelo_hazak_1-1024x766.png 1024w\" sizes=\"(max-width: 1200px) 100vw, 1200px\" \/><\/p>\n<p>Nem csoda, ha a muzsikust el\u0151bb-ut\u00f3bb elkezdi foglalkoztatni a k\u00e9rd\u00e9s: Hogyan lehet a zene harm\u00f3ni\u00e1j\u00e1t \u00e9s ritmik\u00e1j\u00e1t ural\u00f3 sz\u00e1mar\u00e1nyokat tetten \u00e9rni az \u00e9p\u00edt\u00e9szetben? Hogyan lehet egy \u00e9p\u00fcletet, vagy legal\u00e1bbis annak legjellemz\u0151bb r\u00e9sz\u00e9t, homlokzat\u00e1t zen\u00e9ben megfogalmazni? Az els\u0151 inspir\u00e1ci\u00f3 a renesz\u00e1nsz \u00e9p\u00edt\u0151m\u0171v\u00e9szet egyik nagyon korai (12. sz\u00e1zadi) p\u00e9ld\u00e1j\u00e1b\u00f3l, a firenzei San Giovanni keresztel\u0151 k\u00e1poln\u00e1nak homlokzati rendj\u00e9b\u0151l \u00e9rkezik. A geometrikus mint\u00e1k, mintegy h\u00e1romsz\u00f3lam\u00fa kottak\u00e9nt t\u00e1rulnak f\u00f6l a zen\u00e9sz el\u0151tt: H\u00e1rom sz\u00f3lam = a homlokzat v\u00edzszintes h\u00e1rmas tagol\u00e1sa.\u00a0 A mint\u00e1k pedig ugyanazokat az elemi sz\u00e1mar\u00e1nyokat (proporci\u00f3kat) \u2013 1:2:3:6:9 \u2013 mutatj\u00e1k, amelyben a k\u00e1polna \u00e9p\u00edt\u00e9s\u00e9nek idej\u00e9ben felvir\u00e1gz\u00f3 ritmikus t\u00f6bbsz\u00f3lam\u00fa zene kezdte el rendezni az id\u0151t.\u00a0K\u0151szeg, az iASK v\u00e1rosa hasonl\u00f3an gazdag \u00e9p\u00edt\u00e9szeti mint\u00e1kat k\u00edn\u00e1l. \u00cdgy sz\u00fclethetett meg eddig \u00f6t \u00e9p\u00fcletre egy-egy zen\u00e9l\u0151 h\u00e1z kompoz\u00edci\u00f3 (a bemutat\u00f3 vide\u00f3k az iASK honlapj\u00e1n el\u00e9rhet\u0151k).<\/p>\n<p>Az iskol\u00e1kban elkezdett el\u0151ad\u00e1s-sorozat teh\u00e1t annak a tudom\u00e1nyokat a m\u0171v\u00e9szettel \u00f6sszekapcsol\u00f3 strat\u00e9gi\u00e1nak a ment\u00e9n j\u00f6tt l\u00e9tre, amely a tanul\u00f3kat a helyi \u2013 eset\u00fcnkben \u00e9p\u00edtett \u2013 \u00e9rt\u00e9kekre val\u00f3 \u201er\u00e1csod\u00e1lkoz\u00e1s\u201d \u00e9lm\u00e9ny\u00e9vel vezeti r\u00e1 saj\u00e1t \u00e9lm\u00e9nyen alapul\u00f3 \u2013 eset\u00fcnkben zenei \u2013 tud\u00e1sra. A foglalkoz\u00e1s l\u00e9nyege r\u00f6viden: az \u00e9p\u00edt\u00e9szetnek\u00a0 a h\u00e1zak, azonbel\u00fcl az \u00e9rintett iskola\u00e9p\u00fclet homlokzat\u00e1n felt\u00e1rul\u00f3 ar\u00e1nyrendszer\u00e9nek zenei k\u00f3dol\u00e1sa sz\u00e1mos kreat\u00edv \u00e9s ugyanakkor szorosan helyi k\u00f6t\u0151d\u00e9s\u0171 zen\u00e9l\u00e9si form\u00e1t k\u00edn\u00e1l. Kezdve ott, hogy az iskola elnevez\u00e9s\u00e9nek bet\u0171ib\u0151l (a renesz\u00e1nsz zeneszerz\u0151k \u00f6tlete nyom\u00e1n) b\u00e1rki dallamokat tud \u00f6ssze\u00e1ll\u00edtani, ha csak a mag\u00e1nhangz\u00f3kat a szolmiz\u00e1ci\u00f3s hangokkal (\u201eu\u201d = Ut, \u201ee\u201d = Re, \u201ei\u201d = Mi, stb.) behelyettes\u00edtj\u00fck. M\u00e1ris k\u00e9szen \u00e1ll az adott n\u00e9v hangz\u00f3 m\u00e1sa. De hasonl\u00f3k\u00e9ppen az adott \u00e9p\u00fclet ar\u00e1nyait, homlokzati oszt\u00e1sait is k\u00f6nnyed\u00e9n tudjuk k\u00f3dolni, ha m\u00e1r j\u00e1rtass\u00e1got szerezt\u00fcnk az elemi zenei \u00e9p\u00edt\u0151k\u00f6vek haszn\u00e1lat\u00e1ban.[\/vc_column_text][vc_empty_space][vc_column_text]<\/p>\n<h4><strong>A szf\u00e9r\u00e1k zen\u00e9je (zene \u00e9s csillag\u00e1szat)<\/strong><\/h4>\n<p>Az angol \u00e9s magyar nyelven is<img loading=\"lazy\" decoding=\"async\" class=\"alignright wp-image-7321\" src=\"http:\/\/archive.iask.hu\/wp-content\/uploads\/2018\/02\/spheres_1.png\" alt=\"\" width=\"440\" height=\"198\" srcset=\"https:\/\/archive.iask.hu\/wp-content\/uploads\/2018\/02\/spheres_1.png 458w, https:\/\/archive.iask.hu\/wp-content\/uploads\/2018\/02\/spheres_1-300x135.png 300w\" sizes=\"(max-width: 440px) 100vw, 440px\" \/> megval\u00f3sult el\u0151ad\u00e1snak, a \u201eZen\u00e9l\u0151 h\u00e1zak\u201d-hoz hasonl\u00f3an szint\u00e9n interdiszciplinalit\u00e1s a vez\u00e9rmot\u00edvuma. A szf\u00e9r\u00e1k zen\u00e9j\u00e9nek egyetemes gondolatk\u00f6r\u00e9n kereszt\u00fcl bepillant\u00e1st nyer\u00fcnk antik gondolkod\u00f3k (Pitagorasz, Arisztotel\u00e9sz, Platon) munk\u00e1iba, 20. sz\u00e1zadi zeneszerz\u0151k (Cage, Ligeti) korszakalkot\u00f3 darabjaiba (4:33, Atmoszf\u00e9r\u00e1k), megismerked\u00fcnk a zenei ar\u00e1nyrendszer alapjaival, Kepler csillag\u00e1szati munk\u00e1ja nyom\u00e1n el\u00e9nekelj\u00fck a h\u00e9t bolyg\u00f3ra kisz\u00e1m\u00edtott dallamokat \u00e9s v\u00e9g\u00fcl mindezek \u00f6sszegz\u00e9sek\u00e9nt megalkotjuk a Naprendszer hangz\u00f3 modellj\u00e9t.[\/vc_column_text][vc_empty_space][vc_column_text]<\/p>\n<h4><strong>Hallod hogy hangzik a v\u00e1ros? (zene \u00e9s szobr\u00e1szat)<\/strong><\/h4>\n<p>Sz\u00e9kesfeh\u00e9rv\u00e1r \u00f6nkorm\u00e1nyzat\u00e1val egy\u00fcttm\u0171k\u00f6d\u00e9sben a M\u00fazeumok \u00e9jszak\u00e1ja alkalm\u00e1b\u00f3l 2016. j\u00fanius 23-\u00e1n Mizsei Zolt\u00e1n egy ismert sz\u00e9kesfeh\u00e9rv\u00e1ri \u00e9p\u00fcletre, Melocco Mikl\u00f3s M\u00e1ty\u00e1s szoborcsoportj\u00e1hoz k\u00e9sz\u00edtette hanginstall\u00e1ci\u00f3t, mely a m\u00fazeumok \u00e1ltal bemutatott t\u00e1rgyi \u00f6r\u00f6ks\u00e9g mellett a szellemi, m\u0171v\u00e9szi \u00f6r\u00f6ks\u00e9g tov\u00e1bbad\u00e1s\u00e1nak fontoss\u00e1g\u00e1ra h\u00edvja fel a figyelmet.[\/vc_column_text][vc_empty_space][vc_video link=&#8221;https:\/\/youtu.be\/fO-_lvZXFyc&#8221; el_id=&#8221;Hanginstall\u00e1ci\u00f3 Melocco Mikl\u00f3s M\u00e1ty\u00e1s szoborcsoportj\u00e1hoz&#8221;][vc_empty_space][vc_column_text]<\/p>\n<h3><strong>Hankiss k\u00e9rdez <\/strong>(zene \u00e9s filoz\u00f3fia)<\/h3>\n<p>Mizsei Zolt\u00e1n hang-et\u0171d\u00f6ket kompon\u00e1lt Hankiss Elem\u00e9r utols\u00f3, 2014-es k\u0151szegi l\u00e1togat\u00e1sa alkalm\u00e1b\u00f3l elhangzott k\u00e9rd\u00e9seire. Az akkori \u00e9vz\u00e1r\u00f3 besz\u00e9lget\u00e9sen Hankiss k\u00e9rd\u00e9seket int\u00e9zett a hallgat\u00f3k sz\u00e1m\u00e1ra. Az ott k\u00e9sz\u00fclt vide\u00f3felv\u00e9tel hanganyag\u00e1b\u00f3l kigy\u0171jt\u00f6tt r\u00e9szletekr\u0151l Hankiss hangja ker\u00fclt interakci\u00f3ba a hozz\u00e1 szerkesztett zenei sz\u00f3lamokkal. A teljes sorozat a 2017. m\u00e1jus\u00e1ban megrendez\u00e9sre ker\u00fcl\u0151 Hankiss-konferenci\u00e1n ker\u00fclt bemutat\u00e1sra.[\/vc_column_text][vc_empty_space][vc_video link=&#8221;https:\/\/youtu.be\/3UPoZNri0cU&#8221;][vc_empty_space][vc_column_text]<\/p>\n<h4><strong>K\u0151szeg szabad kir\u00e1lyi v\u00e1ros<\/strong><\/h4>\n<p><img loading=\"lazy\" decoding=\"async\" class=\"alignright wp-image-7347\" src=\"http:\/\/archive.iask.hu\/wp-content\/uploads\/2018\/02\/kulcs-300x194.png\" alt=\"\" width=\"400\" height=\"258\" srcset=\"https:\/\/archive.iask.hu\/wp-content\/uploads\/2018\/02\/kulcs-300x194.png 300w, https:\/\/archive.iask.hu\/wp-content\/uploads\/2018\/02\/kulcs.png 412w\" sizes=\"(max-width: 400px) 100vw, 400px\" \/>2017. november 6-\u00e1n a Kir\u00e1lyi V\u00e1rosnap rendezv\u00e9nyen ker\u00fclt bemutat\u00e1sra a c\u00edmben jel\u00f6lt, sz\u00f6vegekre \u00e9s \u00e9nekhangra k\u00e9sz\u00fclt improviz\u00e1ci\u00f3s \u00e9s szolmifik\u00e1ci\u00f3s m\u0171. Az elhangz\u00f3 sz\u00f6vegek mind Bechtold Istv\u00e1n, k\u0151szegi ornitol\u00f3gus v\u00e1rosi anekdot\u00e1ib\u00f3l vett id\u00e9zetek.[\/vc_column_text][\/vc_column][\/vc_row]<\/p>","protected":false},"excerpt":{"rendered":"<p>[vc_row][vc_column][vc_column_text] Zen\u00e9l\u0151 h\u00e1zak (zene \u00e9s \u00e9p\u00edt\u00e9szet) A zen\u00e9l\u0151 h\u00e1zak alapgondolata egy kiss\u00e9 t\u00e1voli megk\u00f6zel\u00edt\u00e9sben m\u00e1r r\u00e9g\u00f3ta megfogalmaz\u00f3dott.\u00a0 Goeth\u00e9nek tulajdon\u00edtjuk az id\u0151k\u00f6zben k\u00f6zhelly\u00e9 v\u00e1lt mond\u00e1st: \u201eAz \u00e9p\u00edt\u00e9szet megfagyott zene\u201d. Mire gondolhatott Goethe? Kiss\u00e9 kor\u00e1bban Leon Battista Alberti, az it\u00e1liai renesz\u00e1nsz meghat\u00e1roz\u00f3 \u00e9p\u00edt\u00e9sze \u00edgy nyilatkozik:\u00a0\u201eNaponta egyre jobban meggy\u0151z\u0151d\u00f6m P\u00fcthagorasz igaz\u00e1r\u00f3l, aki szerint a term\u00e9szet minden m\u0171velet\u00e9ben biztosan&hellip;<\/p>\n","protected":false},"author":209,"featured_media":0,"parent":3794,"menu_order":57,"comment_status":"closed","ping_status":"closed","template":"","meta":{"footnotes":""},"yoast_head":"<!-- This site is optimized with the Yoast SEO plugin v16.7 - https:\/\/yoast.com\/wordpress\/plugins\/seo\/ -->\n<title>Hangz\u00f3 v\u00e1ros: el\u0151ad\u00e1sok, install\u00e1ci\u00f3k - iASK - Fels\u0151bbfok\u00fa Tanulm\u00e1nyok Int\u00e9zete, K\u0151szeg<\/title>\n<meta name=\"robots\" content=\"index, follow, max-snippet:-1, max-image-preview:large, max-video-preview:-1\" \/>\n<link rel=\"canonical\" href=\"https:\/\/archive.iask.hu\/hu\/hankiss-kozpont\/hangzo-varos-eloadasok-installaciok\/\" \/>\n<meta property=\"og:locale\" content=\"hu_HU\" \/>\n<meta property=\"og:type\" content=\"article\" \/>\n<meta property=\"og:title\" content=\"Hangz\u00f3 v\u00e1ros: el\u0151ad\u00e1sok, install\u00e1ci\u00f3k - iASK - Fels\u0151bbfok\u00fa Tanulm\u00e1nyok Int\u00e9zete, K\u0151szeg\" \/>\n<meta property=\"og:description\" content=\"[vc_row][vc_column][vc_column_text] Zen\u00e9l\u0151 h\u00e1zak (zene \u00e9s \u00e9p\u00edt\u00e9szet) A zen\u00e9l\u0151 h\u00e1zak alapgondolata egy kiss\u00e9 t\u00e1voli megk\u00f6zel\u00edt\u00e9sben m\u00e1r r\u00e9g\u00f3ta megfogalmaz\u00f3dott.\u00a0 Goeth\u00e9nek tulajdon\u00edtjuk az id\u0151k\u00f6zben k\u00f6zhelly\u00e9 v\u00e1lt mond\u00e1st: \u201eAz \u00e9p\u00edt\u00e9szet megfagyott zene\u201d. Mire gondolhatott Goethe? Kiss\u00e9 kor\u00e1bban Leon Battista Alberti, az it\u00e1liai renesz\u00e1nsz meghat\u00e1roz\u00f3 \u00e9p\u00edt\u00e9sze \u00edgy nyilatkozik:\u00a0\u201eNaponta egyre jobban meggy\u0151z\u0151d\u00f6m P\u00fcthagorasz igaz\u00e1r\u00f3l, aki szerint a term\u00e9szet minden m\u0171velet\u00e9ben biztosan&hellip;\" \/>\n<meta property=\"og:url\" content=\"https:\/\/archive.iask.hu\/hu\/hankiss-kozpont\/hangzo-varos-eloadasok-installaciok\/\" \/>\n<meta property=\"og:site_name\" content=\"iASK - Fels\u0151bbfok\u00fa Tanulm\u00e1nyok Int\u00e9zete, K\u0151szeg\" \/>\n<meta property=\"article:modified_time\" content=\"2018-02-11T22:49:23+00:00\" \/>\n<meta property=\"og:image\" content=\"http:\/\/archive.iask.hu\/wp-content\/uploads\/2018\/02\/zenelo_hazak_1.png\" \/>\n<meta name=\"twitter:card\" content=\"summary_large_image\" \/>\n<meta name=\"twitter:label1\" content=\"Becs\u00fclt olvas\u00e1si id\u0151\" \/>\n\t<meta name=\"twitter:data1\" content=\"5 perc\" \/>\n<script type=\"application\/ld+json\" class=\"yoast-schema-graph\">{\"@context\":\"https:\/\/schema.org\",\"@graph\":[{\"@type\":\"WebSite\",\"@id\":\"https:\/\/archive.iask.hu\/en\/#website\",\"url\":\"https:\/\/archive.iask.hu\/en\/\",\"name\":\"iASK - Fels\\u0151bbfok\\u00fa Tanulm\\u00e1nyok Int\\u00e9zete, K\\u0151szeg\",\"description\":\"Az Int\\u00e9zet c\\u00e9lja, hogy egy\\u00fcv\\u00e9 szervezze a szellemileg nyitott, b\\u00e1tor, egym\\u00e1ssal egy\\u00fcttm\\u0171k\\u00f6dni k\\u00edv\\u00e1n\\u00f3, alkot\\u00f3 \\u00e9s gondolkod\\u00f3 szakembereket \\u00e9s tud\\u00f3sokat.\",\"potentialAction\":[{\"@type\":\"SearchAction\",\"target\":{\"@type\":\"EntryPoint\",\"urlTemplate\":\"https:\/\/archive.iask.hu\/en\/?s={search_term_string}\"},\"query-input\":\"required name=search_term_string\"}],\"inLanguage\":\"hu\"},{\"@type\":\"ImageObject\",\"@id\":\"https:\/\/archive.iask.hu\/hu\/hankiss-kozpont\/hangzo-varos-eloadasok-installaciok\/#primaryimage\",\"inLanguage\":\"hu\",\"url\":\"http:\/\/archive.iask.hu\/wp-content\/uploads\/2018\/02\/zenelo_hazak_1.png\",\"contentUrl\":\"http:\/\/archive.iask.hu\/wp-content\/uploads\/2018\/02\/zenelo_hazak_1.png\"},{\"@type\":\"WebPage\",\"@id\":\"https:\/\/archive.iask.hu\/hu\/hankiss-kozpont\/hangzo-varos-eloadasok-installaciok\/#webpage\",\"url\":\"https:\/\/archive.iask.hu\/hu\/hankiss-kozpont\/hangzo-varos-eloadasok-installaciok\/\",\"name\":\"Hangz\\u00f3 v\\u00e1ros: el\\u0151ad\\u00e1sok, install\\u00e1ci\\u00f3k - iASK - Fels\\u0151bbfok\\u00fa Tanulm\\u00e1nyok Int\\u00e9zete, K\\u0151szeg\",\"isPartOf\":{\"@id\":\"https:\/\/archive.iask.hu\/en\/#website\"},\"primaryImageOfPage\":{\"@id\":\"https:\/\/archive.iask.hu\/hu\/hankiss-kozpont\/hangzo-varos-eloadasok-installaciok\/#primaryimage\"},\"datePublished\":\"2018-02-11T22:40:01+00:00\",\"dateModified\":\"2018-02-11T22:49:23+00:00\",\"breadcrumb\":{\"@id\":\"https:\/\/archive.iask.hu\/hu\/hankiss-kozpont\/hangzo-varos-eloadasok-installaciok\/#breadcrumb\"},\"inLanguage\":\"hu\",\"potentialAction\":[{\"@type\":\"ReadAction\",\"target\":[\"https:\/\/archive.iask.hu\/hu\/hankiss-kozpont\/hangzo-varos-eloadasok-installaciok\/\"]}]},{\"@type\":\"BreadcrumbList\",\"@id\":\"https:\/\/archive.iask.hu\/hu\/hankiss-kozpont\/hangzo-varos-eloadasok-installaciok\/#breadcrumb\",\"itemListElement\":[{\"@type\":\"ListItem\",\"position\":1,\"name\":\"Home\",\"item\":\"https:\/\/archive.iask.hu\/en\/\"},{\"@type\":\"ListItem\",\"position\":2,\"name\":\"Hankiss Centre\",\"item\":\"https:\/\/archive.iask.hu\/hu\/hankiss-kozpont\/\"},{\"@type\":\"ListItem\",\"position\":3,\"name\":\"Hangz\\u00f3 v\\u00e1ros: el\\u0151ad\\u00e1sok, install\\u00e1ci\\u00f3k\"}]}]}<\/script>\n<!-- \/ Yoast SEO plugin. -->","yoast_head_json":{"title":"Hangz\u00f3 v\u00e1ros: el\u0151ad\u00e1sok, install\u00e1ci\u00f3k - iASK - Fels\u0151bbfok\u00fa Tanulm\u00e1nyok Int\u00e9zete, K\u0151szeg","robots":{"index":"index","follow":"follow","max-snippet":"max-snippet:-1","max-image-preview":"max-image-preview:large","max-video-preview":"max-video-preview:-1"},"canonical":"https:\/\/archive.iask.hu\/hu\/hankiss-kozpont\/hangzo-varos-eloadasok-installaciok\/","og_locale":"hu_HU","og_type":"article","og_title":"Hangz\u00f3 v\u00e1ros: el\u0151ad\u00e1sok, install\u00e1ci\u00f3k - iASK - Fels\u0151bbfok\u00fa Tanulm\u00e1nyok Int\u00e9zete, K\u0151szeg","og_description":"[vc_row][vc_column][vc_column_text] Zen\u00e9l\u0151 h\u00e1zak (zene \u00e9s \u00e9p\u00edt\u00e9szet) A zen\u00e9l\u0151 h\u00e1zak alapgondolata egy kiss\u00e9 t\u00e1voli megk\u00f6zel\u00edt\u00e9sben m\u00e1r r\u00e9g\u00f3ta megfogalmaz\u00f3dott.\u00a0 Goeth\u00e9nek tulajdon\u00edtjuk az id\u0151k\u00f6zben k\u00f6zhelly\u00e9 v\u00e1lt mond\u00e1st: \u201eAz \u00e9p\u00edt\u00e9szet megfagyott zene\u201d. Mire gondolhatott Goethe? Kiss\u00e9 kor\u00e1bban Leon Battista Alberti, az it\u00e1liai renesz\u00e1nsz meghat\u00e1roz\u00f3 \u00e9p\u00edt\u00e9sze \u00edgy nyilatkozik:\u00a0\u201eNaponta egyre jobban meggy\u0151z\u0151d\u00f6m P\u00fcthagorasz igaz\u00e1r\u00f3l, aki szerint a term\u00e9szet minden m\u0171velet\u00e9ben biztosan&hellip;","og_url":"https:\/\/archive.iask.hu\/hu\/hankiss-kozpont\/hangzo-varos-eloadasok-installaciok\/","og_site_name":"iASK - Fels\u0151bbfok\u00fa Tanulm\u00e1nyok Int\u00e9zete, K\u0151szeg","article_modified_time":"2018-02-11T22:49:23+00:00","og_image":[{"url":"http:\/\/archive.iask.hu\/wp-content\/uploads\/2018\/02\/zenelo_hazak_1.png"}],"twitter_card":"summary_large_image","twitter_misc":{"Becs\u00fclt olvas\u00e1si id\u0151":"5 perc"},"schema":{"@context":"https:\/\/schema.org","@graph":[{"@type":"WebSite","@id":"https:\/\/archive.iask.hu\/en\/#website","url":"https:\/\/archive.iask.hu\/en\/","name":"iASK - Fels\u0151bbfok\u00fa Tanulm\u00e1nyok Int\u00e9zete, K\u0151szeg","description":"Az Int\u00e9zet c\u00e9lja, hogy egy\u00fcv\u00e9 szervezze a szellemileg nyitott, b\u00e1tor, egym\u00e1ssal egy\u00fcttm\u0171k\u00f6dni k\u00edv\u00e1n\u00f3, alkot\u00f3 \u00e9s gondolkod\u00f3 szakembereket \u00e9s tud\u00f3sokat.","potentialAction":[{"@type":"SearchAction","target":{"@type":"EntryPoint","urlTemplate":"https:\/\/archive.iask.hu\/en\/?s={search_term_string}"},"query-input":"required name=search_term_string"}],"inLanguage":"hu"},{"@type":"ImageObject","@id":"https:\/\/archive.iask.hu\/hu\/hankiss-kozpont\/hangzo-varos-eloadasok-installaciok\/#primaryimage","inLanguage":"hu","url":"http:\/\/archive.iask.hu\/wp-content\/uploads\/2018\/02\/zenelo_hazak_1.png","contentUrl":"http:\/\/archive.iask.hu\/wp-content\/uploads\/2018\/02\/zenelo_hazak_1.png"},{"@type":"WebPage","@id":"https:\/\/archive.iask.hu\/hu\/hankiss-kozpont\/hangzo-varos-eloadasok-installaciok\/#webpage","url":"https:\/\/archive.iask.hu\/hu\/hankiss-kozpont\/hangzo-varos-eloadasok-installaciok\/","name":"Hangz\u00f3 v\u00e1ros: el\u0151ad\u00e1sok, install\u00e1ci\u00f3k - iASK - Fels\u0151bbfok\u00fa Tanulm\u00e1nyok Int\u00e9zete, K\u0151szeg","isPartOf":{"@id":"https:\/\/archive.iask.hu\/en\/#website"},"primaryImageOfPage":{"@id":"https:\/\/archive.iask.hu\/hu\/hankiss-kozpont\/hangzo-varos-eloadasok-installaciok\/#primaryimage"},"datePublished":"2018-02-11T22:40:01+00:00","dateModified":"2018-02-11T22:49:23+00:00","breadcrumb":{"@id":"https:\/\/archive.iask.hu\/hu\/hankiss-kozpont\/hangzo-varos-eloadasok-installaciok\/#breadcrumb"},"inLanguage":"hu","potentialAction":[{"@type":"ReadAction","target":["https:\/\/archive.iask.hu\/hu\/hankiss-kozpont\/hangzo-varos-eloadasok-installaciok\/"]}]},{"@type":"BreadcrumbList","@id":"https:\/\/archive.iask.hu\/hu\/hankiss-kozpont\/hangzo-varos-eloadasok-installaciok\/#breadcrumb","itemListElement":[{"@type":"ListItem","position":1,"name":"Home","item":"https:\/\/archive.iask.hu\/en\/"},{"@type":"ListItem","position":2,"name":"Hankiss Centre","item":"https:\/\/archive.iask.hu\/hu\/hankiss-kozpont\/"},{"@type":"ListItem","position":3,"name":"Hangz\u00f3 v\u00e1ros: el\u0151ad\u00e1sok, install\u00e1ci\u00f3k"}]}]}},"_links":{"self":[{"href":"https:\/\/archive.iask.hu\/hu\/wp-json\/wp\/v2\/pages\/7340"}],"collection":[{"href":"https:\/\/archive.iask.hu\/hu\/wp-json\/wp\/v2\/pages"}],"about":[{"href":"https:\/\/archive.iask.hu\/hu\/wp-json\/wp\/v2\/types\/page"}],"author":[{"embeddable":true,"href":"https:\/\/archive.iask.hu\/hu\/wp-json\/wp\/v2\/users\/209"}],"replies":[{"embeddable":true,"href":"https:\/\/archive.iask.hu\/hu\/wp-json\/wp\/v2\/comments?post=7340"}],"version-history":[{"count":6,"href":"https:\/\/archive.iask.hu\/hu\/wp-json\/wp\/v2\/pages\/7340\/revisions"}],"predecessor-version":[{"id":7348,"href":"https:\/\/archive.iask.hu\/hu\/wp-json\/wp\/v2\/pages\/7340\/revisions\/7348"}],"up":[{"embeddable":true,"href":"https:\/\/archive.iask.hu\/hu\/wp-json\/wp\/v2\/pages\/3794"}],"wp:attachment":[{"href":"https:\/\/archive.iask.hu\/hu\/wp-json\/wp\/v2\/media?parent=7340"}],"curies":[{"name":"wp","href":"https:\/\/api.w.org\/{rel}","templated":true}]}}