{"id":8688,"date":"2018-03-21T10:29:59","date_gmt":"2018-03-21T10:29:59","guid":{"rendered":"https:\/\/archive.iask.hu\/hu?page_id=8688&#038;preview_id=8688"},"modified":"2019-01-17T10:28:22","modified_gmt":"2019-01-17T09:28:22","slug":"creative-cities-sustainable-regions","status":"publish","type":"page","link":"https:\/\/archive.iask.hu\/hu\/kraft-kozpont\/fenntarthato-uzleti-modellek\/","title":{"rendered":"Fenntarthat\u00f3 \u00fczleti modellek"},"content":{"rendered":"<p>Az \u00fczleti szf\u00e9r\u00e1ban az elm\u00falt \u00e9vekben bek\u00f6vetkezett v\u00e1ltoz\u00e1sok \u00faj megold\u00e1sokhoz vezettek. Ezt a folyamatot az inform\u00e1ci\u00f3s technol\u00f3gi\u00e1k folytonos meg\u00fajul\u00e1sa, a m\u0171szaki innov\u00e1ci\u00f3k gyors elterjed\u00e9se, a v\u00e1llalatok tev\u00e9kenys\u00e9ge \u00e1ltal el\u00e9rt t\u00e1rsadalmi csoportok elv\u00e1r\u00e1sa is sietteti.<\/p>\n<p>A gyorsul\u00f3 fejl\u0151d\u00e9s mellett a v\u00e1ltoz\u00e1s radik\u00e1lisabb form\u00e1i is megjelentek. Ezek felt\u0171n\u00e9se megk\u00e9rd\u0151jelezte az egyes ipar\u00e1gak m\u0171k\u00f6d\u00e9s\u00e9re jellemz\u0151 \u00e1ltal\u00e1nos felfog\u00e1sokat \u00e9s azokat \u00faj, innovat\u00edv \u00fczleti modellekkel v\u00e1ltotta fel. Egyre t\u00f6bb az effajta \u00faj modell elm\u00e9let\u00e9re \u00e9s gyakorlati megval\u00f3s\u00edt\u00e1s\u00e1ra megold\u00e1st aj\u00e1nl\u00f3 szakirodalom.<\/p>\n<p>Az innovat\u00edv \u00fczleti modellek a gazdas\u00e1g minden szegmens\u00e9ben megjelentek \u00e9s megk\u00e9rd\u0151jelezik az \u00e9rt\u00e9kteremt\u00e9s \u00e9s profitrealiz\u00e1l\u00e1s hagyom\u00e1nyos m\u00f3djait.<\/p>\n<p>Az innovat\u00edv megold\u00e1sok megk\u00e9rd\u0151jelezik a piaci folyamatok r\u00e9sztvev\u0151inek hagyom\u00e1nyos szerep\u00e9t is, legyen sz\u00f3 ak\u00e1r a <em>fogyaszt\u00f3kr\u00f3l<\/em>, a <em>korm\u00e1nyzati szf\u00e9r\u00e1r\u00f3l<\/em> vagy magukr\u00f3l a <em>v\u00e1llalkoz\u00e1sokr\u00f3l<\/em>. \u0150k most olyan szerepben tal\u00e1lj\u00e1k magukat, amelyet kor\u00e1bban elk\u00e9pzelhetetlennek tartottak.<\/p>\n<p>A fogyaszt\u00f3k nem csak a term\u00e9kek \u00e9s szolg\u00e1ltat\u00e1sok v\u00e1s\u00e1rl\u00f3ik\u00e9nt jelennek meg, de a szolg\u00e1ltat\u00e1sok el\u0151\u00e1ll\u00edt\u00f3ik\u00e9nt is (p\u00e9ld\u00e1ul alternat\u00edv energiahordoz\u00f3k seg\u00edts\u00e9g\u00e9vel el\u0151\u00e1ll\u00edtott elektromos \u00e1ramot k\u00edn\u00e1lva vagy a megoszt\u00e1son alapul\u00f3 gazdas\u00e1g r\u00e9sztvev\u0151ik\u00e9nt).<\/p>\n<p>A korm\u00e1nyzatok \u00e9s a v\u00e1llalkoz\u00e1sok olyan k\u00f6z\u00f6s projektekben m\u0171k\u00f6dnek egy\u00fctt, melyek m\u00e9g n\u00e9h\u00e1ny \u00e9ve is k\u00edv\u00fcl estek volna a c\u00e9gek l\u00e1t\u00f3k\u00f6r\u00e9n.<\/p>\n<p>Az innovat\u00edv \u00fczleti modellek megold\u00e1st k\u00edn\u00e1lnak sz\u00e1mos fontos fenntarthat\u00f3s\u00e1gi probl\u00e9m\u00e1ra. \u00dagy teszik mindezt, hogy \u00f6sszek\u00f6tik az embert \u00e9s a term\u00e9ket a szolg\u00e1ltat\u00e1sokkal, az anyagi fogyaszt\u00e1st pedig \u00e9lm\u00e9nyre v\u00e1ltj\u00e1k.<\/p>\n<p>A sok pozit\u00edv p\u00e9lda ellen\u00e9re is meg\u00e1llap\u00edthat\u00f3, hogy az \u00fan. fenntarthat\u00f3 \u00fczleti modellek t\u00e1gabb \u00e9rtelemben vett hat\u00e1s\u00e1r\u00f3l m\u00e9g mindig nagyon keveset tudunk. Ez\u00e9rt az iASK keretein bel\u00fcl m\u0171k\u00f6d\u0151 KRAFT K\u00f6zpont az egyre ink\u00e1bb terjed\u0151, \u00faj \u00fczleti modellek m\u00e9lyebb, elm\u00e9leti megk\u00f6zel\u00edt\u00e9sen alapul\u00f3 meg\u00e9rt\u00e9s\u00e9re t\u00f6rekszik, \u00e9s arra, hogy felt\u00e1rja azok k\u00f6z\u00e9p- \u00e9s hossz\u00fat\u00e1v\u00fa hat\u00e1sait a t\u00e1rsadalomra, a gazdas\u00e1gra \u00e9s a term\u00e9szeti k\u00f6rnyezetre.<\/p>","protected":false},"excerpt":{"rendered":"<p>Az \u00fczleti szf\u00e9r\u00e1ban az elm\u00falt \u00e9vekben bek\u00f6vetkezett v\u00e1ltoz\u00e1sok \u00faj megold\u00e1sokhoz vezettek. Ezt a folyamatot az inform\u00e1ci\u00f3s technol\u00f3gi\u00e1k folytonos meg\u00fajul\u00e1sa, a m\u0171szaki innov\u00e1ci\u00f3k gyors elterjed\u00e9se, a v\u00e1llalatok tev\u00e9kenys\u00e9ge \u00e1ltal el\u00e9rt t\u00e1rsadalmi csoportok elv\u00e1r\u00e1sa is sietteti. A gyorsul\u00f3 fejl\u0151d\u00e9s mellett a v\u00e1ltoz\u00e1s radik\u00e1lisabb form\u00e1i is megjelentek. Ezek felt\u0171n\u00e9se megk\u00e9rd\u0151jelezte az egyes ipar\u00e1gak m\u0171k\u00f6d\u00e9s\u00e9re jellemz\u0151 \u00e1ltal\u00e1nos felfog\u00e1sokat \u00e9s&hellip;<\/p>\n","protected":false},"author":209,"featured_media":0,"parent":2093,"menu_order":65,"comment_status":"closed","ping_status":"closed","template":"","meta":{"footnotes":""},"yoast_head":"<!-- This site is optimized with the Yoast SEO plugin v16.7 - https:\/\/yoast.com\/wordpress\/plugins\/seo\/ -->\n<title>Fenntarthat\u00f3 \u00fczleti modellek - iASK - Fels\u0151bbfok\u00fa Tanulm\u00e1nyok Int\u00e9zete, K\u0151szeg<\/title>\n<meta name=\"robots\" content=\"index, follow, max-snippet:-1, max-image-preview:large, max-video-preview:-1\" \/>\n<link rel=\"canonical\" href=\"https:\/\/archive.iask.hu\/hu\/kraft-kozpont\/fenntarthato-uzleti-modellek\/\" \/>\n<meta property=\"og:locale\" content=\"hu_HU\" \/>\n<meta property=\"og:type\" content=\"article\" \/>\n<meta property=\"og:title\" content=\"Fenntarthat\u00f3 \u00fczleti modellek - iASK - Fels\u0151bbfok\u00fa Tanulm\u00e1nyok Int\u00e9zete, K\u0151szeg\" \/>\n<meta property=\"og:description\" content=\"Az \u00fczleti szf\u00e9r\u00e1ban az elm\u00falt \u00e9vekben bek\u00f6vetkezett v\u00e1ltoz\u00e1sok \u00faj megold\u00e1sokhoz vezettek. Ezt a folyamatot az inform\u00e1ci\u00f3s technol\u00f3gi\u00e1k folytonos meg\u00fajul\u00e1sa, a m\u0171szaki innov\u00e1ci\u00f3k gyors elterjed\u00e9se, a v\u00e1llalatok tev\u00e9kenys\u00e9ge \u00e1ltal el\u00e9rt t\u00e1rsadalmi csoportok elv\u00e1r\u00e1sa is sietteti. A gyorsul\u00f3 fejl\u0151d\u00e9s mellett a v\u00e1ltoz\u00e1s radik\u00e1lisabb form\u00e1i is megjelentek. Ezek felt\u0171n\u00e9se megk\u00e9rd\u0151jelezte az egyes ipar\u00e1gak m\u0171k\u00f6d\u00e9s\u00e9re jellemz\u0151 \u00e1ltal\u00e1nos felfog\u00e1sokat \u00e9s&hellip;\" \/>\n<meta property=\"og:url\" content=\"https:\/\/archive.iask.hu\/hu\/kraft-kozpont\/fenntarthato-uzleti-modellek\/\" \/>\n<meta property=\"og:site_name\" content=\"iASK - Fels\u0151bbfok\u00fa Tanulm\u00e1nyok Int\u00e9zete, K\u0151szeg\" \/>\n<meta property=\"article:modified_time\" content=\"2019-01-17T09:28:22+00:00\" \/>\n<meta name=\"twitter:card\" content=\"summary_large_image\" \/>\n<meta name=\"twitter:label1\" content=\"Becs\u00fclt olvas\u00e1si id\u0151\" \/>\n\t<meta name=\"twitter:data1\" content=\"4 perc\" \/>\n<script type=\"application\/ld+json\" class=\"yoast-schema-graph\">{\"@context\":\"https:\/\/schema.org\",\"@graph\":[{\"@type\":\"WebSite\",\"@id\":\"https:\/\/archive.iask.hu\/en\/#website\",\"url\":\"https:\/\/archive.iask.hu\/en\/\",\"name\":\"iASK - Fels\\u0151bbfok\\u00fa Tanulm\\u00e1nyok Int\\u00e9zete, K\\u0151szeg\",\"description\":\"Az Int\\u00e9zet c\\u00e9lja, hogy egy\\u00fcv\\u00e9 szervezze a szellemileg nyitott, b\\u00e1tor, egym\\u00e1ssal egy\\u00fcttm\\u0171k\\u00f6dni k\\u00edv\\u00e1n\\u00f3, alkot\\u00f3 \\u00e9s gondolkod\\u00f3 szakembereket \\u00e9s tud\\u00f3sokat.\",\"potentialAction\":[{\"@type\":\"SearchAction\",\"target\":{\"@type\":\"EntryPoint\",\"urlTemplate\":\"https:\/\/archive.iask.hu\/en\/?s={search_term_string}\"},\"query-input\":\"required name=search_term_string\"}],\"inLanguage\":\"hu\"},{\"@type\":\"WebPage\",\"@id\":\"https:\/\/archive.iask.hu\/hu\/kraft-kozpont\/fenntarthato-uzleti-modellek\/#webpage\",\"url\":\"https:\/\/archive.iask.hu\/hu\/kraft-kozpont\/fenntarthato-uzleti-modellek\/\",\"name\":\"Fenntarthat\\u00f3 \\u00fczleti modellek - iASK - Fels\\u0151bbfok\\u00fa Tanulm\\u00e1nyok Int\\u00e9zete, K\\u0151szeg\",\"isPartOf\":{\"@id\":\"https:\/\/archive.iask.hu\/en\/#website\"},\"datePublished\":\"2018-03-21T10:29:59+00:00\",\"dateModified\":\"2019-01-17T09:28:22+00:00\",\"breadcrumb\":{\"@id\":\"https:\/\/archive.iask.hu\/hu\/kraft-kozpont\/fenntarthato-uzleti-modellek\/#breadcrumb\"},\"inLanguage\":\"hu\",\"potentialAction\":[{\"@type\":\"ReadAction\",\"target\":[\"https:\/\/archive.iask.hu\/hu\/kraft-kozpont\/fenntarthato-uzleti-modellek\/\"]}]},{\"@type\":\"BreadcrumbList\",\"@id\":\"https:\/\/archive.iask.hu\/hu\/kraft-kozpont\/fenntarthato-uzleti-modellek\/#breadcrumb\",\"itemListElement\":[{\"@type\":\"ListItem\",\"position\":1,\"name\":\"Home\",\"item\":\"https:\/\/archive.iask.hu\/en\/\"},{\"@type\":\"ListItem\",\"position\":2,\"name\":\"KRAFT Centre\",\"item\":\"https:\/\/archive.iask.hu\/en\/kraft-centre\/\"},{\"@type\":\"ListItem\",\"position\":3,\"name\":\"Fenntarthat\\u00f3 \\u00fczleti modellek\"}]}]}<\/script>\n<!-- \/ Yoast SEO plugin. -->","yoast_head_json":{"title":"Fenntarthat\u00f3 \u00fczleti modellek - iASK - Fels\u0151bbfok\u00fa Tanulm\u00e1nyok Int\u00e9zete, K\u0151szeg","robots":{"index":"index","follow":"follow","max-snippet":"max-snippet:-1","max-image-preview":"max-image-preview:large","max-video-preview":"max-video-preview:-1"},"canonical":"https:\/\/archive.iask.hu\/hu\/kraft-kozpont\/fenntarthato-uzleti-modellek\/","og_locale":"hu_HU","og_type":"article","og_title":"Fenntarthat\u00f3 \u00fczleti modellek - iASK - Fels\u0151bbfok\u00fa Tanulm\u00e1nyok Int\u00e9zete, K\u0151szeg","og_description":"Az \u00fczleti szf\u00e9r\u00e1ban az elm\u00falt \u00e9vekben bek\u00f6vetkezett v\u00e1ltoz\u00e1sok \u00faj megold\u00e1sokhoz vezettek. Ezt a folyamatot az inform\u00e1ci\u00f3s technol\u00f3gi\u00e1k folytonos meg\u00fajul\u00e1sa, a m\u0171szaki innov\u00e1ci\u00f3k gyors elterjed\u00e9se, a v\u00e1llalatok tev\u00e9kenys\u00e9ge \u00e1ltal el\u00e9rt t\u00e1rsadalmi csoportok elv\u00e1r\u00e1sa is sietteti. A gyorsul\u00f3 fejl\u0151d\u00e9s mellett a v\u00e1ltoz\u00e1s radik\u00e1lisabb form\u00e1i is megjelentek. Ezek felt\u0171n\u00e9se megk\u00e9rd\u0151jelezte az egyes ipar\u00e1gak m\u0171k\u00f6d\u00e9s\u00e9re jellemz\u0151 \u00e1ltal\u00e1nos felfog\u00e1sokat \u00e9s&hellip;","og_url":"https:\/\/archive.iask.hu\/hu\/kraft-kozpont\/fenntarthato-uzleti-modellek\/","og_site_name":"iASK - Fels\u0151bbfok\u00fa Tanulm\u00e1nyok Int\u00e9zete, K\u0151szeg","article_modified_time":"2019-01-17T09:28:22+00:00","twitter_card":"summary_large_image","twitter_misc":{"Becs\u00fclt olvas\u00e1si id\u0151":"4 perc"},"schema":{"@context":"https:\/\/schema.org","@graph":[{"@type":"WebSite","@id":"https:\/\/archive.iask.hu\/en\/#website","url":"https:\/\/archive.iask.hu\/en\/","name":"iASK - Fels\u0151bbfok\u00fa Tanulm\u00e1nyok Int\u00e9zete, K\u0151szeg","description":"Az Int\u00e9zet c\u00e9lja, hogy egy\u00fcv\u00e9 szervezze a szellemileg nyitott, b\u00e1tor, egym\u00e1ssal egy\u00fcttm\u0171k\u00f6dni k\u00edv\u00e1n\u00f3, alkot\u00f3 \u00e9s gondolkod\u00f3 szakembereket \u00e9s tud\u00f3sokat.","potentialAction":[{"@type":"SearchAction","target":{"@type":"EntryPoint","urlTemplate":"https:\/\/archive.iask.hu\/en\/?s={search_term_string}"},"query-input":"required name=search_term_string"}],"inLanguage":"hu"},{"@type":"WebPage","@id":"https:\/\/archive.iask.hu\/hu\/kraft-kozpont\/fenntarthato-uzleti-modellek\/#webpage","url":"https:\/\/archive.iask.hu\/hu\/kraft-kozpont\/fenntarthato-uzleti-modellek\/","name":"Fenntarthat\u00f3 \u00fczleti modellek - iASK - Fels\u0151bbfok\u00fa Tanulm\u00e1nyok Int\u00e9zete, K\u0151szeg","isPartOf":{"@id":"https:\/\/archive.iask.hu\/en\/#website"},"datePublished":"2018-03-21T10:29:59+00:00","dateModified":"2019-01-17T09:28:22+00:00","breadcrumb":{"@id":"https:\/\/archive.iask.hu\/hu\/kraft-kozpont\/fenntarthato-uzleti-modellek\/#breadcrumb"},"inLanguage":"hu","potentialAction":[{"@type":"ReadAction","target":["https:\/\/archive.iask.hu\/hu\/kraft-kozpont\/fenntarthato-uzleti-modellek\/"]}]},{"@type":"BreadcrumbList","@id":"https:\/\/archive.iask.hu\/hu\/kraft-kozpont\/fenntarthato-uzleti-modellek\/#breadcrumb","itemListElement":[{"@type":"ListItem","position":1,"name":"Home","item":"https:\/\/archive.iask.hu\/en\/"},{"@type":"ListItem","position":2,"name":"KRAFT Centre","item":"https:\/\/archive.iask.hu\/en\/kraft-centre\/"},{"@type":"ListItem","position":3,"name":"Fenntarthat\u00f3 \u00fczleti modellek"}]}]}},"_links":{"self":[{"href":"https:\/\/archive.iask.hu\/hu\/wp-json\/wp\/v2\/pages\/8688"}],"collection":[{"href":"https:\/\/archive.iask.hu\/hu\/wp-json\/wp\/v2\/pages"}],"about":[{"href":"https:\/\/archive.iask.hu\/hu\/wp-json\/wp\/v2\/types\/page"}],"author":[{"embeddable":true,"href":"https:\/\/archive.iask.hu\/hu\/wp-json\/wp\/v2\/users\/209"}],"replies":[{"embeddable":true,"href":"https:\/\/archive.iask.hu\/hu\/wp-json\/wp\/v2\/comments?post=8688"}],"version-history":[{"count":3,"href":"https:\/\/archive.iask.hu\/hu\/wp-json\/wp\/v2\/pages\/8688\/revisions"}],"predecessor-version":[{"id":12346,"href":"https:\/\/archive.iask.hu\/hu\/wp-json\/wp\/v2\/pages\/8688\/revisions\/12346"}],"up":[{"embeddable":true,"href":"https:\/\/archive.iask.hu\/hu\/wp-json\/wp\/v2\/pages\/2093"}],"wp:attachment":[{"href":"https:\/\/archive.iask.hu\/hu\/wp-json\/wp\/v2\/media?parent=8688"}],"curies":[{"name":"wp","href":"https:\/\/api.w.org\/{rel}","templated":true}]}}