{"id":8692,"date":"2018-03-21T10:40:14","date_gmt":"2018-03-21T10:40:14","guid":{"rendered":"https:\/\/archive.iask.hu\/hu?page_id=8692&#038;preview_id=8692"},"modified":"2020-09-18T12:26:14","modified_gmt":"2020-09-18T10:26:14","slug":"creative-cities-sustainable-regions-3","status":"publish","type":"page","link":"https:\/\/archive.iask.hu\/hu\/kraft-kozpont\/regionalis-es-hatarmenti-fejlesztesek\/","title":{"rendered":"Region\u00e1lis \u00e9s hat\u00e1rmenti fejleszt\u00e9sek"},"content":{"rendered":"<p>A globaliz\u00e1ci\u00f3nak sok negat\u00edv hat\u00e1sa van: az egyik ezek k\u00f6z\u00fcl, hogy a fejlett orsz\u00e1gok v\u00e1rosainak lakoss\u00e1gsz\u00e1ma folyamatosan cs\u00f6kken. A vil\u00e1gm\u00e9ret\u0171 verseny Magyarorsz\u00e1gon is \u00e9rezteti a hat\u00e1s\u00e1t, \u00e9s n\u00e9h\u00e1ny nagyv\u00e1ros kiv\u00e9tel\u00e9vel szinte valamennyi telep\u00fcl\u00e9s \u00e9rzi ennek k\u00f6vetkezm\u00e9nyeit; ami t\u00f6bbek k\u00f6z\u00f6tt a fiatalok elv\u00e1ndorl\u00e1s\u00e1ban \u00e9s a kisv\u00e1rosok ir\u00e1nti \u00e9rdekl\u0151d\u00e9s cs\u00f6kken\u00e9s\u00e9ben is megmutatkozik.<\/p>\n<p>Kutat\u00f3csoportunk a Pannon Egyetem \u00e9rdekelts\u00e9gi k\u00f6r\u00e9be tartoz\u00f3 kis- \u00e9s k\u00f6z\u00e9pv\u00e1rosok (Keszthely, K\u0151szeg, Nagykanizsa, P\u00e1pa, Tata, Zalaegerszeg) sz\u00f6vets\u00e9ge, a Pannon V\u00e1rosok Sz\u00f6vets\u00e9ge k\u00f6r\u00e9ben v\u00e9gzett kutat\u00e1sokat. Arra kereste a v\u00e1laszt, vajon mi lehet az egyes v\u00e1rosok siker\u00e9nek kulcsa, mivel tudn\u00e1nak vonz\u00f3k maradni a fiatalok sz\u00e1m\u00e1ra, \u00e9s hogyan tudn\u00e1nak talpon maradni a ki\u00e9lezett versenyhelyzetben.<\/p>\n<p>A kutat\u00e1sok h\u00e1rom ter\u00fcletre koncentr\u00e1ltak:<\/p>\n<ul>\n<li>a v\u00e1rosok k\u00f6z\u00f6tti egy\u00fcttm\u0171k\u00f6d\u00e9sek,<\/li>\n<li>a telep\u00fcl\u00e9si identit\u00e1s, valamint<\/li>\n<li>a fiatalok v\u00e1rosban tart\u00e1s\u00e1nak m\u00f3dszereire<\/li>\n<\/ul>\n<p>A kutat\u00e1sok els\u0151 csoportja a telep\u00fcl\u00e9sek k\u00f6z\u00f6tti egy\u00fcttm\u0171k\u00f6d\u00e9sekre f\u00f3kusz\u00e1l. A metropoliszok, v\u00e1rosok, falvak az egym\u00e1ssal t\u00f6rt\u00e9n\u0151 kooper\u00e1ci\u00f3 el\u0151nyeit m\u00e1r r\u00e9gen felismert\u00e9k: rendk\u00edv\u00fcl v\u00e1ltozatos m\u00f3don fognak \u00f6ssze, \u00e9s t\u00f6m\u00f6r\u00fclnek sz\u00f6vets\u00e9gekbe szerte a vil\u00e1gban. Megvizsg\u00e1ltuk, hogy milyen m\u00f3don, milyen t\u00edpus\u00fa, milyen szerepl\u0151kkel kieg\u00e9sz\u00edtett egy\u00fcttm\u0171k\u00f6d\u00e9sek l\u00e9teznek, melyek a sikeres kooper\u00e1ci\u00f3k n\u00e9lk\u00fcl\u00f6zhetetlen kell\u00e9kei. Kutat\u00e1sunkban kit\u00e9rt\u00fcnk a testv\u00e9rtelep\u00fcl\u00e9si kapcsolatok analiz\u00e1l\u00e1s\u00e1ra is \u2013 amelyek a v\u00e1rosok k\u00f6z\u00f6tti egy\u00fcttm\u0171k\u00f6d\u00e9sek els\u0151 tipikus fajt\u00e1i voltak -, hiszen a benn\u00fck rejl\u0151 tapasztalatok \u00e9s tanuls\u00e1gok a j\u00f6v\u0151 kapcsolati h\u00e1l\u00f3j\u00e1nak \u00e9p\u00edt\u00e9sekor kardin\u00e1lis jelent\u0151s\u00e9g\u0171ek. Emellett a projektkapcsolatok elemz\u00e9se sem maradhatott el, amelyek a jelenkor jellemz\u0151 egy\u00fcttm\u0171k\u00f6d\u00e9si form\u00e1j\u00e1nak is tekinthet\u0151ek.<\/p>\n<p>Sajnos \u00e1ltal\u00e1nos tapasztalatk\u00e9nt \u00e1llap\u00edthat\u00f3 meg \u2013 n\u00e9h\u00e1ny kiv\u00e9telt\u0151l eltekintve -, hogy haz\u00e1nkban m\u00e9g nincs igaz\u00e1n fejlett kult\u00far\u00e1ja a telep\u00fcl\u00e9sek k\u00f6z\u00f6tti egy\u00fcttm\u0171k\u00f6d\u00e9seknek, hiszen a potenci\u00e1lis partnerek sokszor riv\u00e1lisk\u00e9nt tekintenek egym\u00e1sra. \u00cdgy m\u00e9g lenne hov\u00e1 fejl\u0151dnie a kooper\u00e1ci\u00f3nak; hiszen k\u00edv\u00fclr\u0151l n\u00e9zve ugyan sok a v\u00e1rosok egy\u00fcttm\u0171k\u00f6d\u0151 partnertelep\u00fcl\u00e9se; de a val\u00f3di, hossz\u00fat\u00e1v\u00fa strat\u00e9gi\u00e1n alapul\u00f3 kooper\u00e1ci\u00f3 sz\u00e1ma csek\u00e9ly. Az elm\u00e9leti kutat\u00e1sok mellett a m\u00e1r eml\u00edtett Pannon V\u00e1rosok Sz\u00f6vets\u00e9ge \u00fajj\u00e1szervez\u00e9s\u00e9nek, revitaliz\u00e1ci\u00f3j\u00e1nak t\u00e1mogat\u00e1sa \u00e9rdek\u00e9ben azonos\u00edt\u00e1sra ker\u00fcltek a k\u00f6z\u00f6s probl\u00e9m\u00e1k, telep\u00fcl\u00e9sek el\u0151tt \u00e1ll\u00f3, megoldand\u00f3 kih\u00edv\u00e1sok, amelyek az egy\u00fcttm\u0171k\u00f6d\u00e9s kit\u0171n\u0151 fel\u00fcletei lehetnek. Ennek f\u00e9ny\u00e9ben k\u00f6z\u00f6s ir\u00e1nyvonalak megrajzol\u00e1s\u00e1ra is sor ker\u00fclt, amelyek a j\u00f6v\u0151ben k\u00f6z\u00f6s projektekben is testet \u00f6lthetnek.<\/p>\n<p>A kutat\u00e1sok m\u00e1sik f\u00f3kuszpontja az identit\u00e1s t\u00e9mak\u00f6re: Az\u00e1ltal, hogy er\u0151s\u00edtj\u00fck a v\u00e1roslak\u00f3k telep\u00fcl\u00e9si identit\u00e1s\u00e1t, a v\u00e1roshoz val\u00f3 k\u00f6t\u0151d\u00e9s\u00fck n\u0151; ez pedig el\u0151seg\u00edtheti a fiatalok helyben tart\u00e1s\u00e1t, illetve visszat\u00e9r\u00e9s\u00e9t, visszah\u00edv\u00e1s\u00e1t sz\u00fcl\u0151v\u00e1rosukba.<\/p>\n<p>A k\u00f6t\u0151d\u00e9s, identit\u00e1s er\u0151s\u00edt\u00e9se lehet az egyik eszk\u00f6ze a fiatalok helyben tart\u00e1s\u00e1nak, vagy a k\u00e9s\u0151bbi hazah\u00edv\u00e1s\u00e1nak.<\/p>\n<p>A harmadik kutat\u00e1si csom\u00f3pont pedig a fiatalok megtart\u00e1s\u00e1nak probl\u00e9mak\u00f6re: annak a felt\u00e1r\u00e1sa, hogy a 21. sz\u00e1zad fiataljai sz\u00e1m\u00e1ra mi tesz egy telep\u00fcl\u00e9st vonz\u00f3v\u00e1; \u00e9s azt milyen m\u00f3don tudja el\u0151seg\u00edteni a helyi vezet\u00e9s.<\/p>\n<p>Ahogy a term\u00e9szet \u00e1ltal meghat\u00e1rozott egys\u00e9gek, t\u00e9rs\u00e9gek, \u00fagyis mint pl. Zempl\u00e9n, Alf\u00f6ld, a Mura foly\u00f3 vid\u00e9ke nem igazodik az \u00e1llamigazgat\u00e1si hat\u00e1rokhoz, \u00fagy a kl\u00edmapolitikai int\u00e9zked\u00e9seknek figyelembe kell venni a term\u00e9szeti t\u00e1jak tagol\u00f3d\u00e1s\u00e1t, amely a hat\u00e1rmenti t\u00e9rs\u00e9gekre fokozott feladatokat eredm\u00e9nyez. At iASK-FTI \u00e1ltal a ter\u00fcleten v\u00e9gzett kutat\u00e1sok r\u00e1mutattak a t\u00e9rs\u00e9gi k\u00f6rnyezetmin\u0151s\u00e9g n\u00e9pess\u00e9gmegtart\u00f3 hat\u00e1s\u00e1ra, valamint arra, hogy az emberek k\u00e9szek a kl\u00edmav\u00e1ltoz\u00e1s k\u00e1ros hat\u00e1sainak cs\u00f6kkent\u00e9s\u00e9\u00e9rt tenni &#8211; ehhez van sz\u00fcks\u00e9g a t\u00e9rs\u00e9g lak\u00f3it, v\u00e1llalkoz\u00e1sait, civil szervezeteit \u00e9s oktat\u00e1si int\u00e9zm\u00e9nyeit egybef\u00fcgg\u0151 kl\u00edmapolitikai int\u00e9zked\u00e9sre.<\/p>\n<p>2018-ban a Nagykanizsa-Muraf\u00f6lde r\u00e9gi\u00f3ra vonatkoz\u00f3an k\u00e9sz\u00fclt el a KRAFT m\u00f3dszertan m\u00e1sodik tesztel\u00e9se, melyr\u0151l a vezet\u0151i \u00f6sszefoglal\u00f3 <a href=\"http:\/\/archive.iask.hu\/wp-content\/uploads\/2002\/07\/nagykanizsa_mura_jelentes_vezetoi_osszefoglalo.pdf\">itt<\/a> olvashat\u00f3.<\/p>","protected":false},"excerpt":{"rendered":"<p>A globaliz\u00e1ci\u00f3nak sok negat\u00edv hat\u00e1sa van: az egyik ezek k\u00f6z\u00fcl, hogy a fejlett orsz\u00e1gok v\u00e1rosainak lakoss\u00e1gsz\u00e1ma folyamatosan cs\u00f6kken. A vil\u00e1gm\u00e9ret\u0171 verseny Magyarorsz\u00e1gon is \u00e9rezteti a hat\u00e1s\u00e1t, \u00e9s n\u00e9h\u00e1ny nagyv\u00e1ros kiv\u00e9tel\u00e9vel szinte valamennyi telep\u00fcl\u00e9s \u00e9rzi ennek k\u00f6vetkezm\u00e9nyeit; ami t\u00f6bbek k\u00f6z\u00f6tt a fiatalok elv\u00e1ndorl\u00e1s\u00e1ban \u00e9s a kisv\u00e1rosok ir\u00e1nti \u00e9rdekl\u0151d\u00e9s cs\u00f6kken\u00e9s\u00e9ben is megmutatkozik. Kutat\u00f3csoportunk a Pannon Egyetem \u00e9rdekelts\u00e9gi&hellip;<\/p>\n","protected":false},"author":209,"featured_media":0,"parent":2093,"menu_order":64,"comment_status":"closed","ping_status":"closed","template":"","meta":{"footnotes":""},"yoast_head":"<!-- This site is optimized with the Yoast SEO plugin v16.7 - https:\/\/yoast.com\/wordpress\/plugins\/seo\/ -->\n<title>Region\u00e1lis \u00e9s hat\u00e1rmenti fejleszt\u00e9sek - iASK - Fels\u0151bbfok\u00fa Tanulm\u00e1nyok Int\u00e9zete, K\u0151szeg<\/title>\n<meta name=\"robots\" content=\"index, follow, max-snippet:-1, max-image-preview:large, max-video-preview:-1\" \/>\n<link rel=\"canonical\" href=\"https:\/\/archive.iask.hu\/hu\/kraft-kozpont\/regionalis-es-hatarmenti-fejlesztesek\/\" \/>\n<meta property=\"og:locale\" content=\"hu_HU\" \/>\n<meta property=\"og:type\" content=\"article\" \/>\n<meta property=\"og:title\" content=\"Region\u00e1lis \u00e9s hat\u00e1rmenti fejleszt\u00e9sek - iASK - Fels\u0151bbfok\u00fa Tanulm\u00e1nyok Int\u00e9zete, K\u0151szeg\" \/>\n<meta property=\"og:description\" content=\"A globaliz\u00e1ci\u00f3nak sok negat\u00edv hat\u00e1sa van: az egyik ezek k\u00f6z\u00fcl, hogy a fejlett orsz\u00e1gok v\u00e1rosainak lakoss\u00e1gsz\u00e1ma folyamatosan cs\u00f6kken. A vil\u00e1gm\u00e9ret\u0171 verseny Magyarorsz\u00e1gon is \u00e9rezteti a hat\u00e1s\u00e1t, \u00e9s n\u00e9h\u00e1ny nagyv\u00e1ros kiv\u00e9tel\u00e9vel szinte valamennyi telep\u00fcl\u00e9s \u00e9rzi ennek k\u00f6vetkezm\u00e9nyeit; ami t\u00f6bbek k\u00f6z\u00f6tt a fiatalok elv\u00e1ndorl\u00e1s\u00e1ban \u00e9s a kisv\u00e1rosok ir\u00e1nti \u00e9rdekl\u0151d\u00e9s cs\u00f6kken\u00e9s\u00e9ben is megmutatkozik. Kutat\u00f3csoportunk a Pannon Egyetem \u00e9rdekelts\u00e9gi&hellip;\" \/>\n<meta property=\"og:url\" content=\"https:\/\/archive.iask.hu\/hu\/kraft-kozpont\/regionalis-es-hatarmenti-fejlesztesek\/\" \/>\n<meta property=\"og:site_name\" content=\"iASK - Fels\u0151bbfok\u00fa Tanulm\u00e1nyok Int\u00e9zete, K\u0151szeg\" \/>\n<meta property=\"article:modified_time\" content=\"2020-09-18T10:26:14+00:00\" \/>\n<meta name=\"twitter:card\" content=\"summary_large_image\" \/>\n<meta name=\"twitter:label1\" content=\"Becs\u00fclt olvas\u00e1si id\u0151\" \/>\n\t<meta name=\"twitter:data1\" content=\"7 perc\" \/>\n<script type=\"application\/ld+json\" class=\"yoast-schema-graph\">{\"@context\":\"https:\/\/schema.org\",\"@graph\":[{\"@type\":\"WebSite\",\"@id\":\"https:\/\/archive.iask.hu\/en\/#website\",\"url\":\"https:\/\/archive.iask.hu\/en\/\",\"name\":\"iASK - Fels\\u0151bbfok\\u00fa Tanulm\\u00e1nyok Int\\u00e9zete, K\\u0151szeg\",\"description\":\"Az Int\\u00e9zet c\\u00e9lja, hogy egy\\u00fcv\\u00e9 szervezze a szellemileg nyitott, b\\u00e1tor, egym\\u00e1ssal egy\\u00fcttm\\u0171k\\u00f6dni k\\u00edv\\u00e1n\\u00f3, alkot\\u00f3 \\u00e9s gondolkod\\u00f3 szakembereket \\u00e9s tud\\u00f3sokat.\",\"potentialAction\":[{\"@type\":\"SearchAction\",\"target\":{\"@type\":\"EntryPoint\",\"urlTemplate\":\"https:\/\/archive.iask.hu\/en\/?s={search_term_string}\"},\"query-input\":\"required name=search_term_string\"}],\"inLanguage\":\"hu\"},{\"@type\":\"WebPage\",\"@id\":\"https:\/\/archive.iask.hu\/hu\/kraft-kozpont\/regionalis-es-hatarmenti-fejlesztesek\/#webpage\",\"url\":\"https:\/\/archive.iask.hu\/hu\/kraft-kozpont\/regionalis-es-hatarmenti-fejlesztesek\/\",\"name\":\"Region\\u00e1lis \\u00e9s hat\\u00e1rmenti fejleszt\\u00e9sek - iASK - Fels\\u0151bbfok\\u00fa Tanulm\\u00e1nyok Int\\u00e9zete, K\\u0151szeg\",\"isPartOf\":{\"@id\":\"https:\/\/archive.iask.hu\/en\/#website\"},\"datePublished\":\"2018-03-21T10:40:14+00:00\",\"dateModified\":\"2020-09-18T10:26:14+00:00\",\"breadcrumb\":{\"@id\":\"https:\/\/archive.iask.hu\/hu\/kraft-kozpont\/regionalis-es-hatarmenti-fejlesztesek\/#breadcrumb\"},\"inLanguage\":\"hu\",\"potentialAction\":[{\"@type\":\"ReadAction\",\"target\":[\"https:\/\/archive.iask.hu\/hu\/kraft-kozpont\/regionalis-es-hatarmenti-fejlesztesek\/\"]}]},{\"@type\":\"BreadcrumbList\",\"@id\":\"https:\/\/archive.iask.hu\/hu\/kraft-kozpont\/regionalis-es-hatarmenti-fejlesztesek\/#breadcrumb\",\"itemListElement\":[{\"@type\":\"ListItem\",\"position\":1,\"name\":\"Home\",\"item\":\"https:\/\/archive.iask.hu\/en\/\"},{\"@type\":\"ListItem\",\"position\":2,\"name\":\"KRAFT Centre\",\"item\":\"https:\/\/archive.iask.hu\/en\/kraft-centre\/\"},{\"@type\":\"ListItem\",\"position\":3,\"name\":\"Region\\u00e1lis \\u00e9s hat\\u00e1rmenti fejleszt\\u00e9sek\"}]}]}<\/script>\n<!-- \/ Yoast SEO plugin. -->","yoast_head_json":{"title":"Region\u00e1lis \u00e9s hat\u00e1rmenti fejleszt\u00e9sek - iASK - Fels\u0151bbfok\u00fa Tanulm\u00e1nyok Int\u00e9zete, K\u0151szeg","robots":{"index":"index","follow":"follow","max-snippet":"max-snippet:-1","max-image-preview":"max-image-preview:large","max-video-preview":"max-video-preview:-1"},"canonical":"https:\/\/archive.iask.hu\/hu\/kraft-kozpont\/regionalis-es-hatarmenti-fejlesztesek\/","og_locale":"hu_HU","og_type":"article","og_title":"Region\u00e1lis \u00e9s hat\u00e1rmenti fejleszt\u00e9sek - iASK - Fels\u0151bbfok\u00fa Tanulm\u00e1nyok Int\u00e9zete, K\u0151szeg","og_description":"A globaliz\u00e1ci\u00f3nak sok negat\u00edv hat\u00e1sa van: az egyik ezek k\u00f6z\u00fcl, hogy a fejlett orsz\u00e1gok v\u00e1rosainak lakoss\u00e1gsz\u00e1ma folyamatosan cs\u00f6kken. A vil\u00e1gm\u00e9ret\u0171 verseny Magyarorsz\u00e1gon is \u00e9rezteti a hat\u00e1s\u00e1t, \u00e9s n\u00e9h\u00e1ny nagyv\u00e1ros kiv\u00e9tel\u00e9vel szinte valamennyi telep\u00fcl\u00e9s \u00e9rzi ennek k\u00f6vetkezm\u00e9nyeit; ami t\u00f6bbek k\u00f6z\u00f6tt a fiatalok elv\u00e1ndorl\u00e1s\u00e1ban \u00e9s a kisv\u00e1rosok ir\u00e1nti \u00e9rdekl\u0151d\u00e9s cs\u00f6kken\u00e9s\u00e9ben is megmutatkozik. Kutat\u00f3csoportunk a Pannon Egyetem \u00e9rdekelts\u00e9gi&hellip;","og_url":"https:\/\/archive.iask.hu\/hu\/kraft-kozpont\/regionalis-es-hatarmenti-fejlesztesek\/","og_site_name":"iASK - Fels\u0151bbfok\u00fa Tanulm\u00e1nyok Int\u00e9zete, K\u0151szeg","article_modified_time":"2020-09-18T10:26:14+00:00","twitter_card":"summary_large_image","twitter_misc":{"Becs\u00fclt olvas\u00e1si id\u0151":"7 perc"},"schema":{"@context":"https:\/\/schema.org","@graph":[{"@type":"WebSite","@id":"https:\/\/archive.iask.hu\/en\/#website","url":"https:\/\/archive.iask.hu\/en\/","name":"iASK - Fels\u0151bbfok\u00fa Tanulm\u00e1nyok Int\u00e9zete, K\u0151szeg","description":"Az Int\u00e9zet c\u00e9lja, hogy egy\u00fcv\u00e9 szervezze a szellemileg nyitott, b\u00e1tor, egym\u00e1ssal egy\u00fcttm\u0171k\u00f6dni k\u00edv\u00e1n\u00f3, alkot\u00f3 \u00e9s gondolkod\u00f3 szakembereket \u00e9s tud\u00f3sokat.","potentialAction":[{"@type":"SearchAction","target":{"@type":"EntryPoint","urlTemplate":"https:\/\/archive.iask.hu\/en\/?s={search_term_string}"},"query-input":"required name=search_term_string"}],"inLanguage":"hu"},{"@type":"WebPage","@id":"https:\/\/archive.iask.hu\/hu\/kraft-kozpont\/regionalis-es-hatarmenti-fejlesztesek\/#webpage","url":"https:\/\/archive.iask.hu\/hu\/kraft-kozpont\/regionalis-es-hatarmenti-fejlesztesek\/","name":"Region\u00e1lis \u00e9s hat\u00e1rmenti fejleszt\u00e9sek - iASK - Fels\u0151bbfok\u00fa Tanulm\u00e1nyok Int\u00e9zete, K\u0151szeg","isPartOf":{"@id":"https:\/\/archive.iask.hu\/en\/#website"},"datePublished":"2018-03-21T10:40:14+00:00","dateModified":"2020-09-18T10:26:14+00:00","breadcrumb":{"@id":"https:\/\/archive.iask.hu\/hu\/kraft-kozpont\/regionalis-es-hatarmenti-fejlesztesek\/#breadcrumb"},"inLanguage":"hu","potentialAction":[{"@type":"ReadAction","target":["https:\/\/archive.iask.hu\/hu\/kraft-kozpont\/regionalis-es-hatarmenti-fejlesztesek\/"]}]},{"@type":"BreadcrumbList","@id":"https:\/\/archive.iask.hu\/hu\/kraft-kozpont\/regionalis-es-hatarmenti-fejlesztesek\/#breadcrumb","itemListElement":[{"@type":"ListItem","position":1,"name":"Home","item":"https:\/\/archive.iask.hu\/en\/"},{"@type":"ListItem","position":2,"name":"KRAFT Centre","item":"https:\/\/archive.iask.hu\/en\/kraft-centre\/"},{"@type":"ListItem","position":3,"name":"Region\u00e1lis \u00e9s hat\u00e1rmenti fejleszt\u00e9sek"}]}]}},"_links":{"self":[{"href":"https:\/\/archive.iask.hu\/hu\/wp-json\/wp\/v2\/pages\/8692"}],"collection":[{"href":"https:\/\/archive.iask.hu\/hu\/wp-json\/wp\/v2\/pages"}],"about":[{"href":"https:\/\/archive.iask.hu\/hu\/wp-json\/wp\/v2\/types\/page"}],"author":[{"embeddable":true,"href":"https:\/\/archive.iask.hu\/hu\/wp-json\/wp\/v2\/users\/209"}],"replies":[{"embeddable":true,"href":"https:\/\/archive.iask.hu\/hu\/wp-json\/wp\/v2\/comments?post=8692"}],"version-history":[{"count":6,"href":"https:\/\/archive.iask.hu\/hu\/wp-json\/wp\/v2\/pages\/8692\/revisions"}],"predecessor-version":[{"id":18593,"href":"https:\/\/archive.iask.hu\/hu\/wp-json\/wp\/v2\/pages\/8692\/revisions\/18593"}],"up":[{"embeddable":true,"href":"https:\/\/archive.iask.hu\/hu\/wp-json\/wp\/v2\/pages\/2093"}],"wp:attachment":[{"href":"https:\/\/archive.iask.hu\/hu\/wp-json\/wp\/v2\/media?parent=8692"}],"curies":[{"name":"wp","href":"https:\/\/api.w.org\/{rel}","templated":true}]}}