{"id":9181,"date":"2018-04-17T11:49:08","date_gmt":"2018-04-17T11:49:08","guid":{"rendered":"https:\/\/archive.iask.hu\/hu\/?page_id=9181"},"modified":"2021-05-04T15:40:26","modified_gmt":"2021-05-04T13:40:26","slug":"hangzo-varos-fesztival","status":"publish","type":"page","link":"https:\/\/archive.iask.hu\/hu\/hankiss-kozpont\/collegium-sonorum\/hangzo-varos-fesztival\/","title":{"rendered":"Hangz\u00f3 V\u00e1ros Fesztiv\u00e1l K\u0151szeg"},"content":{"rendered":"<p><\/p>\n<h5><img loading=\"lazy\" decoding=\"async\" class=\"alignnone wp-image-9741 \" src=\"http:\/\/archive.iask.hu\/wp-content\/uploads\/2018\/05\/hv_9127-1024x683.jpg\" alt=\"\" width=\"563\" height=\"375\" srcset=\"https:\/\/archive.iask.hu\/wp-content\/uploads\/2018\/05\/hv_9127-1024x683.jpg 1024w, https:\/\/archive.iask.hu\/wp-content\/uploads\/2018\/05\/hv_9127-300x200.jpg 300w, https:\/\/archive.iask.hu\/wp-content\/uploads\/2018\/05\/hv_9127-768x512.jpg 768w, https:\/\/archive.iask.hu\/wp-content\/uploads\/2018\/05\/hv_9127-700x467.jpg 700w, https:\/\/archive.iask.hu\/wp-content\/uploads\/2018\/05\/hv_9127-400x267.jpg 400w, https:\/\/archive.iask.hu\/wp-content\/uploads\/2018\/05\/hv_9127-200x133.jpg 200w, https:\/\/archive.iask.hu\/wp-content\/uploads\/2018\/05\/hv_9127.jpg 1920w\" sizes=\"(max-width: 563px) 100vw, 563px\" \/><\/h5>\n<h5>A Hangz\u00f3 V\u00e1ros Fesztiv\u00e1l 2016. augusztus\u00e1ban indult. A rendezv\u00e9ny alc\u00edme <em>Udvari zenei fesztiv\u00e1l<\/em> volt. Az udvari zenei fesztiv\u00e1lt sz\u00f3 szerint kell \u00e9rteni, mivel azt az elk\u00e9pzel\u00e9st t\u00fckr\u00f6zi, mely szerint szerett\u00fck volna a zen\u00e9l\u00e9st kiszabad\u00edtani a hagyom\u00e1nyos koncerttermek falai k\u00f6z\u00fcl, valamint felszabad\u00edtani a front\u00e1lisan m\u0171k\u00f6d\u0151 p\u00f3dium-n\u00e9z\u0151t\u00e9r, el\u0151ad\u00f3m\u0171v\u00e9sz-k\u00f6z\u00f6ns\u00e9g strukt\u00far\u00e1kb\u00f3l.<\/h5>\n<p><img loading=\"lazy\" decoding=\"async\" class=\"alignnone wp-image-21512 \" src=\"http:\/\/archive.iask.hu\/wp-content\/uploads\/2021\/05\/hangzo_varos_plakat-2016-727x1024.jpg\" alt=\"\" width=\"561\" height=\"790\" srcset=\"https:\/\/archive.iask.hu\/wp-content\/uploads\/2021\/05\/hangzo_varos_plakat-2016-727x1024.jpg 727w, https:\/\/archive.iask.hu\/wp-content\/uploads\/2021\/05\/hangzo_varos_plakat-2016-213x300.jpg 213w, https:\/\/archive.iask.hu\/wp-content\/uploads\/2021\/05\/hangzo_varos_plakat-2016-768x1081.jpg 768w, https:\/\/archive.iask.hu\/wp-content\/uploads\/2021\/05\/hangzo_varos_plakat-2016-1091x1536.jpg 1091w, https:\/\/archive.iask.hu\/wp-content\/uploads\/2021\/05\/hangzo_varos_plakat-2016.jpg 1209w\" sizes=\"(max-width: 561px) 100vw, 561px\" \/><\/p>\n<p>Az esem\u00e9ny n\u00e9gy napon \u00e1t tartott, est\u00e9nk\u00e9nt k\u00e9t koncerttel \u00e9s napnyugta elo\u030btt interakt\u00edv \u201dhang\u00e1sz-m\u0171helyekkel\u201d, melyeket az este fell\u00e9po\u030b zenekarok tagjai biztos\u00edtottak.<\/p>\n<p><iframe loading=\"lazy\" title=\"YouTube video player\" src=\"https:\/\/www.youtube.com\/embed\/L1d6vbcValw\" width=\"560\" height=\"315\" frameborder=\"0\" allowfullscreen=\"allowfullscreen\"><\/iframe><\/p>\n<p>Ennek \u00e9rdek\u00e9ben kapusz\u00edneket, sik\u00e1torokat, vir\u00e1gos kerteket, v\u00e1r\u00e1rkokat \u00e9s k\u00f6ztereket t\u00f6lt\u00f6tt\u00fcnk meg az \u00e9l\u0151zene, vagy a h\u00e1zakhoz kompon\u00e1lt install\u00e1ci\u00f3k hangjaival. A n\u00e9z\u0151k pedig, legyenek azok helyiek vagy turist\u00e1k hangs\u00e9t\u00e1kat tehettek a belv\u00e1rosban.<\/p>\n<p><iframe loading=\"lazy\" title=\"YouTube video player\" src=\"https:\/\/www.youtube.com\/embed\/ZzFTSv1UfY4\" width=\"560\" height=\"315\" frameborder=\"0\" allowfullscreen=\"allowfullscreen\"><\/iframe><\/p>\n<p>K\u00e9sz Petra \u00e9s Ol\u00e1h Kriszti\u00e1n a Vuk\u00e1n jazz udvarban l\u00e9pett fel.<\/p>\n<p><iframe loading=\"lazy\" title=\"YouTube video player\" src=\"https:\/\/www.youtube.com\/embed\/2QttBuNK1Cw\" width=\"560\" height=\"315\" frameborder=\"0\" allowfullscreen=\"allowfullscreen\"><\/iframe><\/p>\n<p>Ehhez t\u00e1rsultak a Budapest Kort\u00e1rst\u00e1nc F\u0151iskola tan\u00e1rai \u00e9s hallgat\u00f3i, akik improvizat\u00edv \u00e9s a k\u00f6z\u00f6ns\u00e9get bevon\u00f3 koreogr\u00e1fi\u00e1kkal alak\u00edtott\u00e1k \u00e9s \u00e9rtelmezt\u00e9k a hanggal \u00e1tsz\u0151tt tereket.<\/p>\n<p><iframe loading=\"lazy\" title=\"YouTube video player\" src=\"https:\/\/www.youtube.com\/embed\/5yWCbbblZuQ\" width=\"560\" height=\"315\" frameborder=\"0\" allowfullscreen=\"allowfullscreen\"><\/iframe><\/p>\n<p>Az esti, m\u00e1r form\u00e1lisabb koncerteket is olyan el\u0151ad\u00f3k m\u0171soraib\u00f3l \u00e1ll\u00edtottuk \u00f6ssze, ahol rendre \u00f6sszhangra tal\u00e1lt a klasszikus \u00e9s improvizat\u00edv, a n\u00e9pi \u00e9s jazz zene.<\/p>\n<p><iframe loading=\"lazy\" title=\"YouTube video player\" src=\"https:\/\/www.youtube.com\/embed\/vk_Agrves6w\" width=\"560\" height=\"315\" frameborder=\"0\" allowfullscreen=\"allowfullscreen\"><\/iframe><\/p>\n<p>Az egyik kiemelt esem\u00e9ny Hannah Berger leg\u00fajabb vil\u00e1gzenei egy\u00fcttes\u00e9nek a Group Hanan koncertje volt. (Heidrich Roland \u2013 git\u00e1r, Gyulai Csaba- \u00fct\u0151hangszerek, Peng\u0151 Csaba \u2013 basszus git\u00e1r, Lantos Zolt\u00e1n- heged\u0171)<\/p>\n<p><iframe loading=\"lazy\" title=\"YouTube video player\" src=\"https:\/\/www.youtube.com\/embed\/7I9UG3HJyTQ\" width=\"560\" height=\"315\" frameborder=\"0\" allowfullscreen=\"allowfullscreen\"><\/iframe><\/p>\n<h5><\/h5>\n<h5><strong>A K\u0151szegen megrendez\u00e9sre ker\u00fclt Hangz\u00f3 V\u00e1ros esem\u00e9nyek r\u00e9szleteit az al\u00e1bbi linkeken tal\u00e1lj\u00e1k.<\/strong><\/h5>\n<p><strong><a href=\"http:\/\/archive.iask.hu\/wp-content\/uploads\/2002\/07\/hangzo-varos-2017-program.pdf?x51955\">Hangz\u00f3 V\u00e1ros 2017 <\/a><\/strong><\/p>\n<p><a href=\"https:\/\/archive.iask.hu\/hu\/hangzo-varos-nyari-zeneakademia-koszegen\/\"><strong>Hangz\u00f3 V\u00e1ros Ny\u00e1ri Zeneakad\u00e9mia 2018<\/strong><\/a><\/p>\n<p><strong><a href=\"https:\/\/archive.iask.hu\/hu\/hangzo-varos-nyari-zeneakademia-2019-koszeg\/\">Hangz\u00f3 V\u00e1ros Ny\u00e1ri Zeneakad\u00e9mia 2019<\/a><\/strong><\/p>\n<p><strong><a href=\"https:\/\/archive.iask.hu\/hu\/hangzo-varos-koszeg-2020\/\">Hangz\u00f3 V\u00e1ros Ny\u00e1ri Zeneakad\u00e9mia 2020<\/a><\/strong><\/p>\n<p>&nbsp;<\/p>\n<p>&nbsp;<\/p>\n<p>&nbsp;<\/p>","protected":false},"excerpt":{"rendered":"<p>A Hangz\u00f3 V\u00e1ros Fesztiv\u00e1l 2016. augusztus\u00e1ban indult. A rendezv\u00e9ny alc\u00edme Udvari zenei fesztiv\u00e1l volt. Az udvari zenei fesztiv\u00e1lt sz\u00f3 szerint kell \u00e9rteni, mivel azt az elk\u00e9pzel\u00e9st t\u00fckr\u00f6zi, mely szerint szerett\u00fck volna a zen\u00e9l\u00e9st kiszabad\u00edtani a hagyom\u00e1nyos koncerttermek falai k\u00f6z\u00fcl, valamint felszabad\u00edtani a front\u00e1lisan m\u0171k\u00f6d\u0151 p\u00f3dium-n\u00e9z\u0151t\u00e9r, el\u0151ad\u00f3m\u0171v\u00e9sz-k\u00f6z\u00f6ns\u00e9g strukt\u00far\u00e1kb\u00f3l. Az esem\u00e9ny n\u00e9gy napon \u00e1t tartott, est\u00e9nk\u00e9nt k\u00e9t&hellip;<\/p>\n","protected":false},"author":41,"featured_media":8894,"parent":6730,"menu_order":17,"comment_status":"closed","ping_status":"closed","template":"","meta":{"footnotes":""},"yoast_head":"<!-- This site is optimized with the Yoast SEO plugin v16.7 - https:\/\/yoast.com\/wordpress\/plugins\/seo\/ -->\n<title>Hangz\u00f3 V\u00e1ros Fesztiv\u00e1l K\u0151szeg - iASK - Fels\u0151bbfok\u00fa Tanulm\u00e1nyok Int\u00e9zete, K\u0151szeg<\/title>\n<meta name=\"robots\" content=\"index, follow, max-snippet:-1, max-image-preview:large, max-video-preview:-1\" \/>\n<link rel=\"canonical\" href=\"https:\/\/archive.iask.hu\/hu\/hankiss-kozpont\/collegium-sonorum\/hangzo-varos-fesztival\/\" \/>\n<meta property=\"og:locale\" content=\"hu_HU\" \/>\n<meta property=\"og:type\" content=\"article\" \/>\n<meta property=\"og:title\" content=\"Hangz\u00f3 V\u00e1ros Fesztiv\u00e1l K\u0151szeg - iASK - Fels\u0151bbfok\u00fa Tanulm\u00e1nyok Int\u00e9zete, K\u0151szeg\" \/>\n<meta property=\"og:description\" content=\"A Hangz\u00f3 V\u00e1ros Fesztiv\u00e1l 2016. augusztus\u00e1ban indult. A rendezv\u00e9ny alc\u00edme Udvari zenei fesztiv\u00e1l volt. Az udvari zenei fesztiv\u00e1lt sz\u00f3 szerint kell \u00e9rteni, mivel azt az elk\u00e9pzel\u00e9st t\u00fckr\u00f6zi, mely szerint szerett\u00fck volna a zen\u00e9l\u00e9st kiszabad\u00edtani a hagyom\u00e1nyos koncerttermek falai k\u00f6z\u00fcl, valamint felszabad\u00edtani a front\u00e1lisan m\u0171k\u00f6d\u0151 p\u00f3dium-n\u00e9z\u0151t\u00e9r, el\u0151ad\u00f3m\u0171v\u00e9sz-k\u00f6z\u00f6ns\u00e9g strukt\u00far\u00e1kb\u00f3l. Az esem\u00e9ny n\u00e9gy napon \u00e1t tartott, est\u00e9nk\u00e9nt k\u00e9t&hellip;\" \/>\n<meta property=\"og:url\" content=\"https:\/\/archive.iask.hu\/hu\/hankiss-kozpont\/collegium-sonorum\/hangzo-varos-fesztival\/\" \/>\n<meta property=\"og:site_name\" content=\"iASK - Fels\u0151bbfok\u00fa Tanulm\u00e1nyok Int\u00e9zete, K\u0151szeg\" \/>\n<meta property=\"article:modified_time\" content=\"2021-05-04T13:40:26+00:00\" \/>\n<meta property=\"og:image\" content=\"http:\/\/archive.iask.hu\/wp-content\/uploads\/2018\/04\/hangzo_varos_2017.png\" \/>\n\t<meta property=\"og:image:width\" content=\"558\" \/>\n\t<meta property=\"og:image:height\" content=\"554\" \/>\n<meta name=\"twitter:card\" content=\"summary_large_image\" \/>\n<meta name=\"twitter:label1\" content=\"Becs\u00fclt olvas\u00e1si id\u0151\" \/>\n\t<meta name=\"twitter:data1\" content=\"2 perc\" \/>\n<script type=\"application\/ld+json\" class=\"yoast-schema-graph\">{\"@context\":\"https:\/\/schema.org\",\"@graph\":[{\"@type\":\"WebSite\",\"@id\":\"https:\/\/archive.iask.hu\/en\/#website\",\"url\":\"https:\/\/archive.iask.hu\/en\/\",\"name\":\"iASK - Fels\\u0151bbfok\\u00fa Tanulm\\u00e1nyok Int\\u00e9zete, K\\u0151szeg\",\"description\":\"Az Int\\u00e9zet c\\u00e9lja, hogy egy\\u00fcv\\u00e9 szervezze a szellemileg nyitott, b\\u00e1tor, egym\\u00e1ssal egy\\u00fcttm\\u0171k\\u00f6dni k\\u00edv\\u00e1n\\u00f3, alkot\\u00f3 \\u00e9s gondolkod\\u00f3 szakembereket \\u00e9s tud\\u00f3sokat.\",\"potentialAction\":[{\"@type\":\"SearchAction\",\"target\":{\"@type\":\"EntryPoint\",\"urlTemplate\":\"https:\/\/archive.iask.hu\/en\/?s={search_term_string}\"},\"query-input\":\"required name=search_term_string\"}],\"inLanguage\":\"hu\"},{\"@type\":\"ImageObject\",\"@id\":\"https:\/\/archive.iask.hu\/hu\/hankiss-kozpont\/collegium-sonorum\/hangzo-varos-fesztival\/#primaryimage\",\"inLanguage\":\"hu\",\"url\":\"https:\/\/archive.iask.hu\/wp-content\/uploads\/2018\/04\/hangzo_varos_2017.png\",\"contentUrl\":\"https:\/\/archive.iask.hu\/wp-content\/uploads\/2018\/04\/hangzo_varos_2017.png\",\"width\":558,\"height\":554},{\"@type\":\"WebPage\",\"@id\":\"https:\/\/archive.iask.hu\/hu\/hankiss-kozpont\/collegium-sonorum\/hangzo-varos-fesztival\/#webpage\",\"url\":\"https:\/\/archive.iask.hu\/hu\/hankiss-kozpont\/collegium-sonorum\/hangzo-varos-fesztival\/\",\"name\":\"Hangz\\u00f3 V\\u00e1ros Fesztiv\\u00e1l K\\u0151szeg - iASK - Fels\\u0151bbfok\\u00fa Tanulm\\u00e1nyok Int\\u00e9zete, K\\u0151szeg\",\"isPartOf\":{\"@id\":\"https:\/\/archive.iask.hu\/en\/#website\"},\"primaryImageOfPage\":{\"@id\":\"https:\/\/archive.iask.hu\/hu\/hankiss-kozpont\/collegium-sonorum\/hangzo-varos-fesztival\/#primaryimage\"},\"datePublished\":\"2018-04-17T11:49:08+00:00\",\"dateModified\":\"2021-05-04T13:40:26+00:00\",\"breadcrumb\":{\"@id\":\"https:\/\/archive.iask.hu\/hu\/hankiss-kozpont\/collegium-sonorum\/hangzo-varos-fesztival\/#breadcrumb\"},\"inLanguage\":\"hu\",\"potentialAction\":[{\"@type\":\"ReadAction\",\"target\":[\"https:\/\/archive.iask.hu\/hu\/hankiss-kozpont\/collegium-sonorum\/hangzo-varos-fesztival\/\"]}]},{\"@type\":\"BreadcrumbList\",\"@id\":\"https:\/\/archive.iask.hu\/hu\/hankiss-kozpont\/collegium-sonorum\/hangzo-varos-fesztival\/#breadcrumb\",\"itemListElement\":[{\"@type\":\"ListItem\",\"position\":1,\"name\":\"Home\",\"item\":\"https:\/\/archive.iask.hu\/en\/\"},{\"@type\":\"ListItem\",\"position\":2,\"name\":\"Hankiss Centre\",\"item\":\"https:\/\/archive.iask.hu\/hu\/hankiss-kozpont\/\"},{\"@type\":\"ListItem\",\"position\":3,\"name\":\"Collegium Sonorum\",\"item\":\"https:\/\/archive.iask.hu\/hu\/hankiss-kozpont\/collegium-sonorum\/\"},{\"@type\":\"ListItem\",\"position\":4,\"name\":\"Sounding City Festival K\\u0151szeg\"}]}]}<\/script>\n<!-- \/ Yoast SEO plugin. -->","yoast_head_json":{"title":"Hangz\u00f3 V\u00e1ros Fesztiv\u00e1l K\u0151szeg - iASK - Fels\u0151bbfok\u00fa Tanulm\u00e1nyok Int\u00e9zete, K\u0151szeg","robots":{"index":"index","follow":"follow","max-snippet":"max-snippet:-1","max-image-preview":"max-image-preview:large","max-video-preview":"max-video-preview:-1"},"canonical":"https:\/\/archive.iask.hu\/hu\/hankiss-kozpont\/collegium-sonorum\/hangzo-varos-fesztival\/","og_locale":"hu_HU","og_type":"article","og_title":"Hangz\u00f3 V\u00e1ros Fesztiv\u00e1l K\u0151szeg - iASK - Fels\u0151bbfok\u00fa Tanulm\u00e1nyok Int\u00e9zete, K\u0151szeg","og_description":"A Hangz\u00f3 V\u00e1ros Fesztiv\u00e1l 2016. augusztus\u00e1ban indult. A rendezv\u00e9ny alc\u00edme Udvari zenei fesztiv\u00e1l volt. Az udvari zenei fesztiv\u00e1lt sz\u00f3 szerint kell \u00e9rteni, mivel azt az elk\u00e9pzel\u00e9st t\u00fckr\u00f6zi, mely szerint szerett\u00fck volna a zen\u00e9l\u00e9st kiszabad\u00edtani a hagyom\u00e1nyos koncerttermek falai k\u00f6z\u00fcl, valamint felszabad\u00edtani a front\u00e1lisan m\u0171k\u00f6d\u0151 p\u00f3dium-n\u00e9z\u0151t\u00e9r, el\u0151ad\u00f3m\u0171v\u00e9sz-k\u00f6z\u00f6ns\u00e9g strukt\u00far\u00e1kb\u00f3l. Az esem\u00e9ny n\u00e9gy napon \u00e1t tartott, est\u00e9nk\u00e9nt k\u00e9t&hellip;","og_url":"https:\/\/archive.iask.hu\/hu\/hankiss-kozpont\/collegium-sonorum\/hangzo-varos-fesztival\/","og_site_name":"iASK - Fels\u0151bbfok\u00fa Tanulm\u00e1nyok Int\u00e9zete, K\u0151szeg","article_modified_time":"2021-05-04T13:40:26+00:00","og_image":[{"width":558,"height":554,"url":"http:\/\/archive.iask.hu\/wp-content\/uploads\/2018\/04\/hangzo_varos_2017.png","path":"\/home\/archive\/public_html\/wp-content\/uploads\/2018\/04\/hangzo_varos_2017.png","size":"full","id":8894,"alt":"","pixels":309132,"type":"image\/png"}],"twitter_card":"summary_large_image","twitter_misc":{"Becs\u00fclt olvas\u00e1si id\u0151":"2 perc"},"schema":{"@context":"https:\/\/schema.org","@graph":[{"@type":"WebSite","@id":"https:\/\/archive.iask.hu\/en\/#website","url":"https:\/\/archive.iask.hu\/en\/","name":"iASK - Fels\u0151bbfok\u00fa Tanulm\u00e1nyok Int\u00e9zete, K\u0151szeg","description":"Az Int\u00e9zet c\u00e9lja, hogy egy\u00fcv\u00e9 szervezze a szellemileg nyitott, b\u00e1tor, egym\u00e1ssal egy\u00fcttm\u0171k\u00f6dni k\u00edv\u00e1n\u00f3, alkot\u00f3 \u00e9s gondolkod\u00f3 szakembereket \u00e9s tud\u00f3sokat.","potentialAction":[{"@type":"SearchAction","target":{"@type":"EntryPoint","urlTemplate":"https:\/\/archive.iask.hu\/en\/?s={search_term_string}"},"query-input":"required name=search_term_string"}],"inLanguage":"hu"},{"@type":"ImageObject","@id":"https:\/\/archive.iask.hu\/hu\/hankiss-kozpont\/collegium-sonorum\/hangzo-varos-fesztival\/#primaryimage","inLanguage":"hu","url":"https:\/\/archive.iask.hu\/wp-content\/uploads\/2018\/04\/hangzo_varos_2017.png","contentUrl":"https:\/\/archive.iask.hu\/wp-content\/uploads\/2018\/04\/hangzo_varos_2017.png","width":558,"height":554},{"@type":"WebPage","@id":"https:\/\/archive.iask.hu\/hu\/hankiss-kozpont\/collegium-sonorum\/hangzo-varos-fesztival\/#webpage","url":"https:\/\/archive.iask.hu\/hu\/hankiss-kozpont\/collegium-sonorum\/hangzo-varos-fesztival\/","name":"Hangz\u00f3 V\u00e1ros Fesztiv\u00e1l K\u0151szeg - iASK - Fels\u0151bbfok\u00fa Tanulm\u00e1nyok Int\u00e9zete, K\u0151szeg","isPartOf":{"@id":"https:\/\/archive.iask.hu\/en\/#website"},"primaryImageOfPage":{"@id":"https:\/\/archive.iask.hu\/hu\/hankiss-kozpont\/collegium-sonorum\/hangzo-varos-fesztival\/#primaryimage"},"datePublished":"2018-04-17T11:49:08+00:00","dateModified":"2021-05-04T13:40:26+00:00","breadcrumb":{"@id":"https:\/\/archive.iask.hu\/hu\/hankiss-kozpont\/collegium-sonorum\/hangzo-varos-fesztival\/#breadcrumb"},"inLanguage":"hu","potentialAction":[{"@type":"ReadAction","target":["https:\/\/archive.iask.hu\/hu\/hankiss-kozpont\/collegium-sonorum\/hangzo-varos-fesztival\/"]}]},{"@type":"BreadcrumbList","@id":"https:\/\/archive.iask.hu\/hu\/hankiss-kozpont\/collegium-sonorum\/hangzo-varos-fesztival\/#breadcrumb","itemListElement":[{"@type":"ListItem","position":1,"name":"Home","item":"https:\/\/archive.iask.hu\/en\/"},{"@type":"ListItem","position":2,"name":"Hankiss Centre","item":"https:\/\/archive.iask.hu\/hu\/hankiss-kozpont\/"},{"@type":"ListItem","position":3,"name":"Collegium Sonorum","item":"https:\/\/archive.iask.hu\/hu\/hankiss-kozpont\/collegium-sonorum\/"},{"@type":"ListItem","position":4,"name":"Sounding City Festival K\u0151szeg"}]}]}},"_links":{"self":[{"href":"https:\/\/archive.iask.hu\/hu\/wp-json\/wp\/v2\/pages\/9181"}],"collection":[{"href":"https:\/\/archive.iask.hu\/hu\/wp-json\/wp\/v2\/pages"}],"about":[{"href":"https:\/\/archive.iask.hu\/hu\/wp-json\/wp\/v2\/types\/page"}],"author":[{"embeddable":true,"href":"https:\/\/archive.iask.hu\/hu\/wp-json\/wp\/v2\/users\/41"}],"replies":[{"embeddable":true,"href":"https:\/\/archive.iask.hu\/hu\/wp-json\/wp\/v2\/comments?post=9181"}],"version-history":[{"count":41,"href":"https:\/\/archive.iask.hu\/hu\/wp-json\/wp\/v2\/pages\/9181\/revisions"}],"predecessor-version":[{"id":21552,"href":"https:\/\/archive.iask.hu\/hu\/wp-json\/wp\/v2\/pages\/9181\/revisions\/21552"}],"up":[{"embeddable":true,"href":"https:\/\/archive.iask.hu\/hu\/wp-json\/wp\/v2\/pages\/6730"}],"wp:featuredmedia":[{"embeddable":true,"href":"https:\/\/archive.iask.hu\/hu\/wp-json\/wp\/v2\/media\/8894"}],"wp:attachment":[{"href":"https:\/\/archive.iask.hu\/hu\/wp-json\/wp\/v2\/media?parent=9181"}],"curies":[{"name":"wp","href":"https:\/\/api.w.org\/{rel}","templated":true}]}}